{"id":2517,"date":"2018-04-17T12:41:56","date_gmt":"2018-04-17T12:41:56","guid":{"rendered":"https:\/\/sitechecker.pro\/?page_id=2517"},"modified":"2025-04-15T19:26:15","modified_gmt":"2025-04-15T19:26:15","slug":"page-rank","status":"publish","type":"page","link":"https:\/\/sitechecker.pro\/pl\/page-rank\/","title":{"rendered":"Co to jest Google PageRank i Dlaczego warto to wzi\u0105\u0107 pod uwag\u0119"},"content":{"rendered":"<p><\/p>\n<h2><strong>Definicja PageRank<\/strong><\/h2>\n<p>Jednym ze sposob\u00f3w zdefiniowania znaczenia strony internetowej jest nadanie definicji jej w\u0142adzy, kt\u00f3ra ca\u0142kowicie zale\u017cy od liczby innych wiarygodnych stron internetowych zawieraj\u0105cych linki do tej strony. Im wy\u017cszy <a href=\"https:\/\/sitechecker.pro\/pl\/domain-authority\/\">autorytet strony<\/a>, tym wi\u0119ksza jest waga link\u00f3w wychodz\u0105cych.<\/p>\n<p>Ale co oznacza trafno\u015b\u0107? Trafno\u015b\u0107 strony to zdolno\u015b\u0107 strony internetowej do zapytania, dla kt\u00f3rego jest wy\u015bwietlana w wynikach wyszukiwania. Dotyczy to r\u00f3wnie\u017c tekstu kotwicy hiper\u0142\u0105cza, do kt\u00f3rego prowadzi.<\/p>\n<h2><strong>Jak dzia\u0142a PageRank?<\/strong><\/h2>\n<p>PageRank jest okre\u015blany liczbami od 0 do 10. Ostatnio utworzone strony internetowe bez link\u00f3w przychodz\u0105cych maj\u0105 zerowy PR. Im wi\u0119cej link\u00f3w prowadzi do strony, a im s\u0105 bardziej wiarygodne (w por\u00f3wnaniu do innych stron), tym wy\u017cszy jest PR.<\/p>\n<p>Google Page Rank s\u0142u\u017cy do identyfikacji trafno\u015bci lub wa\u017cno\u015bci strony internetowej. Ostatnio PR witryny by\u0142 widoczny dla wszystkich u\u017cytkownik\u00f3w i programist\u00f3w, ale teraz sta\u0142 si\u0119 informacj\u0105 zamkni\u0119t\u0105 i nie mo\u017cna zidentyfikowa\u0107 PR witryny, chocia\u017c wiadomo, \u017ce dane s\u0105 nadal u\u017cywane przez Google. Twierdzi si\u0119, \u017ce Google ukrywa te informacje, aby zmotywowa\u0107 webmaster\u00f3w do zwi\u0119kszenia wysi\u0142k\u00f3w w celu tworzenia tre\u015bci wysokiej jako\u015bci i tworzenia profili naturalnych link\u00f3w zamiast kopiowania aktywno\u015bci na stronach konkurencji.<br \/>\nJak ju\u017c wspomniano, PageRank jest tylko jednym (cho\u0107 wa\u017cnym) czynnikiem, kt\u00f3ry wp\u0142ywa na pozycj\u0119 strony w wyszukiwanym ha\u015ble. Istnieje wiele innych czynnik\u00f3w, kt\u00f3re wp\u0142ywaj\u0105 na wska\u017anik trafno\u015bci witryny.<\/p>\n<h2><strong>Jak korzysta\u0107 z PageRank Checker<\/strong><\/h2>\n<p>Wprowad\u017a adres URL, kt\u00f3ry chcesz zaznaczy\u0107 w polu. Google PageRank Checker sprawdza wynik PageRank stron internetowych w ci\u0105gu kilku sekund. Narz\u0119dzie zapewni nast\u0119puj\u0105ce wska\u017aniki:<\/p>\n<ul>\n<li style=\"font-weight: 400;\"><span style=\"font-weight: 400;\">HTTP status code;<\/span><\/li>\n<li style=\"font-weight: 400;\"><span style=\"font-weight: 400;\">PageRank integer;<\/span><\/li>\n<li style=\"font-weight: 400;\"><span style=\"font-weight: 400;\">PageRank decimal.<\/span><\/li>\n<\/ul>\n<p><\/p>","protected":false},"excerpt":{"rendered":"Definicja PageRank Jednym ze sposob\u00f3w zdefiniowania znaczenia strony internetowej jest nadanie definicji jej w\u0142adzy, kt\u00f3ra ca\u0142kowicie zale\u017cy od liczby innych wiarygodnych stron internetowych zawieraj\u0105cych linki do tej strony. Im wy\u017cszy autorytet strony, tym wi\u0119ksza jest waga link\u00f3w wychodz\u0105cych. Ale co oznacza trafno\u015b\u0107? Trafno\u015b\u0107 strony to zdolno\u015b\u0107 strony internetowej do zapytania, dla kt\u00f3rego jest wy\u015bwietlana w&#8230;","protected":false},"author":10409641,"featured_media":3830,"parent":0,"menu_order":0,"comment_status":"closed","ping_status":"closed","template":"pages-templates\/pages-minitools-3.php","meta":[],"categories":[72],"tags":[],"_links":{"self":[{"href":"https:\/\/sitechecker.pro\/pl\/wp-json\/wp\/v2\/pages\/2517"}],"collection":[{"href":"https:\/\/sitechecker.pro\/pl\/wp-json\/wp\/v2\/pages"}],"about":[{"href":"https:\/\/sitechecker.pro\/pl\/wp-json\/wp\/v2\/types\/page"}],"author":[{"embeddable":true,"href":"https:\/\/sitechecker.pro\/pl\/wp-json\/wp\/v2\/users\/10409641"}],"replies":[{"embeddable":true,"href":"https:\/\/sitechecker.pro\/pl\/wp-json\/wp\/v2\/comments?post=2517"}],"version-history":[{"count":72,"href":"https:\/\/sitechecker.pro\/pl\/wp-json\/wp\/v2\/pages\/2517\/revisions"}],"predecessor-version":[{"id":36625,"href":"https:\/\/sitechecker.pro\/pl\/wp-json\/wp\/v2\/pages\/2517\/revisions\/36625"}],"wp:featuredmedia":[{"embeddable":true,"href":"https:\/\/sitechecker.pro\/pl\/wp-json\/wp\/v2\/media\/3830"}],"wp:attachment":[{"href":"https:\/\/sitechecker.pro\/pl\/wp-json\/wp\/v2\/media?parent=2517"}],"wp:term":[{"taxonomy":"category","embeddable":true,"href":"https:\/\/sitechecker.pro\/pl\/wp-json\/wp\/v2\/categories?post=2517"},{"taxonomy":"post_tag","embeddable":true,"href":"https:\/\/sitechecker.pro\/pl\/wp-json\/wp\/v2\/tags?post=2517"}],"curies":[{"name":"wp","href":"https:\/\/api.w.org\/{rel}","templated":true}]}}