{"id":24950,"date":"2023-07-24T12:54:03","date_gmt":"2023-07-24T12:54:03","guid":{"rendered":"https:\/\/sitechecker.pro\/?page_id=24950"},"modified":"2025-02-27T10:59:43","modified_gmt":"2025-02-27T10:59:43","slug":"keyword-suggestion-tool-research-content-ideas-sitechecker-%e1%90%88","status":"publish","type":"page","link":"https:\/\/sitechecker.pro\/pl\/keyword-suggestion-tool\/","title":{"rendered":"Narz\u0119dzie propozycji s\u0142\u00f3w kluczowych do badania pomys\u0142\u00f3w na tre\u015bci \u2611"},"content":{"rendered":"<p><\/p>\n<h2 id=\"par1\">Czym jest profesjonalne narz\u0119dzie do sugerowania s\u0142\u00f3w kluczowych?<\/h2>\n<p>Narz\u0119dzie do sugerowania s\u0142\u00f3w kluczowych firmy <a href=\"https:\/\/sitechecker.pro\/\" target=\"_blank\" rel=\"noopener noreferrer\">Sitechecker<\/a> to bezp\u0142atne internetowe \u017ar\u00f3d\u0142o, kt\u00f3re generuje trafne pomys\u0142y na s\u0142owa kluczowe, wykorzystuj\u0105c dane z platform takich jak Google, Bing, Google Images, News, Shopping, Yahoo, Wikipedia, YouTube, Amazon, eBay i Fiverr. Pomaga u\u017cytkownikom odkrywa\u0107 d\u0142ugie frazy kluczowe, optymalizowa\u0107 tre\u015bci i zwi\u0119ksza\u0107 widoczno\u015b\u0107 i ruch w witrynach, filmach i ofertach produkt\u00f3w.<\/p>\n<p>Analizuj\u0105c dane z wyszukiwarek, w tym Google Autocomplete, narz\u0119dzie obs\u0142uguje strategie SEO, tworzenia tre\u015bci i marketingu, umo\u017cliwiaj\u0105c u\u017cytkownikom popraw\u0119 pozycji w wynikach wyszukiwania, skuteczne kierowanie do odbiorc\u00f3w i zwi\u0119kszanie wydajno\u015bci na wielu platformach.<\/p>\n<h3>Narz\u0119dzie do sugerowania s\u0142\u00f3w kluczowych pomaga<\/h3>\n<p><strong>Optymalizacja tre\u015bci: <\/strong>zapewnia d\u0142ugie s\u0142owa kluczowe, aby poprawi\u0107 pozycje w wyszukiwarkach i wzbogaci\u0107 tre\u015bci witryny lub wideo.<\/p>\n<p><strong>E-commerce i wydajno\u015b\u0107 PPC: <\/strong>sugerowane s\u0142owa kluczowe dla ofert produkt\u00f3w na Amazon i eBay oraz frazy docelowe dla skutecznych p\u0142atnych kampanii reklamowych.<\/p>\n<p><strong>Wnioski z wielu platform: <\/strong>dostosowane sugestie od Google, Bing, YouTube i innych, \u015bledz\u0105ce trendy w celu utrzymania konkurencyjno\u015bci.<\/p>\n<h3>Kluczowe funkcje narz\u0119dzia<\/h3>\n<p><strong>Unified Dashboard: <\/strong>konsoliduje wszystkie metryki i spostrze\u017cenia SEO w jednym, \u0142atwym w obs\u0142udze interfejsie w celu wydajnego monitorowania i zarz\u0105dzania.<\/p>\n<p><strong>Przyjazny dla u\u017cytkownika interfejs: <\/strong>Intuicyjny projekt zapewnia \u0142atwo\u015b\u0107 u\u017cytkowania dla pocz\u0105tkuj\u0105cych i profesjonalist\u00f3w, upraszczaj\u0105c z\u0142o\u017cone zadania SEO.<\/p>\n<p><strong>Kompletny zestaw narz\u0119dzi SEO: <\/strong>oferuje kompleksowy zakres narz\u0119dzi, w tym badanie fraz kluczowych, audyty witryn, \u015bledzenie link\u00f3w zwrotnych i analiz\u0119 wydajno\u015bci, aby skutecznie zwi\u0119kszy\u0107 swoj\u0105 obecno\u015b\u0107 online.<\/p>\n<h2 id=\"par2\">Jak korzysta\u0107 z narz\u0119dzia<\/h2>\n<h3>Krok 1: Wprowad\u017a s\u0142owo kluczowe lub fraz\u0119 kluczow\u0105, wybierz platform\u0119&#8230;<\/h3>\n<p>Wprowad\u017a s\u0142owo kluczowe lub fraz\u0119 kluczow\u0105, wybierz platform\u0119 (Google, Google News, Google Shopping, YouTube, Google Images, Yahoo, Bing, Wikipedia lub Fiverr), wybierz kraj i j\u0119zyk, a nast\u0119pnie kliknij przycisk \u201eUzyskaj sugestie\u201d.<\/p>\n<div class=\"content__img-wrap\"><img src=\"https:\/\/sitechecker.pro\/wp-content\/uploads\/2025\/02\/keyword-suggestion-tool-seo-ppc.png\" alt=\"Narz\u0119dzie do sugerowania s\u0142\u00f3w kluczowych dla SEO PPC\" class=\"description-img description-img-zoom\" loading=\"lazy\" ><\/div>\n<h3>Krok 2: Uzyskaj wyniki<\/h3>\n<p>Narz\u0119dzie dostarcza list\u0119 odpowiednich fraz kluczowych wraz z metrykami, takimi jak wolumen wyszukiwa\u0144, trendy, CPC i konkurencja reklamowa, umo\u017cliwiaj\u0105c podejmowanie decyzji dotycz\u0105cych SEO i marketingu opartych na danych.<\/p>\n<div class=\"content__img-wrap\"><img src=\"https:\/\/sitechecker.pro\/wp-content\/uploads\/2025\/02\/suggestions-results.png\" alt=\"Wyniki sugestii\" class=\"description-img description-img-zoom\" loading=\"lazy\" ><\/div>\n<p>Lewy panel organizuje sugestie s\u0142\u00f3w kluczowych w klastry, grupuj\u0105c je wed\u0142ug ich po\u0142\u0105czenia z g\u0142\u00f3wnym zapytaniem, co czyni je pot\u0119\u017cnym narz\u0119dziem do grupowania s\u0142\u00f3w kluczowych.<\/p>\n<p>Narz\u0119dzie dostarcza r\u00f3wnie\u017c kluczowych metryk, takich jak wolumen wyszukiwa\u0144, trendy, CPC i konkurencja reklamowa. Mo\u017cesz wybra\u0107 okre\u015blone frazy kluczowe i doda\u0107 je do <a href=\"https:\/\/sitechecker.pro\/rank-tracker\/\" target=\"_blank\" rel=\"noopener noreferrer\">Rank Tracker<\/a> w celu dog\u0142\u0119bnego monitorowania i planowania strategicznego. Aby odblokowa\u0107 dost\u0119p do tych danych, wymagany jest bezp\u0142atny okres pr\u00f3bny.<\/p>\n<div class=\"content__img-wrap\"><img src=\"https:\/\/sitechecker.pro\/wp-content\/uploads\/2025\/02\/suggestions-metrics.png\" alt=\"Suggestions Metrics\" class=\"description-img description-img-zoom\" loading=\"lazy\" ><\/div>\n<div class=\"important-block\">Aby otrzymywa\u0107 wyniki i mie\u0107 dost\u0119p do funkcji Sitechecker przez 14 dni, rozpocznij BEZP\u0141ATNY okres pr\u00f3bny. Rejestracja jest \u0142atwa za pomoc\u0105 konta e-mail, Google lub Facebook. Nie jest wymagana karta kredytowa.<\/div>\n<h2 id=\"par3\">Rozpocznij \u015bledzenie odpowiednich s\u0142\u00f3w kluczowych<\/h2>\n<p>Rozpocznij monitorowanie odpowiednich temat\u00f3w tre\u015bci, wybieraj\u0105c te, kt\u00f3re Ci\u0119 interesuj\u0105, i dodaj\u0105c je do Rank Tracker za pomoc\u0105 jednego klikni\u0119cia.<\/p>\n<div class=\"content__img-wrap\"><img src=\"https:\/\/sitechecker.pro\/wp-content\/uploads\/2025\/02\/add-to-rank-tracker.png\" alt=\"Dodaj do Rank Tracker\" class=\"description-img description-img-zoom\" loading=\"lazy\" ><\/div>\n<p>Mo\u017cesz grupowa\u0107 frazy kluczowe i dodawa\u0107 je do Rank Tracker w celu kompleksowego monitorowania i analizy.<\/p>\n<div class=\"content__img-wrap\"><img src=\"https:\/\/sitechecker.pro\/wp-content\/uploads\/2025\/02\/add-to-rank-tracker-settings.png\" alt=\"Dodaj do ustawie\u0144 Rank Tracker\" class=\"description-img description-img-zoom\" loading=\"lazy\" ><\/div>\n<p>Tutaj mo\u017cesz wybra\u0107 preferowan\u0105 wyszukiwark\u0119, urz\u0105dzenie, kraj i region.<\/p>\n<p>Po zako\u0144czeniu konfiguracji kliknij \u201eDodaj do Rank Tracker\u201d.<\/p>\n<p>U\u017cyj funkcji \u201eZarz\u0105dzaj s\u0142owami kluczowymi\u201d, aby uporz\u0105dkowa\u0107 s\u0142owa kluczowe w kategorie i powi\u0105za\u0107 je z okre\u015blonymi stronami, upraszczaj\u0105c swoj\u0105 strategi\u0119 promocyjn\u0105.<\/p>\n<div class=\"content__img-wrap\"><img src=\"https:\/\/sitechecker.pro\/wp-content\/uploads\/2025\/02\/manage-keywords.png\" alt=\"Zarz\u0105dzaj s\u0142owami kluczowymi\" class=\"description-img description-img-zoom\" loading=\"lazy\" ><\/div>\n<p>Keyword Finder zapewnia dostosowane \u015bledzenie pomys\u0142\u00f3w na tematy na podstawie urz\u0105dzenia i lokalizacji, oferuj\u0105c cenne informacje na temat ranking\u00f3w i wynik\u00f3w konkurencji. Dzi\u0119ki takim funkcjom, jak wyniki widoczno\u015bci, monitorowanie indeksacji i analiza trend\u00f3w SEO, wspiera optymalizacj\u0119 strategii. Ponadto jego elastyczne mo\u017cliwo\u015bci raportowania p\u0142ynnie dopasowuj\u0105 si\u0119 do harmonogram\u00f3w kampanii.<\/p>\n<div class=\"content__img-wrap\"><img src=\"https:\/\/sitechecker.pro\/wp-content\/uploads\/2025\/02\/rank-tracker-dashboard.png\" alt=\"Panel Rank Tracker\" class=\"description-img description-img-zoom\" loading=\"lazy\" ><\/div>\n<h2 id=\"par4\">Pomys\u0142 ko\u0144cowy<\/h2>\n<p>Narz\u0119dzie Keyword Suggestion Tool generuje trafne pomys\u0142y na s\u0142owa kluczowe dla SEO, PPC i e-commerce, korzystaj\u0105c z danych z platform takich jak Google, Bing i Amazon. Oferuje grupowanie s\u0142\u00f3w kluczowych, \u015bledzenie wydajno\u015bci i dostosowywalne raportowanie, pomagaj\u0105c u\u017cytkownikom poprawia\u0107 rankingi, optymalizowa\u0107 tre\u015bci i osi\u0105ga\u0107 sukcesy online.<\/p>","protected":false},"excerpt":{"rendered":"Czym jest profesjonalne narz\u0119dzie do sugerowania s\u0142\u00f3w kluczowych? Narz\u0119dzie do sugerowania s\u0142\u00f3w kluczowych firmy Sitechecker to bezp\u0142atne internetowe \u017ar\u00f3d\u0142o, kt\u00f3re generuje trafne pomys\u0142y na s\u0142owa kluczowe, wykorzystuj\u0105c dane z platform takich jak Google, Bing, Google Images, News, Shopping, Yahoo, Wikipedia, YouTube, Amazon, eBay i Fiverr. Pomaga u\u017cytkownikom odkrywa\u0107 d\u0142ugie frazy kluczowe, optymalizowa\u0107 tre\u015bci i zwi\u0119ksza\u0107&#8230;","protected":false},"author":10409641,"featured_media":0,"parent":0,"menu_order":0,"comment_status":"closed","ping_status":"closed","template":"pages-templates\/pages-minitools.php","meta":[],"categories":[71],"tags":[],"_links":{"self":[{"href":"https:\/\/sitechecker.pro\/pl\/wp-json\/wp\/v2\/pages\/24950"}],"collection":[{"href":"https:\/\/sitechecker.pro\/pl\/wp-json\/wp\/v2\/pages"}],"about":[{"href":"https:\/\/sitechecker.pro\/pl\/wp-json\/wp\/v2\/types\/page"}],"author":[{"embeddable":true,"href":"https:\/\/sitechecker.pro\/pl\/wp-json\/wp\/v2\/users\/10409641"}],"replies":[{"embeddable":true,"href":"https:\/\/sitechecker.pro\/pl\/wp-json\/wp\/v2\/comments?post=24950"}],"version-history":[{"count":75,"href":"https:\/\/sitechecker.pro\/pl\/wp-json\/wp\/v2\/pages\/24950\/revisions"}],"predecessor-version":[{"id":35749,"href":"https:\/\/sitechecker.pro\/pl\/wp-json\/wp\/v2\/pages\/24950\/revisions\/35749"}],"wp:attachment":[{"href":"https:\/\/sitechecker.pro\/pl\/wp-json\/wp\/v2\/media?parent=24950"}],"wp:term":[{"taxonomy":"category","embeddable":true,"href":"https:\/\/sitechecker.pro\/pl\/wp-json\/wp\/v2\/categories?post=24950"},{"taxonomy":"post_tag","embeddable":true,"href":"https:\/\/sitechecker.pro\/pl\/wp-json\/wp\/v2\/tags?post=24950"}],"curies":[{"name":"wp","href":"https:\/\/api.w.org\/{rel}","templated":true}]}}