{"id":16614,"date":"2023-05-15T15:00:22","date_gmt":"2023-05-15T15:00:22","guid":{"rendered":"https:\/\/sitechecker.pro\/?page_id=16614"},"modified":"2025-06-02T14:45:50","modified_gmt":"2025-06-02T14:45:50","slug":"url-address-make-seo-friendly","status":"publish","type":"page","link":"https:\/\/sitechecker.pro\/pl\/what-is-seo-friendly-url\/","title":{"rendered":"Co to jest adres URL i jak sprawi\u0107, by by\u0142 przyjazny dla SEO?"},"content":{"rendered":"<p><\/p>\n<h2><\/h2>\n<h2 id=\"1\">Co to jest adres URL?<\/h2>\n<p><b>URL<\/b><span style=\"font-weight: 400;\"> (lub <\/span><b>adres URL<\/b><span style=\"font-weight: 400;\">) to specjalna forma indywidualnego adresu okre\u015blonego zasobu w Internecie. Mo\u017ce odnosi\u0107 si\u0119 do strony internetowej, konkretnego dokumentu lub obrazu. U\u017cytkownik Internetu musi tylko wstawi\u0107 ten kod na pasku lokalizacji, aby znale\u017a\u0107 potrzebn\u0105 witryn\u0119, dokument, folder lub obraz. M\u00f3wi\u0105c prostym j\u0119zykiem, oznacza to: ze wzgl\u0119du na to jak wygl\u0105da adres URL u\u017cytkownik otrzymuje informacje o tym, gdzie znajduj\u0105 si\u0119 potrzebne informacje.<\/span><\/p>\n<p><span style=\"font-weight: 400;\">Co to jest adres URL? URL to skr\u00f3t oznaczaj\u0105cy termin <\/span><b>Uniform Resource Locator<\/b><span style=\"font-weight: 400;\">. Zawiera link do serwera, kt\u00f3ry jest magazynem poszukiwanego zasobu. Og\u00f3lnie rzecz bior\u0105c, znaczenie adresu URL to \u015bcie\u017cka z serwera do ko\u0144cowego gad\u017cetu (kt\u00f3ry jest platform\u0105 pracy u\u017cytkownika), kt\u00f3ry mo\u017cna zilustrowa\u0107 raczej prosto. G\u00f3rnym elementem jest serwer zasob\u00f3w, najni\u017cszy &#8211; urz\u0105dzenie u\u017cytkownika. Wszystkie punkty pomi\u0119dzy nimi s\u0105 dodatkowymi serwerami. URL jest r\u00f3wnie\u017c specyficznym typem <\/span><b>Uniform Resource Identifier<\/b><span style=\"font-weight: 400;\"> (URI).<\/span><\/p>\n<h2 id=\"2\"><b>Struktura adresu URL<\/b><\/h2>\n<p><span style=\"font-weight: 400;\">Adres URL ma okre\u015blon\u0105 struktur\u0119, kt\u00f3ra obejmuje:<\/span><\/p>\n<ul>\n<li style=\"font-weight: 400;\"><span style=\"font-weight: 400;\">metoda dost\u0119pu do zasobu, nazywana r\u00f3wnie\u017c protoko\u0142em sieciowym;<\/span><\/li>\n<li style=\"font-weight: 400;\"><span style=\"font-weight: 400;\">autoryzacja dost\u0119pu;<\/span><\/li>\n<li style=\"font-weight: 400;\"><span style=\"font-weight: 400;\">hosty &#8211; adres DNS wpisany jako <a href=\"https:\/\/sitechecker.pro\/pl\/ip-checker\/\">adres IP komputera<\/a>;<\/span><\/li>\n<li style=\"font-weight: 400;\"><span style=\"font-weight: 400;\">port &#8211; jeszcze jeden obowi\u0105zkowy szczeg\u00f3\u0142 w po\u0142\u0105czeniu z adresem IP;<\/span><\/li>\n<li style=\"font-weight: 400;\"><span style=\"font-weight: 400;\">utw\u00f3r &#8211; okre\u015bla informacje o metodzie uzyskiwania dost\u0119pu;<\/span><\/li>\n<li style=\"font-weight: 400;\"><span style=\"font-weight: 400;\">parametr &#8211; wewn\u0119trzna informacja zasobu o pliku.<\/span><\/li>\n<\/ul>\n<p><span style=\"font-weight: 400;\"><div class=\"content__img-wrap\"><img src=\"https:\/\/sitechecker.pro\/wp-content\/uploads\/2017\/12\/url-structure.jpg\" alt=\"URL structure\" class=\"description-img description-img-zoom\" loading=\"lazy\" ><\/div><\/span><\/p>\n<h2 id=\"3\"><b>Przyk\u0142ady przyjaznego i nieprzyjaznego adresu URL<\/b><\/h2>\n<p><span style=\"font-weight: 400;\">G\u0142\u00f3wn\u0105 cz\u0119\u015bci\u0105 adresu URL jest nazwa domeny witryny. Aby wybra\u0107 odpowiedni, a tym samym umo\u017cliwi\u0107 skuteczn\u0105 promocj\u0119 witryny w systemach wyszukiwania, skorzystaj z naszego przewodnika na temat wyszukiwania nazw domen przed rozpocz\u0119ciem dzia\u0142alno\u015bci.<\/span><\/p>\n<p><span style=\"font-weight: 400;\">Drug\u0105 wa\u017cn\u0105 cz\u0119\u015bci\u0105 budowy adresu internetowego jest \u201e\u015bcie\u017cka\u201d. Sp\u00f3jrz na 2 zdj\u0119cia poni\u017cej. W wi\u0119kszo\u015bci przypadk\u00f3w ludzie natychmiast rozumiej\u0105, jaki URL jest przyjazny.<\/span><\/p>\n<p><span style=\"font-weight: 400;\"><div class=\"content__img-wrap\"><img src=\"https:\/\/sitechecker.pro\/wp-content\/uploads\/2017\/12\/user-friendly-url-1.png\" alt=\"Example of user friendly URL\" class=\"description-img description-img-zoom\" loading=\"lazy\" ><\/div><\/span><\/p>\n<p><span style=\"font-weight: 400;\"><div class=\"content__img-wrap\"><img src=\"https:\/\/sitechecker.pro\/wp-content\/uploads\/2017\/12\/user-friendly-url-2.png\" alt=\"An example of non user-friendly URL\" class=\"description-img description-img-zoom\" loading=\"lazy\" ><\/div><\/span><\/p>\n<p><span style=\"font-weight: 400;\">Dlaczego wi\u0119c przyjazno\u015b\u0107 adres\u00f3w URL jest wa\u017cna? Zgadujemy, \u017ce taki adres URL pomaga:<\/span><\/p>\n<ul>\n<li style=\"font-weight: 400;\"><span style=\"font-weight: 400;\">Zrozum lepiej, o kt\u00f3rej stronie chodzi;<\/span><\/li>\n<li style=\"font-weight: 400;\"><span style=\"font-weight: 400;\">Nawiguj szybciej na stronie internetowej;<\/span><\/li>\n<li style=\"font-weight: 400;\"><span style=\"font-weight: 400;\">Zapami\u0119taj cenne strony;<\/span><\/li>\n<li style=\"font-weight: 400;\"><span style=\"font-weight: 400;\">Udost\u0119pnij link \u0142atwo.<\/span><\/li>\n<\/ul>\n<p><span style=\"font-weight: 400;\"><div class=\"content__img-wrap\"><img src=\"https:\/\/sitechecker.pro\/wp-content\/uploads\/2017\/12\/friendly-uniform-resource-locator.png\" alt=\"friendly URL\" class=\"description-img description-img-zoom\" loading=\"lazy\" ><\/div><\/span><\/p>\n<p><span style=\"font-weight: 400;\">[bctt tweet=&#8221;Friendly URL is like a brand name. The easier it is to remember and identify it, the more people will return to it and share it.&#8221;]<\/span><\/p>\n<h2 id=\"4\"><b>Jak uzyska\u0107 informacje o adresie URL?<\/b><\/h2>\n<p><span style=\"font-weight: 400;\">Niekt\u00f3rzy u\u017cytkownicy napotykaj\u0105 problemy podczas pr\u00f3by okre\u015blenia adresu URL. Najprostsz\u0105 metod\u0105 bez przeszk\u00f3d jest przegl\u0105danie i kopiowanie adresu bezpo\u015brednio z paska lokalizacji. Wybierz go i skopiuj klikaj\u0105c CTRL + C. Lub u\u017cywaj\u0105c menu kontekstowego wybierz \u201eKopiuj\u201d.<\/span><\/p>\n<p><span style=\"font-weight: 400;\">Nie tylko zasoby strony maj\u0105 adres URL, ale tak\u017ce obrazy, pliki i foldery. Aby uzyska\u0107 dane dotycz\u0105ce adresu URL, nale\u017cy klikn\u0105\u0107 prawym przyciskiem myszy na interesuj\u0105cy nas obraz i wybra\u0107 w menu kontekstowym opcj\u0119 \u201eKopiuj obrazy URL\u201d.<\/span><\/p>\n<p><span style=\"font-weight: 400;\">Je\u015bli chcesz pozna\u0107 adres URL dokumentu, wykonaj te same kroki, co w przypadku wybierania obrazu w menu kontekstowym opcji \u201eKopiuj adres \u0142\u0105cza\u201d.<\/span><\/p>\n<p><span style=\"font-weight: 400;\">Po skopiowaniu \u0142\u0105cza przenosisz go do schowka. Ponadto mo\u017cesz u\u017cy\u0107 go w nowym pasku adresu, aby znale\u017a\u0107 potrzebny dokument, wys\u0142a\u0107 link z do\u0142\u0105czonym do niego komunikatem lub do\u0142\u0105czy\u0107 go do istniej\u0105cego tekstu w dokumencie.<\/span><\/p>\n<p><span style=\"font-weight: 400;\"><div class=\"content__img-wrap\"><img src=\"https:\/\/sitechecker.pro\/wp-content\/uploads\/2017\/12\/what-does-url-stand-for.png\" alt=\"URL meaning\" class=\"description-img description-img-zoom\" loading=\"lazy\" ><\/div><\/span><\/p>\n<h2 id=\"5\"><b>Jak URL wp\u0142ywa na SEO<\/b><\/h2>\n<p><span style=\"font-weight: 400;\">To nie jest wielki sekret, \u017ce wszystkie wyszukiwarki bior\u0105 pod uwag\u0119 wyst\u0119powanie s\u0142\u00f3w kluczowych w adresach URL. Najwi\u0119kszy wp\u0142yw ma wprowadzenie adresu domeny i subdomen; najmniejszy efekt, ale nadal bardzo znacz\u0105ce znaczenie, sprawia, \u017ce \u200b\u200bwprowadzenie \u015bcie\u017cki jako <a href=\"https:\/\/sitechecker.pro\/pl\/website-monitoring\/\">monitoring stron<\/a> i nazwa pliku strony. Zgodnie z tym, gdy podnosisz adres URL swojej strony, nie zapomnij doda\u0107 do niego s\u0142\u00f3w kluczowych dotycz\u0105cych fokusu. Nie nale\u017cy jednak dodawa\u0107 tylko s\u0142\u00f3w kluczowych do jednolitego lokalizatora zasob\u00f3w, poniewa\u017c mo\u017ce to mie\u0107 negatywny wp\u0142yw na tw\u00f3j ranking. Zamiast tego adres URL musi mie\u0107 charakter informacyjny i zapewnia pewn\u0105 warto\u015b\u0107 dla u\u017cytkownik\u00f3w.<\/span><\/p>\n<p><span style=\"font-weight: 400;\">Nie zapomnij o d\u0142ugo\u015bci adresu URL, powinno by\u0107 tak d\u0142ugo, aby pomyli\u0107 u\u017cytkownika. Zawsze sprawdzaj, ile znak\u00f3w umie\u015bci\u0142e\u015b,<\/span><b> limit wynosi 2 083 znak\u00f3w<\/b><span style=\"font-weight: 400;\">, ale przyjazny dla u\u017cytkownika sk\u0142ada si\u0119 ze 100 znak\u00f3w. U\u017cyj sprawdzania adresu URL, aby policzy\u0107, ile ma znak\u00f3w.<\/span><\/p>\n<p><span style=\"font-weight: 400;\">Ponadto wyszukiwarki mog\u0105 pod\u015bwietli\u0107 odpowiedni adres URL strony w SERP, co naturalnie zwi\u0119ksza CTR fragmentu w wynikach wyszukiwania. Ale co to oznacza? Jak pokazuje praktyka, mo\u017cliwe jest zwi\u0119kszenie ruchu i poprawa czynnik\u00f3w behawioralnych. Bardzo wa\u017cnym aspektem jest r\u00f3wnie\u017c <a href=\"https:\/\/wedo.pl\/pozycjonowanie\/\" rel=\"noopener noreferrer\" target=\"_blank\">pozycjonowanie stron<\/a>, czyli szereg dzia\u0142a\u0144 marketingowych, dzi\u0119ki kt\u00f3rym Twoja strona lub sklep internetowy zajmie jak najwy\u017csz\u0105 pozycj\u0119 w naturalnych wynikach wyszukiwarek takich jak Google.<\/span><\/p>\n<h2 id=\"6\"><b>Historia adres\u00f3w URL<\/b><\/h2>\n<p><span style=\"font-weight: 400;\">Jak ka\u017cda inna koncepcja,\u00a0 adres URL ma swoj\u0105 w\u0142asn\u0105 histori\u0119. Obecnie jego g\u0142\u00f3wn\u0105 funkcj\u0105 jest wskazywanie serwera terminali, na kt\u00f3rym przechowywane s\u0105 informacje. Utworzony w 1990 r. Przez uznanego brytyjskiego wynalazc\u0119 Sir Timothy&#8217;ego Johna, adres URL by\u0142 najpierw reprezentowany w Genewie. Na pocz\u0105tku by\u0142 u\u017cywany do okre\u015blania lokalizacji poszczeg\u00f3lnych plik\u00f3w w Internecie. Ale programi\u015bci doszli do punktu, w kt\u00f3rym adres URL mo\u017ce s\u0142u\u017cy\u0107 u\u017cytkownikom do uzyskiwania dost\u0119pu do innych zasob\u00f3w.<\/span><\/p>","protected":false},"excerpt":{"rendered":"Co to jest adres URL? URL (lub adres URL) to specjalna forma indywidualnego adresu okre\u015blonego zasobu w Internecie. Mo\u017ce odnosi\u0107 si\u0119 do strony internetowej, konkretnego dokumentu lub obrazu. U\u017cytkownik Internetu musi tylko wstawi\u0107 ten kod na pasku lokalizacji, aby znale\u017a\u0107 potrzebn\u0105 witryn\u0119, dokument, folder lub obraz. M\u00f3wi\u0105c prostym j\u0119zykiem, oznacza to: ze wzgl\u0119du na to&#8230;","protected":false},"author":11474150,"featured_media":23735,"parent":0,"menu_order":0,"comment_status":"closed","ping_status":"closed","template":"pages-templates\/pages-v2.php","meta":[],"categories":[27],"tags":[],"_links":{"self":[{"href":"https:\/\/sitechecker.pro\/pl\/wp-json\/wp\/v2\/pages\/16614"}],"collection":[{"href":"https:\/\/sitechecker.pro\/pl\/wp-json\/wp\/v2\/pages"}],"about":[{"href":"https:\/\/sitechecker.pro\/pl\/wp-json\/wp\/v2\/types\/page"}],"author":[{"embeddable":true,"href":"https:\/\/sitechecker.pro\/pl\/wp-json\/wp\/v2\/users\/11474150"}],"replies":[{"embeddable":true,"href":"https:\/\/sitechecker.pro\/pl\/wp-json\/wp\/v2\/comments?post=16614"}],"version-history":[{"count":19,"href":"https:\/\/sitechecker.pro\/pl\/wp-json\/wp\/v2\/pages\/16614\/revisions"}],"predecessor-version":[{"id":37274,"href":"https:\/\/sitechecker.pro\/pl\/wp-json\/wp\/v2\/pages\/16614\/revisions\/37274"}],"wp:featuredmedia":[{"embeddable":true,"href":"https:\/\/sitechecker.pro\/pl\/wp-json\/wp\/v2\/media\/23735"}],"wp:attachment":[{"href":"https:\/\/sitechecker.pro\/pl\/wp-json\/wp\/v2\/media?parent=16614"}],"wp:term":[{"taxonomy":"category","embeddable":true,"href":"https:\/\/sitechecker.pro\/pl\/wp-json\/wp\/v2\/categories?post=16614"},{"taxonomy":"post_tag","embeddable":true,"href":"https:\/\/sitechecker.pro\/pl\/wp-json\/wp\/v2\/tags?post=16614"}],"curies":[{"name":"wp","href":"https:\/\/api.w.org\/{rel}","templated":true}]}}