{"id":16478,"date":"2023-12-08T13:50:06","date_gmt":"2023-12-08T13:50:06","guid":{"rendered":"https:\/\/sitechecker.pro\/?page_id=16478"},"modified":"2026-02-19T14:37:46","modified_gmt":"2026-02-19T14:37:46","slug":"robots-txt-configure","status":"publish","type":"page","link":"https:\/\/sitechecker.pro\/pl\/configure-robots-txt\/","title":{"rendered":"Co to jest plik Robots.txt i jak go skonfigurowa\u0107 | Sitechecker"},"content":{"rendered":"<p><span style=\"font-weight: 400;\">Plik Robots.txt s\u0142u\u017cy do dostarczania cennych danych do system\u00f3w wyszukiwania skanuj\u0105cych sie\u0107. Przed sprawdzeniem stron Twojej witryny roboty wyszukuj\u0105ce przeprowadzaj\u0105 weryfikacj\u0119 tego pliku. Dzi\u0119ki takiej procedurze mog\u0105 zwi\u0119kszy\u0107 wydajno\u015b\u0107 skanowania. W ten spos\u00f3b pomagasz przeszukiwa\u0107 systemy, aby najpierw przeprowadzi\u0107 indeksacj\u0119 najwa\u017cniejszych danych w witrynie. Ale jest to mo\u017cliwe tylko wtedy, gdy poprawnie skonfigurowa\u0142e\u015b robots.txt.<\/span><\/p>\n<p><span style=\"font-weight: 400;\">Podobnie jak dyrektywy generatora plik\u00f3w robots.txt, instrukcja noindex w robotach metatag nie jest niczym innym, jak tylko zaleceniem dla robot\u00f3w. Z tego powodu nie mog\u0105 zagwarantowa\u0107, \u017ce zamkni\u0119te strony nie zostan\u0105 zindeksowane i nie zostan\u0105 uwzgl\u0119dnione w indeksie. Gwarancje w tym zakresie s\u0105 nie na miejscu. Je\u015bli chcesz zamkn\u0105\u0107 indeksacj\u0119 jakiej\u015b cz\u0119\u015bci witryny, mo\u017cesz u\u017cy\u0107 has\u0142a, aby zamkn\u0105\u0107 katalogi.<\/span><\/p>\n<p>&nbsp;<\/p>\n<h2 id=\"mainsyntax\"><b>G\u0142\u00f3wna Sk\u0142adnia<\/b><\/h2>\n<p><b>User-Agent:<\/b><span style=\"font-weight: 400;\"> robot, do kt\u00f3rego zostan\u0105 zastosowane nast\u0119puj\u0105ce regu\u0142y (na przyk\u0142ad \u201eGooglebot\u201d). Ci\u0105g agenta u\u017cytkownika jest parametrem u\u017cywanym przez przegl\u0105darki internetowe jako ich nazwa. Ale zawiera nie tylko nazw\u0119 przegl\u0105darki, ale tak\u017ce wersj\u0119 systemu operacyjnego i inne parametry. Ze wzgl\u0119du na agenta u\u017cytkownika mo\u017cna okre\u015bli\u0107 wiele parametr\u00f3w: nazw\u0119 systemu operacyjnego, jego wersj\u0119; sprawd\u017a urz\u0105dzenie, na kt\u00f3rym jest zainstalowana przegl\u0105darka; zdefiniuj funkcje przegl\u0105darki.<\/span><\/p>\n<p><b>Disallow:<\/b><span style=\"font-weight: 400;\"> strony, kt\u00f3re chcesz zamkn\u0105\u0107 w celu uzyskania dost\u0119pu (podczas rozpoczynania ka\u017cdej nowej linii mo\u017cesz do\u0142\u0105czy\u0107 du\u017c\u0105 list\u0119 dyrektyw)<\/span><\/p>\n<p><span style=\"font-weight: 400;\">Ka\u017cda grupa User-Agent \/ Disallow powinna by\u0107 podzielona pust\u0105 lini\u0105. Ale niepusty \u0142a\u0144cuch nie powinien wyst\u0119powa\u0107 w grupie (mi\u0119dzy User-Agent a ostatni\u0105 dyrektyw\u0105 Disallow).<\/span><\/p>\n<p><b>Znak skr\u00f3tu (#)<\/b><span style=\"font-weight: 400;\"> mo\u017ce by\u0107 u\u017cyty, gdy trzeba zostawi\u0107 komentarze w pliku robot\u00f3w dla bie\u017c\u0105cej linii. Wszystko, co zosta\u0142o wspomniane po znaku skr\u00f3tu, zostanie zignorowane. Podczas pracy z generatorem plik\u00f3w robota txt komentarz ten dotyczy zar\u00f3wno ca\u0142ej linii, jak i jej ko\u0144ca po dyrektywach.<\/span><\/p>\n<p><span style=\"font-weight: 400;\">Katalogi i nazwy plik\u00f3w s\u0105 sensowne z rejestru: system wyszukiwania akceptuje \u00abKatalog\u00bb, \u00abkatalog\u00bb i \u00abKATALOG\u00bb jako r\u00f3\u017cne dyrektywy.<\/span><\/p>\n<p><b>Host:<\/b><span style=\"font-weight: 400;\"> jest u\u017cywany przez Yandex do wskazania g\u0142\u00f3wnej strony lustrzanej. Dlatego je\u015bli wykonasz przekierowanie 301 na stron\u0119, aby sklei\u0107 dwie witryny, nie ma potrzeby powtarzania procedury dla pliku robots.txt (na zduplikowanej stronie). Tak wi\u0119c Yandex wykryje wspomnian\u0105 dyrektyw\u0119 na stronie, kt\u00f3ra musi zosta\u0107 zablokowana.<\/span><\/p>\n<p><b>Op\u00f3\u017anienie indeksowania plik\u00f3w:<\/b><span style=\"font-weight: 400;\"> mo\u017cesz ograniczy\u0107 szybko\u015b\u0107 przechodzenia przez witryn\u0119, co jest bardzo przydatne w przypadku wysokiej cz\u0119stotliwo\u015bci odwiedzin witryny. Taka opcja jest w\u0142\u0105czona ze wzgl\u0119du na ochron\u0119 generatora plik\u00f3w robot.txt przed dodatkowymi problemami z dodatkowym obci\u0105\u017ceniem serwera spowodowanym przez r\u00f3\u017cne systemy wyszukiwania przetwarzaj\u0105ce informacje na stronie.<\/span><\/p>\n<p><b>Regularne wyra\u017cenia:<\/b><span style=\"font-weight: 400;\"> aby zapewni\u0107 bardziej elastyczne ustawienia dyrektyw, mo\u017cesz u\u017cy\u0107 dw\u00f3ch symboli wymienionych poni\u017cej:<\/span><\/p>\n<p><span style=\"font-weight: 400;\">* (gwiazda) &#8211; oznacza dowoln\u0105 sekwencj\u0119 symboli,<\/span><\/p>\n<p><span style=\"font-weight: 400;\">$ (znak dolara) &#8211; oznacza koniec linii.<\/span><\/p>\n<p>&nbsp;<\/p>\n<h2 id=\"mainexamples\"><b>G\u0142\u00f3wne przyk\u0142ady u\u017cycia generatora robots.txt<\/b><\/h2>\n<h3 id=\"banonsite\"><b>Zakaz ca\u0142ej indeksacji witryny<\/b><\/h3>\n<div class=\"code\"><code>User-agent: *<\/code><\/div>\n<div class=\"code\"><code>Disallow: \/<\/code><\/div>\n<p><span style=\"font-weight: 400;\">Instrukcja ta musi by\u0107 stosowana podczas tworzenia nowej witryny i korzystania z subdomen, aby zapewni\u0107 do niej dost\u0119p.<\/span><\/p>\n<p><span style=\"font-weight: 400;\">Bardzo cz\u0119sto podczas pracy na nowej stronie programi\u015bci zapominaj\u0105 zamkn\u0105\u0107 cz\u0119\u015b\u0107 strony w celu indeksacji, w wyniku czego systemy indeksu przetwarzaj\u0105 jej pe\u0142n\u0105 kopi\u0119. Je\u015bli taki b\u0142\u0105d mia\u0142 miejsce, twoja domena g\u0142\u00f3wna musi przej\u015b\u0107 przekierowanie 301 na stron\u0119. Generator Robot.txt mo\u017ce by\u0107 przydatny!<\/span><\/p>\n<p>&nbsp;<\/p>\n<h3><b>Nast\u0119puj\u0105ce ZEZWOLENIA na budow\u0119 do indeksowania ca\u0142ej witryny:<\/b><\/h3>\n<div class=\"code\"><code>User-agent: *<\/code><\/div>\n<div class=\"code\"><code>Disallow:<\/code><\/div>\n<h3 id=\"banonfolder\"><b>Zakaz indeksowania okre\u015blonego folderu<\/b><\/h3>\n<div class=\"code\"><code>User-agent: Googlebot<\/code><\/div>\n<div class=\"code\"><code>Disallow: \/no-index\/<\/code><\/div>\n<h3 id=\"banforrobot\"><b>Zakaz wizyty na stronie dla pewnego robota<\/b><\/h3>\n<div class=\"code\"><code>User-agent: Googlebot<\/code><\/div>\n<div class=\"code\"><code>Disallow: \/no-index\/this-page.html<\/code><\/div>\n<h3 id=\"banonfiletype\"><b>Zakaz indeksowania plik\u00f3w okre\u015blonego typu<\/b><\/h3>\n<div class=\"code\"><code>User-agent: *<\/code><\/div>\n<div class=\"code\"><code>Disallow: \/*.pdf$<\/code><\/div>\n<h3 id=\"allowpage\"><b>Aby umo\u017cliwi\u0107 wizyt\u0119 na okre\u015blonej stronie dla okre\u015blonego robota internetowego<\/b><\/h3>\n<div class=\"code\"><code>User-agent: *<\/code><\/div>\n<div class=\"code\"><code>Disallow: \/no-bots\/block-all-bots-except-rogerbot-page.html<\/code><\/div>\n<div class=\"code\"><code>User-agent: Google<\/code><\/div>\n<div class=\"code\"><code>Allow: \/no-bots\/block-all-bots-except-Google-page.html<\/code><\/div>\n<h3 id=\"linktositemap\"><b>Link do strony internetowej mapy witryny <\/b><\/h3>\n<div class=\"code\"><code>User-agent: *<\/code><\/div>\n<div class=\"code\"><code>Disallow:<\/code><\/div>\n<div class=\"code\"><code>Sitemap: http:\/\/www.example.com\/none-standard-location\/sitemap.xml<\/code><\/div>\n<p><span style=\"font-weight: 400;\">Osobliwo\u015bci, kt\u00f3re nale\u017cy wzi\u0105\u0107 pod uwag\u0119 podczas korzystania z tej dyrektywy, je\u015bli stale wype\u0142niasz swoj\u0105 witryn\u0119 unikaln\u0105 tre\u015bci\u0105:<\/span><\/p>\n<ul>\n<li style=\"font-weight: 400;\"><span style=\"font-weight: 400;\">nie dodawaj linku do mapy witryny w generatorze plik\u00f3w tekstowych robot\u00f3w;<\/span><\/li>\n<li style=\"font-weight: 400;\"><span style=\"font-weight: 400;\">wybierz niestandaryzowan\u0105 nazw\u0119 mapy witryny sitemap.xml (na przyk\u0142ad my-new-sitemap.xml, a nast\u0119pnie dodaj ten link do system\u00f3w wyszukiwania za pomoc\u0105 webmaster\u00f3w);<\/span><\/li>\n<\/ul>\n<p><span style=\"font-weight: 400;\">poniewa\u017c wielu nieuczciwych webmaster\u00f3w analizuje zawarto\u015b\u0107 z innych stron, ale samodzielnie i u\u017cywa ich do w\u0142asnych projekt\u00f3w.<\/span><\/p>\n<p><span style=\"font-weight: 400;\">    <div class=\"blog__conversion blog__conversion-app element__logged_out\">\n        <div class=\"blog__conversion-inner\">\n            <p class=\"title\">Sprawd\u017a strony swojej witryny pod k\u0105tem statusu indeksacji<\/p>\n            <p class=\"description\">Wykryj wszystkie nieindeksowane adresy URL i dowiedz si\u0119, jakie strony witryny mog\u0105 by\u0107 indeksowane przez boty wyszukiwarki<\/p>\n            <form id=\"audit__form\"\n                  class=\"article__seo-search audit__form Wykryj wszystkie nieindeksowane adresy URL i dowiedz si\u0119, jakie strony witryny mog\u0105 by\u0107 indeksowane przez boty wyszukiwarki\"\n                  action=\"\"\n                  method=\"POST\"\n                  autocomplete=\"off\">\n                <span class=\"error\"><\/span>\n                <div class=\"error__limits\">Something went wrong. Please, try again later.<\/div>\n                <input name=\"url\"\n                       type=\"text\"\n                       placeholder=\"Wprowad\u017a swoj\u0105 domen\u0119, aby rozpocz\u0105\u0107\">\n                                <button type=\"submit\"\n                        class=\"sitechecker__text\">\n                    <span>Uruchomienie audytu<\/span>\n                    <img src=\"\/wp-content\/themes\/sitechecker\/out\/img_design\/loading.svg\"\n                         width=\"31\"\n                         height=\"30\"\n                         class=\"loading\">\n                <\/button>\n            <\/form>\n        <\/div>\n    <\/div>\n    <\/span><\/p>\n<h2 id=\"robotsornoindex\"><b>Kt\u00f3ry jest lepszy generator txt robot\u00f3w lub noindex?<\/b><\/h2>\n<p><span style=\"font-weight: 400;\">Je\u015bli nie chcesz, aby niekt\u00f3re strony by\u0142y indeksowane, noindex w robotach metatagowych jest bardziej wskazany. Aby go wdro\u017cy\u0107, musisz doda\u0107 nast\u0119puj\u0105cy metatag w sekcji strony:<\/span><\/p>\n<div class=\"code\"><code>&lt;meta name=\u201drobots\u201d content=\u201dnoindex, follow\u201d&gt;<\/code><\/div>\n<p><span style=\"font-weight: 400;\">Korzystaj\u0105c z tego podej\u015bcia, b\u0119dziesz:<\/span><\/p>\n<ul>\n<li style=\"font-weight: 400;\"><span style=\"font-weight: 400;\">unika\u0107 indeksowania okre\u015blonej strony podczas nast\u0119pnej wizyty robota internetowego  (nie b\u0119dziesz musia\u0142 wtedy r\u0119cznie usuwa\u0107 strony za pomoc\u0105 webmaster\u00f3w);<\/span><\/li>\n<li style=\"font-weight: 400;\"><span style=\"font-weight: 400;\">zdo\u0142asz przekaza\u0107 link do soku na stronie.<\/span><\/li>\n<\/ul>\n<p><span style=\"font-weight: 400;\">Generator plik\u00f3w robot\u00f3w txt lepiej zamyka takie typy stron:<\/span><\/p>\n<ul>\n<li style=\"font-weight: 400;\"><span style=\"font-weight: 400;\">strony administracyjne Twojej witryny;<\/span><\/li>\n<li style=\"font-weight: 400;\"><span style=\"font-weight: 400;\">wyszukiwanie danych na stronie;<\/span><\/li>\n<li style=\"font-weight: 400;\"><span style=\"font-weight: 400;\">strony resetowania rejestracji \/ autoryzacji \/ has\u0142a.<\/span><\/li>\n<\/ul>\n<p>&nbsp;<\/p>\n<h2 id=\"tools\"><b>Jakie narz\u0119dzia sprawdzaj\u0105ce robots.txt mog\u0105 pom\u00f3c?<\/b><\/h2>\n<p><span style=\"font-weight: 400;\">Kiedy generujesz plik robots.txt, musisz sprawdzi\u0107, czy zawieraj\u0105 jakie\u015b b\u0142\u0119dy. Kontrola robots.txt system\u00f3w wyszukiwania mo\u017ce pom\u00f3c Ci poradzi\u0107 sobie z tym zadaniem:<\/span><\/p>\n<p><b>Google Webmasters<\/b><\/p>\n<p><span style=\"font-weight: 400;\">Zaloguj si\u0119 na konto z potwierdzon\u0105 bie\u017c\u0105c\u0105 witryn\u0105 na swojej platformie, przejd\u017a do<\/span><b> Crawl<\/b><span style=\"font-weight: 400;\">, a nast\u0119pnie do<\/span><b> robots.txt Tester<\/b><span style=\"font-weight: 400;\">.<\/span><\/p>\n<p><span style=\"font-weight: 400;\"><div class=\"content__img-wrap\"><img src=\"https:\/\/sitechecker.pro\/wp-content\/uploads\/2017\/12\/robots-txt-tester-in-Google-Webmaster-Tools.png\" alt=\"Robots.txt tester in Google Search Console\" class=\"description-img description-img-zoom\" loading=\"lazy\" ><\/div><\/span><\/p>\n<p><span style=\"font-weight: 400;\">Ten test <a href=\"https:\/\/sitechecker.pro\/pl\/website-crawler\/\">crawler<\/a> pozwala na:<\/span><\/p>\n<ul>\n<li style=\"font-weight: 400;\"><span style=\"font-weight: 400;\">wykrywa\u0107 wszystkie swoje b\u0142\u0119dy i mo\u017cliwe problemy na raz;<\/span><\/li>\n<li style=\"font-weight: 400;\"><span style=\"font-weight: 400;\">sprawd\u017ai\u0107 b\u0142\u0119dy i dokonaj niezb\u0119dnych poprawek tutaj, aby zainstalowa\u0107 nowy plik na swojej stronie bez \u017cadnych dodatkowych weryfikacji;<\/span><\/li>\n<li style=\"font-weight: 400;\"><span style=\"font-weight: 400;\">zbada\u0107, czy odpowiednio zamkn\u0105\u0142e\u015b strony, kt\u00f3rych chcesz unikn\u0105\u0107, i czy te, kt\u00f3re maj\u0105 podlega\u0107 indeksacji, s\u0105 odpowiednio otwarte.<\/span><\/li>\n<\/ul>\n<p>&nbsp;<\/p>\n<p><b> Yandex Webmaster<\/b><\/p>\n<p><span style=\"font-weight: 400;\">Zaloguj si\u0119 na konto z bie\u017c\u0105c\u0105 stron\u0105 potwierdzon\u0105 na swojej platformie, przejd\u017a do <\/span><b>Narz\u0119dzia<\/b><span style=\"font-weight: 400;\">, a nast\u0119pnie do <\/span><b>analizy Robots.txt<\/b><span style=\"font-weight: 400;\">.<\/span><\/p>\n<p>&nbsp;<\/p>\n<p><span style=\"font-weight: 400;\"><div class=\"content__img-wrap\"><img src=\"https:\/\/sitechecker.pro\/wp-content\/uploads\/2017\/12\/robots-txt-tester-in-Yandex-Webmaster-Tools.png\" alt=\"Robobts txt generator for Yandex\" class=\"description-img description-img-zoom\" loading=\"lazy\" ><\/div><\/span><\/p>\n<p>&nbsp;<\/p>\n<p><span style=\"font-weight: 400;\">Ten tester oferuje prawie r\u00f3wne mo\u017cliwo\u015bci weryfikacji, jak opisano powy\u017cej. R\u00f3\u017cnica polega na:<\/span><\/p>\n<ul>\n<li style=\"font-weight: 400;\"><span style=\"font-weight: 400;\">tutaj nie musisz autoryzowa\u0107 i potwierdza\u0107 praw do witryny, kt\u00f3ra oferuje natychmiastow\u0105 weryfikacj\u0119 pliku robots.txt;<\/span><\/li>\n<li style=\"font-weight: 400;\"><span style=\"font-weight: 400;\">nie ma potrzeby wstawiania na stron\u0119: ca\u0142a lista stron mo\u017ce by\u0107 sprawdzona w ci\u0105gu jednej sesji<\/span><\/li>\n<li style=\"font-weight: 400;\"><span style=\"font-weight: 400;\">mo\u017cesz upewni\u0107 si\u0119, \u017ce Yandex prawid\u0142owo zidentyfikowa\u0142 twoje instrukcje.<\/span><\/li>\n<\/ul>\n<h2><b>Jak robots.txt mo\u017ce pom\u00f3c w strategii SEO?<\/b><\/h2>\n<p><span style=\"font-weight: 400;\">Przede wszystkim chodzi o indeksowanie bud\u017cetu. Ka\u017cda witryna ma w\u0142asny bud\u017cet indeksowania, kt\u00f3ry jest szacowany przez wyszukiwarki osobi\u015bcie. Plik Robots.txt zapobiega przeszukiwaniu witryny przez boty wyszukiwania niepotrzebnych stron, takich jak duplikaty stron, \u015bmieciowe strony, a nie strony wysokiej jako\u015bci. G\u0142\u00f3wny problem polega na tym, \u017ce indeks wyszukiwarek dostaje co\u015b, czego nie powinno tam by\u0107 &#8211; strony, kt\u00f3re nie przynosz\u0105 korzy\u015bci ludziom i po prostu za\u015bmiecaj\u0105 wyszukiwanie.<\/span><\/p>\n<p><span style=\"font-weight: 400;\">Ale jak mo\u017ce to zaszkodzi\u0107 SEO? Odpowied\u017a jest \u0142atwa. Gdy roboty wyszukuj\u0105ce docieraj\u0105 do witryny w celu indeksowania, nie s\u0105 zaprogramowane do eksplorowania najwa\u017cniejszych stron. Cz\u0119sto skanuj\u0105 ca\u0142\u0105 witryn\u0119 ze wszystkimi jej stronami. Dlatego najwa\u017cniejsze strony nie mog\u0105 by\u0107 po prostu skanowane ze wzgl\u0119du na ograniczony bud\u017cet indeksowania. Dlatego Google lub jakakolwiek inna wyszukiwarka zaczyna zajmowa\u0107 si\u0119 Twoj\u0105 witryn\u0105 w zakresie otrzymanych informacji. W ten spos\u00f3b twoja strategia SEO jest zagro\u017cona niepowodzeniem z powodu nieodpowiednich stron.<\/span><\/p>\n<p>&nbsp;<\/p>","protected":false},"excerpt":{"rendered":"Plik Robots.txt s\u0142u\u017cy do dostarczania cennych danych do system\u00f3w wyszukiwania skanuj\u0105cych sie\u0107. Przed sprawdzeniem stron Twojej witryny roboty wyszukuj\u0105ce przeprowadzaj\u0105 weryfikacj\u0119 tego pliku. Dzi\u0119ki takiej procedurze mog\u0105 zwi\u0119kszy\u0107 wydajno\u015b\u0107 skanowania. W ten spos\u00f3b pomagasz przeszukiwa\u0107 systemy, aby najpierw przeprowadzi\u0107 indeksacj\u0119 najwa\u017cniejszych danych w witrynie. Ale jest to mo\u017cliwe tylko wtedy, gdy poprawnie skonfigurowa\u0142e\u015b robots.txt. Podobnie&#8230;","protected":false},"author":11474150,"featured_media":3355,"parent":0,"menu_order":0,"comment_status":"closed","ping_status":"closed","template":"pages-templates\/pages-v2.php","meta":[],"categories":[28],"tags":[],"_links":{"self":[{"href":"https:\/\/sitechecker.pro\/pl\/wp-json\/wp\/v2\/pages\/16478"}],"collection":[{"href":"https:\/\/sitechecker.pro\/pl\/wp-json\/wp\/v2\/pages"}],"about":[{"href":"https:\/\/sitechecker.pro\/pl\/wp-json\/wp\/v2\/types\/page"}],"author":[{"embeddable":true,"href":"https:\/\/sitechecker.pro\/pl\/wp-json\/wp\/v2\/users\/11474150"}],"replies":[{"embeddable":true,"href":"https:\/\/sitechecker.pro\/pl\/wp-json\/wp\/v2\/comments?post=16478"}],"version-history":[{"count":13,"href":"https:\/\/sitechecker.pro\/pl\/wp-json\/wp\/v2\/pages\/16478\/revisions"}],"predecessor-version":[{"id":39354,"href":"https:\/\/sitechecker.pro\/pl\/wp-json\/wp\/v2\/pages\/16478\/revisions\/39354"}],"wp:featuredmedia":[{"embeddable":true,"href":"https:\/\/sitechecker.pro\/pl\/wp-json\/wp\/v2\/media\/3355"}],"wp:attachment":[{"href":"https:\/\/sitechecker.pro\/pl\/wp-json\/wp\/v2\/media?parent=16478"}],"wp:term":[{"taxonomy":"category","embeddable":true,"href":"https:\/\/sitechecker.pro\/pl\/wp-json\/wp\/v2\/categories?post=16478"},{"taxonomy":"post_tag","embeddable":true,"href":"https:\/\/sitechecker.pro\/pl\/wp-json\/wp\/v2\/tags?post=16478"}],"curies":[{"name":"wp","href":"https:\/\/api.w.org\/{rel}","templated":true}]}}