{"id":1526,"date":"2024-02-16T10:56:20","date_gmt":"2024-02-16T10:56:20","guid":{"rendered":"https:\/\/sitechecker.pro\/?page_id=1526"},"modified":"2024-10-11T06:56:32","modified_gmt":"2024-10-11T06:56:32","slug":"domain-age","status":"publish","type":"page","link":"https:\/\/sitechecker.pro\/pl\/domain-age\/","title":{"rendered":"Sprawdzanie wieku domeny w witrynie | Narz\u0119dzie SEO Sitechecker Online \u1408"},"content":{"rendered":"<p><\/p>\n<h2 id=\"par1\">Co to jest narz\u0119dzie do sprawdzania wieku domeny? <\/h2>\n<p>Website Age Checker by <a href=\"https:\/\/sitechecker.pro\/\" target=\"_blank\" rel=\"noopener noreferrer\">Sitechecker<\/a> to internetowe narz\u0119dzie SEO zaprojektowane w celu okre\u015blenia wieku <a href=\"https:\/\/sitechecker.pro\/what-is-domeny\/\" target=\"_blank\" rel=\"noopener noreferrer\">domain<\/a>, kt\u00f3ry jest uwa\u017cany za wa\u017cny czynnik w SEO i <a href=\"https:\/\/sitechecker.pro\/what-is-domain-authority\/\" target=\"_blank\" rel=\"noopener noreferrer\">autorytecie domeny<\/a>. Strony internetowe maj\u0105ce 10 lat lub wi\u0119cej s\u0105 og\u00f3lnie postrzegane jako maj\u0105ce wi\u0119kszy autorytet i warto\u015b\u0107 SEO. Przed zakupem domeny zaleca si\u0119 sprawdzenie, jak stara jest ta witryna, jej <a href=\"https:\/\/sitechecker.pro\/blacklist-checker\/\" target=\"_blank\" rel=\"noopener noreferrer\">reputacji<\/a> i historii spamu, aby upewni\u0107 si\u0119, \u017ce odpowiada ona Twoim potrzebom.<\/p>\n<h3>Jak narz\u0119dzie mo\u017ce ci pom\u00f3c?<\/h3>\n<p><strong>Monitorowanie wieku u\u017cytkownik\u00f3w: <\/strong>upraszcza \u015bledzenie wieku witryn, dostarczaj\u0105c aktualnych informacji bez wysi\u0142ku.<\/p>\n<p><strong>Ocena potencjalnych zakup\u00f3w: <\/strong> oferuje szczeg\u00f3\u0142owe informacje na temat wieku witryny, <a href=\"https:\/\/sitechecker.pro\/hostingu -checker\/\" target=\"_blank\" rel=\"noopener noreferrer\">hosting<\/a>, <a href=\"https:\/\/sitechecker.pro\/what-is-url-statusu na czarnej li\u015bcie \/\" target=\"_blank\" rel=\"noopener noreferrer\">blacklist<\/a> i pe\u0142nego audytu wszystkich stron, pomagaj\u0105c w podejmowaniu \u015bwiadomych decyzji przed zakupem.<\/p>\n<p><strong>Ocena nowo nabytych witryn pod k\u0105tem promocji: <\/strong>Aby skutecznie zaplanowa\u0107 strategi\u0119 promocji nowej witryny, kluczowe jest zrozumienie jej wieku i stanu technicznego. To narz\u0119dzie szybko dostarcza dok\u0142adnych danych na temat wieku witryny i potencjalnego autorytetu domeny.<\/p>\n<h3>Kluczowe cechy narz\u0119dzia<\/h3>\n<p><strong>Ujednolicony pulpit nawigacyjny: <\/strong>oferuje scentralizowany widok do monitorowania wska\u017anik\u00f3w SEO, wy\u015bwietlaj\u0105c dane w czasie rzeczywistym na temat kondycji witryny, wydajno\u015bci i ranking\u00f3w. Umo\u017cliwia dostosowywanie wid\u017cet\u00f3w w celu nadania priorytetu istotnym danym, usprawniaj\u0105c zarz\u0105dzanie SEO za pomoc\u0105 jednego interfejsu.<\/p>\n<p><strong>Przyjazny dla u\u017cytkownika interfejs: <\/strong>Zaprojektowany z my\u015bl\u0105 o \u0142atwo\u015bci u\u017cytkowania, zar\u00f3wno dla pocz\u0105tkuj\u0105cych, jak i ekspert\u00f3w. Upraszcza nawigacj\u0119 po zadaniach SEO dzi\u0119ki jasnym instrukcjom i pomocom wizualnym, zmniejszaj\u0105c krzyw\u0105 uczenia si\u0119 i zwi\u0119kszaj\u0105c wydajno\u015b\u0107.<\/p>\n<p><strong>Kompletny zestaw narz\u0119dzi SEO: <\/strong>obejmuj\u0105cy wszystkie aspekty optymalizacji SEO, w tym badanie s\u0142\u00f3w kluczowych, <a href=\"https:\/\/sitechecker.pro\/on-page-seo-checker\/\" target=\"_blank\" rel=\"noopener noreferrer\">audyty witryn<\/a>, analiz\u0119 link\u00f3w zwrotnych i zalecenia na stronie. Oferuje holistyczne podej\u015bcie do poprawy wydajno\u015bci witryny za pomoc\u0105 zintegrowanego zestawu narz\u0119dzi.<\/p>\n<h2 id=\"par2\">Jak korzysta\u0107 z narz\u0119dzia<\/h2>\n<p>Aby sprawdzi\u0107 wiek witryny, wystarczy zainicjowa\u0107 sprawdzanie. Zajmie to tylko chwil\u0119, a opr\u00f3cz d\u0142ugo\u015bci \u017cycia witryny otrzymasz cenne informacje, kt\u00f3re pomog\u0105 ci dowiedzie\u0107 si\u0119 wi\u0119cej o zasobach internetowych.<\/p>\n<h3>Krok 1: Wpisz adres domeny<\/h3>\n<div class=\"content__img-wrap\"><img src=\"https:\/\/sitechecker.pro\/wp-content\/uploads\/2024\/02\/domain-age-checker.png\" alt=\"Domain Age Checker\" class=\"description-img description-img-zoom\" loading=\"lazy\" ><\/div>\n<h3>Krok 2: Analiza wynik\u00f3w <\/h3>\n<p>Po wykonaniu indeksowania b\u0119dziesz m\u00f3g\u0142 uzyska\u0107 dost\u0119p do danych informacyjnych, kt\u00f3re obejmuj\u0105 wiek, dat\u0119 utworzenia i dat\u0119 wyga\u015bni\u0119cia.<\/p>\n<div class=\"content__img-wrap\"><img src=\"https:\/\/sitechecker.pro\/wp-content\/uploads\/2024\/02\/domain-age-info.png\" alt=\"Domain Age Info\" class=\"description-img description-img-zoom\" loading=\"lazy\" ><\/div>\n<h2 id=\"par3\">Dodatkowe funkcje<\/h2>\n<p>Je\u015bli sprawdzasz swoj\u0105 witryn\u0119 lub zasoby internetowe projektu, w kt\u00f3ry planujesz zainwestowa\u0107 finansowo, mamy dla Ciebie \u015bwietne mo\u017cliwo\u015bci. Po zako\u0144czeniu procesu indeksowania witryny zostanie dostarczony szczeg\u00f3\u0142owy raport z audytu witryny, kt\u00f3ry pomo\u017ce wskaza\u0107 wszelkie istniej\u0105ce problemy i zrozumie\u0107 stan techniczny SEO witryny. Raport b\u0119dzie zawiera\u0142 pomocne zalecenia dotycz\u0105ce rozwi\u0105zania zidentyfikowanych problem\u00f3w. Dodatkowo mo\u017cna okre\u015bli\u0107 typ lub kategori\u0119 problemu (np. linki, indeksowalno\u015b\u0107, trafno\u015b\u0107 tre\u015bci), aby skupi\u0107 si\u0119 na tych, kt\u00f3re s\u0105 najwa\u017cniejsze dla poprawy og\u00f3lnej wydajno\u015bci witryny. Pozwoli to u\u017cytkownikom skutecznie rozwi\u0105za\u0107 wszelkie istniej\u0105ce problemy i zapewni\u0107 optymalny sukces w przysz\u0142o\u015bci.<\/p>\n<div class=\"content__img-wrap\"><img src=\"https:\/\/sitechecker.pro\/wp-content\/uploads\/2024\/02\/site-audit-results_65cf4eac5a428.png\" alt=\"Site Audit Results\" class=\"description-img description-img-zoom\" loading=\"lazy\" ><\/div>\n<h2 id=\"par4\">Ostateczny pomys\u0142<\/h2>\n<p>Free Domain Age Checker to narz\u0119dzie do okre\u015blania wieku domeny, kluczowego czynnika w ocenie SEO i autorytetu domeny. Jest to szczeg\u00f3lnie przydatne dla os\u00f3b rozwa\u017caj\u0105cych zakup, poniewa\u017c zapewnia wgl\u0105d w histori\u0119 witryny, w tym jej wiek, reputacj\u0119 i wszelkie wcze\u015bniejsze problemy ze spamem. Narz\u0119dzie to nie tylko oblicza wiek od daty rejestracji, ale tak\u017ce pomaga w podejmowaniu \u015bwiadomych decyzji, por\u00f3wnuj\u0105c potencjalne witryny i ich zalety SEO. Dzi\u0119ki takim funkcjom jak ujednolicony pulpit nawigacyjny, przyjazny dla u\u017cytkownika interfejs i kompletny zestaw narz\u0119dzi SEO, usprawnia proces analizy i optymalizacji witryny. Ponadto oferuje szczeg\u00f3\u0142owe raporty z audyt\u00f3w w celu dalszej analizy i poprawy SEO i stanu technicznego witryny.<\/p>\n<div id=\"par5\"><\/div>\n<p><div class=\"front__faq-block\"><div class=\"faq__block-title\">FAQ<\/div><div class=\"panel-group\" id=\"faq-accordion\" itemscope itemtype=\"https:\/\/schema.org\/FAQPage\" role=\"tablist\" aria-multiselectable=\"true\"><div class=\"panel\" itemscope itemtype=\"https:\/\/schema.org\/Question\" itemprop=\"mainEntity\">\n                            <div class=\"panel-heading\" id=\"headingFaq-1\">\n                                <div class=\"panel-title\" data-toggle=\"collapse\" aria-expanded=\"false\" href=\"#collapseFaq-1\">\n                                    <h3 itemprop=\"name\">Czy narz\u0119dzie do sprawdzania wieku witryny mo\u017ce pom\u00f3c w identyfikacji wygas\u0142ych domen?<\/h3>\n                                <\/div>\n                            <\/div>\n                            <div id=\"collapseFaq-1\" class=\"panel-collapse collapse\" itemprop=\"acceptedAnswer\" itemscope itemtype=\"http:\/\/schema.org\/Answer\">\n                                <div class=\"panel-body\" itemprop=\"text\">Tak, narz\u0119dzie mo\u017ce dostarczy\u0107 informacji o dacie wyga\u015bni\u0119cia, co mo\u017ce by\u0107 przydatne w identyfikacji witryn, kt\u00f3re niedawno wygas\u0142y lub wkr\u00f3tce wygasn\u0105.<\/div>\n                            <\/div>\n                        <\/div><div class=\"panel\" itemscope itemtype=\"https:\/\/schema.org\/Question\" itemprop=\"mainEntity\">\n                            <div class=\"panel-heading\" id=\"headingFaq-2\">\n                                <div class=\"panel-title\" data-toggle=\"collapse\" aria-expanded=\"false\" href=\"#collapseFaq-2\">\n                                    <h3 itemprop=\"name\">Jak dok\u0142adne jest obliczenie \u017cywotno\u015bci witryny internetowej dostarczane przez to narz\u0119dzie?<\/h3>\n                                <\/div>\n                            <\/div>\n                            <div id=\"collapseFaq-2\" class=\"panel-collapse collapse\" itemprop=\"acceptedAnswer\" itemscope itemtype=\"http:\/\/schema.org\/Answer\">\n                                <div class=\"panel-body\" itemprop=\"text\">Wykrywacz wieku nazw domen dostarcza dok\u0142adnych informacji o wieku zasobu internetowego na podstawie daty jego pocz\u0105tkowej rejestracji, przy za\u0142o\u017ceniu, \u017ce dane rejestracyjne s\u0105 aktualne i publicznie dost\u0119pne.<\/div>\n                            <\/div>\n                        <\/div><div class=\"panel\" itemscope itemtype=\"https:\/\/schema.org\/Question\" itemprop=\"mainEntity\">\n                            <div class=\"panel-heading\" id=\"headingFaq-3\">\n                                <div class=\"panel-title\" data-toggle=\"collapse\" aria-expanded=\"false\" href=\"#collapseFaq-3\">\n                                    <h3 itemprop=\"name\">Czy narz\u0119dzie do sprawdzania wieku domeny mo\u017ce pom\u00f3c w identyfikacji mo\u017cliwo\u015bci nabycia wygas\u0142ych lub starzej\u0105cych si\u0119 domen o warto\u015bci SEO?<\/h3>\n                                <\/div>\n                            <\/div>\n                            <div id=\"collapseFaq-3\" class=\"panel-collapse collapse\" itemprop=\"acceptedAnswer\" itemscope itemtype=\"http:\/\/schema.org\/Answer\">\n                                <div class=\"panel-body\" itemprop=\"text\">Tak, ujawniaj\u0105c wiek i zapewniaj\u0105c podstaw\u0119 do dalszego dochodzenia, narz\u0119dzie do sprawdzania wieku domeny mo\u017ce pom\u00f3c w identyfikacji wygas\u0142ych lub przestarza\u0142ych witryn, kt\u00f3re mog\u0105 nadal mie\u0107 warto\u015b\u0107 SEO do nabycia.<\/div>\n                            <\/div>\n                        <\/div><\/div><\/div><\/p>","protected":false},"excerpt":{"rendered":"Co to jest narz\u0119dzie do sprawdzania wieku domeny? Website Age Checker by Sitechecker to internetowe narz\u0119dzie SEO zaprojektowane w celu okre\u015blenia wieku domain, kt\u00f3ry jest uwa\u017cany za wa\u017cny czynnik w SEO i autorytecie domeny. Strony internetowe maj\u0105ce 10 lat lub wi\u0119cej s\u0105 og\u00f3lnie postrzegane jako maj\u0105ce wi\u0119kszy autorytet i warto\u015b\u0107 SEO. Przed zakupem domeny zaleca&#8230;","protected":false},"author":10409641,"featured_media":3748,"parent":0,"menu_order":0,"comment_status":"closed","ping_status":"closed","template":"pages-templates\/pages-minitools.php","meta":[],"categories":[73],"tags":[],"_links":{"self":[{"href":"https:\/\/sitechecker.pro\/pl\/wp-json\/wp\/v2\/pages\/1526"}],"collection":[{"href":"https:\/\/sitechecker.pro\/pl\/wp-json\/wp\/v2\/pages"}],"about":[{"href":"https:\/\/sitechecker.pro\/pl\/wp-json\/wp\/v2\/types\/page"}],"author":[{"embeddable":true,"href":"https:\/\/sitechecker.pro\/pl\/wp-json\/wp\/v2\/users\/10409641"}],"replies":[{"embeddable":true,"href":"https:\/\/sitechecker.pro\/pl\/wp-json\/wp\/v2\/comments?post=1526"}],"version-history":[{"count":54,"href":"https:\/\/sitechecker.pro\/pl\/wp-json\/wp\/v2\/pages\/1526\/revisions"}],"predecessor-version":[{"id":34851,"href":"https:\/\/sitechecker.pro\/pl\/wp-json\/wp\/v2\/pages\/1526\/revisions\/34851"}],"wp:featuredmedia":[{"embeddable":true,"href":"https:\/\/sitechecker.pro\/pl\/wp-json\/wp\/v2\/media\/3748"}],"wp:attachment":[{"href":"https:\/\/sitechecker.pro\/pl\/wp-json\/wp\/v2\/media?parent=1526"}],"wp:term":[{"taxonomy":"category","embeddable":true,"href":"https:\/\/sitechecker.pro\/pl\/wp-json\/wp\/v2\/categories?post=1526"},{"taxonomy":"post_tag","embeddable":true,"href":"https:\/\/sitechecker.pro\/pl\/wp-json\/wp\/v2\/tags?post=1526"}],"curies":[{"name":"wp","href":"https:\/\/api.w.org\/{rel}","templated":true}]}}