{"id":1396,"date":"2018-02-05T10:24:46","date_gmt":"2018-02-05T10:24:46","guid":{"rendered":"https:\/\/sitechecker.pro\/?page_id=1396"},"modified":"2024-10-09T15:52:54","modified_gmt":"2024-10-09T15:52:54","slug":"search-engines","status":"publish","type":"page","link":"https:\/\/sitechecker.pro\/pl\/search-engines\/","title":{"rendered":"Lista najlepszych wyszukiwarek [Najlepsze wyszukiwarki inne ni\u017c Google]"},"content":{"rendered":"<p><\/p>\n<h2 id=\"What\"><strong>Co to jest wyszukiwarka<\/strong><\/h2>\n<p>Wyszukiwarka to specjalny system komputerowy zaprojektowany do wyszukiwania niezb\u0119dnych informacji na podstawie zapyta\u0144 u\u017cytkownik\u00f3w.<\/p>\n<p>Kluczowym parametrem wyszukiwarek jest zapytanie wyszukiwania. Jest to zgodne z zapytaniami wyszukiwarek na \u015bwiecie, dostarczaj\u0105c u\u017cytkownikom niezb\u0119dnych informacji poprzez generowanie wynik\u00f3w wyszukiwania.<\/p>\n<p>Aby dok\u0142adnie odpowiedzie\u0107 na jak najwi\u0119cej \u017c\u0105da\u0144 u\u017cytkownik\u00f3w, boty wyszukiwania (na przyk\u0142ad \u201eGooglebot\u201d) wykonuj\u0105 3 wymagane kroki.<\/p>\n<ol>\n<li>Skanuj strony. \u015aled\u017a, kt\u00f3re nowe strony \/ witryny si\u0119 pojawiaj\u0105 i jak stare s\u0105 aktualizowane.<\/li>\n<li>Indeksuj strony. Rozpoznaj zawarto\u015b\u0107 strony i dodaj je do ich ogromnej bazy danych.<\/li>\n<li>Ranguj strony. W zale\u017cno\u015bci od \u017c\u0105dania u\u017cytkownika wyszukiwarka generuje wyniki, wybieraj\u0105c najlepsze wyniki ze swojej bazy danych zgodnie z okre\u015blonym algorytmem.<\/li>\n<\/ol>\n<p><em>Przydatny link<\/em>: <a href=\"https:\/\/support.google.com\/webmasters\/answer\/70897?hl=ru\">Jak dzia\u0142a wyszukiwarka Google<\/a><\/p>\n<p><em>Przydatny link:<\/em>\u00a0<a href=\"https:\/\/linkjuice.pl\/blog\/narzedzia-seo-marketingowe-darmowe-platne\/\" target=\"_blank\" rel=\"noopener noreferrer\" data-saferedirecturl=\"https:\/\/www.google.com\/url?q=https:\/\/linkjuice.pl\/blog\/narzedzia-seo-marketingowe-darmowe-platne\/&amp;source=gmail&amp;ust=1569503597064000&amp;usg=AFQjCNHGqcYjxnIPt2dm47Mi7vXw0-oZFg\">Narz\u0119dzia SEO<\/a><\/p>\n<p>Je\u015bli utworzy\u0142e\u015b witryn\u0119 i chcesz, aby Twoi odbiorcy Ci\u0119 znale\u017ali i wybrali spo\u015br\u00f3d konkurent\u00f3w, musisz przestrzega\u0107 kilku zasad <a href=\"https:\/\/www.grupa-icea.pl\/seo-co-to-jest\/\">SEO<\/a>. W r\u00f3\u017cnych wyszukiwarkach mog\u0105 si\u0119 r\u00f3\u017cni\u0107 szczeg\u00f3\u0142ami, ale podstawowe zasady pracy s\u0105 podobne.\u00a0Je\u015bli sam nie posiadasz wiedzy pozwalaj\u0105cej na zaplanowanie i wdro\u017cenie ich na stron\u0119, skorzystaj z pomocy specjalist\u00f3w, \u015bwiadcz\u0105cych kompleksowe <a href=\"https:\/\/samoseo.pl\/uslugi\/\">us\u0142ugi SEO<\/a>.<\/p>\n    <div class=\"blog__conversion blog__conversion-app element__logged_out\">\n        <div class=\"blog__conversion-inner\">\n            <p class=\"title\">Dowiedz si\u0119, jak Google widzi Twoj\u0105 witryn\u0119<\/p>\n            <p class=\"description\">Uruchom audyt i wykryj, kt\u00f3re strony witryny s\u0105 zamkni\u0119te podczas skanowania, a kt\u00f3re problemy techniczne mog\u0105 uniemo\u017cliwi\u0107 uzyskanie dost\u0119pu do SERP<\/p>\n            <form id=\"audit__form\"\n                  class=\"article__seo-search audit__form Uruchom audyt i wykryj, kt\u00f3re strony witryny s\u0105 zamkni\u0119te podczas skanowania, a kt\u00f3re problemy techniczne mog\u0105 uniemo\u017cliwi\u0107 uzyskanie dost\u0119pu do SERP\"\n                  action=\"\"\n                  method=\"POST\"\n                  autocomplete=\"off\">\n                <span class=\"error\"><\/span>\n                <div class=\"error__limits\">Something went wrong. Please, try again later.<\/div>\n                <input name=\"url\"\n                       type=\"text\"\n                       placeholder=\"Wprowad\u017a swoj\u0105 domen\u0119\">\n                                <button type=\"submit\"\n                        class=\"sitechecker__text\">\n                    <span>Uruchom audyt<\/span>\n                    <img src=\"\/wp-content\/themes\/sitechecker\/out\/img_design\/loading.svg\"\n                         width=\"31\"\n                         height=\"30\"\n                         class=\"loading\">\n                <\/button>\n            <\/form>\n        <\/div>\n    <\/div>\n    \n<h2 id=\"google\"><strong>Google<\/strong><\/h2>\n<p>Wed\u0142ug <a href=\"http:\/\/gs.statcounter.com\/search-engine-market-share\">danych Statcounter<\/a> za maj 2019 r. Google zajmuje 92,04% rynku wyszukiwarek. Dane te nie obejmuj\u0105 sieci spo\u0142eczno\u015bciowych (Facebook, YouTube, Twitter itp.).<\/p>\n<div class=\"content__img-wrap\"><img src=\"https:\/\/sitechecker.pro\/wp-content\/uploads\/2018\/02\/search-engine-stats.png\" alt=\"search engine stats\" class=\"description-img description-img-zoom\" loading=\"lazy\" ><\/div>\n<p>Google stara si\u0119 udzieli\u0107 najlepszej odpowiedzi na \u017c\u0105danie u\u017cytkownika. W tym celu odbywa si\u0119 regularna ewolucja jego algorytm\u00f3w. Ale ten proces doprowadzi\u0142 Google do ciekawego wyniku.<\/p>\n<p>Cz\u0119sto czynniki zwi\u0105zane z\u00a0<a href=\"https:\/\/sitechecker.pro\/pl\/domain-authority\/\"><span data-sheets-value=\"{&quot;1&quot;:2,&quot;2&quot;:&quot;domain authority&quot;}\" data-sheets-userformat=\"{&quot;2&quot;:1063425,&quot;3&quot;:{&quot;1&quot;:0},&quot;12&quot;:0,&quot;14&quot;:[null,2,0],&quot;15&quot;:&quot;Arial&quot;,&quot;16&quot;:11,&quot;23&quot;:2}\">domain authority<\/span><\/a>, zaufaniem witryny, liczb\u0105 link\u00f3w zwrotnych s\u0105 wa\u017cniejsze ni\u017c warto\u015b\u0107 informacji dla u\u017cytkownika. W rezultacie witryny, kt\u00f3re lepiej odpowiadaj\u0105 na \u017c\u0105danie u\u017cytkownika, ale nie maj\u0105 \u201eautorytetu\u201d w oczach wyszukiwarki, pozostaj\u0105 poza zasi\u0119giem uwagi u\u017cytkownika. Co zaskakuj\u0105ce, jedna z najbardziej innowacyjnych firm na \u015bwiecie czyni algorytmy bardziej konserwatywnymi. Zaawansowani u\u017cytkownicy (zar\u00f3wno czytelnicy, jak i autorzy tre\u015bci) zauwa\u017caj\u0105 to i s\u0105 coraz bardziej zirytowani monopolem Google na wyszukiwarki.<\/p>\n<p>Ponadto wiele os\u00f3b wie, \u017ce Google szczeg\u00f3\u0142owo \u015bledzi ka\u017cdy krok u\u017cytkownika. Opr\u00f3cz zrozumienia, jak ulepszy\u0107 swoje produkty, Google umo\u017cliwia tak\u017ce tworzenie lepszych warunk\u00f3w kierowania w systemie reklamowym Google Ads. Niekt\u00f3rzy z nas nie zwracaj\u0105 na to uwagi. Ro\u015bnie jednak liczba u\u017cytkownik\u00f3w, kt\u00f3rzy chc\u0105 korzysta\u0107 z wyszukiwarek bez reklam lub szuka\u0107 informacji o innych algorytmach. Na szcz\u0119\u015bcie istnieje wiele alternatyw dla Google. Ka\u017cdy z nich ma pewne zalety i okre\u015blone obszary zastosowania.<\/p>\n<p>Wa\u017cne jest, aby wyja\u015bni\u0107, \u017ce ten artyku\u0142 nie zosta\u0142 stworzony w celu zani\u017cenia warto\u015bci Google w oczach aktywnych u\u017cytkownik\u00f3w ca\u0142ej sieci. Jego celem jest jedynie pokazanie du\u017cej liczby narz\u0119dzi i opcji wyszukiwania informacji, kt\u00f3re ju\u017c istniej\u0105. Google nie by\u0142 pionierem na rynku wyszukiwarek, ale on (a mianowicie Sergey Brin i Larry Page) <a href=\"http:\/\/infolab.stanford.edu\/~backrub\/google.html\">stworzy\u0142<\/a> najbardziej wyrafinowany algorytm rankingu witryn swoich czas\u00f3w. I przez ca\u0142\u0105 histori\u0119 rozwoju rynku wyszukiwarek definiowa\u0142 i definiuje regu\u0142y gry na tym rynku.<\/p>\n<h2 id=\"bing\"><strong>Bing<\/strong><\/h2>\n<div class=\"content__img-wrap\"><img src=\"https:\/\/sitechecker.pro\/wp-content\/uploads\/2019\/06\/bing-search-engine.png\" alt=\"bing search engine\" class=\"description-img description-img-zoom\" loading=\"lazy\" ><\/div>\n<p>Spo\u015br\u00f3d szerokiej gamy alternatywnych pomys\u0142\u00f3w Google, <a href=\"https:\/\/www.bing.com\/\">Bing<\/a> jest najbli\u017cszym, kt\u00f3ry osi\u0105gn\u0105\u0142 popularno\u015b\u0107 pana G. z 16% lojalnych u\u017cytkownik\u00f3w. Jest to jedyna wyszukiwarka Microsoft zaprojektowana specjalnie dla system\u00f3w Windows, z kt\u00f3rej mog\u0105 korzysta\u0107 wszyscy za po\u015brednictwem swoich domen publicznych. Ma kilka przyzwoitych funkcji wyszukiwania wideo, kt\u00f3re s\u0105 jeszcze lepsze ni\u017c Google. Istnieje wi\u0119cej opcji automatycznego wype\u0142niania, gdy u\u017cytkownik wpisuje \u017c\u0105dania. \u015aledzi wi\u0119cej po\u0142\u0105cze\u0144 mi\u0119dzy oddzielnymi stronami internetowymi. Dlatego znalezienie podobnych opcji nie b\u0119dzie problemem. Dodatkowo Bing zapewnia system wyszukiwania Yahoo z serwerami obliczeniowymi.<\/p>\n<h2 id=\"yandex\"><strong>Yandex<\/strong><\/h2>\n<p><div class=\"content__img-wrap\"><img src=\"https:\/\/sitechecker.pro\/wp-content\/uploads\/2018\/02\/yandex-search-engine.png\" alt=\"yandex search engine\" class=\"description-img description-img-zoom\" loading=\"lazy\" ><\/div><br \/>\nU\u017cytkownicy zwykle nazywaj\u0105 <a href=\"https:\/\/yandex.com\/\">Yandex<\/a> rosyjskim odpowiednikiem Google, poniewa\u017c istnieje podobny interfejs, a nawet dodatkowe us\u0142ugi. Ta us\u0142uga znana jest z dobrze zaprojektowanego algorytmu logicznego, kt\u00f3ry dystrybuuje wyniki z kilkoma dodatkowymi funkcjami.<\/p>\n<h2 id=\"duckduckgo\"><strong>DuckDuckGo<\/strong><\/h2>\n<p><div class=\"content__img-wrap\"><img src=\"https:\/\/sitechecker.pro\/wp-content\/uploads\/2018\/02\/duckduckgo-search-engine.png\" alt=\"duckduckgo search engine\" class=\"description-img description-img-zoom\" loading=\"lazy\" ><\/div><br \/>\n<a href=\"https:\/\/duckduckgo.com\/\">DuckDuckGo<\/a> to kolejny popularny wariant wyszukiwania, kt\u00f3ry jest wst\u0119pnie zainstalowany w niekt\u00f3rych popularnych przegl\u0105darkach, takich jak Firefox. Jest to bardzo przydatna opcja dla tych, kt\u00f3rzy nie chc\u0105, aby ich dane by\u0142y \u015bledzone. Zwykle jest por\u00f3wnywany do Google, kt\u00f3ry jest podobny do Big Brother, kt\u00f3ry stale obserwuje ka\u017cdy krok i wprowadzanie danych.<\/p>\n<h2 id=\"boardreader\"><strong>Boardreader<\/strong><\/h2>\n<p><div class=\"content__img-wrap\"><img src=\"https:\/\/sitechecker.pro\/wp-content\/uploads\/2018\/02\/boardreader-search-engine.png\" alt=\"boardreader search engine\" class=\"description-img description-img-zoom\" loading=\"lazy\" ><\/div><br \/>\nOsoby zainteresowane nietypowymi systemami wyszukiwania polubi\u0105 <a href=\"http:\/\/boardreader.com\/\">Boardreader<\/a>. Zosta\u0142 zaprojektowany jako prosta tablica og\u0142osze\u0144 i przegl\u0105da wyniki wy\u0142\u0105cznie na forach z ca\u0142ego \u015bwiata, gdzie prawdziwi ludzie dziel\u0105 si\u0119 swoimi do\u015bwiadczeniami na okre\u015blony temat.<\/p>\n<h2 id=\"dogpile\"><strong>Dogpile<\/strong><\/h2>\n<p><div class=\"content__img-wrap\"><img src=\"https:\/\/sitechecker.pro\/wp-content\/uploads\/2018\/02\/dogpile-search-engine.png\" alt=\"dogpile search engine\" class=\"description-img description-img-zoom\" loading=\"lazy\" ><\/div><br \/>\n<a href=\"http:\/\/www.dogpile.com\/\">Dogpile<\/a> to prawdziwy program do \u0142\u0105czenia danych, kt\u00f3ry skanuje wyniki wyszukiwania z trzech najpopularniejszych system\u00f3w wyszukiwania: Google, Yandex i Yahoo i wybiera najlepsze wyniki z ka\u017cdego z nich. Prostota interfejsu pozwala skoncentrowa\u0107 si\u0119 na wyszukiwaniu, a wszystkie reklamy zostan\u0105 wyeliminowane dzi\u0119ki tej prostej, ale pot\u0119\u017cnej us\u0142udze.<\/p>\n<h2 id=\"ccs\"><strong>Creative Commons Search<\/strong><\/h2>\n<p><div class=\"content__img-wrap\"><img src=\"https:\/\/sitechecker.pro\/wp-content\/uploads\/2018\/02\/creative-commons-search-engine.png\" alt=\"creative commons search engine\" class=\"description-img description-img-zoom\" loading=\"lazy\" ><\/div><br \/>\n<a href=\"https:\/\/search.creativecommons.org\/\">Creative Commons Search<\/a> lub CC Search w skr\u00f3cie to niesamowita anonimowa wyszukiwarka, je\u015bli chodzi o pozyskiwanie wyj\u0105tkowych materia\u0142\u00f3w chronionych prawem autorskim, kt\u00f3re mo\u017cna przechowywa\u0107 na u\u017cytek w\u0142asny. Pytaj\u0105cy mo\u017ce wybra\u0107 materia\u0142 wed\u0142ug rodzaju tematu i kategoryzowa\u0107 go w najbardziej wygodny spos\u00f3b. Je\u015bli planujesz stworzy\u0107 osobist\u0105 stron\u0119 internetow\u0105, b\u0119dzie to doskona\u0142e miejsce do gromadzenia materia\u0142\u00f3w projektant\u00f3w.<\/p>\n<h2 id=\"giphy\"><strong>Giphy<\/strong><\/h2>\n<p><div class=\"content__img-wrap\"><img src=\"https:\/\/sitechecker.pro\/wp-content\/uploads\/2019\/06\/giphy-search-engines-min.png\" alt=\"giphy search engines-min\" class=\"description-img description-img-zoom\" loading=\"lazy\" ><\/div><br \/>\nDla os\u00f3b, kt\u00f3re pasjonuj\u0105 si\u0119 sztuk\u0105 GIF, <a href=\"https:\/\/giphy.com\/\">Giphy<\/a> jest idealn\u0105 wyszukiwark\u0105. Zosta\u0142 specjalnie zaprojektowany do wyszukiwania miniaturowych film\u00f3w ze zdj\u0119ciami. Pozytywne emocje mo\u017cna uzyska\u0107 po spojrzeniu na \u015bmieszne koci\u0119ta lub zabawne sytuacje w nieko\u0144cz\u0105cej si\u0119 p\u0119tli. Ta nieocenzurowana wyszukiwarka doda kilka \u015bwietnych chwil do \u017cycia u\u017cytkownika.<\/p>\n<h2 id=\"quora\"><strong>Quora<\/strong><\/h2>\n<p><div class=\"content__img-wrap\"><img src=\"https:\/\/sitechecker.pro\/wp-content\/uploads\/2018\/02\/quora-search-engine.png\" alt=\"quora search engine\" class=\"description-img description-img-zoom\" loading=\"lazy\" ><\/div><br \/>\n<a href=\"https:\/\/www.quora.com\/\">Quora<\/a> bardziej przypomina portal informacyjny ni\u017c wyszukiwark\u0119. Tutaj mo\u017cna komunikowa\u0107 si\u0119 z lud\u017ami na r\u00f3\u017cne tematy i uzyskiwa\u0107 odpowiedzi od ludzi z ca\u0142ego \u015bwiata dotycz\u0105ce niekt\u00f3rych wa\u017cnych pyta\u0144. Co wi\u0119cej, istnieje specjalna kategoria pyta\u0144 tematycznych, kt\u00f3re zosta\u0142y zadane wcze\u015bniej, i mo\u017cna znale\u017a\u0107 co\u015b podobnego na rozproszonych stronach.<\/p>\n<h2 id=\"vimeo\"><strong>Vimeo<\/strong><\/h2>\n<p><div class=\"content__img-wrap\"><img src=\"https:\/\/sitechecker.pro\/wp-content\/uploads\/2019\/06\/vimeo-search-engine-min.png\" alt=\"vimeo search engine\" class=\"description-img description-img-zoom\" loading=\"lazy\" ><\/div><br \/>\nYouTube to dzia\u0142 Google wype\u0142niony mn\u00f3stwem reklam. <a href=\"https:\/\/vimeo.com\/\">Vimeo<\/a> to popularna alternatywa, kt\u00f3ra jest niezwykle wygodna w u\u017cyciu i oparta na prostym systemie udost\u0119pniania wideo. Najlepsz\u0105 rzecz\u0105 jest ca\u0142kowity brak reklam i ogromny wyb\u00f3r film\u00f3w HD.<\/p>\n<h2 id=\"wolframalpha\"><strong>WolframAlpha<\/strong><\/h2>\n<p><div class=\"content__img-wrap\"><img src=\"https:\/\/sitechecker.pro\/wp-content\/uploads\/2018\/02\/wolframalpha-search-engine.png\" alt=\"wolframalpha search engine\" class=\"description-img description-img-zoom\" loading=\"lazy\" ><\/div><br \/>\nFaceci, kt\u00f3rzy pasjonuj\u0105 si\u0119 systemami komputerowymi, znajd\u0105 si\u0119 jak w domu dzi\u0119ki <a href=\"https:\/\/www.wolframalpha.com\/\">WolframAlpha<\/a>. Jest to specjalna us\u0142uga, kt\u00f3ra jest jak gigantyczna baza wiedzy komputerowej, kt\u00f3ra doradzi rozwi\u0105zanie ka\u017cdego pytania zwi\u0105zanego ze \u015bwiatem cyfrowym.<\/p>\n<h2 id=\"startpage\"><strong>StartPage<\/strong><\/h2>\n<p><div class=\"content__img-wrap\"><img src=\"https:\/\/sitechecker.pro\/wp-content\/uploads\/2018\/02\/startpage-search-engine.png\" alt=\"startpage search engine\" class=\"description-img description-img-zoom\" loading=\"lazy\" ><\/div><br \/>\nLudziom, kt\u00f3rzy szalej\u0105 na punkcie swojej prywatno\u015bci i nie lubi\u0105 tajnych zasad Google dotycz\u0105cych przesy\u0142ania danych do cel\u00f3w komercyjnych, spodoba si\u0119 ta anonimowa us\u0142uga. <a href=\"https:\/\/www.startpage.com\/\">StartPage<\/a> pozwala nie tylko przeprowadzi\u0107 ca\u0142kowicie bezpieczne wyszukiwanie, ale tak\u017ce ukryje dane maszyny, takie jak <a href=\"https:\/\/sitechecker.pro\/pl\/ip-checker\/\">adres IP<\/a> i adresy MAC. Umo\u017cliwi to wej\u015bcie na dowolny typ witryny za po\u015brednictwem specjalnego serwera proxy i nie pozostawi \u017cadnych pozosta\u0142o\u015bci obecno\u015bci u\u017cytkownika na stronie.<\/p>\n<h2 id=\"askcom\"><strong>Ask.com<\/strong><\/h2>\n<p><div class=\"content__img-wrap\"><img src=\"https:\/\/sitechecker.pro\/wp-content\/uploads\/2018\/02\/ask-search-engine.png\" alt=\"ask search engine\" class=\"description-img description-img-zoom\" loading=\"lazy\" ><\/div><br \/>\n<a href=\"https:\/\/www.ask.com\/\">Ask.com<\/a> to kolejna uniwersalna wyszukiwarka. Ta us\u0142uga \u0142\u0105czy wszystkie popularne systemy wyszukiwania i generuje je na specjalnej stronie tematycznej, na kt\u00f3rej u\u017cytkownicy mog\u0105 dodawa\u0107 do zak\u0142adek najciekawsze wyniki wyszukiwania. Ponadto mo\u017cesz poprosi\u0107 ludzi o dodatkowe porady.<\/p>\n<h2 id=\"slideshare\"><strong>SlideShare<\/strong><\/h2>\n<div class=\"content__img-wrap\"><img src=\"https:\/\/sitechecker.pro\/wp-content\/uploads\/2019\/06\/slideshare-search-engine-min.png\" alt=\"slideshare search engine\" class=\"description-img description-img-zoom\" loading=\"lazy\" ><\/div>\n<p>Potrzebujesz prezentacji lub materia\u0142u do jej stworzenia? <a href=\"https:\/\/www.slideshare.net\/\">SlideShare<\/a> b\u0119dzie doskona\u0142ym \u017ar\u00f3d\u0142em do znalezienia przydatnego materia\u0142u. Ma nieograniczon\u0105 baz\u0119 pokaz\u00f3w slajd\u00f3w, kt\u00f3re s\u0105 dost\u0119pne dla wszystkich zarejestrowanych u\u017cytkownik\u00f3w i jest regularnie aktualizowana.<\/p>\n<p>Mamy wielk\u0105 nadziej\u0119, \u017ce po przeczytaniu tej listy wyszukiwarek ludzie odkryj\u0105 nowe, zasadniczo nowe sposoby znalezienia niezb\u0119dnych informacji, w tym opcji wideo, audio i tekstu. Zawsze trzeba si\u0119 czego\u015b nauczy\u0107, pojawi\u0105 si\u0119 nowe opcje i warto je przetestowa\u0107, a by\u0107 mo\u017ce b\u0119d\u0105 jakie\u015b fajne warianty dla przysz\u0142ych wyszukiwa\u0144.<\/p>","protected":false},"excerpt":{"rendered":"Co to jest wyszukiwarka Wyszukiwarka to specjalny system komputerowy zaprojektowany do wyszukiwania niezb\u0119dnych informacji na podstawie zapyta\u0144 u\u017cytkownik\u00f3w. Kluczowym parametrem wyszukiwarek jest zapytanie wyszukiwania. Jest to zgodne z zapytaniami wyszukiwarek na \u015bwiecie, dostarczaj\u0105c u\u017cytkownikom niezb\u0119dnych informacji poprzez generowanie wynik\u00f3w wyszukiwania. Aby dok\u0142adnie odpowiedzie\u0107 na jak najwi\u0119cej \u017c\u0105da\u0144 u\u017cytkownik\u00f3w, boty wyszukiwania (na przyk\u0142ad \u201eGooglebot\u201d) wykonuj\u0105 3&#8230;","protected":false},"author":11474150,"featured_media":3438,"parent":0,"menu_order":0,"comment_status":"closed","ping_status":"closed","template":"pages-templates\/pages-v2.php","meta":[],"categories":[31],"tags":[],"_links":{"self":[{"href":"https:\/\/sitechecker.pro\/pl\/wp-json\/wp\/v2\/pages\/1396"}],"collection":[{"href":"https:\/\/sitechecker.pro\/pl\/wp-json\/wp\/v2\/pages"}],"about":[{"href":"https:\/\/sitechecker.pro\/pl\/wp-json\/wp\/v2\/types\/page"}],"author":[{"embeddable":true,"href":"https:\/\/sitechecker.pro\/pl\/wp-json\/wp\/v2\/users\/11474150"}],"replies":[{"embeddable":true,"href":"https:\/\/sitechecker.pro\/pl\/wp-json\/wp\/v2\/comments?post=1396"}],"version-history":[{"count":20,"href":"https:\/\/sitechecker.pro\/pl\/wp-json\/wp\/v2\/pages\/1396\/revisions"}],"predecessor-version":[{"id":33792,"href":"https:\/\/sitechecker.pro\/pl\/wp-json\/wp\/v2\/pages\/1396\/revisions\/33792"}],"wp:featuredmedia":[{"embeddable":true,"href":"https:\/\/sitechecker.pro\/pl\/wp-json\/wp\/v2\/media\/3438"}],"wp:attachment":[{"href":"https:\/\/sitechecker.pro\/pl\/wp-json\/wp\/v2\/media?parent=1396"}],"wp:term":[{"taxonomy":"category","embeddable":true,"href":"https:\/\/sitechecker.pro\/pl\/wp-json\/wp\/v2\/categories?post=1396"},{"taxonomy":"post_tag","embeddable":true,"href":"https:\/\/sitechecker.pro\/pl\/wp-json\/wp\/v2\/tags?post=1396"}],"curies":[{"name":"wp","href":"https:\/\/api.w.org\/{rel}","templated":true}]}}