{"id":1148,"date":"2018-01-10T09:47:14","date_gmt":"2018-01-10T09:47:14","guid":{"rendered":"https:\/\/sitechecker.pro\/?page_id=1148"},"modified":"2025-02-04T19:05:57","modified_gmt":"2025-02-04T19:05:57","slug":"mobile-friendly-test","status":"publish","type":"page","link":"https:\/\/sitechecker.pro\/pl\/mobile-friendly-test\/","title":{"rendered":"Jak zrobi\u0107 Stron\u0119 Internetow\u0105 Mobile Friendly: Kompleksowy przewodnik"},"content":{"rendered":"<p><strong>Optymalizacja wydajno\u015bci witryny<\/strong> ma kluczowe znaczenie i obejmuje optymalizacj\u0119 wydajno\u015bci witryny na dowolnym urz\u0105dzeniu mobilnym. Nowoczesne podej\u015bcia do SEO i projektowania stron internetowych koncentruj\u0105 si\u0119 na telefonach kom\u00f3rkowych i tabletach, poniewa\u017c ruch mobilny jest teraz dominuj\u0105cy. <strong>Przyjazno\u015b\u0107 mobilnych wersji witryn internetowych<\/strong> zapewnia wysok\u0105 pozycj\u0119 w rankingu wyszukiwarek i lepszy wsp\u00f3\u0142czynnik konwersji.<\/p>\n<p>Test optymalizacji mobilnej to jedno z narz\u0119dzi, kt\u00f3re pomaga sprawdzi\u0107, jak przyjazna jest Twoja witryna na r\u00f3\u017cnych urz\u0105dzeniach. Ale co to znaczy by\u0107 <strong>witryn\u0105 dostosowan\u0105 do kom\u00f3rek<\/strong>? Przejd\u017amy do sedna tego pytania i przeanalizujmy krok po kroku przyjazno\u015b\u0107 dla urz\u0105dze\u0144 mobilnych.<\/p>\n<p><strong> Wersja mobilna<\/strong> witryny jest duplikatem witryny g\u0142\u00f3wnej. Wersja mobilna wykorzystuje specjalny uk\u0142ad. Umo\u017cliwia wygodne przegl\u0105danie i poruszanie si\u0119 po stronach zasob\u00f3w z telefon\u00f3w kom\u00f3rkowych i tablet\u00f3w.<\/p>\n<p><strong>Test optymalizacji mobilnej<\/strong> to specjalne narz\u0119dzie, kt\u00f3re pomaga sprawdzi\u0107, jaki wynik ma Twoja witryna na podstawie <strong>parametr\u00f3w obliczania wyszukiwania Google<\/strong>. Jest to zestaw czynnik\u00f3w dostarczanych przez Google, kt\u00f3re pomagaj\u0105 okre\u015bli\u0107, jak wygodna dla u\u017cytkownik\u00f3w jest wersja mobilna Twojej witryny.<\/p>\n<h2 id=\"how_to\">Korzystanie z narz\u0119dzia do testowania przyjaznego dla urz\u0105dze\u0144 mobilnych: przewodnik krok po kroku<\/h2>\n<p>U\u017cyj narz\u0119dzia do testowania optymalizacji mobilnej, aby dowiedzie\u0107 si\u0119, <strong>jak Twoja witryna jest przyjazna<\/strong> dla kom\u00f3rek i jak wygl\u0105da na r\u00f3\u017cnych urz\u0105dzeniach.<\/p>\n<h3>Krok 1: Wstaw sw\u00f3j adres URL<\/h3>\n<p>Wprowad\u017a adres URL witryny, kt\u00f3r\u0105 chcesz przetestowa\u0107, w polu wyszukiwania narz\u0119dzia do testowania optymalizacji mobilnej. Naci\u015bnij Enter, aby zobaczy\u0107 wyniki.<\/p>\n<div class=\"content__img-wrap\"><img src=\"https:\/\/sitechecker.pro\/wp-content\/uploads\/2022\/01\/mobile_friendly_test_url.png\" alt=\"wprowad\u017a adres URL witryny, aby sprawdzi\u0107 u\u017cyteczno\u015b\u0107 Twojej witryny na r\u00f3\u017cnych urz\u0105dzeniach\" class=\"description-img description-img-zoom\" loading=\"lazy\" ><\/div>\n<h3>Krok 2: Interpretacja wynik\u00f3w narz\u0119dzia sprawdzania optymalizacji mobilnej<\/h3>\n<p>Zaraz po zako\u0144czeniu analizy wyniki s\u0105 wy\u015bwietlane bezpo\u015brednio na stronie narz\u0119dzia do testowania optymalizacji mobilnej.<\/p>\n<div class=\"content__img-wrap\"><img src=\"https:\/\/sitechecker.pro\/wp-content\/uploads\/2022\/01\/mobile_friendly_test_result.png\" alt=\"po zako\u0144czeniu analizy otrzymasz wyniki z rozszerzenia Mobile PageSpeed Insights\" class=\"description-img description-img-zoom\" loading=\"lazy\" ><\/div>\n<p>Narz\u0119dzie do testowania optymalizacji mobilnej poka\u017ce Ci podgl\u0105d Twojej witryny na urz\u0105dzeniach mobilnych. Ponadto b\u0119dzie zbiera\u0107 <strong>informacje dotycz\u0105ce szybko\u015bci strony mobilnej<\/strong> na temat Twojej witryny. Mobile Page Speed Insights to oficjalne rozszerzenie Google. Analizuje strony internetowe i dostarcza wskaz\u00f3wek dotycz\u0105cych poprawy wydajno\u015bci. Wszystkie te wskaz\u00f3wki b\u0119d\u0105 r\u00f3wnie\u017c dost\u0119pne na stronie narz\u0119dzia do testowania optymalizacji mobilnej. Dzi\u0119ki temu nie ma potrzeby odwiedzania innych witryn ani korzystania z innych narz\u0119dzi, aby sprawdzi\u0107, jak przyjazna jest Twoja witryna.<\/p>\n<div class=\"content__img-wrap\"><img src=\"https:\/\/sitechecker.pro\/wp-content\/uploads\/2022\/01\/mobile_friendly_test_result_1.png\" alt=\"test przyjazny dla urz\u0105dze\u0144 mobilnych Google, aby sprawdzi\u0107 responsywne projektowanie stron internetowych\" class=\"description-img description-img-zoom\" loading=\"lazy\" ><\/div>\n<h2 id=\"who_need\">Przypadki Wymagany jest test optymalizacji mobilnej<\/h2>\n<p>Zasadniczo ka\u017cda witryna potrzebuje testu optymalizacji mobilnej. Chodzi o to, \u017ce <strong>u\u017cytkownicy maj\u0105 tendencj\u0119 do odwiedzania witryn z r\u00f3\u017cnych urz\u0105dze\u0144 mobilnych<\/strong>; dlatego Twoja witryna musi by\u0107 \u0142atwo dost\u0119pna. Poza tym <strong>Google SERP<\/strong> analizuje r\u00f3wnie\u017c informacje o wersjach witryn mobilnych. U\u017cyj Testu optymalizacji mobilnej, je\u015bli chcesz:<\/p>\n<ul>\n<li><strong>Zdob\u0105d\u017a wi\u0119kszy ruch<\/strong>, pojawiaj\u0105c si\u0119 na wy\u017cszych pozycjach w wyszukiwarkach<\/li>\n<li><strong>Odpowiadaj na wymagania Google<\/strong> i ulepszaj SEP<\/li>\n<li><strong>Zwi\u0119ksz \u015bredni czas<\/strong> w witrynie na r\u00f3\u017cnych urz\u0105dzeniach.<\/li>\n<\/ul>\n<p>Sprawd\u017a, co Google m\u00f3wi o wersji dostosowanej do urz\u0105dze\u0144 mobilnych &amp; indeksowanie zoptymalizowane pod k\u0105tem urz\u0105dze\u0144 mobilnych.<\/p>\n<p><iframe width=\"770\" height=\"350\" src=\"https:\/\/www.youtube.com\/embed\/TTUzxHdx2jY\" title=\"odtwarzacz wideo YouTube\" frameborder=\"0\" allow=\"akcelerometr; autoodtwarzanie; schowek- zapis; szyfrowane media; \u017cyroskop; obraz w obrazie\" allowfullscreen><\/iframe><\/p>\n<h2 id=\"tips\">Wskaz\u00f3wki, jak dostosowa\u0107 witryn\u0119 do kom\u00f3rek<\/h2>\n<p>Mobile-Friendly Tool poka\u017ce problemy w Twojej witrynie, a tak\u017ce zalecenia, jak je naprawi\u0107. Dodatkowo mo\u017cesz post\u0119powa\u0107 zgodnie z tymi zaleceniami. Z ich pomoc\u0105 mo\u017cesz \u0142atwo zdoby\u0107 lepsz\u0105 rang\u0119.<\/p>\n<h3>Wskaz\u00f3wka 1: nie tw\u00f3rz jeszcze jednej oddzielnej witryny dostosowanej do kom\u00f3rek<\/h3>\n<p>Niekt\u00f3rzy programi\u015bci wpadli na pomys\u0142 stworzenia <strong>oddzielnej witryny dla wersji mobilnej<\/strong>. Oznacza to, \u017ce musisz wyci\u0105\u0107 tre\u015bci zawieraj\u0105ce wa\u017cne informacje, takie jak zdj\u0119cia, filmy itp., w witrynie mobilnej.<\/p>\n<p>Co wi\u0119cej, tworz\u0105c dwie strony internetowe o tej samej tre\u015bci, otrzymasz dwa osobne linki w wyszukiwarkach. W zwi\u0105zku z tym spowoduje to problemy z pr\u00f3b\u0105 wy\u015bwietlenia tre\u015bci.<\/p>\n<p>Uwaga: ale je\u015bli zdecydowa\u0142e\u015b si\u0119 na oddzielne wersje swojej witryny, nie zapomnij umie\u015bci\u0107 <strong>rel=\u201dalternate\u201d mobile atribute<\/strong>. Jest to wa\u017cny krok, aby zapobiec powielaniu problem\u00f3w zwi\u0105zanych z kar\u0105 za tre\u015b\u0107 w Twojej witrynie. Nie zapomnij o swojej witrynie, aby sprawdzi\u0107, czy nie ma duplikat\u00f3w. Zastan\u00f3wmy si\u0119 wi\u0119c, jak dzia\u0142a atrybut \u201erel=mobile\u201d.<\/p>\n<p>Dodaj <strong>specjalny tag z linkiem atrybutu rel=\u201dalternate\u201d <\/strong>na ka\u017cdej stronie wersji na komputery. Musi prowadzi\u0107 do odpowiedniej strony wersji mobilnej. Pomo\u017ce to GoogleBotowi znale\u017a\u0107 zawarto\u015b\u0107 zoptymalizowan\u0105 pod k\u0105tem urz\u0105dze\u0144 przeno\u015bnych. Musimy wskaza\u0107 botom wyszukiwania, \u017ce istnieje inna wersja strony internetowej.<\/p>\n<p>Tw\u00f3j fragment kodu b\u0119dzie sk\u0142ada\u0142 si\u0119 z:<\/p>\n<div class=\"code\"><code>link rel=\"alternate\" media=\"tylko ekran i (max-width: 640px)\" href=\"https:\/\/sitechecker.pro\/\"<\/code><\/div >\n<p>Po drugie, ka\u017cda strona internetowa w wersji mobilnej powinna zawiera\u0107 tag kanoniczny, kt\u00f3ry prowadzi do wersji tej samej strony, ale ze zwyk\u0142ym formatowaniem:<\/p>\n<div class=\"code\"><code>link rel=\"canonical\" href=\"https:\/\/sitechecker.pro\/\" <\/code><\/div>\n<h3>Wskaz\u00f3wka 2: U\u017cywaj tylko projektowania responsywnego<\/h3>\n<p>Projektowanie responsywne to najlepsze rozwi\u0105zanie dla podej\u015bcia \u201eu\u017cytkownika jako przyjaciela\u201d w projektowaniu stron internetowych. Czemu? Poniewa\u017c pozwala programistom na <strong>widoczno\u015b\u0107 witryny na r\u00f3\u017cnych urz\u0105dzeniach i rozmiarach ekranu.<\/strong><\/p>\n<p><strong>Elastyczny projekt <\/strong>pomaga uelastyczni\u0107 obrazy i uk\u0142ady. Utrzymuje r\u00f3wnie\u017c kaskadowe zapytania o media arkusza styl\u00f3w od samego pocz\u0105tku. Strona internetowa okre\u015bli rozmiar ekranu u\u017cytkownika i odpowiednio zmieni uk\u0142ad. Znacznie upro\u015bci to zadanie programistom podczas tworzenia witryny i poprawi u\u017cyteczno\u015b\u0107 witryny.<\/p>\n<h3>Wskaz\u00f3wka 3: Zawsze u\u017cywaj metatagu widocznego obszaru<\/h3>\n<p>&nbsp;<\/p>\n<p>Silnik renderuj\u0105cy w przegl\u0105darce okre\u015bla skal\u0119 rozmiaru witryny za pomoc\u0105 <strong>widoku<\/strong>. Dlatego tak wa\u017cne jest, aby kodowa\u0107 zasoby na wielu urz\u0105dzeniach. Je\u015bli nie u\u017cyjesz tagu meta viewport, Twoja witryna nie b\u0119dzie dzia\u0142a\u0107 poprawnie na urz\u0105dzeniach mobilnych. Dos\u0142ownie m\u00f3wi przegl\u0105darce, jak strona powinna pasowa\u0107 do ekranu. Je\u015bli wi\u0119c strona nie ma tagu rzutni, konieczne jest naprawienie problemu.<\/p>\n<p>Co wi\u0119cej, mog\u0105 wyst\u0105pi\u0107 inne problemy z tagiem, w tym nieprawid\u0142owa skala pocz\u0105tkowa tagu lub znalezienie wielu meta tag\u00f3w okna roboczego w g\u0142owie.<\/p>\n<h3>Wskaz\u00f3wka 4: Rozmiary przycisk\u00f3w i wa\u017cno\u015b\u0107 rozmiar\u00f3w czcionek<\/h3>\n<p><strong>Rozmiary przycisk\u00f3w<\/strong>, poniewa\u017c rozmiary czcionek s\u0105 bardzo wa\u017cne w przypadku urz\u0105dze\u0144 mobilnych. Czemu? Dzi\u0119ki ma\u0142ym przyciskom witryny u\u017cytkownicy mog\u0105 je przegapi\u0107 lub przypadkowo trafi\u0107 w niew\u0142a\u015bciw\u0105 stron\u0119. Zawsze denerwuje, gdy palce dos\u0142ownie nie mog\u0105 trafi\u0107 we w\u0142a\u015bciwy przycisk ze wzgl\u0119du na jego rozmiar. Apple zaleca korzystanie z przycisk\u00f3w o rozmiarze 44 na 44 piksele lub wi\u0119cej.<\/p>\n<p>Twoja witryna przyjazna dla urz\u0105dze\u0144 mobilnych powinna mie\u0107 czcionk\u0119 o rozmiarze co najmniej 14 pikseli; nie jest tak du\u017cy! U\u017cywaj\u0105c rozmiaru 14px, masz pewno\u015b\u0107, \u017ce u\u017cytkownicy nie b\u0119d\u0105 musieli u\u017cywa\u0107 powi\u0119kszenia, aby przeczyta\u0107 zawarto\u015b\u0107 Twojej witryny. Mo\u017cesz u\u017cy\u0107 rozmiaru 12px tylko dla etykiet i formularzy. Wa\u017cne jest, aby rozwi\u0105za\u0107 problem, je\u015bli rozmiar czcionki jest zbyt ma\u0142y dla urz\u0105dze\u0144 mobilnych.<\/a><\/p>\n<h3>Wskaz\u00f3wka 5: Obrazy w wysokiej rozdzielczo\u015bci<\/h3>\n<p>Je\u015bli uwa\u017casz, \u017ce Twoja witryna ma wysoki standard, <strong>obrazy w wysokiej rozdzielczo\u015bci<\/strong> s\u0105 obowi\u0105zkowe. Najnowsze urz\u0105dzenia mobilne IOS, Android i Windows maj\u0105 ekrany o wysokiej rozdzielczo\u015bci. Dlatego, aby unikn\u0105\u0107 rozmazanych lub rozpikselowanych obraz\u00f3w, zalecamy u\u017cywanie obraz\u00f3w o bardzo wysokiej rozdzielczo\u015bci.<\/p>\n<h3>Wskaz\u00f3wka 6: nie u\u017cywaj domy\u015blnego powi\u0119kszenia<\/h3>\n<p>Zdecydowanie nie zalecamy u\u017cywania <strong>automatycznego powi\u0119kszania<\/strong> w przypadku witryny przyjaznej dla urz\u0105dze\u0144 mobilnych. Mo\u017ce zepsu\u0107 elementy uk\u0142adu, takie jak zawarto\u015b\u0107 nawigacji i obrazy. U\u017cycie metatagu automatycznie rozwi\u0105\u017ce problemy z powi\u0119kszeniem. Ale domy\u015blnie powi\u0119kszone obrazy mog\u0105 wydawa\u0107 si\u0119 zbyt du\u017ce lub zbyt ma\u0142e, co b\u0119dzie denerwowa\u0107 u\u017cytkownik\u00f3w z powodu konieczno\u015bci marnowania czasu na dostosowywanie.<\/p>\n<h3>Wskaz\u00f3wka 7: filmy z YouTube w witrynie mobilnej<\/h3>\n<p>Nie jest \u0142atwo<strong>u\u017cywa\u0107 film\u00f3w<\/strong> w mobilnej wersji witryny. Film na YouTube jest najlepsz\u0105 odpowiedzi\u0105 na ten problem. Filmy na YouTube zwalczaj\u0105 wszelkie trudno\u015bci podczas ogl\u0105dania film\u00f3w na urz\u0105dzeniach mobilnych \u2014 w rzeczywisto\u015bci YouTube ju\u017c wszystko dla Ciebie zrobi\u0142; wszystko, co musisz zrobi\u0107, to z niego skorzysta\u0107.<\/p>\n<h3>Wskaz\u00f3wka 8: Szerokie wra\u017cenia u\u017cytkownik\u00f3w mobilnych<\/h3>\n<p>Co to znaczy? Mo\u017cesz stworzy\u0107 idealn\u0105 witryn\u0119, ale zawsze powiniene\u015b <strong>zapewni\u0107 wyb\u00f3r swoim u\u017cytkownikom<\/strong>. \u201eWy\u015bwietl wersj\u0119 na komputer\u201d lub \u201eprzejd\u017a do pe\u0142nej witryny\u201d to niezb\u0119dny przycisk, poniewa\u017c wci\u0105\u017c s\u0105 u\u017cytkownicy, kt\u00f3rzy preferuj\u0105 pe\u0142ny interfejs witryny, wi\u0119c daj im tak\u0105 mo\u017cliwo\u015b\u0107.<\/p>\n<h3>Wskaz\u00f3wka 9: Zawsze testuj<\/h3>\n<p>Nigdy nie przestawaj testowa\u0107! Zwykle mo\u017cliwe jest wykonanie lepszej wersji. Zawsze powiniene\u015b my\u015ble\u0107 jak u\u017cytkownik i dowiedzie\u0107 si\u0119, co mo\u017cna dalej rozwija\u0107, zmienia\u0107, a nawet usuwa\u0107. Mo\u017cesz wypr\u00f3bowa\u0107 narz\u0119dzie Google do testowania przyjaznego dla urz\u0105dze\u0144 mobilnych i <strong>sprawdzi\u0107, czy Twoja witryna jest idealna do wyszukiwania w Google<\/strong>.<\/p>\n<ul>\n<li>Testuj r\u00f3\u017cne urz\u0105dzenia mobilne z r\u00f3\u017cnymi systemami operacyjnymi (Android, Windows i IOS)<\/li>\n<li>Przeprowadzaj testy na urz\u0105dzeniach o r\u00f3\u017cnych rozmiarach ekranu (tabletach, powierzchniach i innych)<\/li>\n<li>Przetestuj nie tylko stron\u0119 g\u0142\u00f3wn\u0105, ale wszystkie, wszystkie przyciski i dzia\u0142ania u\u017cytkownika<\/li>\n<li>Popro\u015b znajomych lub specjalist\u0119 o przetestowanie go za Ciebie, poniewa\u017c powinny mie\u0107 \u015bwie\u017cy wygl\u0105d.<\/li>\n<\/ul>\n<p>Te wskaz\u00f3wki powinny pom\u00f3c w dostosowaniu witryny do urz\u0105dze\u0144 mobilnych. Stw\u00f3rz maksymalny komfort dla u\u017cytkownik\u00f3w, aby zmieni\u0107 ich w sta\u0142ych odbiorc\u00f3w.<\/p>\n    <div class=\"blog__conversion blog__conversion-app element__logged_out\">\n        <div class=\"blog__conversion-inner\">\n            <p class=\"title\">Sprawdzenie zgodno\u015bci z urz\u0105dzeniami mobilnymi jest wa\u017cne, ale nie wystarczy, aby uzyska\u0107 wysok\u0105 pozycj\u0119!<\/p>\n            <p class=\"description\">Sprawd\u017a nie tylko ten problem, ale przeprowad\u017a pe\u0142ny audyt, aby znale\u017a\u0107 i naprawi\u0107 swoje techniczne SEO.<\/p>\n            <form id=\"audit__form\"\n                  class=\"article__seo-search audit__form Sprawd\u017a nie tylko ten problem, ale przeprowad\u017a pe\u0142ny audyt, aby znale\u017a\u0107 i naprawi\u0107 swoje techniczne SEO.\"\n                  action=\"\"\n                  method=\"POST\"\n                  autocomplete=\"off\">\n                <span class=\"error\"><\/span>\n                <div class=\"error__limits\">Something went wrong. Please, try again later.<\/div>\n                <input name=\"url\"\n                       type=\"text\"\n                       placeholder=\"Wprowad\u017a tutaj swoj\u0105 domen\u0119\">\n                                <button type=\"submit\"\n                        class=\"sitechecker__text\">\n                    <span>Uruchom audyt<\/span>\n                    <img src=\"\/wp-content\/themes\/sitechecker\/out\/img_design\/loading.svg\"\n                         width=\"31\"\n                         height=\"30\"\n                         class=\"loading\">\n                <\/button>\n            <\/form>\n        <\/div>\n    <\/div>\n    \n<p><div class=\"front__faq-block\"><div class=\"faq__block-title\">Najcz\u0119\u015bciej zadawane pytania<\/div><div class=\"panel-group\" id=\"faq-accordion\" itemscope itemtype=\"https:\/\/schema.org\/FAQPage\" role=\"tablist\" aria-multiselectable=\"true\"><div class=\"panel\" itemscope itemtype=\"https:\/\/schema.org\/Question\" itemprop=\"mainEntity\">\n                            <div class=\"panel-heading\" id=\"headingFaq-1\">\n                                <div class=\"panel-title\" data-toggle=\"collapse\" aria-expanded=\"false\" href=\"#collapseFaq-1\">\n                                    <h3 itemprop=\"name\">Jak mog\u0119 u\u017cy\u0107 testu przyjaznego dla urz\u0105dze\u0144 mobilnych?<\/h3>\n                                <\/div>\n                            <\/div>\n                            <div id=\"collapseFaq-1\" class=\"panel-collapse collapse\" itemprop=\"acceptedAnswer\" itemscope itemtype=\"http:\/\/schema.org\/Answer\">\n                                <div class=\"panel-body\" itemprop=\"text\">Mo\u017cesz u\u017cy\u0107 testu przyjaznego dla urz\u0105dze\u0144 mobilnych bezpo\u015brednio w przegl\u0105darce. Wprowad\u017a adres URL strony, kt\u00f3r\u0105 chcesz sprawdzi\u0107, naci\u015bnij Enter i uzyskaj wyniki.<\/div>\n                            <\/div>\n                        <\/div><div class=\"panel\" itemscope itemtype=\"https:\/\/schema.org\/Question\" itemprop=\"mainEntity\">\n                            <div class=\"panel-heading\" id=\"headingFaq-2\">\n                                <div class=\"panel-title\" data-toggle=\"collapse\" aria-expanded=\"false\" href=\"#collapseFaq-2\">\n                                    <h3 itemprop=\"name\">Co to znaczy przystosowany do urz\u0105dze\u0144 mobilnych?<\/h3>\n                                <\/div>\n                            <\/div>\n                            <div id=\"collapseFaq-2\" class=\"panel-collapse collapse\" itemprop=\"acceptedAnswer\" itemscope itemtype=\"http:\/\/schema.org\/Answer\">\n                                <div class=\"panel-body\" itemprop=\"text\">Oznacza to, \u017ce witryna wykazuje doskona\u0142\u0105 wydajno\u015b\u0107 na wszystkich urz\u0105dzeniach mobilnych, takich jak smartfony i tablety.<\/div>\n                            <\/div>\n                        <\/div><div class=\"panel\" itemscope itemtype=\"https:\/\/schema.org\/Question\" itemprop=\"mainEntity\">\n                            <div class=\"panel-heading\" id=\"headingFaq-3\">\n                                <div class=\"panel-title\" data-toggle=\"collapse\" aria-expanded=\"false\" href=\"#collapseFaq-3\">\n                                    <h3 itemprop=\"name\">Sk\u0105d moja witryna jest przyjazna dla urz\u0105dze\u0144 mobilnych?<\/h3>\n                                <\/div>\n                            <\/div>\n                            <div id=\"collapseFaq-3\" class=\"panel-collapse collapse\" itemprop=\"acceptedAnswer\" itemscope itemtype=\"http:\/\/schema.org\/Answer\">\n                                <div class=\"panel-body\" itemprop=\"text\">Aby Twoja witryna by\u0142a przyjazna dla urz\u0105dze\u0144 mobilnych, przeprowad\u017a test i sprawd\u017a wyniki. Mo\u017cesz skorzysta\u0107 z naszych wskaz\u00f3wek, aby poprawi\u0107 wska\u017aniki.<\/div>\n                            <\/div>\n                        <\/div><\/div><\/div><\/p>","protected":false},"excerpt":{"rendered":"Optymalizacja wydajno\u015bci witryny ma kluczowe znaczenie i obejmuje optymalizacj\u0119 wydajno\u015bci witryny na dowolnym urz\u0105dzeniu mobilnym. Nowoczesne podej\u015bcia do SEO i projektowania stron internetowych koncentruj\u0105 si\u0119 na telefonach kom\u00f3rkowych i tabletach, poniewa\u017c ruch mobilny jest teraz dominuj\u0105cy. Przyjazno\u015b\u0107 mobilnych wersji witryn internetowych zapewnia wysok\u0105 pozycj\u0119 w rankingu wyszukiwarek i lepszy wsp\u00f3\u0142czynnik konwersji. Test optymalizacji mobilnej to&#8230;","protected":false},"author":10409641,"featured_media":3433,"parent":0,"menu_order":0,"comment_status":"closed","ping_status":"closed","template":"pages-templates\/pages-minitools-3.php","meta":[],"categories":[74],"tags":[],"_links":{"self":[{"href":"https:\/\/sitechecker.pro\/pl\/wp-json\/wp\/v2\/pages\/1148"}],"collection":[{"href":"https:\/\/sitechecker.pro\/pl\/wp-json\/wp\/v2\/pages"}],"about":[{"href":"https:\/\/sitechecker.pro\/pl\/wp-json\/wp\/v2\/types\/page"}],"author":[{"embeddable":true,"href":"https:\/\/sitechecker.pro\/pl\/wp-json\/wp\/v2\/users\/10409641"}],"replies":[{"embeddable":true,"href":"https:\/\/sitechecker.pro\/pl\/wp-json\/wp\/v2\/comments?post=1148"}],"version-history":[{"count":62,"href":"https:\/\/sitechecker.pro\/pl\/wp-json\/wp\/v2\/pages\/1148\/revisions"}],"predecessor-version":[{"id":35299,"href":"https:\/\/sitechecker.pro\/pl\/wp-json\/wp\/v2\/pages\/1148\/revisions\/35299"}],"wp:featuredmedia":[{"embeddable":true,"href":"https:\/\/sitechecker.pro\/pl\/wp-json\/wp\/v2\/media\/3433"}],"wp:attachment":[{"href":"https:\/\/sitechecker.pro\/pl\/wp-json\/wp\/v2\/media?parent=1148"}],"wp:term":[{"taxonomy":"category","embeddable":true,"href":"https:\/\/sitechecker.pro\/pl\/wp-json\/wp\/v2\/categories?post=1148"},{"taxonomy":"post_tag","embeddable":true,"href":"https:\/\/sitechecker.pro\/pl\/wp-json\/wp\/v2\/tags?post=1148"}],"curies":[{"name":"wp","href":"https:\/\/api.w.org\/{rel}","templated":true}]}}