{"id":11266,"date":"2021-01-04T18:17:45","date_gmt":"2021-01-04T16:17:45","guid":{"rendered":"https:\/\/sitechecker.pro\/?page_id=11266"},"modified":"2024-10-03T13:51:23","modified_gmt":"2024-10-03T13:51:23","slug":"game-hosting","status":"publish","type":"page","link":"https:\/\/sitechecker.pro\/pl\/web-hosting\/game-hosting\/","title":{"rendered":"Najlepsze Us\u0142ugi Hostingu Serwer\u00f3w Gier | Sitechecker"},"content":{"rendered":"<p><span style=\"font-weight: 400;\">Czym jest dedykowany serwer w grach i dlaczego obecnie ma tak du\u017ce znaczenie? Hosting gier to po prostu VPS lub hosting dedykowany. Rozr\u00f3\u017cnia si\u0119 go ze wzgl\u0119du na specyficzny panel kontrolny (lub rozszerzenie standardowego systemu) i w pe\u0142ni konfigurowalne oprogramowanie serwera dla okre\u015blonej gry, bazuj\u0105ce na jej wymaganiach. Dedykowany hosting serwer\u00f3w gier sta\u0142 si\u0119 popularnych dzi\u0119ki wzrostowi popytu na rozrywk\u0119 przez u\u017cytkownik\u00f3w online. Ponadto, rozw\u00f3j gier wieloosobowych takich jak Minecraft, Counter Strike 1.6 czy CS:GO r\u00f3wnie\u017c sprawi\u0142o, \u017ce wzros\u0142o zapotrzebowanie na najlepszy hosting serwer\u00f3w gier spo\u015br\u00f3d wszystkich dost\u0119pnych na rynku.<\/span><\/p>\n<p><span style=\"font-weight: 400;\">Na tego rodzaju hosting na\u0142o\u017cony jest szereg wymaga\u0144, zar\u00f3wno wzgl\u0119dem komponent\u00f3w sprz\u0119towych, jak i programowych, dzi\u0119ki czemu dany projekt staje si\u0119 poszukiwany wy\u0142\u0105cznie w konkurencyjnym \u015brodowisku. Je\u015bli my\u015blisz o skorzystaniu z hostingu serwer\u00f3w gier, nasze recenzje pozwol\u0105 Ci zdecydowa\u0107 o tym, gdzie hostowa\u0107 swoj\u0105 ulubion\u0105 gr\u0119 na najlepszych serwerach hostingowych gier.<\/span><\/p>\n<h2><span style=\"font-weight: 400;\">5 Najlepszych Dostawc\u00f3w Hostingu Gier<\/span><\/h2>\n<ol>\n<li><a href=\"#ik_knownhost\">KnownHost<\/a> \u2013 Tani Hosting Serwer\u00f3w Gier (od 28$ do 158$)<\/li>\n<li><a href=\"#ik_gameservers\">GameServers<\/a> \u2013 Najlepszy Dedykowany Hosting Serwer\u00f3w Gier (od 69.99$ do 179.99$<\/li>\n<li><a href=\"#ik_servermania\">Servermania<\/a> \u2013 Niedrogi Hosting Serwer\u00f3w Gier (od 90$ do 980$)<\/li>\n<li><a href=\"#ik_a2hosting\">A2Hosting<\/a> \u2013 Najszybszy Hosting Serwer\u00f3w Gier (od 99.59$ do 141.09$)<\/li>\n<li><a href=\"#ik_inmotion\">InMotion<\/a> \u2013 Najlepsze Serwery do Hostingu Gier (od $99.99 do 139.99$)<\/li>\n<\/ol>\n<h2><b>Jak Wybra\u0107 Najlepszy Serwer na Hosting Gier?<\/b><\/h2>\n<p><span style=\"font-weight: 400;\">Aby zapewni\u0107 stabilne dzia\u0142anie serwera do gier, musisz wybra\u0107 zaufanego dostawc\u0119. Kryteria, kt\u00f3re nale\u017cy wzi\u0105\u0107 pod uwag\u0119, podczas wyboru tej us\u0142ugi s\u0105 podobne do tych, na kt\u00f3re nale\u017cy zwr\u00f3ci\u0107 uwag\u0119, wybieraj\u0105c serwery do innych rodzaj\u00f3w hostingu. Jest jednak kilka kluczowych funkcji, o kt\u00f3rych nale\u017cy pami\u0119ta\u0107. Upewnij si\u0119, \u017ce wzi\u0105\u0142e\u015b pod uwag\u0119 poni\u017csze czynniki:<\/span><\/p>\n<h3><span style=\"font-weight: 400;\">Czynnik 1 &#8211; Czas Pracy i Przepustowo\u015b\u0107<\/span><\/h3>\n<p><span style=\"font-weight: 400;\">Jedn\u0105 z najwa\u017cniejszych cech hostingu jest jego przepustowo\u015b\u0107 oraz czas pracy. Czas pracy okre\u015bla czas dzia\u0142ania od ostatniego w\u0142\u0105czenia. Im jest wy\u017cszy, tym bardziej niezawodny jest serwer. Przepustowo\u015b\u0107 to szybko\u015b\u0107, z jak\u0105 dane s\u0105 przesy\u0142ane przez sie\u0107 komputerow\u0105. Wyobra\u017a sobie, \u017ce autostrada ma dwa pasy. W takim przypadku mog\u0105 przez ni\u0105 przejecha\u0107 tylko dwa samochody. Im wi\u0119cej masz pas\u00f3w, tym wi\u0119cej samochod\u00f3w mo\u017ce porusza\u0107 si\u0119 po autostradzie. Oba parametry sprawiaj\u0105, \u017ce mo\u017cesz liczy\u0107 na to, \u017ce hosting b\u0119dzie dzia\u0142a\u0107 bez przerw przez d\u0142ugi czas. Dlatego umieszczaj swoj\u0105 gr\u0119 tylko na zaufanych platformach o wysokim czasie dzia\u0142ania i nieograniczonej przepustowo\u015bci.<\/span><\/p>\n<h3><span style=\"font-weight: 400;\">Czynnik 2 &#8211; Szybko\u015b\u0107 i Wydajno\u015b\u0107<\/span><\/h3>\n<p><span style=\"font-weight: 400;\">Bardzo wa\u017cne jest wzi\u0119cie pod uwag\u0119 szybko\u015b\u0107 po\u0142\u0105czenie z serwerem oraz to, jak szybko odpowiada on klientowi. Im wi\u0119ksza szybko\u015b\u0107, tym mniejsze op\u00f3\u017anienia. Dzi\u0119ki temu, gra nie b\u0119dzie zwalnia\u0107 i stworzy to r\u00f3wne szanse wszystkim graczom i ustanowi konkurencyjn\u0105 r\u00f3wnowag\u0119 w grze. Je\u015bli mowa o wydajno\u015bci, gry mocno obci\u0105\u017caj\u0105 procesor i pami\u0119\u0107 RAM serwera. Z tego powodu warto jest pomy\u015ble\u0107 o dost\u0119pnym sprz\u0119cie i konkretnych wymaganiach gry, kt\u00f3r\u0105 wybierasz.<\/span><\/p>\n<h3><span style=\"font-weight: 400;\">Czynnik 3 &#8211; Zarz\u0105dzanie i Automatyzacja<\/span><\/h3>\n<p><span style=\"font-weight: 400;\">Zarz\u0105dzanie serwerem mo\u017ce nie by\u0107 \u0142atwe dla ka\u017cdego. Oznacza to, \u017ce je\u015bli jest to Tw\u00f3j pierwszy projekt, powiniene\u015b wybra\u0107 hosting serwera do gry z automatycznymi aktualizacjami, du\u017cym wyborem paneli kontrolnych do administrowania, instalacj\u0119 oprogramowania za pomoc\u0105 jednego klikni\u0119cia oraz automatyzacj\u0119 aktualizacji j\u0105dra systemu operacyjnego bez konieczno\u015bci restartu serwera. Jest du\u017ca r\u00f3\u017cnica mi\u0119dzy panelami kontrolnymi oferowanymi przez regularne hostingi, te zorientowane na strony internetowe oraz te, kt\u00f3re s\u0105 u\u017cywane do hostowania serwera gry. B\u0119dziesz potrzebowa\u0142 wi\u0119kszej ilo\u015bci informacji o stanie swojego sprz\u0119tu oraz obci\u0105\u017ceniu poszczeg\u00f3lnych element\u00f3w wynajmowanych serwer\u00f3w<\/span><\/p>\n<h2><b>R\u00f3\u017cne Typy Najlepszego Hostingu Serwer\u00f3w do Gier<\/b><\/h2>\n<p><span style=\"font-weight: 400;\">Zanim zdecydujesz si\u0119 wybra\u0107 mi\u0119dzy r\u00f3\u017cnymi ofertami dostawc\u00f3w us\u0142ug, musisz zdecydowa\u0107, jaki rodzaj hostingu jest najlepszy dla Twojego projektu. Przyjrzyjmy si\u0119 im w szczeg\u00f3\u0142ach.<\/span><\/p>\n<h3><span style=\"font-weight: 400;\">Dedykowany Hosting<\/span><\/h3>\n<p><span style=\"font-weight: 400;\">Dedykowany hosting oznacza, \u017ce klient mo\u017ce umie\u015bci\u0107 projekty gier na osobnym fizycznym sprz\u0119cie w centrum danych i samodzielnie zarz\u0105dza\u0107 przydzielonymi zasobami. To rozwi\u0105zanie pozwala na instalacj\u0119 dowolnego oprogramowania, utrzymywanie du\u017cych baz danych i wdra\u017canie wielu projekt\u00f3w. W zale\u017cno\u015bci od potrzeb biznesu istnieje mo\u017cliwo\u015b\u0107 wyboru gotowych lub ca\u0142kowicie niestandardowych konfiguracji.<\/span><\/p>\n<p><span style=\"font-weight: 400;\">\u00a0<\/span><\/p>\n<p><span style=\"font-weight: 400;\">Mo\u017cesz wybiera\u0107 pomi\u0119dzy szerokim zakresem tanich dedykowanych us\u0142ug hostingowych w zale\u017cno\u015bci od swoich potrzeb.<\/span><\/p>\n<h3><span style=\"font-weight: 400;\">VPS<\/span><\/h3>\n<p><span style=\"font-weight: 400;\">Zgodnie z zasad\u0105 i specyfik\u0105 dzia\u0142ania, wirtualny serwer prywatny niewiele r\u00f3\u017cni si\u0119 od serwera fizycznego. Nie ma ogranicze\u0144 co do liczby hostowanych witryn, baz danych, stref domen, a w\u0142a\u015bciciel-administrator ma prawo do pracy z plikami, instalowania aplikacji i wykonywania innych operacji poprzez dost\u0119p root. Serwer wirtualny to znacznie mniejszy koszt dla u\u017cytkownika ni\u017c wynaj\u0119cie por\u00f3wnywalnego pojemno\u015bciowo serwera fizycznego. Mo\u017cesz r\u00f3wnie\u017c zauwa\u017cy\u0107 wy\u017csz\u0105 wydajno\u015b\u0107 VDS\/VPS. Co wi\u0119cej, serwer wirtualny mo\u017ce bardzo \u0142atwo zwi\u0119kszy\u0107 pojemno\u015b\u0107 w postaci dodatkowej pami\u0119ci RAM, rdzeni procesora lub miejsca na dysku twardym. Staje si\u0119 to konieczno\u015bci\u0105 wraz z rosn\u0105cym popytem na popularne gry.<\/span><\/p>\n<p><span style=\"font-weight: 400;\">Przyjrzyj si\u0119 serwisom hostuj\u0105cym VPS, aby przekona\u0107 si\u0119 o ich korzy\u015bciach dla Twoich projekt\u00f3w.<\/span><\/p>\n<h3><span style=\"font-weight: 400;\">Hosting w Chmurze<\/span><\/h3>\n<p><span style=\"font-weight: 400;\">Je\u015bli zdecydujesz si\u0119 wykorzysta\u0107 t\u0119 opcj\u0119 do przechowywania danych, uzyskasz dost\u0119p do zasob\u00f3w kilku serwer\u00f3w. Takie podej\u015bcie zapewnia nieprzerwane dzia\u0142anie zasob\u00f3w nawet w przypadku awarii jednego z serwer\u00f3w. Ta metoda przechowywania danych ma dodatkowe dwie zalety: p\u0142acisz tylko za zu\u017cyt\u0105 energi\u0119, czyli ile zajmujesz miejsca, tyle zap\u0142acisz. Nie ma potrzeby obliczania wymaganych wolumen\u00f3w, w chmurze b\u0119dzie tyle miejsca, ile potrzebuje klient, alokowane zasoby s\u0105 automatycznie dostosowywane. Dzi\u0119ki chmurze mo\u017cesz szybko skalowa\u0107 pojemno\u015b\u0107 hostingu, aby spe\u0142ni\u0107 swoje wymagania.<\/span><\/p>\n<p><span style=\"font-weight: 400;\">\u00a0<\/span><\/p>\n<p><span style=\"font-weight: 400;\">Oto dostawcy us\u0142ug hostingowych w chmurze, kt\u00f3rych us\u0142ugom mo\u017cesz ufa\u0107.<\/span><\/p>\n<h2><b>#1<\/b><a href=\"https:\/\/www.knownhost.com?aid=37a3de62\"> <b>KnownHost<\/b><\/a><b> \u2013 Tani Hosting Serwer\u00f3w Gier<\/b><\/h2>\n<p><span style=\"font-weight: 400;\">KnownHost oferuje pakiet rozwi\u0105za\u0144 hostingowych. Firma koncentruje si\u0119 g\u0142\u00f3wnie na dostarczaniu w 100% w pe\u0142ni zarz\u0105dzanych VPS zasilanych SSD i zarz\u0105dzanego hostingu dedykowanego z ponad 99,99% gwarantowanym czasem pracy bez przestoj\u00f3w. Opcje SSD VPS (za 28$ za miesi\u0105c) obejmuj\u0105 Premium Raid Storage i automatyczne aktualizacje. KnownHost jest r\u00f3wnie\u017c znany z w pe\u0142ni zarz\u0105dzanych serwer\u00f3w KVM Cloud VPS (za 50,40$ za miesi\u0105c). Firma oferuje automatyczne aktualizacje i przechowywanie danych w chmurze. Ich zarz\u0105dzane dedykowane serwery (za 158$ za miesi\u0105c.) automatycznie si\u0119 aktualizuj\u0105. KnownHost oferuje bezp\u0142atne migracje dla wszystkich swoich plan\u00f3w.<\/span><\/p>\n<p><span style=\"font-weight: 400;\"><div class=\"content__img-wrap\"><img src=\"https:\/\/sitechecker.pro\/wp-content\/uploads\/2021\/01\/Best-game-hosting-KnownHost.png\" alt=\"Tani hosting serwer\u00f3w gier \u2014 znanyHost\" class=\"description-img description-img-zoom\" loading=\"lazy\" ><\/div><\/span><\/p>\n<p><span style=\"font-weight: 400;\">Zalety i korzy\u015bci:<\/span><\/p>\n<ul>\n<li style=\"font-weight: 400;\" aria-level=\"1\"><span style=\"font-weight: 400;\">Automatyczne aktualizacje,<\/span><\/li>\n<li style=\"font-weight: 400;\" aria-level=\"1\"><span style=\"font-weight: 400;\">Darmowe migracje,<\/span><\/li>\n<li style=\"font-weight: 400;\" aria-level=\"1\"><span style=\"font-weight: 400;\">Darmowa ochrona DDoS,<\/span><\/li>\n<li style=\"font-weight: 400;\" aria-level=\"1\"><span style=\"font-weight: 400;\">Darmowe kopie zapasowe,<\/span><\/li>\n<li style=\"font-weight: 400;\" aria-level=\"1\"><span style=\"font-weight: 400;\">Ca\u0142odobowe i ca\u0142oroczne wsparcie<\/span><\/li>\n<\/ul>\n<p><b>Lokalizacja serwera:<\/b><span style=\"font-weight: 400;\"> USA<\/span><\/p>\n<h2><b>#2<\/b><a href=\"https:\/\/www.gameservers.com\/?ref=1666975\"> <b>GameServers.com<\/b><\/a><b> \u2013 Najlepszy Dedykowany Hosting Serwer\u00f3w Gier<\/b><\/h2>\n<p><span style=\"font-weight: 400;\">GameServers.com zosta\u0142o za\u0142o\u017cone w 2004 roku. Ich celem by\u0142a bezpo\u015brednia wsp\u00f3\u0142praca z programistami zajmuj\u0105cymi si\u0119 kluczowymi aspektami hostingu serwer\u00f3w do gier. Obecnie firma obs\u0142uguje ponad 500 tysi\u0119cy klient\u00f3w na ca\u0142ym \u015bwiecie. M\u00f3wi\u0105c w skr\u00f3cie, GameServers.com jest wiod\u0105c\u0105 firm\u0105 hostingow\u0105 serwer\u00f3w gier oferuj\u0105c\u0105 hosting najpopularniejszych gier i wiele wi\u0119cej. Hostuj\u0105 mi\u0119dzy innymi tak popularne serwery gier, jak Minecraft, Call of Duty, Rust itp. Ta lista uwiarygadnia ich niezawodno\u015b\u0107. Ponadto oferuj\u0105 przyst\u0119pne ceny. Pozwalaj\u0105 klientom instalowa\u0107 gry na w\u0142asnym serwerze dedykowanym ju\u017c od 69,99$ miesi\u0119cznie.<\/span><\/p>\n<p><span style=\"font-weight: 400;\"><div class=\"content__img-wrap\"><img src=\"https:\/\/sitechecker.pro\/wp-content\/uploads\/2021\/01\/Best-game-hosting-GameServers.png\" alt=\"Najlepszy hosting dedykowanych serwer\u00f3w gier \u2014 GameServers\" class=\"description-img description-img-zoom\" loading=\"lazy\" ><\/div><\/span><\/p>\n<p><span style=\"font-weight: 400;\">Zalety i korzy\u015bci:<\/span><\/p>\n<ul>\n<li style=\"font-weight: 400;\" aria-level=\"1\"><span style=\"font-weight: 400;\">Serwery dedykowane z po\u0142\u0105czeniami 1000Mbps i \/29 IP przestrzeni,<\/span><\/li>\n<li style=\"font-weight: 400;\" aria-level=\"1\"><span style=\"font-weight: 400;\">Infrastruktura HDD \/ SSD,<\/span><\/li>\n<li style=\"font-weight: 400;\" aria-level=\"1\"><span style=\"font-weight: 400;\">W pe\u0142ni niestandardowe pakiety z r\u00f3\u017cnymi dodatkami itp.<\/span><\/li>\n<\/ul>\n<p><b>Lokalizacja serwera:<\/b><span style=\"font-weight: 400;\"> Na ca\u0142ym \u015bwiecie<\/span><\/p>\n<h2><b>#3<\/b><a href=\"https:\/\/idev.servermania.com\/idevaffiliate.php?id=10272\"> <b>Servermania<\/b><\/a><b> \u2013 Niedrogi Hosting Serwer\u00f3w Gier<\/b><\/h2>\n<p><span style=\"font-weight: 400;\">ServerMania jest przoduj\u0105c\u0105 kanadyjsk\u0105 us\u0142ug\u0105 hostingow\u0105 zapewniaj\u0105c\u0105 VPS w chmurze i serwery dedykowane (w systemie Windows \/ Linux) w grach ju\u017c od 2002 roku. Firma dostarcza dodatki do rozwi\u0105za\u0144 pami\u0119ci masowej i zabezpiecze\u0144 dla Twojej us\u0142ugi. ServerMania oferuje niestandardowe i konkurencyjne pakiety ju\u017c od 90$ miesi\u0119cznie z szerok\u0105 gam\u0105 podstawowych konfiguracji.<\/span><\/p>\n<p><span style=\"font-weight: 400;\"><div class=\"content__img-wrap\"><img src=\"https:\/\/sitechecker.pro\/wp-content\/uploads\/2021\/01\/Best-game-hosting-ServerMania.png\" alt=\"Niedrogi hosting serwer\u00f3w do gier \u2014 ServerMania\" class=\"description-img description-img-zoom\" loading=\"lazy\" ><\/div><\/span><\/p>\n<p><span style=\"font-weight: 400;\">Zalety i korzy\u015bci:<\/span><\/p>\n<ul>\n<li style=\"font-weight: 400;\" aria-level=\"1\"><span style=\"font-weight: 400;\">Zapewnienie poziomu us\u0142ug 100% czasu pracy w sieci,<\/span><\/li>\n<li style=\"font-weight: 400;\" aria-level=\"1\"><span style=\"font-weight: 400;\">Pr\u0119dko\u015b\u0107 sieci do 20 Gbps,<\/span><\/li>\n<li style=\"font-weight: 400;\" aria-level=\"1\"><span style=\"font-weight: 400;\">Serwery zlokalizowane na ca\u0142ym \u015bwiecie,<\/span><\/li>\n<li style=\"font-weight: 400;\" aria-level=\"1\"><span style=\"font-weight: 400;\">Zindywidualizowane rozwi\u0105zania hostingowe,<\/span><\/li>\n<li style=\"font-weight: 400;\" aria-level=\"1\"><span style=\"font-weight: 400;\">Spersonalizowana obs\u0142uga klienta 24\/7<\/span><\/li>\n<\/ul>\n<p><b>Lokalizacja serwera:<\/b><span style=\"font-weight: 400;\"> USA, Wielka Brytania, Holandia, Kanada, Nowa Zelandia<\/span><\/p>\n<h2><b>#4<\/b><a href=\"https:\/\/www.a2hosting.com?aid=5fdcbd252ad90\"> <b>A2 Hosting<\/b><\/a><b> \u2013 Najszybszy Hosting Serwer\u00f3w Gier<\/b><\/h2>\n<p><span style=\"font-weight: 400;\">A2 Hosting to zielona firma dzia\u0142aj\u0105ca w bran\u017cy od 2003 roku. Oferuje ona jeden z najlepszych hosting\u00f3w serwer\u00f3w dedykowanych dla gier. A2 Hosting zdoby\u0142a uznanie w bran\u017cy za swoje rozwi\u0105zania hostingowe, w tym najszybszy hosting na rynku. Wszystkie rozwi\u0105zania s\u0105 wyposa\u017cone w opcj\u0119 Turbo Server, wykorzystywan\u0105 do szybkiego \u0142adowania strony. Dedykowane serwery oraz serwery VPS s\u0105 podzielone na dwie kategorie: zarz\u0105dzane (za 141,09$ za miesi\u0105c) i niezarz\u0105dzane (za 99,59$ za miesi\u0105c). Obie opcje maj\u0105 dobry stosunek ceny do wydajno\u015bci.<\/span><\/p>\n<p><span style=\"font-weight: 400;\"><div class=\"content__img-wrap\"><img src=\"https:\/\/sitechecker.pro\/wp-content\/uploads\/2021\/01\/Best-game-hosting-A2Hosting.png\" alt=\"Najszybszy hosting serwer\u00f3w do gier \u2014 A2Hosting\" class=\"description-img description-img-zoom\" loading=\"lazy\" ><\/div><\/span><\/p>\n<p><span style=\"font-weight: 400;\">Zalety i korzy\u015bci:<\/span><\/p>\n<ul>\n<li style=\"font-weight: 400;\" aria-level=\"1\"><span style=\"font-weight: 400;\">Turbo serwery 20x szybsze ni\u017c inne,<\/span><\/li>\n<li style=\"font-weight: 400;\" aria-level=\"1\"><span style=\"font-weight: 400;\">Niezwykle niezawodne serwery dzia\u0142aj\u0105ce przez 99,9% czasu<\/span><\/li>\n<li style=\"font-weight: 400;\" aria-level=\"1\"><span style=\"font-weight: 400;\">\u0141atwy w obs\u0142udze panel kontrolny cPanel itp.<\/span><\/li>\n<\/ul>\n<p><b>Lokalizacja serwera:<\/b><span style=\"font-weight: 400;\"> USA, Holandia i Singapur<\/span><\/p>\n<h2><b>#5<\/b><a href=\"https:\/\/ua.inmotionhosting.com\/cgi-bin\/gby\/clickthru.cgi?id=gmmediagroup\"> <b>InMotion<\/b><\/a><b> \u2013 Najlepsze Serwery do Hostingu Gier<\/b><\/h2>\n<p><span style=\"font-weight: 400;\">InMotion \u015bwiadczy swoje us\u0142ugi od 2001 roku. Dzi\u0119ki dobrze zdefiniowanym planom otrzymujesz precyzyjne rozwi\u0105zanie hostingowe z pot\u0119\u017cnymi narz\u0119dziami, kt\u00f3re przydadz\u0105 Ci si\u0119 do Twoich projekt\u00f3w zwi\u0105zanych z grami. Ich oferty cenowe zawieraj\u0105 rabaty na subskrypcj\u0119 na rok lub dwa lata. Obecnie firma jest wci\u0105\u017c jednym z najpopularniejszych dostawc\u00f3w ze \u015bwiatowej klasy infrastruktur\u0105 zoptymalizowan\u0105 pod k\u0105tem wysokiej wydajno\u015bci i doskona\u0142ym wsparciem technicznym.<\/span><\/p>\n<p><span style=\"font-weight: 400;\"><div class=\"content__img-wrap\"><img src=\"https:\/\/sitechecker.pro\/wp-content\/uploads\/2021\/01\/Best-game-hosting-InMotion.png\" alt=\"Najlepsze serwery do hostingu gier \u2014 InMotion\" class=\"description-img description-img-zoom\" loading=\"lazy\" ><\/div><\/span><\/p>\n<p><span style=\"font-weight: 400;\">Zalety i korzy\u015bci:<\/span><\/p>\n<ul>\n<li style=\"font-weight: 400;\" aria-level=\"1\"><span style=\"font-weight: 400;\">Gwarantowane 99,9% czasu dzia\u0142ania bez zak\u0142\u00f3ce\u0144,<\/span><\/li>\n<li style=\"font-weight: 400;\" aria-level=\"1\"><span style=\"font-weight: 400;\">Aktualizacje bez restartu z zerowym czasem przestoju,<\/span><\/li>\n<li style=\"font-weight: 400;\" aria-level=\"1\"><span style=\"font-weight: 400;\">Wiele centr\u00f3w danych,<\/span><\/li>\n<li style=\"font-weight: 400;\" aria-level=\"1\"><span style=\"font-weight: 400;\">Zaawansowana konfiguracja itp.<\/span><\/li>\n<\/ul>\n<p><b>Lokalizacja serwera:<\/b><span style=\"font-weight: 400;\"> USA<\/span><\/p>\n<h2><b>Por\u00f3wnania Hosting\u00f3w<\/b><\/h2>\n<p><span style=\"font-weight: 400;\">Czy nadal masz problem z wyborem najlepszej oferty mi\u0119dzy dwoma lub wi\u0119cej us\u0142ugodawcami? Je\u015bli tak jest, nasze recenzje hostingu serwer\u00f3w gier z pewno\u015bci\u0105 b\u0119d\u0105 dla Ciebie przydatne. W naszych szczeg\u00f3\u0142owych recenzjach przyjrzeli\u015bmy si\u0119 bli\u017cej i por\u00f3wnali\u015bmy ze sob\u0105 dw\u00f3ch najlepszych dostawc\u00f3w us\u0142ug hostingowych. Om\u00f3wimy zalety i wady ka\u017cdego z nich, przyjrzymy si\u0119 kluczowym cechom i om\u00f3wimy, co jest najlepsze w przypadku niekt\u00f3rych rodzaj\u00f3w gier online. Po przeczytaniu recenzji powiniene\u015b mie\u0107 jasne wyobra\u017cenie o tym, co zadzia\u0142a w Twoim przypadku, a co niekoniecznie.<\/span><\/p>\n<ul>\n<li style=\"font-weight: 400;\" aria-level=\"1\"><a href=\"https:\/\/sitechecker.pro\/web-hosting\/namecheap-vs-bluehost\/\"><span style=\"font-weight: 400;\">Namecheap vs Bluehost: 2021 Ultimate Hosting Comparison<\/span><\/a><\/li>\n<li style=\"font-weight: 400;\" aria-level=\"1\"><a href=\"https:\/\/sitechecker.pro\/web-hosting\/siteground-vs-hostgator\/\"><span style=\"font-weight: 400;\">Siteground vs Hostgator: 2021 Ultimate Hosting Comparison<\/span><\/a><\/li>\n<li style=\"font-weight: 400;\" aria-level=\"1\"><a href=\"https:\/\/sitechecker.pro\/web-hosting\/namecheap-vs-godaddy\/\"><span style=\"font-weight: 400;\">Namecheap vs Godaddy: 2021 Ultimate Hosting Comparison<\/span><\/a><\/li>\n<\/ul>\n<h2><b>Przydatny Hosting i Narz\u0119dzia SEO<\/b><\/h2>\n<ul>\n<li style=\"font-weight: 400;\" aria-level=\"1\"><a href=\"https:\/\/sitechecker.pro\/hosting-checker\/\"><span style=\"font-weight: 400;\">Hosting checker<\/span><\/a><span style=\"font-weight: 400;\"> &#8211;\u00a0 Dowiedz si\u0119, z jakiego hostingu korzysta dana strona i w jakim kraju si\u0119 znajduje<\/span><\/li>\n<li style=\"font-weight: 400;\" aria-level=\"1\"><a href=\"https:\/\/sitechecker.pro\/website-down\/\"><span style=\"font-weight: 400;\">Website down<\/span><\/a><span style=\"font-weight: 400;\"> &#8211;\u00a0 Sprawd\u017a aktualn\u0105 dost\u0119pno\u015b\u0107 strony &#8211; czy nie dzia\u0142a dla wszystkich, czy tylko dla Ciebie?<\/span><\/li>\n<li style=\"font-weight: 400;\" aria-level=\"1\"><a href=\"https:\/\/sitechecker.pro\/speed-test\/\"><span style=\"font-weight: 400;\">Speed test<\/span><\/a><span style=\"font-weight: 400;\"> &#8211;\u00a0 Zmierz szybko\u015b\u0107 swojego projektu i uzyskaj przydatne wskaz\u00f3wki, jak j\u0105 zwi\u0119kszy\u0107<\/span><\/li>\n<li style=\"font-weight: 400;\" aria-level=\"1\"><a href=\"https:\/\/sitechecker.pro\/expired-domain-checker\/\"><span style=\"font-weight: 400;\">Expired domain checker<\/span><\/a><span style=\"font-weight: 400;\"> &#8211;\u00a0 Uzyskaj list\u0119 wygasaj\u0105cych domen i sprawd\u017a, czy i kiedy mo\u017cesz je kupi\u0107<\/span><\/li>\n<li style=\"font-weight: 400;\" aria-level=\"1\"><a href=\"https:\/\/sitechecker.pro\/domain-availability\/\"><span style=\"font-weight: 400;\">Domain availability<\/span><\/a><span style=\"font-weight: 400;\"> &#8211;\u00a0 Rozpocznij wyszukiwanie nazwy domen i \u0142atwo znajd\u017a te, kt\u00f3re s\u0105 dost\u0119pne dla Twojego projektu<\/span><\/li>\n<\/ul>\n<h2><span style=\"font-weight: 400;\">Najcz\u0119\u015bciej Zadawane Pytania | Najlepszy Hosting Serwer\u00f3w Gier<\/span><\/h2>\n<h3><span style=\"font-weight: 400;\">Czy s\u0105 darmowe hostingi dla serwer\u00f3w gier?<\/span><\/h3>\n<p><span style=\"font-weight: 400;\">To niestety bardzo ma\u0142o prawdopodobne, \u017ce uda Ci si\u0119 znale\u017a\u0107 darmowe serwery do gier z wysokiej jako\u015bci us\u0142ugami. Tym, co mo\u017cesz uzyska\u0107 za darmo, jest okres pr\u00f3bny na okre\u015blony czas (7-14 dni). Przydaje si\u0119 to zw\u0142aszcza wtedy, je\u015bli chcesz przed zakupem przetestowa\u0107 dany produkt. Podczas testowania sprawd\u017a szybko\u015b\u0107 po\u0142\u0105czenia sieciowego, wydajno\u015b\u0107 podsystemu dyskowego i, je\u015bli to mo\u017cliwe, wykonaj test warunk\u00f3w skrajnych, oraz czy serwer jest w stanie obs\u0142u\u017cy\u0107 wymagane obci\u0105\u017cenie. Nawet je\u015bli znajdziesz dostawc\u00f3w bezp\u0142atnego hostingu serwer\u00f3w gier, nie mo\u017cesz oczekiwa\u0107 \u017cadnego wsparcia, gwarantowanego czasu pracy ani szybkich serwer\u00f3w.<\/span><\/p>\n<h3><span style=\"font-weight: 400;\">Czy warto kupi\u0107 tani hosting dla serwer\u00f3w gier?<\/span><\/h3>\n<p><span style=\"font-weight: 400;\">Je\u015bli we\u017amiesz pod uwag\u0119 cen\u0119 us\u0142ugi i b\u0119dzie ona kluczowym czynnikiem przy wyborze, mo\u017cesz wybra\u0107 tani hosting serwer\u00f3w gier. R\u00f3\u017cne gry b\u0119d\u0105 mia\u0142y r\u00f3\u017cne wymagania dotycz\u0105ce wydajno\u015bci, szybko\u015bci itp. Dlatego zawsze warto sprawdzi\u0107 wszystkie informacje w swojej grze. Nie zapomnij o niezawodno\u015bci, bezpiecze\u0144stwie, dyspozycyjno\u015bci oraz innych czynnikach. Hosting z uptime 99% mo\u017cna uzna\u0107 za zawodny (co jednak zale\u017cy od wymaga\u0144), a przy 99,99% uptime jest do\u015b\u0107 stabilny. Tani hosting serwer\u00f3w gier z regularnymi awariami jest z pewno\u015bci\u0105 mniej warto\u015bciowy ni\u017c niedrogie opcje, kt\u00f3re mo\u017cesz znale\u017a\u0107 w naszych recenzjach.<\/span><\/p>\n<h3><span style=\"font-weight: 400;\">Czym jest dedykowany serwer w grach?<\/span><\/h3>\n<p><span style=\"font-weight: 400;\">Dedykowany serwer to osobny serwer, kt\u00f3ry pod wzgl\u0119dem pojemno\u015bci musi spe\u0142nia\u0107 minimalne wymagania gry. Gry wideo wymagaj\u0105 znacznie wi\u0119cej zasob\u00f3w ni\u017c witryny i inne projekty internetowe. Z tego powodu firmy zajmuj\u0105ce si\u0119 hostingiem gier przechowuj\u0105 w swoich centrach danych tylko maszyny z najlepszymi procesorami wielordzeniowymi, kt\u00f3re s\u0105 przystosowane do pracy z zadaniami wymagaj\u0105cymi du\u017cej ilo\u015bci zasob\u00f3w. Te serwery przechowuj\u0105 dane graczy i w czasie rzeczywistym opisuj\u0105c\u0105 lokalizacj\u0119 i dzia\u0142ania postaci w wirtualnym \u015bwiecie.<\/span><\/p>","protected":false},"excerpt":{"rendered":"Czym jest dedykowany serwer w grach i dlaczego obecnie ma tak du\u017ce znaczenie? Hosting gier to po prostu VPS lub hosting dedykowany. Rozr\u00f3\u017cnia si\u0119 go ze wzgl\u0119du na specyficzny panel kontrolny (lub rozszerzenie standardowego systemu) i w pe\u0142ni konfigurowalne oprogramowanie serwera dla okre\u015blonej gry, bazuj\u0105ce na jej wymaganiach. Dedykowany hosting serwer\u00f3w gier sta\u0142 si\u0119 popularnych&#8230;","protected":false},"author":10504980,"featured_media":11388,"parent":9033,"menu_order":0,"comment_status":"closed","ping_status":"closed","template":"pages-templates\/pages-v2.php","meta":[],"categories":[44],"tags":[],"_links":{"self":[{"href":"https:\/\/sitechecker.pro\/pl\/wp-json\/wp\/v2\/pages\/11266"}],"collection":[{"href":"https:\/\/sitechecker.pro\/pl\/wp-json\/wp\/v2\/pages"}],"about":[{"href":"https:\/\/sitechecker.pro\/pl\/wp-json\/wp\/v2\/types\/page"}],"author":[{"embeddable":true,"href":"https:\/\/sitechecker.pro\/pl\/wp-json\/wp\/v2\/users\/10504980"}],"replies":[{"embeddable":true,"href":"https:\/\/sitechecker.pro\/pl\/wp-json\/wp\/v2\/comments?post=11266"}],"version-history":[{"count":8,"href":"https:\/\/sitechecker.pro\/pl\/wp-json\/wp\/v2\/pages\/11266\/revisions"}],"predecessor-version":[{"id":33652,"href":"https:\/\/sitechecker.pro\/pl\/wp-json\/wp\/v2\/pages\/11266\/revisions\/33652"}],"up":[{"embeddable":true,"href":"https:\/\/sitechecker.pro\/pl\/wp-json\/wp\/v2\/pages\/9033"}],"wp:featuredmedia":[{"embeddable":true,"href":"https:\/\/sitechecker.pro\/pl\/wp-json\/wp\/v2\/media\/11388"}],"wp:attachment":[{"href":"https:\/\/sitechecker.pro\/pl\/wp-json\/wp\/v2\/media?parent=11266"}],"wp:term":[{"taxonomy":"category","embeddable":true,"href":"https:\/\/sitechecker.pro\/pl\/wp-json\/wp\/v2\/categories?post=11266"},{"taxonomy":"post_tag","embeddable":true,"href":"https:\/\/sitechecker.pro\/pl\/wp-json\/wp\/v2\/tags?post=11266"}],"curies":[{"name":"wp","href":"https:\/\/api.w.org\/{rel}","templated":true}]}}