{"id":1063,"date":"2020-07-08T13:23:40","date_gmt":"2020-07-08T11:23:40","guid":{"rendered":"https:\/\/sitechecker.pro\/?page_id=1063"},"modified":"2026-02-19T15:27:13","modified_gmt":"2026-02-19T15:27:13","slug":"speed-test","status":"publish","type":"page","link":"https:\/\/sitechecker.pro\/pl\/speed-test\/","title":{"rendered":"Test Szybko\u015bci Witryny | Narz\u0119dzie do Sprawdzania Wydajno\u015bci Strony \u1408"},"content":{"rendered":"<p><\/p>\n<h2 id=\"what_is\">Co to jest narz\u0119dzie do testowania szybko\u015bci strony witryny?<\/h2>\n<p>Szybko\u015b\u0107 \u0142adowania Twojej witryny jest kluczowym parametrem dla rankingu wyszukiwarek. Stworzyli\u015bmy test szybko\u015bci witryny, aby\u015b m\u00f3g\u0142 przeanalizowa\u0107 szybko\u015b\u0107 \u0142adowania swojej witryny. Mo\u017cesz go u\u017cy\u0107, aby przyspieszy\u0107 \u0142adowanie zasobu i zrozumie\u0107, co powoduje spowolnienie Twojej witryny.<\/p>\n<p>Test szybko\u015bci witryny jest \u0142atwy w u\u017cyciu i b\u0119dzie odpowiada\u0142 zar\u00f3wno pocz\u0105tkuj\u0105cym, jak i bardziej do\u015bwiadczonym u\u017cytkownikom. Skorzystaj z tego bezp\u0142atnego narz\u0119dzia do sprawdzania szybko\u015bci, aby pozna\u0107 s\u0142abe punkty witryny, kt\u00f3re uniemo\u017cliwiaj\u0105 zwi\u0119kszenie szybko\u015bci wczytywania strony.<\/p>\n<p>Chcieli\u015bmy stworzy\u0107 doskona\u0142e narz\u0119dzie do testowania szybko\u015bci strony i pomagania webmasterom i tw\u00f3rcom stron internetowych w sprawdzaniu wydajno\u015bci strony.<\/p>\n<p>I zrobili\u015bmy to!<\/p>\n<p>Przyjrzyjmy si\u0119 bli\u017cej przyczynom powolnego wczytywania witryny. Skorzystaj z naszego narz\u0119dzia, aby sprawdzi\u0107 kluczowe wska\u017aniki szybko\u015bci swojego zasobu, poniewa\u017c jest to problem, gdy strony maj\u0105 nisk\u0105 pr\u0119dko\u015b\u0107 \u0142adowania, kt\u00f3re nale\u017cy naprawi\u0107.<\/p>\n<h2 id=\"website\">Szybko\u015b\u0107 witryny wp\u0142ywa na Twoj\u0105 firm\u0119<\/h2>\n<ul>\n<li><strong>8%<\/strong> mniej wy\u015bwietle\u0144 strony po zaledwie 3-sekundowym op\u00f3\u017anieniu.<\/li>\n<li><strong>16%<\/strong> spadek zadowolenia klienta po zaledwie 1-sekundowym op\u00f3\u017anieniu.<\/li>\n<li><strong>32%<\/strong> to prawdopodobie\u0144stwo wsp\u00f3\u0142czynnika odrzuce\u0144 po 3-sekundowym op\u00f3\u017anieniu w czasie \u0142adowania strony.<\/li>\n<li><strong>40%<\/strong> Twoich klient\u00f3w opu\u015bci witryn\u0119, je\u015bli strona \u0142aduje si\u0119 d\u0142u\u017cej ni\u017c 3 sekundy.<\/li>\n<\/ul>\n<h2 id=\"why\">Dlaczego szybko\u015b\u0107 \u0142adowania strony internetowej ma znaczenie?<\/h2>\n<p>Z bada\u0144 Google wynika, \u017ce czas \u0142adowania strony od 1 do 5 sekund zwi\u0119ksza prawdopodobie\u0144stwo odbicia o 107%. Zobaczmy, co wp\u0142ywa na szybko\u015b\u0107 \u0142adowania witryny i dlaczego nale\u017cy skr\u00f3ci\u0107 czas odpowiedzi serwera (TTFB). Ale najpierw musisz sprawdzi\u0107 szybko\u015b\u0107 strony.<\/p>\n<ol>\n<li><strong>Zdob\u0105d\u017a wi\u0119cej klient\u00f3w<\/strong> \u2013 stawka jest r\u00f3wnie\u017c niezb\u0119dna do za\u0142adowania witryny z urz\u0105dzenia mobilnego. Wi\u0119kszo\u015b\u0107 dzisiejszych u\u017cytkownik\u00f3w odwiedza strony internetowe dok\u0142adnie ze smartfon\u00f3w i nale\u017cy zadba\u0107 o dotarcie do tej grupy potencjalnych klient\u00f3w.<\/li>\n<li><strong>Popraw wygod\u0119 u\u017cytkownika<\/strong> \u2013 z\u0142o\u017cony kod strony spowoduje wolniejsze \u0142adowanie. Pozostaw obszerne witryny w przesz\u0142o\u015bci i zajmij si\u0119 optymalizacj\u0105 kodu witryny. Uwierz w to, dzi\u0119ki czemu mo\u017cesz znacznie przyspieszy\u0107 dzia\u0142anie swojej witryny.<\/li>\n<li><strong>Utrzymaj u\u017cytkownik\u00f3w<\/strong> \u2013 nie wystarczy przyci\u0105gn\u0105\u0107 uwag\u0119 klienta, poniewa\u017c nadal trzeba j\u0105 zatrzyma\u0107. Pami\u0119taj, \u017ce je\u015bli strony Twojej witryny \u0142aduj\u0105 si\u0119 szybko, szanse na to, \u017ce u\u017cytkownik opu\u015bci zas\u00f3b, s\u0105 czasami zmniejszone. Zauwa\u017c, \u017ce ty te\u017c nie lubisz wolnych stron!<\/li>\n<li><strong>Uzyskaj wi\u0119cej konwersji<\/strong> \u2013 im szybciej \u0142aduj\u0105 si\u0119 zasoby, tym wi\u0119cej konwersji mo\u017cesz uzyska\u0107 od kupuj\u0105cych, kt\u00f3rzy nie opu\u015bcili Twojej witryny po wy\u015bwietleniu pierwszej strony.<\/li>\n<li><strong>Wa\u017cno\u015b\u0107 dla SEO.<\/strong> Szybko\u015b\u0107 strony naprawd\u0119 wp\u0142ywa na SEO. To jest czynnik rankingowy. Nie jest to jednak najwa\u017cniejszy czynnik i wp\u0142ywa na ranking witryny tylko w po\u0142\u0105czeniu z innymi czynnikami. Obejrzyj raport wideo z bada\u0144 nad wp\u0142ywem Page Speed na SEO, kt\u00f3ry zosta\u0142 przeprowadzony przez Briana Deana &#8211; Backlinko.\n<\/ol>\n<p><iframe width=\"770\" height=\"350\" src=\"https:\/\/www.youtube.com\/embed\/zpV0_jdo0og\" title=\"odtwarzacz wideo YouTube\" frameborder=\"0\" allow=\"akcelerometr; autoodtwarzanie; schowek- zapis; szyfrowane media; \u017cyroskop; obraz w obrazie\" allowfullscreen><\/iframe><\/p>\n<h2 id=\"wondering\">Zastanawiasz si\u0119, jak sprawdzi\u0107 szybko\u015b\u0107 swojej witryny za darmo?<\/h2>\n<p>Uzyskaj szczeg\u00f3\u0142owe informacje o szybko\u015bci \u0142adowania i rozmiarze strony dzi\u0119ki testowi szybko\u015bci strony. Z nami mo\u017cesz wyeksportowa\u0107 wyniki w pliku PDF, udost\u0119pni\u0107 link do danych lub skopiowa\u0107 informacje do schowka.<\/p>\n<p>Test szybko\u015bci strony internetowej to bardzo wygodny spos\u00f3b na uzyskanie wynik\u00f3w testu i por\u00f3wnanie ich ze wska\u017anikami po naprawieniu b\u0142\u0119d\u00f3w w witrynie.<\/p>\n<p>Proponujemy Ci hosting z najlepsz\u0105 gwarancj\u0105 szybko\u015bci strony. Przetestuj z nami szybko\u015b\u0107 \u0142adowania strony! Skorzystaj z opcji eksportu i przeanalizuj, o ile szybciej \u0142aduje si\u0119 Twoja witryna, za pomoc\u0105 naszego narz\u0119dzia do sprawdzania szybko\u015bci witryny.<\/p>\n<div class=\"content__img-wrap\"><img src=\"https:\/\/sitechecker.pro\/wp-content\/uploads\/2022\/01\/speed_test_1.png\" alt=\"monitorowanie wydajno\u015bci witryny w rzeczywistych przegl\u0105darkach\" class=\"description-img description-img-zoom\" loading=\"lazy\" ><\/div>\n<p>Dla Twojej maksymalnej wygody Test Witryny przypisze wynik do witryny na podstawie rekomendacji Google. Narz\u0119dzie dostarcza przydatnych wskaz\u00f3wek, jak przyspieszy\u0107 dzia\u0142anie stron w witrynie i jakie b\u0142\u0119dy nale\u017cy w tym celu pope\u0142ni\u0107. Sprawd\u017a szybko\u015b\u0107 strony i napraw wszystkie b\u0142\u0119dy.<\/p>\n<div class=\"content__img-wrap\"><img src=\"https:\/\/sitechecker.pro\/wp-content\/uploads\/2022\/01\/speed_test_2.png\" alt=\"sprawdzanie podstawowych parametr\u00f3w Web Vitals\" class=\"description-img description-img-zoom\" loading=\"lazy\" ><\/div>\n<p>Dzi\u0119ki szczeg\u00f3\u0142owym wykresom przedstawiaj\u0105cym stan Twojej witryny mo\u017cesz szybko pozna\u0107 problematyczne obszary i aspekty, kt\u00f3re wymagaj\u0105 pilnej interwencji. Narz\u0119dzie poka\u017ce Ci, na co zwr\u00f3ci\u0107 uwag\u0119 i jak poprawi\u0107 b\u0142\u0119dy.<\/p>\n<div class=\"content__img-wrap\"><img src=\"https:\/\/sitechecker.pro\/wp-content\/uploads\/2022\/01\/speed_test_3.png\" alt=\"analizuj szczeg\u00f3\u0142y wydajno\u015bci internetowej Twojej witryny \" class=\"description-img description-img-zoom\" loading=\"lazy\" ><\/div>\n<p>Sprawd\u017a szybko\u015b\u0107 strony i przyspiesz z naszym testem szybko\u015bci strony!<\/p>\n<h2 id=\"troubleshooting\">Rozwi\u0105zywanie problem\u00f3w Wskaz\u00f3wki dotycz\u0105ce optymalizacji szybko\u015bci witryny<\/h2>\n<p>Test szybko\u015bci \u0142adowania strony mo\u017ce poprawi\u0107 szybko\u015b\u0107 Twojej strony. Oto niekt\u00f3re z najcz\u0119stszych problem\u00f3w, kt\u00f3re uniemo\u017cliwiaj\u0105 szybsze \u0142adowanie witryn i prowadz\u0105 do utraty potencjalnych klient\u00f3w. Zebrali\u015bmy te wskaz\u00f3wki, aby\u015b wiedzia\u0142, od czego zacz\u0105\u0107 prac\u0119 nad popraw\u0105 wydajno\u015bci zasob\u00f3w. S\u0105 to proste wskaz\u00f3wki, kt\u00f3re mog\u0105 zrobi\u0107 nawet pocz\u0105tkuj\u0105cy. Zwr\u00f3\u0107 uwag\u0119 na wskaz\u00f3wki dotycz\u0105ce rozwi\u0105zywania problem\u00f3w i rozwi\u0144 swoj\u0105 witryn\u0119 bez wi\u0119kszego wysi\u0142ku.<\/p>\n<h3>Por\u00f3wnaj szybko\u015b\u0107 strony w Chrome, Firefox i IE<\/h3>\n<p>Narz\u0119dzie do sprawdzania szybko\u015bci witryny internetowej testuje szybko\u015b\u0107 \u0142adowania witryny z najpopularniejszych przegl\u0105darek. Warto pami\u0119ta\u0107, \u017ce cho\u0107 wi\u0119kszo\u015b\u0107 u\u017cytkownik\u00f3w przegl\u0105da Internet w Chrome, jest te\u017c wielu potencjalnych klient\u00f3w korzystaj\u0105cych z innych. Warto wi\u0119c zwr\u00f3ci\u0107 szczeg\u00f3ln\u0105 uwag\u0119 na optymalizacj\u0119 pod k\u0105tem innych, mniej popularnych przegl\u0105darek, aby nie straci\u0107 potencjalnych odbiorc\u00f3w i klient\u00f3w.<\/p>\n<h3>Sprawd\u017a szybko\u015b\u0107 swojej witryny z r\u00f3\u017cnych miast \u015bwiata<\/h3>\n<p>Uzyskaj wyj\u0105tkow\u0105 okazj\u0119, aby sprawdzi\u0107 szybko\u015b\u0107 \u0142adowania swojej witryny z r\u00f3\u017cnych lokalizacji na ca\u0142ym \u015bwiecie. Nasze narz\u0119dzie udost\u0119pnia kilka kraj\u00f3w, aby sprawdzi\u0107, jak szybko Twoja witryna b\u0119dzie si\u0119 \u0142adowa\u0107 dla u\u017cytkownik\u00f3w tam mieszkaj\u0105cych. Pozwoli Ci to zidentyfikowa\u0107 i zapobiec ewentualnym problemom, kt\u00f3re spowalniaj\u0105 Twoj\u0105 witryn\u0119.<\/p>\n<h3>Przetestuj szybko\u015b\u0107 swojej witryny mobilnej<\/h3>\n<p>Pami\u0119taj, \u017ce wi\u0119kszo\u015b\u0107 u\u017cytkownik\u00f3w b\u0119dzie przegl\u0105da\u0107 Tw\u00f3j zas\u00f3b z urz\u0105dze\u0144 mobilnych. Dlatego nasze narz\u0119dzie daje mo\u017cliwo\u015b\u0107 przetestowania szybko\u015bci platformy z r\u00f3\u017cnych urz\u0105dze\u0144. U\u017cywaj szybko \u0142aduj\u0105cych si\u0119 format\u00f3w stron, aby u\u017cytkownicy uzyskiwali informacje z Twoich stron jeszcze szybciej.<\/p>\n<h3>Optymalizacja serwera<\/h3>\n<p>Po pierwsze, cz\u0119\u015b\u0107 serwerowa jest \u0142atwa do monitorowania i kontrolowania. Po drugie, przy powa\u017cnych problemach z czasem reakcji serwera, spowolnienie jest odczuwalne dla wszystkich. Powiniene\u015b powa\u017cnie zadba\u0107 o ten parametr, aby Tw\u00f3j zas\u00f3b by\u0142 jeszcze lepszy w wynikach wyszukiwania.<\/p>\n<h3>Optymalizacja klienta<\/h3>\n<p>Oto kilka uniwersalnych wskaz\u00f3wek, kt\u00f3re pomog\u0105 przyspieszy\u0107 korzystanie z dowolnego zasobu. Przede wszystkim zwr\u00f3\u0107 uwag\u0119 na te czynniki.<\/p>\n<table class=\"table-classic table-td-3\">\n<g\u0142owa><\/p>\n<tr>\n<th>Wskaz\u00f3wki<\/th>\n<th>Wyja\u015bnienie<\/th>\n<\/tr>\n<tbody>\n<tr>\n<td><strong>Optymalizacja czcionek internetowych<\/strong><\/td>\n<td>warto zmniejszy\u0107 ruch czcionek w Twojej witrynie. Aby to zrobi\u0107, u\u017cyj WOFF2 dla nowoczesnych przegl\u0105darek. U\u017cywaj tylko popularnych format\u00f3w, \u0142aci\u0144skiego i cyrylicy. Wst\u0119pne \u0142adowanie pozwoli Ci powiadomi\u0107 przegl\u0105dark\u0119, kiedy pobra\u0107 plik czcionki. Funkcja wy\u015bwietlania czcionek zapewnia elastyczny spos\u00f3b kontrolowania zachowania przegl\u0105darki, je\u015bli plik zostanie op\u00f3\u017aniony;<\/td>\n<\/tr>\n<tr>\n<td><strong>Optymalizacja obraz\u00f3w<\/strong><\/td>\n<td>\u0142adowanie ci\u0119\u017ckich obraz\u00f3w powoduje, \u017ce witryna dzia\u0142a znacznie wolniej. Mo\u017cesz u\u017cy\u0107 specjalnych program\u00f3w, kt\u00f3re zmniejsz\u0105 rozmiar obrazu. Poza tym takie us\u0142ugi spowoduj\u0105 kompresj\u0119 bez utraty jako\u015bci, a zatem Twoi u\u017cytkownicy nawet nie zauwa\u017c\u0105 r\u00f3\u017cnicy. Skorzystaj z tych us\u0142ug optymalizacji, aby strony witryny \u0142adowa\u0142y si\u0119 tak szybko, jak to mo\u017cliwe, zmniejszaj\u0105c rozmiar obraz\u00f3w na stronach witryny;<\/td>\n<\/tr>\n<tr>\n<td><strong>Kompresja danych<\/strong><\/td>\n<td>jak wspomnieli\u015bmy wcze\u015bniej, kod Twojej strony internetowej powinien by\u0107 tak prosty i zoptymalizowany, jak to tylko mo\u017cliwe. Usu\u0144 niewygodne konstrukcje, zast\u0105p je prostszymi wersjami. Pami\u0119taj, \u017ce kompresja danych Twojej strony przyspieszy zas\u00f3b i nie straci potencjalnych klient\u00f3w. U\u017cyj kompresji statycznej, aby serwer udost\u0119pnia\u0142 u\u017cytkownikom najnowsz\u0105 skompresowan\u0105 wersj\u0119 Twojej witryny<\/td>\n<\/tr>\n<\/tbody>\n<\/table>\n<h3>Korzystanie z CDN<\/h3>\n<p>Zastosowanie CDN jest reklamowanym \u015brodkiem do przyspieszenia twojego zasobu. Nie zaniedbuj tej okazji, aby poprawi\u0107 wydajno\u015b\u0107 swojej platformy ju\u017c teraz!<\/p>\n<p>U\u017cytkownik zazwyczaj \u0142\u0105czy si\u0119 z najbli\u017cszym serwerem sieciowym. Dlatego tworzenie po\u0142\u0105czenia TCP i TLS przebiega szybciej. W przypadku danych znajduj\u0105cych si\u0119 w CDN u\u017cytkownik mo\u017ce je uzyska\u0107 znacznie szybciej. To ustawienie znacznie zmniejsza obci\u0105\u017cenie serwera.<\/p>\n<p>CDN mo\u017ce dostarczy\u0107 dane zasobu w oryginalnej formie i je zoptymalizowa\u0107. Pozwala przyspieszy\u0107 \u0142adowanie Twojej witryny bez wi\u0119kszego wysi\u0142ku.<\/p>\n<p>    <div class=\"blog__conversion blog__conversion-app element__logged_out\">\n        <div class=\"blog__conversion-inner\">\n            <p class=\"title\">Znajd\u017a problemy techniczne, kt\u00f3re mog\u0105 zaszkodzi\u0107 szybko\u015bci Twojej witryny!<\/p>\n            <p class=\"description\">Przeszukaj swoj\u0105 witryn\u0119 i znajd\u017a wszelkiego rodzaju problemy, kt\u00f3re mog\u0105 negatywnie wp\u0142yn\u0105\u0107 na szybko\u015b\u0107 Twojej witryny i og\u00f3lnie na SEO.<\/p>\n            <form id=\"audit__form\"\n                  class=\"article__seo-search audit__form Przeszukaj swoj\u0105 witryn\u0119 i znajd\u017a wszelkiego rodzaju problemy, kt\u00f3re mog\u0105 negatywnie wp\u0142yn\u0105\u0107 na szybko\u015b\u0107 Twojej witryny i og\u00f3lnie na SEO.\"\n                  action=\"\"\n                  method=\"POST\"\n                  autocomplete=\"off\">\n                <span class=\"error\"><\/span>\n                <div class=\"error__limits\">Something went wrong. Please, try again later.<\/div>\n                <input name=\"url\"\n                       type=\"text\"\n                       placeholder=\"Wprowad\u017a tutaj swoj\u0105 domen\u0119\">\n                                <button type=\"submit\"\n                        class=\"sitechecker__text\">\n                    <span>Uruchom audyt<\/span>\n                    <img src=\"\/wp-content\/themes\/sitechecker\/out\/img_design\/loading.svg\"\n                         width=\"31\"\n                         height=\"30\"\n                         class=\"loading\">\n                <\/button>\n            <\/form>\n        <\/div>\n    <\/div>\n    <\/p>","protected":false},"excerpt":{"rendered":"Co to jest narz\u0119dzie do testowania szybko\u015bci strony witryny? Szybko\u015b\u0107 \u0142adowania Twojej witryny jest kluczowym parametrem dla rankingu wyszukiwarek. Stworzyli\u015bmy test szybko\u015bci witryny, aby\u015b m\u00f3g\u0142 przeanalizowa\u0107 szybko\u015b\u0107 \u0142adowania swojej witryny. Mo\u017cesz go u\u017cy\u0107, aby przyspieszy\u0107 \u0142adowanie zasobu i zrozumie\u0107, co powoduje spowolnienie Twojej witryny. Test szybko\u015bci witryny jest \u0142atwy w u\u017cyciu i b\u0119dzie odpowiada\u0142 zar\u00f3wno&#8230;","protected":false},"author":10409641,"featured_media":3348,"parent":0,"menu_order":0,"comment_status":"closed","ping_status":"closed","template":"pages-templates\/pages-minitools-3.php","meta":[],"categories":[74],"tags":[],"_links":{"self":[{"href":"https:\/\/sitechecker.pro\/pl\/wp-json\/wp\/v2\/pages\/1063"}],"collection":[{"href":"https:\/\/sitechecker.pro\/pl\/wp-json\/wp\/v2\/pages"}],"about":[{"href":"https:\/\/sitechecker.pro\/pl\/wp-json\/wp\/v2\/types\/page"}],"author":[{"embeddable":true,"href":"https:\/\/sitechecker.pro\/pl\/wp-json\/wp\/v2\/users\/10409641"}],"replies":[{"embeddable":true,"href":"https:\/\/sitechecker.pro\/pl\/wp-json\/wp\/v2\/comments?post=1063"}],"version-history":[{"count":154,"href":"https:\/\/sitechecker.pro\/pl\/wp-json\/wp\/v2\/pages\/1063\/revisions"}],"predecessor-version":[{"id":39384,"href":"https:\/\/sitechecker.pro\/pl\/wp-json\/wp\/v2\/pages\/1063\/revisions\/39384"}],"wp:featuredmedia":[{"embeddable":true,"href":"https:\/\/sitechecker.pro\/pl\/wp-json\/wp\/v2\/media\/3348"}],"wp:attachment":[{"href":"https:\/\/sitechecker.pro\/pl\/wp-json\/wp\/v2\/media?parent=1063"}],"wp:term":[{"taxonomy":"category","embeddable":true,"href":"https:\/\/sitechecker.pro\/pl\/wp-json\/wp\/v2\/categories?post=1063"},{"taxonomy":"post_tag","embeddable":true,"href":"https:\/\/sitechecker.pro\/pl\/wp-json\/wp\/v2\/tags?post=1063"}],"curies":[{"name":"wp","href":"https:\/\/api.w.org\/{rel}","templated":true}]}}