{"id":7885,"date":"2019-09-05T13:51:52","date_gmt":"2019-09-05T13:51:52","guid":{"rendered":"https:\/\/sitechecker.pro\/?page_id=7885"},"modified":"2025-02-06T11:00:13","modified_gmt":"2025-02-06T11:00:13","slug":"page-counter","status":"publish","type":"page","link":"https:\/\/sitechecker.pro\/no\/page-counter\/","title":{"rendered":"Website Page Counter | Sjekk hvor mange sider p\u00e5 nettstedet"},"content":{"rendered":"<p><\/p>\n<h2 id=\"par1\">Hva er en sidenummerkontroll for nettsted?<\/h2>\n<p>Sideteller er et verkt\u00f8y som hjelper deg \u00e5 telle antall nettadresser p\u00e5 nettstedet ditt. Det kan v\u00e6re nyttig for \u00e5 spore indekseringsstatusen din og identifisere eventuelle tekniske problemer. Sitechecker-nettstedets URL-tellerverkt\u00f8y er enkelt \u00e5 bruke og har en rekke funksjoner.<\/p>\n<h3>Tellkontrollen for nettstedssider kan hjelpe deg med f\u00f8lgende<\/h3>\n<ul>\n<li>Bestemme det totale antallet av alle nettadressene p\u00e5 nettstedet ditt.<\/li>\n<li>Identifisere hvilke nettadresser fra XML-nettkartet som er indeksert av Googles s\u00f8kemotorer.<\/li>\n<li>Oppdager eventuelle feil p\u00e5 ditt eget nettsteds URL-er.<\/li>\n<li>Forst\u00e5 hvordan du kan distribuere linkequity effektivt p\u00e5 tvers av nettstedet ditt.<\/li>\n<\/ul>\n<h3>N\u00f8kkelfunksjoner for en sideteller p\u00e5 et nettsted<\/h3>\n<p><strong>United Dashboard: <\/strong>Et enhetlig dashbord gir ett enkelt sted \u00e5 se de tekniske helsedataene til nettstedet ditt. Du kan se disse dataene for bestemte perioder, for eksempel i dag, i g\u00e5r, forrige uke, forrige m\u00e5ned og hittil i \u00e5r.<\/p>\n<p><strong>Brukervennlig grensesnitt: <\/strong>Et brukervennlig grensesnitt gj\u00f8r det enkelt \u00e5 bruke og analysere trafikkdataene dine. Dashbordet er godt organisert og lett \u00e5 navigere.<\/p>\n<p><strong>Komplett SEO-verkt\u00f8ysett: <\/strong>Et komplett SEO-verkt\u00f8ysett inkluderer en rekke instrumenter for \u00e5 hjelpe deg med \u00e5 forbedre nettstedets rangering i s\u00f8kemotorresultater (SERP). Dette kan inkludere verkt\u00f8y for s\u00f8keordunders\u00f8kelser, koblingsbygging og teknisk SEO.<\/p>\n<h2 id=\"par2\">Hvordan bruker jeg sidetelleren for nettstedet?<\/h2>\n<p>Sp\u00f8r du deg selv hvordan du enkelt finner antall HTML-sider p\u00e5 en nettside? V\u00e5rt verkt\u00f8y gir deg svaret.<\/p>\n<h3>Trinn 1: Sett inn domenet ditt <\/h3>\n<p>Alt du trenger \u00e5 gj\u00f8re er \u00e5 skrive inn domenenavnet og deretter se alle nettadressene p\u00e5 et nettsted.<\/p>\n<div class=\"content__img-wrap\"><img src=\"https:\/\/sitechecker.pro\/wp-content\/uploads\/2023\/11\/website-page-counter.png\" alt=\"Nettsideteller\" class=\"description-img description-img-zoom\" loading=\"lazy\" ><\/div>\n<div class=\"important-block\">For \u00e5 motta resultater og tilgang til Sitecheckers funksjoner i 14 dager, start din GRATIS pr\u00f8veperiode. Det er enkelt \u00e5 registrere seg med e-post-, Google- eller Facebook-kontoen din. Ingen kredittkort er n\u00f8dvendig.<\/div>\n<h3>Trinn 2: F\u00e5 resultatet<\/h3>\n<p>Etter gjennoms\u00f8king kan du se \u00abhvor mange nettadresser er det\u00bb. Dette tallet angir hvor mange nettadresser <a href=\"https:\/\/sitechecker.pro\/what-is-google-index\/\" target=\"_blank\" rel=\"noopener noreferrer\">Google-indeksen<\/a> har:<\/p>\n<div class=\"content__img-wrap\"><img src=\"https:\/\/sitechecker.pro\/wp-content\/uploads\/2023\/11\/website-page-counter-results.png\" alt=\"Nettsidetellerresultater\" class=\"description-img description-img-zoom\" loading=\"lazy\" ><\/div>\n<p>Finn en liste over problemer funnet p\u00e5 de gjennoms\u00f8kte nettadressene nedenfor. For \u00e5 sjekke alle nettadressene p\u00e5 nettstedet ditt for feil, b\u00f8r du vurdere \u00e5 oppgradere tariffplanen din.<\/p>\n<div class=\"content__img-wrap\"><img src=\"https:\/\/sitechecker.pro\/wp-content\/uploads\/2023\/11\/page-counter-issues-list.png\" alt=\"Liste over sidetellerproblemer\" class=\"description-img description-img-zoom\" loading=\"lazy\" ><\/div>\n<p>For hver identifiserte feil inneholder listen feils\u00f8kingsforslag og spesifiserer nettadressene der den oppstod.<\/p>\n<div class=\"content__img-wrap\"><img src=\"https:\/\/sitechecker.pro\/wp-content\/uploads\/2023\/11\/view-issue-option.png\" alt=\"Se problemalternativ\" class=\"description-img description-img-zoom\" loading=\"lazy\" ><\/div>\n<h2 id=\"par3\">Tilleggsfunksjoner i Web Page Counter Tool<\/h2>\n<p>Ved \u00e5 klikke p\u00e5 \u00abGjennoms\u00f8kte sider\u00bb eller \u00abVis alle sider\u00bb kan du ogs\u00e5 \u00e5pne listen over nettadresser med informasjon om problemer, status og andre typer URL-m\u00e5l <a href=\"https:\/\/sitechecker.pro\/\" =\"_blank\" rel=\"noopener noreferrer\">SEO-revisjon<\/a>-informasjon.<\/p>\n<div class=\"content__img-wrap\"><img src=\"https:\/\/sitechecker.pro\/wp-content\/uploads\/2023\/11\/page-counter-view-all-pages.png\" alt=\"Sideteller se alle sider\" class=\"description-img description-img-zoom\" loading=\"lazy\" ><\/div>\n<div class=\"content__img-wrap\"><img src=\"https:\/\/sitechecker.pro\/wp-content\/uploads\/2023\/11\/page-counter-additional-features.png\" alt=\"Sideteller tilleggsfunksjoner\" class=\"description-img description-img-zoom\" loading=\"lazy\" ><\/div>\n<p>Denne delen viser en kategorisert liste over feil, slik at du kan sortere dem etter prioritet eller kategori. Hvis nettstedet inneholder \u00f8delagte nettadresser eller omdirigeringer, kan du filtrere dem ut i tabellen. Sidevektindikatoren gir innsikt i effektiviteten til den interne koblingsstrukturen din.<\/p>\n<p>Med denne informasjonen kan du raskt l\u00f8se kritiske problemer p\u00e5 ditt eget nettsted og motta veiledning om optimalisering av nettstedet ditt.<\/p>\n<p>Se ogs\u00e5 videoguiden v\u00e5r om hvordan du bruker Page Counter p\u00e5 SiteChecker-plattformen:<\/p>\n<p><iframe width=\"700\" height=\"350\" src=\"https:\/\/www.youtube.com\/embed\/-cexaqBe4KQ?si=4doM2SLEO-4z_i69&amp;start=213\" title=\"YouTube-videospiller\" frameborder=\" 0\" allow=\"accelerometer; autoplay; utklippstavle-skriv; kryptert-media; gyroskop; bilde-i-bilde; nettdeling\" allowfullscreen><\/iframe><\/p>\n<h2 id=\"par4\">Endelig id\u00e9<\/h2>\n<p>Website Post Counter er et effektivt gratisverkt\u00f8y som tilbys av Sitechecker som teller sidene p\u00e5 nettstedet ditt, hjelper til med \u00e5 spore indeksering og identifisere tekniske problemer. Den har brukervennlige funksjoner som filtrering etter type og gjennoms\u00f8kingsdybde. Viktige fordeler inkluderer muligheten til \u00e5 fastsl\u00e5 nettstedets totale URL-antall, identifisere sider som er indeksert, se etter duplikater, oppdage feil og strategisere distribusjon av linkequity. Dashbordet sentraliserer tekniske helsedata, og presenterer et brukervennlig grensesnitt for trafikkanalyse og et komplett sett med SEO-verkt\u00f8y for \u00e5 forbedre SERP-rangeringer.<\/p>\n<div id=\"par5\"><\/div>\n<p><div class=\"front__faq-block\"><div class=\"faq__block-title\">FAQ<\/div><div class=\"panel-group\" id=\"faq-accordion\" itemscope itemtype=\"https:\/\/schema.org\/FAQPage\" role=\"tablist\" aria-multiselectable=\"true\"><div class=\"panel\" itemscope itemtype=\"https:\/\/schema.org\/Question\" itemprop=\"mainEntity\">\n                            <div class=\"panel-heading\" id=\"headingFaq-1\">\n                                <div class=\"panel-title\" data-toggle=\"collapse\" aria-expanded=\"false\" href=\"#collapseFaq-1\">\n                                    <h3 itemprop=\"name\">Hva er hovedform\u00e5let med sidetellers\u00f8keren?<\/h3>\n                                <\/div>\n                            <\/div>\n                            <div id=\"collapseFaq-1\" class=\"panel-collapse collapse\" itemprop=\"acceptedAnswer\" itemscope itemtype=\"http:\/\/schema.org\/Answer\">\n                                <div class=\"panel-body\" itemprop=\"text\">Hovedform\u00e5let med nettverkt\u00f8yet Sideteller er \u00e5 gi en telling av det totale antallet nettadresser p\u00e5 nettstedet ditt, hjelpe med \u00e5 spore hvilke nettadresser som er indeksert av s\u00f8kemotorer, identifisere duplikatinnhold, oppdage eventuelle feil og gi innsikt for optimalisering link egenkapitaldistribusjon.<\/div>\n                            <\/div>\n                        <\/div><div class=\"panel\" itemscope itemtype=\"https:\/\/schema.org\/Question\" itemprop=\"mainEntity\">\n                            <div class=\"panel-heading\" id=\"headingFaq-2\">\n                                <div class=\"panel-title\" data-toggle=\"collapse\" aria-expanded=\"false\" href=\"#collapseFaq-2\">\n                                    <h3 itemprop=\"name\">Hvordan sjekker jeg hvor mange sider et nettsted har?<\/h3>\n                                <\/div>\n                            <\/div>\n                            <div id=\"collapseFaq-2\" class=\"panel-collapse collapse\" itemprop=\"acceptedAnswer\" itemscope itemtype=\"http:\/\/schema.org\/Answer\">\n                                <div class=\"panel-body\" itemprop=\"text\">Bruk et nettstedartikkeltellerverkt\u00f8y som Sitechecker ved \u00e5 g\u00e5 inn p\u00e5 nettstedets domene for \u00e5 f\u00e5 en fullstendig telling av alle nettadressene.<\/div>\n                            <\/div>\n                        <\/div><div class=\"panel\" itemscope itemtype=\"https:\/\/schema.org\/Question\" itemprop=\"mainEntity\">\n                            <div class=\"panel-heading\" id=\"headingFaq-3\">\n                                <div class=\"panel-title\" data-toggle=\"collapse\" aria-expanded=\"false\" href=\"#collapseFaq-3\">\n                                    <h3 itemprop=\"name\">Hvordan teller jeg nettadresser p\u00e5 et nettsted?<\/h3>\n                                <\/div>\n                            <\/div>\n                            <div id=\"collapseFaq-3\" class=\"panel-collapse collapse\" itemprop=\"acceptedAnswer\" itemscope itemtype=\"http:\/\/schema.org\/Answer\">\n                                <div class=\"panel-body\" itemprop=\"text\">Bruk en sidekontroll for nettstedtelling ved \u00e5 skrive inn domenenavnet ditt for \u00e5 automatisk telle URL-ene.<\/div>\n                            <\/div>\n                        <\/div><div class=\"panel\" itemscope itemtype=\"https:\/\/schema.org\/Question\" itemprop=\"mainEntity\">\n                            <div class=\"panel-heading\" id=\"headingFaq-4\">\n                                <div class=\"panel-title\" data-toggle=\"collapse\" aria-expanded=\"false\" href=\"#collapseFaq-4\">\n                                    <h3 itemprop=\"name\">Hvor mange nettadresser har et typisk nettsted?<\/h3>\n                                <\/div>\n                            <\/div>\n                            <div id=\"collapseFaq-4\" class=\"panel-collapse collapse\" itemprop=\"acceptedAnswer\" itemscope itemtype=\"http:\/\/schema.org\/Answer\">\n                                <div class=\"panel-body\" itemprop=\"text\">Et typisk nettsted kan ha alt fra noen f\u00e5 nettadresser til hundrevis, avhengig av form\u00e5let og omfanget. Sm\u00e5 bedrifter har ofte f\u00e6rre enn 20 nettadresser, for eksempel, mens st\u00f8rre nettsteder og e-handelssider kan ha hundrevis til tusenvis av nettsider.<\/div>\n                            <\/div>\n                        <\/div><\/div><\/div><\/p>","protected":false},"excerpt":{"rendered":"Hva er en sidenummerkontroll for nettsted? Sideteller er et verkt\u00f8y som hjelper deg \u00e5 telle antall nettadresser p\u00e5 nettstedet ditt. Det kan v\u00e6re nyttig for \u00e5 spore indekseringsstatusen din og identifisere eventuelle tekniske problemer. Sitechecker-nettstedets URL-tellerverkt\u00f8y er enkelt \u00e5 bruke og har en rekke funksjoner. Tellkontrollen for nettstedssider kan hjelpe deg med f\u00f8lgende Bestemme det&#8230;","protected":false},"author":10504980,"featured_media":7945,"parent":0,"menu_order":0,"comment_status":"closed","ping_status":"closed","template":"pages-templates\/pages-minitools.php","meta":[],"categories":[73],"tags":[],"_links":{"self":[{"href":"https:\/\/sitechecker.pro\/no\/wp-json\/wp\/v2\/pages\/7885"}],"collection":[{"href":"https:\/\/sitechecker.pro\/no\/wp-json\/wp\/v2\/pages"}],"about":[{"href":"https:\/\/sitechecker.pro\/no\/wp-json\/wp\/v2\/types\/page"}],"author":[{"embeddable":true,"href":"https:\/\/sitechecker.pro\/no\/wp-json\/wp\/v2\/users\/10504980"}],"replies":[{"embeddable":true,"href":"https:\/\/sitechecker.pro\/no\/wp-json\/wp\/v2\/comments?post=7885"}],"version-history":[{"count":87,"href":"https:\/\/sitechecker.pro\/no\/wp-json\/wp\/v2\/pages\/7885\/revisions"}],"predecessor-version":[{"id":35343,"href":"https:\/\/sitechecker.pro\/no\/wp-json\/wp\/v2\/pages\/7885\/revisions\/35343"}],"wp:featuredmedia":[{"embeddable":true,"href":"https:\/\/sitechecker.pro\/no\/wp-json\/wp\/v2\/media\/7945"}],"wp:attachment":[{"href":"https:\/\/sitechecker.pro\/no\/wp-json\/wp\/v2\/media?parent=7885"}],"wp:term":[{"taxonomy":"category","embeddable":true,"href":"https:\/\/sitechecker.pro\/no\/wp-json\/wp\/v2\/categories?post=7885"},{"taxonomy":"post_tag","embeddable":true,"href":"https:\/\/sitechecker.pro\/no\/wp-json\/wp\/v2\/tags?post=7885"}],"curies":[{"name":"wp","href":"https:\/\/api.w.org\/{rel}","templated":true}]}}