{"id":7871,"date":"2019-09-05T12:15:59","date_gmt":"2019-09-05T12:15:59","guid":{"rendered":"https:\/\/sitechecker.pro\/?page_id=7871"},"modified":"2024-10-28T16:12:31","modified_gmt":"2024-10-28T16:12:31","slug":"directory-scanner","status":"publish","type":"page","link":"https:\/\/sitechecker.pro\/no\/directory-scanner\/","title":{"rendered":"Website Directory Scanner: Vis struktur og skjulte filer p\u00e5 nettsidekatalogen \u1408"},"content":{"rendered":"<p><\/p>\n<h2 id=\"par1\">Hva er en nettstedkatalogskanner?<\/h2>\n<p>Den gratis nettstedkatalogskanneren levert av Sitechecker er et verkt\u00f8y utviklet for \u00e5 skanne <a href=\"https:\/\/sitechecker.pro\/what-is-directory-website\/\" target=\"_blank\" rel=\"noopener noreferrer\">nettstedkataloger <\/a> og sensitive filer. Denne prosessen er avgj\u00f8rende for \u00e5 oppdage konfidensielle eller skjulte kataloger p\u00e5 et nettsted. Den kan skanne online katalogoppf\u00f8ringer og finne filer som PHP, Robots.txt og annen sensitiv informasjon.<\/p>\n<h3>Fordeler du f\u00e5r ved \u00e5 bruke Nettstedkatalogskanneren p\u00e5 nettet<\/h3>\n<p><strong>N\u00f8yaktig gjenkjenning av nettstedhierarki: <\/strong>Skanneren gjennoms\u00f8ker nettserveren og tilbyr en oppdelt visning av et nettsteds hierarki, og segmenterer nettstedet i h\u00e5ndterbare deler for \u00e5 forbedre katalogoverv\u00e5kingen.<\/p>\n<p><strong>Deteksjon av mangler p\u00e5 tvers av kataloger: <\/strong>Subdirectory Finder lar brukere oppdage en spesifisert katalog p\u00e5 nettstedet og identifisere og adressere spesifikke mangler i forskjellige kataloger.<\/p>\n<p><strong>Skreddersydd inspeksjon: <\/strong>Brukere kan tilpasse analysen sin med et komplett utvalg av filtre og innstillinger, og gir en detaljert unders\u00f8kelse av nettstedets strukturelle elementer som stemmer overens med SEO-m\u00e5lene deres.<\/p>\n<h3>N\u00f8kkelfunksjoner i Website Directory Finder<\/h3>\n<ul>\n<li><strong>United Dashboard: <\/strong>Gir en omfattende oversikt over SEO-beregninger som trafikk, s\u00f8keord og tilbakekoblinger, ved hjelp av data fra Google Search Console og Google Analytics for detaljert innsikt.<\/li>\n<li><strong>Brukervennlig grensesnitt: <\/strong>Designet for brukervennlighet, som tillater jevn navigering og tolkning av nettstedberegninger, og passer for brukere p\u00e5 alle tekniske niv\u00e5er.<\/li>\n<li><strong>Komplett SEO-verkt\u00f8ysett: <\/strong>Inkluderer en rekke verkt\u00f8y, for eksempel nettsteds\u00f8keprogram, nettstedoverv\u00e5king, rangeringssporing og mer, for detaljert SEO-analyse og -optimalisering, integrering av data fra forskjellige kilder for et helhetlig syn av SEO-ytelse.<\/li>\n<\/ul>\n<h2 id=\"par2\">Hvordan bruke Online Directory Scanner effektivt?<\/h2>\n<div class=\"content__img-wrap\"><img src=\"https:\/\/sitechecker.pro\/wp-content\/uploads\/2023\/11\/website-directory-scanner_655e1a56a5d9b.png\" alt=\"Nettstedkatalogskanner\" class=\"description-img description-img-zoom\" loading=\"lazy\" ><\/div>\n<div class=\"important-block\">For \u00e5 motta resultater og tilgang til Sitecheckers funksjoner i 14 dager, start din GRATIS pr\u00f8veperiode. Det er enkelt \u00e5 registrere seg med e-post-, Google- eller Facebook-kontoen din. Ingen kredittkort er n\u00f8dvendig.<\/div>\n<p>Site Audit gir et omfattende grensesnitt for vurdering av nettsteds SEO, med rask tilgang til domeneinformasjon, et dashbord for SEO-beregninger, en problemsporing for SEO-problemer, kategoriserte problemmenyer for prioritering og interaktive elementer for dybdeanalyse og rapportering. Klikk p\u00e5 &#8220;Vis alle sider&#8221;-knappen for \u00e5 vise en skjerm som viser alle mappene og undermappene til nettstedet ditt.<\/p>\n<div class=\"content__img-wrap\"><img src=\"https:\/\/sitechecker.pro\/wp-content\/uploads\/2023\/11\/directory-scanner-view-all-pages.png\" alt=\"Katalogskanner se alle sider\" class=\"description-img description-img-zoom\" loading=\"lazy\" ><\/div>\n<p>Website Hidden Page Finder er designet for enkel bruk, slik at b\u00e5de SEO-eksperter og nybegynnere effektivt kan vurdere og forbedre nettstedets s\u00f8kemotorrangeringspotensiale.<\/p>\n<p>URL Directory Scanner presenterer et str\u00f8mlinjeformet grensesnitt for \u00e5 analysere et nettsteds mappestruktur:<\/p>\n<ul>\n<li>Den viser en mappefokusert analyse, med vekt p\u00e5 &#8220;Sider etter mapper&#8221;-fanen som kategoriserer nettsider basert p\u00e5 deres undermappebaner, og hjelper til med \u00e5 organisere store filer og prioritere SEO-innsats.<\/li>\n<li>Denne fanen gir et \u00f8yeblikksbilde av nettstedets arkitektur, sorterer sider i mapper som &#8216;\/shop\/&#8217; eller &#8216;\/cart\/&#8217;, og lar brukere identifisere og sortere problemer etter alvorlighetsgrad eller type, og understreker dermed verkt\u00f8yets evne til \u00e5 dissekere og vise nettstedstruktur for optimaliseringsform\u00e5l.<\/li>\n<\/ul>\n<div class=\"content__img-wrap\"><img src=\"https:\/\/sitechecker.pro\/wp-content\/uploads\/2023\/11\/pages-by-folder.png\" alt=\"Katalogskanner sider etter mappe\" class=\"description-img description-img-zoom\" loading=\"lazy\" ><\/div>\n<p>Nettstedundermappefinneren forbedrer SEO-administrasjonen ved \u00e5 skanne nettstedsmappestrukturen, sortere mappeoppf\u00f8ringer i separate kataloger og eventuelt legge til rette for m\u00e5lrettet analyse av nettstedseksjoner.<\/p>\n<div class=\"content__img-wrap\"><img src=\"https:\/\/sitechecker.pro\/wp-content\/uploads\/2023\/11\/data-display-options.png\" alt=\"Visningsalternativer for katalogskannerdata\" class=\"description-img description-img-zoom\" loading=\"lazy\" ><\/div>\n<p>I tillegg gir Nettstedsmappeskanneren informasjon om sideberegninger og problemer samtidig som den tilbyr tilpasningsalternativer for datavisning. Denne funksjonen er avgj\u00f8rende for effektiv filstruktur, prosjektorganisering og SEO-optimalisering.<\/p>\n<h2 id=\"par3\">Endelig id\u00e9<\/h2>\n<p>Directory Finder Online-verkt\u00f8yet fra Sitechecker er avgj\u00f8rende for grundig analyse av nettstedstrukturen og SEO-optimalisering. Den utmerker seg ved \u00e5 avsl\u00f8re b\u00e5de synlige og skjulte nettstedskataloger, noe som gir en detaljert oversikt over et nettsteds arkitektur. Med funksjoner som n\u00f8yaktig hierarkideteksjon, mappespesifikke SEO-forbedringer og tilpassbare inspeksjoner, henvender den seg til b\u00e5de eksperter og nybegynnere for \u00e5 forbedre nettsteds SEO. Det brukervennlige grensesnittet til Website Directory Viewer, kombinert med et omfattende sett med SEO-verkt\u00f8y, gj\u00f8r det til en verdifull ressurs for effektiv nettstedadministrasjon og optimalisering.<\/p>\n<div id=\"par4\"><\/div>\n<p><div class=\"front__faq-block\"><div class=\"faq__block-title\">FAQ<\/div><div class=\"panel-group\" id=\"faq-accordion\" itemscope itemtype=\"https:\/\/schema.org\/FAQPage\" role=\"tablist\" aria-multiselectable=\"true\"><div class=\"panel\" itemscope itemtype=\"https:\/\/schema.org\/Question\" itemprop=\"mainEntity\">\n                            <div class=\"panel-heading\" id=\"headingFaq-1\">\n                                <div class=\"panel-title\" data-toggle=\"collapse\" aria-expanded=\"false\" href=\"#collapseFaq-1\">\n                                    <h3 itemprop=\"name\">Kan Nettstedtreskanner-verkt\u00f8yet identifisere alle typer finne skjulte filer p\u00e5 nettstedet?<\/h3>\n                                <\/div>\n                            <\/div>\n                            <div id=\"collapseFaq-1\" class=\"panel-collapse collapse\" itemprop=\"acceptedAnswer\" itemscope itemtype=\"http:\/\/schema.org\/Answer\">\n                                <div class=\"panel-body\" itemprop=\"text\">Katalogs\u00f8ker er laget for \u00e5 finne en rekke skjulte filer, inkludert PHP og Robots.txt. Likevel kan den mislykkes i \u00e5 oppdage alle typer skjulte filer, avhengig av nettstedets konfigurasjon og sikkerhetstiltak.<\/div>\n                            <\/div>\n                        <\/div><div class=\"panel\" itemscope itemtype=\"https:\/\/schema.org\/Question\" itemprop=\"mainEntity\">\n                            <div class=\"panel-heading\" id=\"headingFaq-2\">\n                                <div class=\"panel-title\" data-toggle=\"collapse\" aria-expanded=\"false\" href=\"#collapseFaq-2\">\n                                    <h3 itemprop=\"name\">Hva er en URL Fuzzer?<\/h3>\n                                <\/div>\n                            <\/div>\n                            <div id=\"collapseFaq-2\" class=\"panel-collapse collapse\" itemprop=\"acceptedAnswer\" itemscope itemtype=\"http:\/\/schema.org\/Answer\">\n                                <div class=\"panel-body\" itemprop=\"text\">Dette er en oppdagelseshandling som lar deg oppdage ressurser som ikke skal v\u00e6re offentlige (f.eks. \/backups, \/index.php.old, \/archive.tgz, \/source_code.zip osv.).<\/div>\n                            <\/div>\n                        <\/div><div class=\"panel\" itemscope itemtype=\"https:\/\/schema.org\/Question\" itemprop=\"mainEntity\">\n                            <div class=\"panel-heading\" id=\"headingFaq-3\">\n                                <div class=\"panel-title\" data-toggle=\"collapse\" aria-expanded=\"false\" href=\"#collapseFaq-3\">\n                                    <h3 itemprop=\"name\">Er URL Fuzzing ulovlig?<\/h3>\n                                <\/div>\n                            <\/div>\n                            <div id=\"collapseFaq-3\" class=\"panel-collapse collapse\" itemprop=\"acceptedAnswer\" itemscope itemtype=\"http:\/\/schema.org\/Answer\">\n                                <div class=\"panel-body\" itemprop=\"text\">Vi anbefaler p\u00e5 det sterkeste at du ikke kj\u00f8rer programmer for penetrasjonstesting p\u00e5 andres nettsted uten skriftlig tillatelse fra nettredakt\u00f8ren. Det kan f\u00e5 u\u00f8nskede konsekvenser for deg, avhengig av landets nettsikkerhetslover.<\/div>\n                            <\/div>\n                        <\/div><\/div><\/div><\/p>","protected":false},"excerpt":{"rendered":"Hva er en nettstedkatalogskanner? Den gratis nettstedkatalogskanneren levert av Sitechecker er et verkt\u00f8y utviklet for \u00e5 skanne nettstedkataloger og sensitive filer. Denne prosessen er avgj\u00f8rende for \u00e5 oppdage konfidensielle eller skjulte kataloger p\u00e5 et nettsted. Den kan skanne online katalogoppf\u00f8ringer og finne filer som PHP, Robots.txt og annen sensitiv informasjon. Fordeler du f\u00e5r ved \u00e5&#8230;","protected":false},"author":10504980,"featured_media":8390,"parent":0,"menu_order":0,"comment_status":"closed","ping_status":"closed","template":"pages-templates\/pages-minitools.php","meta":[],"categories":[73],"tags":[],"_links":{"self":[{"href":"https:\/\/sitechecker.pro\/no\/wp-json\/wp\/v2\/pages\/7871"}],"collection":[{"href":"https:\/\/sitechecker.pro\/no\/wp-json\/wp\/v2\/pages"}],"about":[{"href":"https:\/\/sitechecker.pro\/no\/wp-json\/wp\/v2\/types\/page"}],"author":[{"embeddable":true,"href":"https:\/\/sitechecker.pro\/no\/wp-json\/wp\/v2\/users\/10504980"}],"replies":[{"embeddable":true,"href":"https:\/\/sitechecker.pro\/no\/wp-json\/wp\/v2\/comments?post=7871"}],"version-history":[{"count":89,"href":"https:\/\/sitechecker.pro\/no\/wp-json\/wp\/v2\/pages\/7871\/revisions"}],"predecessor-version":[{"id":33994,"href":"https:\/\/sitechecker.pro\/no\/wp-json\/wp\/v2\/pages\/7871\/revisions\/33994"}],"wp:featuredmedia":[{"embeddable":true,"href":"https:\/\/sitechecker.pro\/no\/wp-json\/wp\/v2\/media\/8390"}],"wp:attachment":[{"href":"https:\/\/sitechecker.pro\/no\/wp-json\/wp\/v2\/media?parent=7871"}],"wp:term":[{"taxonomy":"category","embeddable":true,"href":"https:\/\/sitechecker.pro\/no\/wp-json\/wp\/v2\/categories?post=7871"},{"taxonomy":"post_tag","embeddable":true,"href":"https:\/\/sitechecker.pro\/no\/wp-json\/wp\/v2\/tags?post=7871"}],"curies":[{"name":"wp","href":"https:\/\/api.w.org\/{rel}","templated":true}]}}