{"id":7844,"date":"2024-02-16T11:17:04","date_gmt":"2024-02-16T11:17:04","guid":{"rendered":"https:\/\/sitechecker.pro\/?page_id=7844"},"modified":"2026-01-16T18:54:47","modified_gmt":"2026-01-16T18:54:47","slug":"domain-to-ip","status":"publish","type":"page","link":"https:\/\/sitechecker.pro\/no\/domain-to-ip\/","title":{"rendered":"Domene til IP-konverter | Konverter domenenavn til IP \u2611"},"content":{"rendered":"<p><\/p>\n<h2 id=\"par1\">Hva er domenenavn-til-IP-adresse-konverteren?<\/h2>\n<p>URL-til-IP-adresse-konverteren fra <a href=\"https:\/\/sitechecker.pro\/\" target=\"_blank\" rel=\"noopener noreferrer\">Sitechecker<\/a> er et verkt\u00f8y som identifiserer IP-adressen til ethvert domenenavn. Ved \u00e5 angi en domenenettadresse l\u00f8ser verkt\u00f8yet opp vertens IP-adresse, noe som hjelper deg \u00e5 forst\u00e5 hvor nettstedet er hostet, hvordan det er konfigurert, og muliggj\u00f8r dypere sikkerhets- og tekniske kontroller.<\/p>\n<h3>Hvordan kan verkt\u00f8yet hjelpe deg<\/h3>\n<p><strong>Konvertering fra domene til IP: <\/strong>l\u00f8ser umiddelbart IP-adressen som er knyttet til et domene og viser hvor nettstedet er hostet.<\/p>\n<p><strong>Bekreftelse av eierskap til nettstedet: <\/strong>hjelper deg \u00e5 verifisere om nettstedet tilh\u00f8rer deg og leder deg til riktig flyt \u2013 detaljerte domenedata for ditt eget nettsted eller en sikkerhetsrapport for eksterne nettsteder.<\/p>\n<p><strong>Sjekk av grunnleggende sikkerhet og serveroppsett: <\/strong>identifiserer problemer i serverkonfigurasjonen, potensielle s\u00e5rbarheter og gir tilgang til en mer omfattende <a href=\"https:\/\/sitechecker.pro\/website-safety\/\" target=\"_blank\" rel=\"noopener noreferrer\">sikkerhetsanalyse<\/a>.<\/p>\n<h3>Viktige funksjoner i verkt\u00f8yet<\/h3>\n<p><strong>Samlet kontrollpanel: <\/strong>tilbyr et sentralisert dashbord som gir en helhetlig oversikt over nettstedets SEO-ytelse. Dashbordet samler data fra ulike analyser og <a href=\"https:\/\/sitechecker.pro\/website-monitoring\/\" target=\"_blank\" rel=\"noopener noreferrer\">SEO-overv\u00e5king<\/a>, og presenterer dem p\u00e5 en klar og lettfattelig m\u00e5te.<\/p>\n<p><strong>Brukervennlig grensesnitt: <\/strong>utformet med fokus p\u00e5 brukeropplevelse, med et intuitivt grensesnitt som gj\u00f8r navigasjon og bruk s\u00f8ml\u00f8s.<\/p>\n<p><strong>Komplett SEO-verkt\u00f8ysett: <\/strong>tilbyr en full pakke med SEO-verkt\u00f8y som dekker alle aspekter av nettstedoptimalisering.<\/p>\n<h2 id=\"par2\">Slik bruker du verkt\u00f8yet<\/h2>\n<p>N\u00e5r du er p\u00e5 siden for Website IP Checker, vil du se et felt der du kan skrive inn domenenavnet du \u00f8nsker \u00e5 konvertere. Skriv domenenavnet i dette feltet.<\/p>\n<p>Etter at du har skrevet inn domenenavnet, klikker du p\u00e5 \u00abFind IP\u00bb.<\/p>\n<div class=\"content__img-wrap\"><img src=\"https:\/\/sitechecker.pro\/wp-content\/uploads\/2025\/12\/domain-to-ip-converter.png\" alt=\"Domain Name to IP Address converter\" class=\"description-img description-img-zoom\" loading=\"lazy\" ><\/div>\n<p>Deretter blir du spurt om nettstedet tilh\u00f8rer deg eller ikke. Velg \u00abYes, it\u2019s mine\u00bb hvis du vil ha en full sikkerhetsanalyse og nettstedrevisjon, eller velg \u00abNo, it\u2019s not\u00bb for \u00e5 se rapporten for et eksternt nettsted.<\/p>\n<div class=\"content__img-wrap\"><img src=\"https:\/\/sitechecker.pro\/wp-content\/uploads\/2025\/12\/is-it-your-own-site.png\" alt=\"Is it your own website?\" class=\"description-img description-img-zoom\" loading=\"lazy\" ><\/div>\n<h2 id=\"par3\">Domene-til-IP-konverter for ditt eget nettsted<\/h2>\n<h3>Steg 1: Velg inspeksjon av ditt eget nettsted<\/h3>\n<div class=\"content__img-wrap\"><img src=\"https:\/\/sitechecker.pro\/wp-content\/uploads\/2025\/12\/my-site.png\" alt=\"It is my own website\" class=\"description-img description-img-zoom\" loading=\"lazy\" ><\/div>\n<h3>Steg 2: F\u00e5 resultatene<\/h3>\n<p>Etter at du har valgt at nettstedet tilh\u00f8rer deg, blir du sendt til Domain Info-visningen i ditt f\u00f8rste prosjekt. Her ser du detaljerte hostingdata, inkludert nettstedets IP-adresse, serverplassering, land, organisasjon og andre tekniske parametere p\u00e5 domeneniv\u00e5.<\/p>\n<p>Denne informasjonen hjelper deg \u00e5 forst\u00e5 hvor nettstedet ditt er hostet og hvordan infrastrukturen er konfigurert.<\/p>\n<div class=\"content__img-wrap\"><img src=\"https:\/\/sitechecker.pro\/wp-content\/uploads\/2025\/12\/where-is-site-hosted-ip-adress.png\" alt=\"Where is site hosted, IP adress\" class=\"description-img description-img-zoom\" loading=\"lazy\" ><\/div>\n<div class=\"important-block\">For \u00e5 motta resultater og f\u00e5 tilgang til Sitecheckers funksjoner i 14 dager, start din GRATIS pr\u00f8veperiode. Registrering er enkelt med e-post, Google eller Facebook. Ingen kredittkort kreves.<\/div>\n<h3>Ekstra funksjoner for domene-til-IP-sjekken<\/h3>\n<p>Utover \u00e5 identifisere nettstedets IP-adresse og hostingplassering, gir verkt\u00f8yet tilgang til en omfattende oversikt over sikkerhetsproblemer i Site Audit-modulen. Denne delen fremhever s\u00e5rbarheter knyttet til HTTPS, serverkonfigurasjon, blandet innhold, XSS- og clickjacking-beskyttelse, SSL-gyldighet og andre faktorer som kan utsette nettstedet ditt for risiko.<\/p>\n<div class=\"content__img-wrap\"><img src=\"https:\/\/sitechecker.pro\/wp-content\/uploads\/2025\/12\/site-audit-security-issues.png\" alt=\"Site audit security issues\" class=\"description-img description-img-zoom\" loading=\"lazy\" ><\/div>\n<p>Du kan gjennomg\u00e5 hvert problem i detalj, forst\u00e5 konsekvensene og f\u00e5 anbefalinger om hvordan det kan l\u00f8ses for \u00e5 holde nettstedet ditt sikkert og i samsvar med kravene.<\/p>\n<h2 id=\"par4\">Domene-til-IP-konverter for et annet nettsted<\/h2>\n<h3>Steg 1: Velg at du sjekker noen andres nettsted<\/h3>\n<div class=\"content__img-wrap\"><img src=\"https:\/\/sitechecker.pro\/wp-content\/uploads\/2025\/12\/not-my-site.png\" alt=\"It is not my own website?\" class=\"description-img description-img-zoom\" loading=\"lazy\" ><\/div>\n<h3>Steg 2: F\u00e5 resultatene<\/h3>\n<p>Du blir videresendt til Website Safety Report for domenet du sjekker. Rapporten viser nettstedets IP-adresse, serverplassering (inkludert land, region og by) samt <a href=\"https:\/\/sitechecker.pro\/hosting-checker\/\" target=\"_blank\" rel=\"noopener noreferrer\">hostingorganisasjonen<\/a>.<\/p>\n<div class=\"content__img-wrap\"><img src=\"https:\/\/sitechecker.pro\/wp-content\/uploads\/2025\/12\/website-safety-report-ip-adress.png\" alt=\"Website safety report, IP adress\" class=\"description-img description-img-zoom\" loading=\"lazy\" ><\/div>\n<p>Registrer deg for \u00e5 motta sikkerhetsfunn, inkludert <a href=\"https:\/\/sitechecker.pro\/site-audit-issues\/https-http-mixed-content\/\" target=\"_blank\" rel=\"noopener noreferrer\">blandet innhold<\/a>, HTTP-lenker eller manglende <a href=\"https:\/\/sitechecker.pro\/http-header-checker\/\" target=\"_blank\" rel=\"noopener noreferrer\">beskyttelses-headere<\/a>.<\/p>\n<h2 id=\"par5\">Avsluttende tanke<\/h2>\n<p>Domene-til-IP-konverteren er et enkelt, men kraftig verkt\u00f8y for \u00e5 avdekke hvor et nettsted er hostet og hvordan infrastrukturen er konfigurert. Enten du sjekker ditt eget nettsted eller analyserer et eksternt domene, leverer verkt\u00f8yet presise hostingdata, IP-informasjon og viktige sikkerhetsinnsikter. For nettstedseiere \u00e5pner det for en dypere teknisk og SEO-revisjon som bidrar til bedre ytelse, sikkerhet og p\u00e5litelighet.<\/p>\n<p>For eksterne nettsteder gir det en rask sikkerhetsoversikt med mulighet til \u00e5 utforske sikkerhetsproblemer mer detaljert.<\/p>\n<div id=\"par6\"><\/div>\n<p><div class=\"front__faq-block\"><div class=\"faq__block-title\">FAQ<\/div><div class=\"panel-group\" id=\"faq-accordion\" itemscope itemtype=\"https:\/\/schema.org\/FAQPage\" role=\"tablist\" aria-multiselectable=\"true\"><div class=\"panel\" itemscope itemtype=\"https:\/\/schema.org\/Question\" itemprop=\"mainEntity\">\n                            <div class=\"panel-heading\" id=\"headingFaq-1\">\n                                <div class=\"panel-title\" data-toggle=\"collapse\" aria-expanded=\"false\" href=\"#collapseFaq-1\">\n                                    <h3 itemprop=\"name\">Kan Website-til-IP-konverteren identifisere alle typer IP-adresser?<\/h3>\n                                <\/div>\n                            <\/div>\n                            <div id=\"collapseFaq-1\" class=\"panel-collapse collapse\" itemprop=\"acceptedAnswer\" itemscope itemtype=\"http:\/\/schema.org\/Answer\">\n                                <div class=\"panel-body\" itemprop=\"text\">Verkt\u00f8yet er utviklet for \u00e5 identifisere b\u00e5de IPv4- og IPv6-adresser som er knyttet til et nettsted, og dekker dermed et bredt spekter av IP-adressetyper.<\/div>\n                            <\/div>\n                        <\/div><div class=\"panel\" itemscope itemtype=\"https:\/\/schema.org\/Question\" itemprop=\"mainEntity\">\n                            <div class=\"panel-heading\" id=\"headingFaq-2\">\n                                <div class=\"panel-title\" data-toggle=\"collapse\" aria-expanded=\"false\" href=\"#collapseFaq-2\">\n                                    <h3 itemprop=\"name\">Hvor n\u00f8yaktig er geolokaliseringsinformasjonen som gis av Domene-til-IP-konverteren?<\/h3>\n                                <\/div>\n                            <\/div>\n                            <div id=\"collapseFaq-2\" class=\"panel-collapse collapse\" itemprop=\"acceptedAnswer\" itemscope itemtype=\"http:\/\/schema.org\/Answer\">\n                                <div class=\"panel-body\" itemprop=\"text\">Geolokaliseringsinformasjonen er vanligvis n\u00f8yaktig, men kan variere avhengig av hvor presis IP-databasen som brukes av verkt\u00f8yet er. Den gir en god tiln\u00e6rming til serverens fysiske plassering.<\/div>\n                            <\/div>\n                        <\/div><div class=\"panel\" itemscope itemtype=\"https:\/\/schema.org\/Question\" itemprop=\"mainEntity\">\n                            <div class=\"panel-heading\" id=\"headingFaq-3\">\n                                <div class=\"panel-title\" data-toggle=\"collapse\" aria-expanded=\"false\" href=\"#collapseFaq-3\">\n                                    <h3 itemprop=\"name\">Hvor oppdatert er dataene som leveres av Website-til-IP-konverteren?<\/h3>\n                                <\/div>\n                            <\/div>\n                            <div id=\"collapseFaq-3\" class=\"panel-collapse collapse\" itemprop=\"acceptedAnswer\" itemscope itemtype=\"http:\/\/schema.org\/Answer\">\n                                <div class=\"panel-body\" itemprop=\"text\">Verkt\u00f8yet leverer oppdatert informasjon basert p\u00e5 de nyeste tilgjengelige dataene. Hvor ferske dataene er, avhenger imidlertid av hvor ofte IP-adresse- og geolokaliseringsdatabasene oppdateres.<\/div>\n                            <\/div>\n                        <\/div><div class=\"panel\" itemscope itemtype=\"https:\/\/schema.org\/Question\" itemprop=\"mainEntity\">\n                            <div class=\"panel-heading\" id=\"headingFaq-4\">\n                                <div class=\"panel-title\" data-toggle=\"collapse\" aria-expanded=\"false\" href=\"#collapseFaq-4\">\n                                    <h3 itemprop=\"name\">Kan jeg bruke Domene-til-IP-konverteren til sikkerhetsanalyse?<\/h3>\n                                <\/div>\n                            <\/div>\n                            <div id=\"collapseFaq-4\" class=\"panel-collapse collapse\" itemprop=\"acceptedAnswer\" itemscope itemtype=\"http:\/\/schema.org\/Answer\">\n                                <div class=\"panel-body\" itemprop=\"text\">Ja, verkt\u00f8yet kan brukes til en innledende sikkerhetsanalyse, for eksempel for \u00e5 identifisere den geografiske plasseringen til en server, noe som kan hjelpe med \u00e5 vurdere potensielle sikkerhetsrisikoer eller unders\u00f8ke mistenkelige nettsteder.<\/div>\n                            <\/div>\n                        <\/div><\/div><\/div><\/p>","protected":false},"excerpt":{"rendered":"Hva er domenenavn-til-IP-adresse-konverteren? URL-til-IP-adresse-konverteren fra Sitechecker er et verkt\u00f8y som identifiserer IP-adressen til ethvert domenenavn. Ved \u00e5 angi en domenenettadresse l\u00f8ser verkt\u00f8yet opp vertens IP-adresse, noe som hjelper deg \u00e5 forst\u00e5 hvor nettstedet er hostet, hvordan det er konfigurert, og muliggj\u00f8r dypere sikkerhets- og tekniske kontroller. Hvordan kan verkt\u00f8yet hjelpe deg Konvertering fra domene til&#8230;","protected":false},"author":10409641,"featured_media":7907,"parent":0,"menu_order":0,"comment_status":"closed","ping_status":"closed","template":"pages-templates\/pages-minitools-3.php","meta":[],"categories":[73],"tags":[],"_links":{"self":[{"href":"https:\/\/sitechecker.pro\/no\/wp-json\/wp\/v2\/pages\/7844"}],"collection":[{"href":"https:\/\/sitechecker.pro\/no\/wp-json\/wp\/v2\/pages"}],"about":[{"href":"https:\/\/sitechecker.pro\/no\/wp-json\/wp\/v2\/types\/page"}],"author":[{"embeddable":true,"href":"https:\/\/sitechecker.pro\/no\/wp-json\/wp\/v2\/users\/10409641"}],"replies":[{"embeddable":true,"href":"https:\/\/sitechecker.pro\/no\/wp-json\/wp\/v2\/comments?post=7844"}],"version-history":[{"count":8,"href":"https:\/\/sitechecker.pro\/no\/wp-json\/wp\/v2\/pages\/7844\/revisions"}],"predecessor-version":[{"id":39196,"href":"https:\/\/sitechecker.pro\/no\/wp-json\/wp\/v2\/pages\/7844\/revisions\/39196"}],"wp:featuredmedia":[{"embeddable":true,"href":"https:\/\/sitechecker.pro\/no\/wp-json\/wp\/v2\/media\/7907"}],"wp:attachment":[{"href":"https:\/\/sitechecker.pro\/no\/wp-json\/wp\/v2\/media?parent=7844"}],"wp:term":[{"taxonomy":"category","embeddable":true,"href":"https:\/\/sitechecker.pro\/no\/wp-json\/wp\/v2\/categories?post=7844"},{"taxonomy":"post_tag","embeddable":true,"href":"https:\/\/sitechecker.pro\/no\/wp-json\/wp\/v2\/tags?post=7844"}],"curies":[{"name":"wp","href":"https:\/\/api.w.org\/{rel}","templated":true}]}}