{"id":6992,"date":"2019-05-27T14:19:09","date_gmt":"2019-05-27T14:19:09","guid":{"rendered":"https:\/\/sitechecker.pro\/?page_id=6992"},"modified":"2025-03-18T08:21:22","modified_gmt":"2025-03-18T08:21:22","slug":"website-safety","status":"publish","type":"page","link":"https:\/\/sitechecker.pro\/no\/website-safety\/","title":{"rendered":"Sikkerhetssjekk av Nettstedet \u2013 er Dette Nettstedet Sikkert?"},"content":{"rendered":"<p>Sikkerheten til nettstedet ditt er en viktig faktor som direkte p\u00e5virker s\u00f8kemotorrangeringene dine. S\u00f8kemotorer foretrekker \u00e5 vise brukere relevante resultater fra sikre nettsteder. Det er grunnen til at du b\u00f8r tenke p\u00e5 \u00e5 sjekke sikkerheten til ressursen din.<\/p>\n<p>Website Safety Checker er et enkelt verkt\u00f8y som lar deg enkelt svare p\u00e5 sp\u00f8rsm\u00e5let &#8216;Er dette nettstedet trygt?&#8217;. Den indikerer ogs\u00e5 hvilke omr\u00e5der p\u00e5 nettstedet ditt som er potensielt s\u00e5rbare for angrep fra nettkriminelle.<\/p>\n<p>Bruk omd\u00f8mmekontrollen v\u00e5r for \u00e5 forhindre problemer med hacks. Vi gjorde v\u00e5rt beste for \u00e5 lage det mest praktiske og enkle verkt\u00f8yet. La oss se n\u00e6rmere p\u00e5 hvorfor sikkerhet er viktig p\u00e5 Internett og hvordan du kan sikre ressursen din n\u00e5.<\/p>\n<h2 id=\"ik_Check\">Hvordan kan du sjekke om et nettsted er lovlig med v\u00e5r Site Safety Checker?<\/h2>\n<p>Sjekk nettstedets omd\u00f8mme fordi det direkte p\u00e5virker hvor ofte s\u00f8kemotorer vil vise det til brukere. Hvis nettstedet ditt har et lavt rykte, betyr det at du har gjort feil et sted.<br \/>\nKonkurrentene dine kan med vilje pr\u00f8ve \u00e5 senke ressursens rykte ved \u00e5 lenke til deg p\u00e5 usikre ressurser. Du b\u00f8r regelmessig sjekke eksterne lenker til nettstedet ditt og kontakte administratorene for farlige ressurser for \u00e5 fjerne koblingene. Bruk v\u00e5r p\u00e5litelige webhotell med de beste sikkerhetsgarantiene for nettstedet! Ta vare p\u00e5 sikkerheten til ressursen din n\u00e5.<\/p>\n<p>For \u00e5 finne svakheter, bruk Site Security-skanneren og sjekk status for sikker surfing.<\/p>\n<h2 id=\"ik_Free\">Gratis spesialfunksjoner for sikkerhetssjekk p\u00e5 nettstedet<\/h2>\n<p>Det er en praktisk og p\u00e5litelig sikkerhetskontroll for nettstedet som lar deg sjekke alle aspekter som ang\u00e5r ressursens sikkerhet. La oss se n\u00e6rmere p\u00e5 verkt\u00f8yets n\u00f8kkelfunksjoner.<\/p>\n<h3>Sjekk<\/h3>\n<p>Sjekk nettstedets sikkerhet mot v\u00e5re Safe Browsing-lister etter plattform og typer mulige trusler. Med den kan du finne ut hvilke sikkerhetsfeil du allerede har gjort.<\/p>\n<h3>Advarsel<\/h3>\n<p>Advar brukere f\u00f8r de klikker ekstern URL-sikkerhetssjekk p\u00e5 ressursen din som kan f\u00f8re til infiserte sider. Det er en enkel m\u00e5te \u00e5 beskytte brukerne av nettstedet ditt mot potensiell skadelig programvare.<\/p>\n<h3>Forebygging<\/h3>\n<p>Du kan forhindre at brukere legger ut usikre lenker til nettstedet ditt. De kan bli infisert, og det vil p\u00e5virke omd\u00f8mmet til ressursen din.<\/p>\n<h2 id=\"ik_Typical\">Typiske symptomer p\u00e5 et hacket nettsted<\/h2>\n<p>Enkelte faktorer kan hjelpe deg raskt \u00e5 gjenkjenne at en bestemt ressurs har blitt kompromittert eller er up\u00e5litelig. En av grunnene kan ganske enkelt v\u00e6re en feil, men hvis du oppdager noen problemer, er det verdt \u00e5 engasjere seg i \u00e5 forbedre ressursens sikkerhetstiltak. La oss se n\u00e6rmere p\u00e5 dem.<\/p>\n<ul>\n<li>Sikkerhetskontrolltjenester svartelistet ressursen<\/a>.<\/li>\n<li>Vertsleverand\u00f8ren har sl\u00e5tt av st\u00f8tte for ressursen.<\/li>\n<li>Lastetiden til sidene p\u00e5 nettstedet har \u00f8kt merkbart. Sidene lastes kanskje ikke i det hele tatt og \u00e5pnes ikke for brukere.<\/li>\n<li>Advarsler om mulig hacking og usikkerhet vil vises n\u00e5r du pr\u00f8ver \u00e5 \u00e5pne sidene p\u00e5 nettstedet.<\/li>\n<li>Brukere har lagt merke til fremveksten av merkelige omdirigeringer fra sidene p\u00e5 nettstedet ditt.<\/li>\n<\/ul>\n<p>Hvis du eller brukerne av ressursen din har lagt merke til slike ting, b\u00f8r du gjennomf\u00f8re en sikkerhetssjekk p\u00e5 nettstedet for \u00e5 finne ut om en svindler har hacket nettstedet ditt. I s\u00e5 fall kan informasjonen din risikere \u00e5 falle i tredjehender, og omd\u00f8mmet til nettstedet ditt kan bli skadet for alltid for s\u00f8kemotorer. For \u00e5 forhindre det kan du bruke v\u00e5r hackede nettstedskontroll for \u00e5 oppdage alle slags sikkerhetsproblemer.<\/p>\n<h2 id=\"ik_What\">Hva er Google Safe Browsing?<\/h2>\n<p>Google Safe Browsing er en enorm nettbasert liste over ressurser som kan stjele brukerdata eller informasjon fra nettstedet ditt. Ved hjelp av dette verkt\u00f8yet kan du sjekke &#8216;Er nettstedet trygt?&#8217;. Googles algoritmer sjekker regelmessig sikkerheten til nettstedet for sikkerhetsproblemer. Du kan bruke denne listen til \u00e5 finne ut hvilke nettsteder du ikke b\u00f8r stole p\u00e5. Det gir deg en praktisk og grei m\u00e5te \u00e5 finne ut nettsteder med svindlere og ikke kontakte dem for samarbeid. Du b\u00f8r sjekke her alle nettstedene som tilbyr innholdsutveksling, lenkeutveksling eller annet samarbeid, slik at du ikke st\u00f8ter p\u00e5 hackere.<\/p>\n<p>Du b\u00f8r alltid v\u00e6re forsiktig n\u00e5r du bes\u00f8ker ukjente nettsteder fordi nettkriminelle stjeler gigabyte med informasjon hver dag, infiserer utstyr med ondsinnede virus, noe som f\u00e5r hele selskaper til \u00e5 stenge og brukernes data lekker. Det er verdt \u00e5 betale maksimal oppmerksomhet til sikkerhet fordi det direkte p\u00e5virker ressursens omd\u00f8mme blant brukere og i s\u00f8kemotorer.<\/p>\n<p><iframe width=\"770\" height=\"350\" src=\"https:\/\/www.youtube.com\/embed\/w8uNzQqsTrU\" title=\"YouTube video player\" frameborder=\"0\" allow=\"accelerometer; autoplay; clipboard-write; encrypted-media; gyroscope; picture-in-picture\" allowfullscreen><\/iframe><\/p>\n<h2 id=\"ik_When\">N\u00e5r skal jeg bruke Google Safe Browsing Checker?<\/h2>\n<p>Du kan bruke Google Safe Browsing-kontroll for \u00e5 sjekke om nettstedet er trygt. P\u00e5 denne m\u00e5ten kan du finne ut hvilke nettsteder som kan v\u00e6re skadelige og f\u00e5 tilgang til informasjonen din. En enkel sjekk i denne tjenesten vil raskt og f\u00e5 informasjon om hvor p\u00e5litelig denne ressursen er gratis.<\/p>\n<p>F\u00f8r du klikker p\u00e5 en ukjent lenke, anbefaler vi alltid at du sjekker den for sikkerhets skyld. Med dette verkt\u00f8yet kan du ogs\u00e5 sjekke hvilke nettsteder med lavt omd\u00f8mme som har omtale av nettstedet ditt. P\u00e5 denne m\u00e5ten kan angripere pr\u00f8ve \u00e5 senke ressursens rangering i s\u00f8kemotorer.<br \/>\n<div class=\"content__img-wrap\"><img src=\"https:\/\/sitechecker.pro\/wp-content\/uploads\/2022\/01\/web_security_check.png\" alt=\"utf\u00f8r kontrollen for \u00e5 ekskludere alle usikre nettsteder\" class=\"description-img description-img-zoom\" loading=\"lazy\" ><\/div><\/p>\n<p>Etter \u00e5 ha sjekket, vil du kunne laste ned PDF-filen med rapporten. Du kan ogs\u00e5 kopiere rapporten til utklippstavlen i dette formatet:<\/p>\n<div class=\"article__quote\">\n                    <div class=\"quote-text\">Nettstedets URL: copywritely.com<\/p>\n<p>\u2022 Nettstedets sikkerhetsstatus: Nettstedet er ikke svartelistet og ser trygt ut \u00e5 bruke.<\/p>\n<p>\u2022 Domeneregistrering: 12. desember 2015<\/p>\n<p>\u2022 IP-adresse: 148.251.238.57<\/p>\n<p>\u2022 Land: Tyskland<\/p>\n<p>\u2022 Region: SN<\/p>\n<p>\u2022 By: Falkenstein<\/div><\/div>\n<p>Og selvf\u00f8lgelig kan du bruke alle funksjonene til tjenesten v\u00e5r til \u00e5 foreta en fullstendig revisjon av nettstedet og sjekke det for alle slags SEO-problemer.<\/p>\n<h2 id=\"ik_Top\">Topptips n\u00e5r du utf\u00f8rer en sikkerhetssjekk p\u00e5 nettstedet<\/h2>\n<p>Her er noen enkle tips for effektivt \u00e5 gjennomf\u00f8re en sikkerhetssjekk av plattformen. Implementeringen vil ikke ta mye tid, men kan \u00f8ke sjansene betraktelig for \u00e5 bli beskyttet mot informasjonslekkasjer.<\/p>\n<table class=\"table-classic table-td-3\">\n<thead>\n<tr>\n<th>Tips<\/th>\n<th>Forklaring<\/th>\n<\/tr>\n<\/thead>\n<tbody>\n<tr>\n<td><strong>Aktiver HTTPS<\/strong><\/td>\n<td>HTTPS beskytter data mot \u00e5 bli fanget opp og brukt til uredelige form\u00e5l. Det er viktig at nettstedet ditt utf\u00f8rer betalingstransaksjoner. N\u00e5r du bytter til HTTPS, vil &#8220;ubeskyttet tilkobling&#8221;-ikonet endres til et gr\u00f8nt &#8220;sikkert&#8221; ikon. For eksempel viser Google Chrome n\u00e5 HTTP-nettsteder som usikre og vil understreke dette enda mer i fremtiden.<\/td>\n<\/tr>\n<tr>\n<td><strong>Deaktiver\/fjern un\u00f8dvendige programtillegg<\/strong><\/td>\n<td>hvis du har plugins som du ikke bruker for nettstedet ditt, glemmer du \u00e5 oppdatere dem. Det f\u00f8rer til et sikkerhetshull i ressursen din. Ikke tro at inaktive plugins ikke utgj\u00f8r noen trussel siden angripere kan dra nytte av dette smutthullet og angripe ressursen din.<\/td>\n<\/tr>\n<tr>\n<td><strong>Sikkerhetskopier filer<\/strong><\/td>\n<td>regelmessige sikkerhetskopier kan v\u00e6re en fin m\u00e5te \u00e5 holde nettstedet ditt trygt mot hacks. V\u00e6r n\u00f8ye med \u00e5 sikkerhetskopiere filene p\u00e5 nettstedet ditt for \u00e5 unng\u00e5 muligheten for at informasjon lekker til tredjeparter.<\/td>\n<\/tr>\n<tr>\n<td><strong>Auto-generer passord<\/strong><\/td>\n<td>tjenester for \u00e5 generere tilfeldige passord gir vanligvis en mulighet til \u00e5 lage en sikker kombinasjon for \u00e5 beskytte nettstedet ditt. Bruk et velpr\u00f8vd generasjonsnettsted for \u00e5 sikre dataene p\u00e5 ressursen din.<\/td>\n<\/tr>\n<tr>\n<td><strong>Oppdater programtillegg og annen programvare<\/strong><\/td>\n<td>hvis du fortsetter \u00e5 oppdatere alle inaktive plugins, er det usannsynlig at du f\u00e5r sikkerhetsproblemer. Men hvis du ikke installerer oppdateringer til inaktive plugins, er det best \u00e5 fjerne dem helt. <\/td>\n<\/tr>\n<\/tbody>\n<\/table>\n<h2 id=\"ik_High\">H\u00f8y nettstedssikkerhet med de beste vertsleverand\u00f8rene<\/h2>\n<p>\u00c5 finne en trygg og p\u00e5litelig vertsleverand\u00f8r er ikke en lett oppgave fordi datasikkerhet er en toppprioritet for nettstedeiere.<\/p>\n<p>Selv store selskaper med store budsjetter for datasikkerhet m\u00f8ter regelmessige angrep og datainnbrudd. &#8216;Er det en sikker nettside?&#8217;. Ingen kan gi 100% sikkerhet, men det er bedre \u00e5 ta alle mulige tiltak for \u00e5 sikre ressursens sikkerhet.<\/p>\n<p>Regelmessig skanning av plattformen din for et mulig virusangrep, installering av sikkerhetssertifikater og valg av p\u00e5litelig vertstjeneste er alle n\u00f8dvendige tiltak for \u00e5 forhindre inntrengere i \u00e5 angripe ressursen din. N\u00e5r du velger en vertstjeneste, s\u00f8rg for \u00e5 ta hensyn til sikkerhetstiltakene.<\/p>\n<p>\u00c5, ikke glem \u00e5 sjekke et nettsted for SEO-problemer og skadelig programvare.<\/p>\n<p>    <div class=\"blog__conversion blog__conversion-app element__logged_out\">\n        <div class=\"blog__conversion-inner\">\n            <p class=\"title\">Oppdag ikke bare sikkerhetsproblemer, men ogs\u00e5 andre typer tekniske problemer p\u00e5 nettstedet ditt!<\/p>\n            <p class=\"description\">Gjennoms\u00f8k nettstedet ditt og finn ut alle slags problemer som kan ramme brukerne dine eller SEO for nettstedet ditt.<\/p>\n            <form id=\"audit__form\"\n                  class=\"article__seo-search audit__form Gjennoms\u00f8k nettstedet ditt og finn ut alle slags problemer som kan ramme brukerne dine eller SEO for nettstedet ditt.\"\n                  action=\"\"\n                  method=\"POST\"\n                  autocomplete=\"off\">\n                <span class=\"error\"><\/span>\n                <div class=\"error__limits\">Something went wrong. Please, try again later.<\/div>\n                <input name=\"url\"\n                       type=\"text\"\n                       placeholder=\"Skriv inn ditt domene her\">\n                                <button type=\"submit\"\n                        class=\"sitechecker__text\">\n                    <span>Start revisjon<\/span>\n                    <img src=\"\/wp-content\/themes\/sitechecker\/out\/img_design\/loading.svg\"\n                         width=\"31\"\n                         height=\"30\"\n                         class=\"loading\">\n                <\/button>\n            <\/form>\n        <\/div>\n    <\/div>\n    <\/p>","protected":false},"excerpt":{"rendered":"Sikkerheten til nettstedet ditt er en viktig faktor som direkte p\u00e5virker s\u00f8kemotorrangeringene dine. S\u00f8kemotorer foretrekker \u00e5 vise brukere relevante resultater fra sikre nettsteder. Det er grunnen til at du b\u00f8r tenke p\u00e5 \u00e5 sjekke sikkerheten til ressursen din. Website Safety Checker er et enkelt verkt\u00f8y som lar deg enkelt svare p\u00e5 sp\u00f8rsm\u00e5let &#8216;Er dette nettstedet&#8230;","protected":false},"author":10409641,"featured_media":6976,"parent":0,"menu_order":0,"comment_status":"closed","ping_status":"closed","template":"pages-templates\/pages-minitools.php","meta":[],"categories":[73],"tags":[],"_links":{"self":[{"href":"https:\/\/sitechecker.pro\/no\/wp-json\/wp\/v2\/pages\/6992"}],"collection":[{"href":"https:\/\/sitechecker.pro\/no\/wp-json\/wp\/v2\/pages"}],"about":[{"href":"https:\/\/sitechecker.pro\/no\/wp-json\/wp\/v2\/types\/page"}],"author":[{"embeddable":true,"href":"https:\/\/sitechecker.pro\/no\/wp-json\/wp\/v2\/users\/10409641"}],"replies":[{"embeddable":true,"href":"https:\/\/sitechecker.pro\/no\/wp-json\/wp\/v2\/comments?post=6992"}],"version-history":[{"count":116,"href":"https:\/\/sitechecker.pro\/no\/wp-json\/wp\/v2\/pages\/6992\/revisions"}],"predecessor-version":[{"id":36024,"href":"https:\/\/sitechecker.pro\/no\/wp-json\/wp\/v2\/pages\/6992\/revisions\/36024"}],"wp:featuredmedia":[{"embeddable":true,"href":"https:\/\/sitechecker.pro\/no\/wp-json\/wp\/v2\/media\/6976"}],"wp:attachment":[{"href":"https:\/\/sitechecker.pro\/no\/wp-json\/wp\/v2\/media?parent=6992"}],"wp:term":[{"taxonomy":"category","embeddable":true,"href":"https:\/\/sitechecker.pro\/no\/wp-json\/wp\/v2\/categories?post=6992"},{"taxonomy":"post_tag","embeddable":true,"href":"https:\/\/sitechecker.pro\/no\/wp-json\/wp\/v2\/tags?post=6992"}],"curies":[{"name":"wp","href":"https:\/\/api.w.org\/{rel}","templated":true}]}}