{"id":6404,"date":"2020-07-18T11:19:35","date_gmt":"2020-07-18T09:19:35","guid":{"rendered":"https:\/\/sitechecker.pro\/?page_id=6404"},"modified":"2026-02-19T14:46:56","modified_gmt":"2026-02-19T14:46:56","slug":"traffic-checker","status":"publish","type":"page","link":"https:\/\/sitechecker.pro\/no\/traffic-checker\/","title":{"rendered":"Website Traffic Checker | Analyser og estimer trafikkfri \u1408"},"content":{"rendered":"<p><\/p>\n<h2 id=\"ik_traff_esimator\">Hva er en nettstedstrafikkvurdering?<\/h2>\n<p>Det er et viktig verkt\u00f8y for enhver nettstedseier eller markedsf\u00f8rer som \u00f8nsker \u00e5 optimalisere sin online tilstedev\u00e6relse. V\u00e5r <a href=\"https:\/\/sitechecker.pro\/what-is-website-traffic\/\" rel=\"noopener noreferrer\" target=\"_blank\">nettstedtrafikkkontroll<\/a> er et allsidig og kraftig dataanalyseverkt\u00f8y utviklet for \u00e5 hjelpe deg med \u00e5 spore, analysere og optimalisere nettstedets ytelse.<\/p>\n<h3>N\u00f8kkelfunksjoner i domenetrafikkkontrollen:<\/h3>\n<ul>\n<li><strong>Alt-i-ett-dashbord: <\/strong>F\u00e5 tilgang til omfattende data fra Google Analytics, Google Search Console og SERP p\u00e5 ett praktisk sted, noe som sparer tid og krefter.<\/li>\n<li><strong>Enkelt-\u00e5-bruke grensesnitt: <\/strong>Med brukervennlige dashboards gj\u00f8r v\u00e5rt netttrafikkoppslag det enklere enn noen gang \u00e5 navigere jevnt mellom nettstedets beregninger og avdekke muligheter for vekst.<\/li>\n<li><strong>Konkurrentanalyse: <\/strong>Legg deg foran konkurrentene ved \u00e5 analysere <a href=\"https:\/\/sitechecker.pro\/what-is-organic-traffic\/\" rel=\"noopener noreferrer\" target=\"_blank\">organiske trafikkdata<\/a>, SERP-synlighet og de beste trafikkgenererende s\u00f8keordene til konkurrentene dine. Utnytt denne innsikten for \u00e5 optimalisere nettstedet ditt og utkonkurrere konkurrentene dine.<\/li>\n<li><strong>Globale SEO-plattformfunksjoner: <\/strong>V\u00e5r globale SEO-plattform tilbyr mye mer enn bare trafikkdataanalyse. <a href=\"https:\/\/sitechecker.pro\/no\/\" rel=\"noopener noreferrer\" target=\"_blank\">Sitechecker<\/a> inkluderer en rekke funksjoner som SEO-revisjoner (p\u00e5 siden og utenfor siden), <a href=\"https:\/\/sitechecker.pro\/rank-tracker\/\" rel=\"noopener noreferrer\" target=\"_blank\">rangeringssporing<\/a>, nettstedsoverv\u00e5king og mer. Med en slik nyttig dataanalyse kan du enkelt eliminere trusler og forutse muligheter.<\/li>\n<\/ul>\n<h2 id=\"ik_Importance\">Betydningen av netttrafikkanalyse og -overv\u00e5king<\/h2>\n<p>\u00c5 analysere nettstedets trafikkdata er avgj\u00f8rende for \u00e5 fremme online tilstedev\u00e6relse og \u00f8ke organiske s\u00f8kbes\u00f8kende og salg. Uavhengig av st\u00f8rrelsen p\u00e5 nettstedet ditt eller antall brukere, <a href=\"https:\/\/sitechecker.pro\/pages-per-session-metric\/\" rel=\"noopener noreferrer\" target=\"_blank\">\u00f8kt <\/a> revisjoner er avgj\u00f8rende.<\/p>\n<p>Verkt\u00f8yet v\u00e5rt gir verdifull informasjon om bes\u00f8kende p\u00e5 nettstedet ditt, inkludert kildene deres (organisk, <a href=\"https:\/\/sitechecker.pro\/what-is-direct-traffic\/\" rel=\"noopener noreferrer\" target=\"_blank\"> direkte<\/a>, <a href=\"https:\/\/sitechecker.pro\/what-is-paid-traffic\/\" rel=\"noopener noreferrer\" target=\"_blank\">betalt<\/a>, <a href=\"https:\/\/sitechecker.pro\/what-is-social-traffic\/\" rel=\"noopener noreferrer\" target=\"_blank\">sosial<\/a>, <a href=\"https:\/\/sitechecker.pro\/what -is-referral-traffic\/\" rel=\"noopener noreferrer\" target=\"_blank\">henvisning<\/a>, e-post osv.) og atferd, og tilbyr ogs\u00e5 innsikt for \u00e5 optimalisere nettstedet ditt ved \u00e5 identifisere omr\u00e5der som trenger forbedring. Jo mer detaljerte data du behandler, jo bedre og mer n\u00f8yaktige resultater vil du f\u00e5.<\/p>\n<p>Hvis du ikke overv\u00e5ker nettstedets ytelse og rangering, g\u00e5r du konstant glipp av potensielle bes\u00f8kende og nye brukere. Hver dag er det nye engasjementm\u00e5l for \u00e5 m\u00e5le et nettsteds suksess, men det grunnleggende om trafikksjekker p\u00e5 nettstedet er fortsatt avgj\u00f8rende.<\/p>\n<p>Vi har laget en videoguide for \u00e5 hjelpe deg med \u00e5 g\u00e5 dypere inn i trafikkestimering og fullt ut utnytte alle funksjonene som trafikks\u00f8keren v\u00e5r tilbyr.<\/p>\n<p><iframe title=\"YouTube-videospiller\" src=\"https:\/\/www.youtube-nocookie.com\/embed\/AWQ_s7QLjsE\" width=\"700\" height=\"350\" frameborder=\"0\" allowfullscreen=\"allowfullscreen\">< span data-mce-type=\"bookmark\" style=\"display: inline-block; width: 0px; overflow: hidden; line-height: 0;\" class=\"mce_SELRES_start\">\ufeff<\/span><\/iframe><\/p>\n<h2 id=\"ik_how_to\">Hvordan bruke verkt\u00f8yet?<\/h2>\n<h3>Trinn 1: Skriv inn domenet du vil sjekke trafikk for, og klikk deretter p\u00e5 &#8220;Sjekk trafikk&#8221;-knappen<\/h3>\n<div class=\"content__img-wrap\"><img src=\"https:\/\/sitechecker.pro\/wp-content\/uploads\/2023\/06\/traffic_checker_start.png\" alt=\"Slik bruker du netttrafikkkontroll trinn 1\" class=\"description-img description-img-zoom\" loading=\"lazy\" ><\/div>\n<div class=\"important-block\">Merk: For \u00e5 motta resultater og tilgang til Sitecheckers funksjoner i 14 dager, start din GRATIS pr\u00f8veperiode. Det er enkelt \u00e5 registrere seg med e-post-, Google- eller Facebook-kontoen din. INGEN kredittkort er n\u00f8dvendig.<\/div>\n<h3>Trinn 2: Spesifiser nettstedet du vil ha tilgang til trafikkdata for<\/h3>\n<p>V\u00e5rt kraftige verkt\u00f8y gir deg enkel tilgang til trafikkdata for b\u00e5de din egen nettside og dine konkurrenter. Vi har ogs\u00e5 inkludert en rekke verdifulle funksjoner for \u00e5 hjelpe deg med \u00e5 f\u00e5 mer dyptg\u00e5ende innsikt i begge scenariene. Ved \u00e5 bruke disse funksjonene f\u00e5r du en bedre forst\u00e5else av ytelsen din p\u00e5 nettet og et konkurransefortrinn i din bransje. Ved \u00e5 svare p\u00e5 om det er din nettside eller ikke, hjelper du oss med \u00e5 utarbeide riktig dashbord for dine behov.<\/p>\n<div class=\"content__img-wrap\"><img src=\"https:\/\/sitechecker.pro\/wp-content\/uploads\/2023\/03\/traffic_checker_site_choose.png\" alt=\"Slik bruker du netttrafikkkontroll trinn 2 - spesifiser nettstedet\" class=\"description-img description-img-zoom\" loading=\"lazy\" ><\/div>\n<h3>Trinn 3: F\u00e5 tilgang til resultatene dine og dra nytte av v\u00e5re kraftige funksjoner<\/h3>\n<h3 id=\"ik_own_website\">For ditt eget nettsted<\/h3>\n<p>For \u00e5 f\u00e5 tilgang til data for ditt eget nettsted, velg <strong>&#8220;Ja, det er mitt&#8221;<\/strong> og koble til GA- og GSC-kontoene dine. Denne fantastiske funksjonen kan virkelig komme til nytte for nettstedadministratorer, SEO-er og markedsf\u00f8rere. Den lar deg overv\u00e5ke nettstedtrafikken fra de to beste analyseplattformene, alt p\u00e5 ett sted. Vi har ogs\u00e5 laget tilpassede dashbord med verdifull innsikt.<\/p>\n<div class=\"content__img-wrap\"><img src=\"https:\/\/sitechecker.pro\/wp-content\/uploads\/2023\/03\/traffic_checker_own_site.png\" alt=\"Trafikkkontroll - koble sammen GA og GSC\" class=\"description-img description-img-zoom\" loading=\"lazy\" ><\/div>\n<p>Ta en titt p\u00e5 v\u00e5re generelle trafikkdashboards som gir innsikt om alle bes\u00f8kende og organisk trafikk fra Google Analytics. Dataene som er representert i synlighet er basert p\u00e5 dine topprangerte s\u00f8keord, mens andre, som visninger, klikk, klikkfrekvenser (CTR), plasseringer og rangeringss\u00f8keord er basert p\u00e5 Google Search Consoles toppberegninger.<\/p>\n<div class=\"content__img-wrap\"><img src=\"https:\/\/sitechecker.pro\/wp-content\/uploads\/2023\/05\/traffic_step_3-1.png\" alt=\"Trafikkkontroller - bruk trafikkkontrollpanelene\" class=\"description-img description-img-zoom\" loading=\"lazy\" ><\/div>\n<p>For \u00e5 spore nettstedets dynamikk jevnt, har dashboardene v\u00e5re ogs\u00e5 mange andre dyptg\u00e5ende innsikter med et brukervennlig grensesnitt. Hvis du for eksempel har e-handelsdata i Google Analytics, kan du f\u00e5 tilgang til salgsdata og korrelasjoner med trafikk. Dette gir deg et fullstendig bilde av nettstedets inntektsresultat. Dessuten er det enkelt \u00e5 sjekke data for en bestemt tidsperiode, enten daglig, ukentlig eller m\u00e5nedlig.<\/p>\n<div class=\"content__img-wrap\"><img src=\"https:\/\/sitechecker.pro\/wp-content\/uploads\/2023\/05\/traffic_step_3-2.png\" alt=\"Trafikkkontroll - GA-data\" class=\"description-img description-img-zoom\" loading=\"lazy\" ><\/div>\n<p>Hvis du er interessert i GSC-innsikt, sjekk tavlen som inkluderer ytelse, posisjoner, synlighet, topp 100 s\u00f8keord og topp 100 landingssider.<\/p>\n<div class=\"content__img-wrap\"><img src=\"https:\/\/sitechecker.pro\/wp-content\/uploads\/2023\/05\/traffic_step_3-3.png\" alt=\"Trafikkkontroll - GSC-data\" class=\"description-img description-img-zoom\" loading=\"lazy\" ><\/div>\n<p>Et lignende brett er for s\u00f8keordene fra rangeringssporeren.<\/p>\n<div class=\"content__img-wrap\"><img src=\"https:\/\/sitechecker.pro\/wp-content\/uploads\/2023\/05\/traffic_step_3-4.png\" alt=\"Trafikksjekker - Rangeringssporingsdata\" class=\"description-img description-img-zoom\" loading=\"lazy\" ><\/div>\n<p>Hvis du eier flere nettsteder, jobber for et SEO-byr\u00e5 eller administrerer et stort gr\u00fcndernettsted, har verkt\u00f8yet v\u00e5rt en spesifikk funksjon du vil sette pris p\u00e5. Prosjektdashbordet lar deg spore trafikk og andre ytelsesm\u00e5linger for en mengde nettsteder som du eller kundene dine eier. Alternativt kan du dele et stort prosjekt i spesifikke deler eller spr\u00e5k, for eksempel, og spore dem individuelt.<\/p>\n<div class=\"content__img-wrap\"><img src=\"https:\/\/sitechecker.pro\/wp-content\/uploads\/2023\/05\/traffic_step_3-5.png\" alt=\"Trafikksjekker - forskjellige prosjekter\" class=\"description-img description-img-zoom\" loading=\"lazy\" ><\/div>\n<p>Hvis du trenger \u00e5 lage rapporter for kundene dine, har vi dekket deg. Vi har allerede laget dem for deg, s\u00e5 alt du trenger \u00e5 gj\u00f8re er \u00e5 laste ned eller dele dem.<\/p>\n<div class=\"content__img-wrap\"><img src=\"https:\/\/sitechecker.pro\/wp-content\/uploads\/2023\/05\/traffic_step_3-6.png\" alt=\"Trafikkkontroll - rapporter\" class=\"description-img description-img-zoom\" loading=\"lazy\" ><\/div>\n<h3 id=\"ik_competitors_website\">For analyser av konkurrentnettsteder<\/h3>\n<p>For det f\u00f8rste anbefaler vi \u00e5 velge en spesifikk region for \u00e5 sikre at dataene er klare, oppdaterte og gir innsikt i den lokale markedssituasjonen for analyse.<\/p>\n<div class=\"content__img-wrap\"><img src=\"https:\/\/sitechecker.pro\/wp-content\/uploads\/2023\/05\/traffic_checker_competitor.png\" alt=\"Trafikksjekker-konkurrenttest\" class=\"description-img description-img-zoom\" loading=\"lazy\" ><\/div>\n<p>La oss ta en n\u00e6rmere titt p\u00e5 hovedelementene i en nettstedstrafikkvurdering og vurdere hvordan de hjelper deg med \u00e5 evaluere konkurrentene dine.<\/p>\n<div class=\"content__img-wrap\"><img src=\"https:\/\/sitechecker.pro\/wp-content\/uploads\/2023\/05\/traffic_checker_competitor_results.png\" alt=\"Trafikksjekker-konkurrentresultater\" class=\"description-img description-img-zoom\" loading=\"lazy\" ><\/div>\n<p><strong>Organisk trafikk:<\/strong> Den genereres fra klikkfrekvensen (CTR) og s\u00f8kevolumet knyttet til hvert s\u00f8keord som domenet rangeres for.<\/p>\n<p><strong>Trafikkverdi:<\/strong> Representerer utgiftene forbundet med \u00e5 generere det estimerte m\u00e5nedlige organiske trafikkvolumet gjennom betal-per-klikk-annonsering (PPC) p\u00e5 Google S\u00f8k. Dette gir en forst\u00e5else av den potensielle \u00f8konomiske verdien av trafikken.<\/p>\n<p><strong>Organic Search Engine Results Page (SERP)-plasseringer:<\/strong> Denne beregningen viser antall s\u00f8keord som en konkurrent rangerer innenfor ulike SERP-plasseringer: topp 1, 2-3, 4-10, 11-20, 21 -30, 31-50, 51-70 og 71-100. Det gir innsikt i den generelle synligheten til konkurrenten i s\u00f8keresultatene.<\/p>\n<p>Videre inkluderer v\u00e5r konkurrents trafikkestimering en tilleggsfunksjon, Top Keywords. Denne funksjonen lar deg unders\u00f8ke de over 30 beste s\u00f8keordene som nettstedet rangerer for. Hvert s\u00f8keord er ledsaget av sin relevante URL i SERP, plassering i s\u00f8keresultatene, gjennomsnittlig m\u00e5nedlig s\u00f8kevolum, kostnad per klikk (CPC) fra Google Ads, og de \u00f8verste geografiske plasseringene der nettstedet rangerer for s\u00f8keordet.<\/p>\n<div class=\"content__img-wrap\"><img src=\"https:\/\/sitechecker.pro\/wp-content\/uploads\/2023\/05\/traffic_checker_competitor_keywords.png\" alt=\"Trafikksjekker konkurrents\u00f8keord\" class=\"description-img description-img-zoom\" loading=\"lazy\" ><\/div>\n<p>Hvis du ikke bare er interessert i \u00e5 beregne konkurrentbes\u00f8kende, men ogs\u00e5 vurdere deres tekniske SEO-ytelse, kan du dra nytte av v\u00e5r SEO-revisjonsfunksjon.<\/p>\n<div class=\"content__img-wrap\"><img src=\"https:\/\/sitechecker.pro\/wp-content\/uploads\/2023\/05\/traffic_checker_competitor_audit.png\" alt=\"Konkurrentrevisjonsfunksjon for trafikksjekker\" class=\"description-img description-img-zoom\" loading=\"lazy\" ><\/div>\n    <div class=\"blog__conversion blog__conversion-app element__logged_out\">\n        <div class=\"blog__conversion-inner\">\n            <p class=\"title\">L\u00e5s opp kraften i ytelsen til nettstedet ditt med v\u00e5rt trafikkkontrollverkt\u00f8y!<\/p>\n            <p class=\"description\">Dykk dypt inn i nettstedets ytelse og hold deg foran konkurrentene dine med v\u00e5rt avanserte trafikkkontrollverkt\u00f8y.<\/p>\n            <form id=\"audit__form\"\n                  class=\"article__seo-search audit__form Dykk dypt inn i nettstedets ytelse og hold deg foran konkurrentene dine med v\u00e5rt avanserte trafikkkontrollverkt\u00f8y.\"\n                  action=\"\"\n                  method=\"POST\"\n                  autocomplete=\"off\">\n                <span class=\"error\"><\/span>\n                <div class=\"error__limits\">Something went wrong. Please, try again later.<\/div>\n                <input name=\"url\"\n                       type=\"text\"\n                       placeholder=\"\">\n                <input name=\"register_url\" type=\"hidden\" value=\"traffic-checker\">                <button type=\"submit\"\n                        class=\"sitechecker__text\">\n                    <span>Sjekk trafikk<\/span>\n                    <img src=\"\/wp-content\/themes\/sitechecker\/out\/img_design\/loading.svg\"\n                         width=\"31\"\n                         height=\"30\"\n                         class=\"loading\">\n                <\/button>\n            <\/form>\n        <\/div>\n    <\/div>\n    \n<h2 id=\"ik_Final\">Siste tanker om nettstedsbes\u00f8kskontroll<\/h2>\n<p>V\u00e5rt verkt\u00f8y er en universell l\u00f8sning for ulike behov for bes\u00f8ksanalyse. Du kan bruke den til \u00e5 samle data fra GA, GSC og SERP p\u00e5 ett sted. Med helautomatiske oppsett-dashboard kan du f\u00e5 nyttig innsikt og fokusere p\u00e5 dataene som vil gi deg de beste resultatene. I tillegg kan du bruke den til markedsanalyser og konkurrentsjekker, inkludert organisk trafikkestimering og prisevaluering. Finn ut hvilke s\u00f8keord som gir dine konkurrenter best synlighet og trafikkresultater for \u00e5 forbedre dine egne resultater. Det kan v\u00e6re en flott l\u00f8sning for \u00e5 kontrollere og analysere trafikken p\u00e5 ett sted.<\/p>\n<div id=\"FAQ\"><\/div>\n<p><div class=\"front__faq-block\"><div class=\"faq__block-title\">Vanlige sp\u00f8rsm\u00e5l<\/div><div class=\"panel-group\" id=\"faq-accordion\" itemscope itemtype=\"https:\/\/schema.org\/FAQPage\" role=\"tablist\" aria-multiselectable=\"true\"><div class=\"panel\" itemscope itemtype=\"https:\/\/schema.org\/Question\" itemprop=\"mainEntity\">\n                            <div class=\"panel-heading\" id=\"headingFaq-1\">\n                                <div class=\"panel-title\" data-toggle=\"collapse\" aria-expanded=\"false\" href=\"#collapseFaq-1\">\n                                    <h3 itemprop=\"name\">Kan jeg sjekke nettstedstrafikken gratis?<\/h3>\n                                <\/div>\n                            <\/div>\n                            <div id=\"collapseFaq-1\" class=\"panel-collapse collapse\" itemprop=\"acceptedAnswer\" itemscope itemtype=\"http:\/\/schema.org\/Answer\">\n                                <div class=\"panel-body\" itemprop=\"text\">Ja! Med v\u00e5r nettstedtrafikkanalysator kan du starte en gratis pr\u00f8veversjon i 14 dager og f\u00e5 full tilgang til verkt\u00f8yfunksjonene v\u00e5re. Men etter at pr\u00f8veperioden er over, hvis du vil fortsette \u00e5 overv\u00e5ke dataene dine og f\u00e5 tilgang til tilleggsfunksjoner som f.eks. nettstedsrevisjon og overv\u00e5king e.t.c. Du m\u00e5 oppgradere til en betalt plan.<\/div>\n                            <\/div>\n                        <\/div><div class=\"panel\" itemscope itemtype=\"https:\/\/schema.org\/Question\" itemprop=\"mainEntity\">\n                            <div class=\"panel-heading\" id=\"headingFaq-2\">\n                                <div class=\"panel-title\" data-toggle=\"collapse\" aria-expanded=\"false\" href=\"#collapseFaq-2\">\n                                    <h3 itemprop=\"name\">Hvordan sjekker jeg nettstedtrafikken for nettstedet mitt?<\/h3>\n                                <\/div>\n                            <\/div>\n                            <div id=\"collapseFaq-2\" class=\"panel-collapse collapse\" itemprop=\"acceptedAnswer\" itemscope itemtype=\"http:\/\/schema.org\/Answer\">\n                                <div class=\"panel-body\" itemprop=\"text\">Bare skriv inn nettstedets domenenavn og start den gratis pr\u00f8veversjonen. Velg deretter alternativet for \u00e5 sjekke ditt eget nettsted. Du vil motta hele pakken med data fra GSC, GA og SERP.<\/div>\n                            <\/div>\n                        <\/div><div class=\"panel\" itemscope itemtype=\"https:\/\/schema.org\/Question\" itemprop=\"mainEntity\">\n                            <div class=\"panel-heading\" id=\"headingFaq-3\">\n                                <div class=\"panel-title\" data-toggle=\"collapse\" aria-expanded=\"false\" href=\"#collapseFaq-3\">\n                                    <h3 itemprop=\"name\">Hvordan finne trafikk til en konkurrents nettsted?<\/h3>\n                                <\/div>\n                            <\/div>\n                            <div id=\"collapseFaq-3\" class=\"panel-collapse collapse\" itemprop=\"acceptedAnswer\" itemscope itemtype=\"http:\/\/schema.org\/Answer\">\n                                <div class=\"panel-body\" itemprop=\"text\">Bare skriv inn konkurrentens domenenavn og start den gratis pr\u00f8veversjonen. Velg deretter alternativet for \u00e5 sjekke konkurrentnettsteder. I l\u00f8pet av sekunder vil du motta konkurrentens organiske trafikkdata, trafikkverdi, organiske SERP-posisjoner og topp bes\u00f8ksgenererende s\u00f8keord.<\/div>\n                            <\/div>\n                        <\/div><div class=\"panel\" itemscope itemtype=\"https:\/\/schema.org\/Question\" itemprop=\"mainEntity\">\n                            <div class=\"panel-heading\" id=\"headingFaq-4\">\n                                <div class=\"panel-title\" data-toggle=\"collapse\" aria-expanded=\"false\" href=\"#collapseFaq-4\">\n                                    <h3 itemprop=\"name\">Kan jeg se trafikkhistorikken for nettstedet ved \u00e5 bruke verkt\u00f8yet?<\/h3>\n                                <\/div>\n                            <\/div>\n                            <div id=\"collapseFaq-4\" class=\"panel-collapse collapse\" itemprop=\"acceptedAnswer\" itemscope itemtype=\"http:\/\/schema.org\/Answer\">\n                                <div class=\"panel-body\" itemprop=\"text\">Ved \u00e5 koble Google Analytics- og Google Search Console-kontoene dine med Sitechecker, vil du f\u00e5 tilgang til historiske data for nettstedet ditt.<\/div>\n                            <\/div>\n                        <\/div><div class=\"panel\" itemscope itemtype=\"https:\/\/schema.org\/Question\" itemprop=\"mainEntity\">\n                            <div class=\"panel-heading\" id=\"headingFaq-5\">\n                                <div class=\"panel-title\" data-toggle=\"collapse\" aria-expanded=\"false\" href=\"#collapseFaq-5\">\n                                    <h3 itemprop=\"name\">Hva er nettstedtrafikkanalyse?<\/h3>\n                                <\/div>\n                            <\/div>\n                            <div id=\"collapseFaq-5\" class=\"panel-collapse collapse\" itemprop=\"acceptedAnswer\" itemscope itemtype=\"http:\/\/schema.org\/Answer\">\n                                <div class=\"panel-body\" itemprop=\"text\">Nettstedtrafikkanalyse inneb\u00e6rer \u00e5 samle inn og tolke (analysere) data om bes\u00f8kende p\u00e5 nettstedet ditt for \u00e5 forst\u00e5 deres oppf\u00f8rsel.<\/div>\n                            <\/div>\n                        <\/div><div class=\"panel\" itemscope itemtype=\"https:\/\/schema.org\/Question\" itemprop=\"mainEntity\">\n                            <div class=\"panel-heading\" id=\"headingFaq-6\">\n                                <div class=\"panel-title\" data-toggle=\"collapse\" aria-expanded=\"false\" href=\"#collapseFaq-6\">\n                                    <h3 itemprop=\"name\">Kan jeg spore nettstedtrafikk?<\/h3>\n                                <\/div>\n                            <\/div>\n                            <div id=\"collapseFaq-6\" class=\"panel-collapse collapse\" itemprop=\"acceptedAnswer\" itemscope itemtype=\"http:\/\/schema.org\/Answer\">\n                                <div class=\"panel-body\" itemprop=\"text\">Med v\u00e5rt verkt\u00f8y kan du enkelt og regelmessig samle inn og spore trafikknettstedstatistikk fra Google Search Console, Google Analytics og s\u00f8kemotorresultatsider (SERP).<\/div>\n                            <\/div>\n                        <\/div><\/div><\/div><\/p>","protected":false},"excerpt":{"rendered":"Hva er en nettstedstrafikkvurdering? Det er et viktig verkt\u00f8y for enhver nettstedseier eller markedsf\u00f8rer som \u00f8nsker \u00e5 optimalisere sin online tilstedev\u00e6relse. V\u00e5r nettstedtrafikkkontroll er et allsidig og kraftig dataanalyseverkt\u00f8y utviklet for \u00e5 hjelpe deg med \u00e5 spore, analysere og optimalisere nettstedets ytelse. N\u00f8kkelfunksjoner i domenetrafikkkontrollen: Alt-i-ett-dashbord: F\u00e5 tilgang til omfattende data fra Google Analytics, Google&#8230;","protected":false},"author":10504980,"featured_media":6981,"parent":0,"menu_order":0,"comment_status":"closed","ping_status":"closed","template":"pages-templates\/pages-minitools-3.php","meta":[],"categories":[75],"tags":[],"_links":{"self":[{"href":"https:\/\/sitechecker.pro\/no\/wp-json\/wp\/v2\/pages\/6404"}],"collection":[{"href":"https:\/\/sitechecker.pro\/no\/wp-json\/wp\/v2\/pages"}],"about":[{"href":"https:\/\/sitechecker.pro\/no\/wp-json\/wp\/v2\/types\/page"}],"author":[{"embeddable":true,"href":"https:\/\/sitechecker.pro\/no\/wp-json\/wp\/v2\/users\/10504980"}],"replies":[{"embeddable":true,"href":"https:\/\/sitechecker.pro\/no\/wp-json\/wp\/v2\/comments?post=6404"}],"version-history":[{"count":163,"href":"https:\/\/sitechecker.pro\/no\/wp-json\/wp\/v2\/pages\/6404\/revisions"}],"predecessor-version":[{"id":39361,"href":"https:\/\/sitechecker.pro\/no\/wp-json\/wp\/v2\/pages\/6404\/revisions\/39361"}],"wp:featuredmedia":[{"embeddable":true,"href":"https:\/\/sitechecker.pro\/no\/wp-json\/wp\/v2\/media\/6981"}],"wp:attachment":[{"href":"https:\/\/sitechecker.pro\/no\/wp-json\/wp\/v2\/media?parent=6404"}],"wp:term":[{"taxonomy":"category","embeddable":true,"href":"https:\/\/sitechecker.pro\/no\/wp-json\/wp\/v2\/categories?post=6404"},{"taxonomy":"post_tag","embeddable":true,"href":"https:\/\/sitechecker.pro\/no\/wp-json\/wp\/v2\/tags?post=6404"}],"curies":[{"name":"wp","href":"https:\/\/api.w.org\/{rel}","templated":true}]}}