{"id":29818,"date":"2024-01-22T16:09:06","date_gmt":"2024-01-22T16:09:06","guid":{"rendered":"https:\/\/sitechecker.pro\/?page_id=29818"},"modified":"2026-02-18T15:58:04","modified_gmt":"2026-02-18T15:58:04","slug":"nofollow-link-checker-detect-nofollow-attributes-website","status":"publish","type":"page","link":"https:\/\/sitechecker.pro\/no\/nofollow-link-checker\/","title":{"rendered":"Nofollow Link Checker | Oppdag Nofollow-attributter p\u00e5 nettstedet"},"content":{"rendered":"<p><\/p>\n<h2 id=\"par1\">Hva er et Nofollow Link Checker-verkt\u00f8y?<\/h2>\n<p>Nofollow Link Checker er et verkt\u00f8y som analyserer en nettside og identifiserer rel=&#8221;nofollow&#8221;-attributtet p\u00e5 alle lenker samt indekseringsdirektiver. Det oppdager Robots meta- og <a href=\"https:\/\/sitechecker.pro\/meta-robots-tag\/\" target=\"_blank\" rel=\"noopener noreferrer\">X-Robots-Tag<\/a>-innstillinger, sjekker <a href=\"https:\/\/sitechecker.pro\/link-attributes\/\" target=\"_blank\" rel=\"noopener noreferrer\">nofollow-attributter<\/a>, viser interne og eksterne dofollow\/nofollow-lenker, gir en komplett liste over ankertekster og returnerer <a href=\"https:\/\/sitechecker.pro\/http-status-codes-list\/\" target=\"_blank\" rel=\"noopener noreferrer\">statuskoder<\/a> for hver URL.<\/p>\n<h3>Hvordan verkt\u00f8yet kan hjelpe deg<\/h3>\n<p><strong>Identifisering av Robots- og X-Robots-Tag-regler: <\/strong>sjekker om siden inneholder Robots meta- eller X-Robots-Tag-direktiver, og hjelper deg \u00e5 oppdage noindex, nofollow eller andre regler som kan begrense <a href=\"https:\/\/sitechecker.pro\/website-crawler\/\" target=\"_blank\" rel=\"noopener noreferrer\">crawling<\/a> eller <a href=\"https:\/\/sitechecker.pro\/google-index\/\" target=\"_blank\" rel=\"noopener noreferrer\">indeksering<\/a>.<\/p>\n<p><strong>Oppdagelse av interne og eksterne nofollow-lenker: <\/strong>identifiserer alle dofollow- og nofollow-attributter p\u00e5 interne og eksterne lenker, og gir full oversikt over hvordan lenkeverdi flyter gjennom siden.<\/p>\n<p><strong>Fullstendig rapport om ankere og lenkestatus: <\/strong>gir en strukturert liste over alle ankertekster og verifiserer statuskodene for hver URL, slik at du kan oppdage <a href=\"https:\/\/sitechecker.pro\/broken-links\/\" target=\"_blank\" rel=\"noopener noreferrer\">brutte lenker<\/a>, <a href=\"https:\/\/sitechecker.pro\/redirect-checker\/\" target=\"_blank\" rel=\"noopener noreferrer\">viderekoblinger<\/a> og andre problemer som kan p\u00e5virke SEO-ytelsen.<\/p>\n<h3>N\u00f8kkelfunksjoner i verkt\u00f8yet<\/h3>\n<p><strong>Samlet dashbord: <\/strong>tilbyr et sentralisert dashbord som gir en helhetlig oversikt over ulike SEO-m\u00e5linger og ytelsesindikatorer for nettstedet.<\/p>\n<p><strong>Brukervennlig grensesnitt: <\/strong>utviklet med fokus p\u00e5 brukeropplevelse, slik at grensesnittet er intuitivt og enkelt \u00e5 navigere.<\/p>\n<p><strong>Komplett SEO-verkt\u00f8ypakke: <\/strong>leveres med et fullt sett av SEO-verkt\u00f8y, inkludert funksjoner for s\u00f8keordsanalyse, <a href=\"https:\/\/sitechecker.pro\/on-page-seo-checker\/\" target=\"_blank\" rel=\"noopener noreferrer\">on-page SEO<\/a>-optimalisering, <a href=\"https:\/\/sitechecker.pro\/seo-site-audit\/\" target=\"_blank\" rel=\"noopener noreferrer\">nettstedsrevisjoner<\/a> og mer.<\/p>\n<h2 id=\"par2\">Slik bruker du Nofollow Links Checker<\/h2>\n<p>Du kan teste om siden inneholder Robots- eller X-Robots-Tag-direktiver, eller analysere alle follow\/nofollow-statusene for lenkene p\u00e5 siden. Velg alternativet som passer best for m\u00e5let ditt, og start deretter revisjonen for \u00e5 f\u00e5 en umiddelbar rapport.<\/p>\n<div class=\"content__img-wrap\"><img src=\"https:\/\/sitechecker.pro\/wp-content\/uploads\/2025\/11\/choose-an-audit-option.png\" alt=\"Choose an audit option\" class=\"description-img description-img-zoom\" loading=\"lazy\" ><\/div>\n<h2 id=\"par3\">Sjekk nofollow-attributtet i Robots meta og X-Robots-Tag<\/h2>\n<h3>Steg 1: Velg inspeksjonen<\/h3>\n<div class=\"content__img-wrap\"><img src=\"https:\/\/sitechecker.pro\/wp-content\/uploads\/2025\/11\/test-robots-meta-x-robots-tag.png\" alt=\"Test Robots meta and X-Robots-tag\" class=\"description-img description-img-zoom\" loading=\"lazy\" ><\/div>\n<h3>Steg 2: F\u00e5 resultatene<\/h3>\n<p>I resultatene kan du se hvordan siden oppf\u00f8rer seg n\u00e5r det gjelder indeksering basert p\u00e5 flere signaler:<\/p>\n<p><strong>Robots meta-tag<\/strong> \u2013 om den inneholder direktiver som index, noindex, follow eller nofollow.<\/p>\n<p><strong>X-Robots-Tag<\/strong> \u2013 indekseringsregler p\u00e5 serverniv\u00e5 som returneres i HTTP-headere.<\/p>\n<p><strong><a href=\"https:\/\/sitechecker.pro\/robots-tester\/\" target=\"_blank\" rel=\"noopener noreferrer\">robots.txt<\/a>-filen<\/strong> \u2013 om crawling er tillatt eller begrenset for denne URL-en.<\/p>\n<p><strong>Noindex-tag<\/strong> \u2013 om det finnes noindex-direktiver i sideinnholdet.<\/p>\n<p>Denne revisjonen hjelper deg raskt \u00e5 forst\u00e5 hvordan s\u00f8kemotorer blir instruert til \u00e5 crawle og indeksere siden.<\/p>\n<div class=\"content__img-wrap\"><img src=\"https:\/\/sitechecker.pro\/wp-content\/uploads\/2025\/11\/on-page-seo-checker-indexation.png\" alt=\"On-page SEO Checker indexation\" class=\"description-img description-img-zoom\" loading=\"lazy\" ><\/div>\n<h3>Ekstra funksjoner i sjekken av Robots meta og X-Robots-Tag<\/h3>\n<p>I tillegg til \u00e5 sjekke nofollow-attributter og indekseringsregler gir verkt\u00f8yet ogs\u00e5 en rask oversikt over andre on-page-problemer. Du kan identifisere kritiske problemer, advarsler og tekniske signaler, som problemer med <a href=\"https:\/\/sitechecker.pro\/speed-test\/\" target=\"_blank\" rel=\"noopener noreferrer\">sidehastighet<\/a>, 404-feil, statuskoder, HTML-st\u00f8rrelse og kvaliteten p\u00e5 metadata.<\/p>\n<p>Dette gj\u00f8r det mulig \u00e5 kontrollere lenkeattributter og diagnostisere generelle SEO-problemer p\u00e5 samme side i \u00e9n og samme skanning.<\/p>\n<div class=\"content__img-wrap\"><img src=\"https:\/\/sitechecker.pro\/wp-content\/uploads\/2025\/11\/issues-overview.png\" alt=\"Issues overview\" class=\"description-img description-img-zoom\" loading=\"lazy\" ><\/div>\n<h2 id=\"par4\">Sjekk follow-statusene til lenkene p\u00e5 siden<\/h2>\n<h3>Steg 1: Velg alternativet \u00abLinks follow statuses on the page\u00bb<\/h3>\n<div class=\"content__img-wrap\"><img src=\"https:\/\/sitechecker.pro\/wp-content\/uploads\/2025\/11\/links-follow-statuses-on-the-page.png\" alt=\"Links follow statuses on the page\" class=\"description-img description-img-zoom\" loading=\"lazy\" ><\/div>\n<h3>Steg 2: F\u00e5 resultatene<\/h3>\n<p>Som resultat av denne revisjonen kan du gjennomg\u00e5 alle interne og eksterne lenker p\u00e5 siden. Rapporten viser hver URL som siden lenker til, b\u00e5de internt og eksternt. For hver lenke kan du sjekke HTTP-statuskode, follow\/nofollow-attributt og ankertekst.<\/p>\n<p>Du kan filtrere og sortere disse dataene slik du \u00f8nsker, eksportere dem for videre analyse eller laste ned hele rapporten.<\/p>\n<div class=\"content__img-wrap\"><img src=\"https:\/\/sitechecker.pro\/wp-content\/uploads\/2025\/11\/on-page-audit-internal-links.png\" alt=\"On-page audit internal links\" class=\"description-img description-img-zoom\" loading=\"lazy\" ><\/div>\n<h3>Ekstra funksjoner<\/h3>\n<p>P\u00e5 nettstedniv\u00e5 kan du ogs\u00e5 oppdage problemer knyttet til nofollow-lenker, som sider som bruker nofollow feil, kun har interne nofollow-lenker eller inneholder en blanding av follow\/nofollow-attributter.<\/p>\n<div class=\"content__img-wrap\"><img src=\"https:\/\/sitechecker.pro\/wp-content\/uploads\/2025\/11\/site-audit-nofollow-issues.png\" alt=\"Site audit nofollow issues\" class=\"description-img description-img-zoom\" loading=\"lazy\" ><\/div>\n<div class=\"important-block\">For \u00e5 motta resultater og f\u00e5 tilgang til Sitecheckers funksjoner i 14 dager, start din GRATIS pr\u00f8veperiode. Registrering er enkelt med e-post, Google- eller Facebook-konto. Ingen kredittkort kreves.<\/div>\n<h2 id=\"par5\">Avsluttende tanke<\/h2>\n<p>Nofollow Link Checker hjelper deg raskt \u00e5 forst\u00e5 hvordan en side h\u00e5ndterer nofollow-attributter, indekseringsregler og lenkeadferd. Verkt\u00f8yet viser Robots meta- og X-Robots-Tag-direktiver, interne og eksterne follow\/nofollow-lenker, ankertekster og statuskoder i \u00e9n tydelig rapport. Du kan ogs\u00e5 oppdage ekstra on-page-problemer og nofollow-problemer p\u00e5 tvers av hele nettstedet, og sikre at siden din blir crawlet og indeksert slik det er ment.<\/p>\n<div id=\"par6\"><\/div>\n<p><div class=\"front__faq-block\"><div class=\"faq__block-title\">FAQ<\/div><div class=\"panel-group\" id=\"faq-accordion\" itemscope itemtype=\"https:\/\/schema.org\/FAQPage\" role=\"tablist\" aria-multiselectable=\"true\"><div class=\"panel\" itemscope itemtype=\"https:\/\/schema.org\/Question\" itemprop=\"mainEntity\">\n                            <div class=\"panel-heading\" id=\"headingFaq-1\">\n                                <div class=\"panel-title\" data-toggle=\"collapse\" aria-expanded=\"false\" href=\"#collapseFaq-1\">\n                                    <h3 itemprop=\"name\">N\u00e5r b\u00f8r jeg bruke en nofollow-lenke p\u00e5 nettstedet mitt?<\/h3>\n                                <\/div>\n                            <\/div>\n                            <div id=\"collapseFaq-1\" class=\"panel-collapse collapse\" itemprop=\"acceptedAnswer\" itemscope itemtype=\"http:\/\/schema.org\/Answer\">\n                                <div class=\"panel-body\" itemprop=\"text\">Bruk nofollow n\u00e5r du lenker til up\u00e5litelige kilder, brukergenerert innhold, betalte plasseringer eller sider du ikke \u00f8nsker \u00e5 st\u00f8tte med lenkeverdi.<\/div>\n                            <\/div>\n                        <\/div><div class=\"panel\" itemscope itemtype=\"https:\/\/schema.org\/Question\" itemprop=\"mainEntity\">\n                            <div class=\"panel-heading\" id=\"headingFaq-2\">\n                                <div class=\"panel-title\" data-toggle=\"collapse\" aria-expanded=\"false\" href=\"#collapseFaq-2\">\n                                    <h3 itemprop=\"name\">Kan nofollow-lenker p\u00e5virke rangeringene mine?<\/h3>\n                                <\/div>\n                            <\/div>\n                            <div id=\"collapseFaq-2\" class=\"panel-collapse collapse\" itemprop=\"acceptedAnswer\" itemscope itemtype=\"http:\/\/schema.org\/Answer\">\n                                <div class=\"panel-body\" itemprop=\"text\">De overf\u00f8rer ikke PageRank, men hjelper fortsatt s\u00f8kemotorer med \u00e5 forst\u00e5 kontekst, oppdage nye URL-er og opprettholde en naturlig lenkeprofil.<\/div>\n                            <\/div>\n                        <\/div><div class=\"panel\" itemscope itemtype=\"https:\/\/schema.org\/Question\" itemprop=\"mainEntity\">\n                            <div class=\"panel-heading\" id=\"headingFaq-3\">\n                                <div class=\"panel-title\" data-toggle=\"collapse\" aria-expanded=\"false\" href=\"#collapseFaq-3\">\n                                    <h3 itemprop=\"name\">B\u00f8r interne lenker noen gang v\u00e6re nofollow?<\/h3>\n                                <\/div>\n                            <\/div>\n                            <div id=\"collapseFaq-3\" class=\"panel-collapse collapse\" itemprop=\"acceptedAnswer\" itemscope itemtype=\"http:\/\/schema.org\/Answer\">\n                                <div class=\"panel-body\" itemprop=\"text\">I de fleste tilfeller nei. Interne nofollow-lenker kan bryte crawl-stier og redusere effektiviteten i indekseringen, med mindre du bevisst \u00f8nsker \u00e5 blokkere bestemte seksjoner.<\/div>\n                            <\/div>\n                        <\/div><div class=\"panel\" itemscope itemtype=\"https:\/\/schema.org\/Question\" itemprop=\"mainEntity\">\n                            <div class=\"panel-heading\" id=\"headingFaq-4\">\n                                <div class=\"panel-title\" data-toggle=\"collapse\" aria-expanded=\"false\" href=\"#collapseFaq-4\">\n                                    <h3 itemprop=\"name\">Respekterer Google alltid nofollow-attributter?<\/h3>\n                                <\/div>\n                            <\/div>\n                            <div id=\"collapseFaq-4\" class=\"panel-collapse collapse\" itemprop=\"acceptedAnswer\" itemscope itemtype=\"http:\/\/schema.org\/Answer\">\n                                <div class=\"panel-body\" itemprop=\"text\">Google behandler nofollow som et hint, ikke et absolutt direktiv. Den kan fortsatt crawle eller indeksere en URL hvis den vurderes som viktig.<\/div>\n                            <\/div>\n                        <\/div><div class=\"panel\" itemscope itemtype=\"https:\/\/schema.org\/Question\" itemprop=\"mainEntity\">\n                            <div class=\"panel-heading\" id=\"headingFaq-5\">\n                                <div class=\"panel-title\" data-toggle=\"collapse\" aria-expanded=\"false\" href=\"#collapseFaq-5\">\n                                    <h3 itemprop=\"name\">Hvor ofte b\u00f8r jeg revidere sidene mine for nofollow-problemer?<\/h3>\n                                <\/div>\n                            <\/div>\n                            <div id=\"collapseFaq-5\" class=\"panel-collapse collapse\" itemprop=\"acceptedAnswer\" itemscope itemtype=\"http:\/\/schema.org\/Answer\">\n                                <div class=\"panel-body\" itemprop=\"text\">Etter innholdsoppdateringer, redesign, CMS-endringer, migreringer eller n\u00e5r trafikken plutselig faller \u2013 dette er vanlige \u00f8yeblikk hvor nofollow-feil oppst\u00e5r.<\/div>\n                            <\/div>\n                        <\/div><\/div><\/div><\/p>","protected":false},"excerpt":{"rendered":"Hva er et Nofollow Link Checker-verkt\u00f8y? Nofollow Link Checker er et verkt\u00f8y som analyserer en nettside og identifiserer rel=&#8221;nofollow&#8221;-attributtet p\u00e5 alle lenker samt indekseringsdirektiver. Det oppdager Robots meta- og X-Robots-Tag-innstillinger, sjekker nofollow-attributter, viser interne og eksterne dofollow\/nofollow-lenker, gir en komplett liste over ankertekster og returnerer statuskoder for hver URL. Hvordan verkt\u00f8yet kan hjelpe deg Identifisering&#8230;","protected":false},"author":10409641,"featured_media":0,"parent":0,"menu_order":0,"comment_status":"closed","ping_status":"closed","template":"pages-templates\/pages-minitools-3.php","meta":[],"categories":[72],"tags":[],"_links":{"self":[{"href":"https:\/\/sitechecker.pro\/no\/wp-json\/wp\/v2\/pages\/29818"}],"collection":[{"href":"https:\/\/sitechecker.pro\/no\/wp-json\/wp\/v2\/pages"}],"about":[{"href":"https:\/\/sitechecker.pro\/no\/wp-json\/wp\/v2\/types\/page"}],"author":[{"embeddable":true,"href":"https:\/\/sitechecker.pro\/no\/wp-json\/wp\/v2\/users\/10409641"}],"replies":[{"embeddable":true,"href":"https:\/\/sitechecker.pro\/no\/wp-json\/wp\/v2\/comments?post=29818"}],"version-history":[{"count":9,"href":"https:\/\/sitechecker.pro\/no\/wp-json\/wp\/v2\/pages\/29818\/revisions"}],"predecessor-version":[{"id":39346,"href":"https:\/\/sitechecker.pro\/no\/wp-json\/wp\/v2\/pages\/29818\/revisions\/39346"}],"wp:attachment":[{"href":"https:\/\/sitechecker.pro\/no\/wp-json\/wp\/v2\/media?parent=29818"}],"wp:term":[{"taxonomy":"category","embeddable":true,"href":"https:\/\/sitechecker.pro\/no\/wp-json\/wp\/v2\/categories?post=29818"},{"taxonomy":"post_tag","embeddable":true,"href":"https:\/\/sitechecker.pro\/no\/wp-json\/wp\/v2\/tags?post=29818"}],"curies":[{"name":"wp","href":"https:\/\/api.w.org\/{rel}","templated":true}]}}