{"id":29810,"date":"2024-01-22T15:46:39","date_gmt":"2024-01-22T15:46:39","guid":{"rendered":"https:\/\/sitechecker.pro\/?page_id=29810"},"modified":"2026-02-19T15:12:39","modified_gmt":"2026-02-19T15:12:39","slug":"dofollow-link-checker-detect-follow-links-link-errors","status":"publish","type":"page","link":"https:\/\/sitechecker.pro\/no\/dofollow-link-checker\/","title":{"rendered":"Dofollow Link Checker | Oppdag f\u00f8lgelinker og lenkefeil"},"content":{"rendered":"<p><\/p>\n<h2 id=\"par1\">Hva er en Dofollow Link Checker?<\/h2>\n<p> En Dofollow Link Detector fra <a href=\"https:\/\/sitechecker.pro\/\" target=\"_blank\" rel=\"noopener noreferrer\">Sitechecker<\/a> er et verkt\u00f8y for \u00e5 identifisere og analysere <a href=\"https:\/\/sitechecker.pro\/what-is-dofollow-link\/\" target=\"_blank\" rel=\"noopener noreferrer\">dofollow<\/a>-lenker p\u00e5 et nettsted eller en bestemt side.<\/p>\n<p>Dette verkt\u00f8yet gj\u00f8r det ogs\u00e5 enklere \u00e5 kontrollere statuskoder for interne URL-er og analysere ankertekstene deres. I tillegg gjennomf\u00f8rer det en teknisk revisjon av nettstedet ditt, der det identifiserer og rapporterer problemer knyttet til sider. Dette inkluderer vurdering av sidens kvalitet og p\u00e5virkning.<\/p>\n<h3>Verkt\u00f8yet kan hjelpe deg p\u00e5 mange m\u00e5ter<\/h3>\n<p> <strong>Identifisering av Dofollow-lenker: <\/strong>utviklet for \u00e5 oppdage og liste opp alle URL-er p\u00e5 en nettside som ikke har attributtet rel=&#8221;<a href=\"https:\/\/sitechecker.pro\/nofollow-link-checker\/\" target=\"_blank\" rel=\"noopener noreferrer\">nofollow<\/a>&#8220;. Dette gj\u00f8r det mulig \u00e5 se hvilke URL-er som potensielt overf\u00f8rer sideautoritet for SEO-form\u00e5l.<\/p>\n<p><strong>Kontroll av statuskoder for interne Dofollow-URL-er: <\/strong>sjekk HTTP-statuskodene for interne URL-er p\u00e5 nettstedet ditt som er merket som dofollow.<\/p>\n<p><strong>Identifisering og rapportering av feil eller problemer knyttet til Follow-lenker: <\/strong>rettet mot \u00e5 finne og rapportere feil eller problemer som er spesifikt knyttet til follow-attributter. Dette inkluderer \u00f8delagte URL-er, feil strukturer og andre relaterte feil.<\/p>\n<h3>N\u00f8kkelfunksjoner i verkt\u00f8yet<\/h3>\n<p> <strong>Samlet kontrollpanel: <\/strong>denne funksjonen lar deg overv\u00e5ke alle viktige m\u00e5leparametere i ett enkelt og brukervennlig kontrollpanel. Denne sentraliseringen forenkler analyse og testing av nye SEO-hypoteser og gir en helhetlig oversikt over nettstedets ytelse.<\/p>\n<p><strong>Brukervennlig grensesnitt: <\/strong>verkt\u00f8yet er designet med fokus p\u00e5 brukeropplevelse, slik at selv personer uten omfattende SEO-kunnskap kan navigere og bruke funksjonene effektivt. Dette inkluderer tydelig datapresentasjon og steg-for-steg-veiledninger for \u00e5 l\u00f8se identifiserte problemer.<\/p>\n<p><strong>Komplett SEO-verkt\u00f8ysett: <\/strong>tilbyr en kraftig samling av SEO-verkt\u00f8y, samlet i to hovedfunksjoner: Rank Tracker, som importerer og oppdaterer rangeringss\u00f8keord, st\u00f8tter flere s\u00f8kemotorer og gir innsikt i de best presterende sidene; og Site Monitoring, som skanner nettsteder for oppdateringer som innholds\u00adendringer og \u00f8delagte URL-er, noe som er avgj\u00f8rende for \u00e5 f\u00f8lge med p\u00e5 endringer relatert til CMS, temaer og plugins, osv.<\/p>\n<h2 id=\"par2\">Hvordan bruke verkt\u00f8yet<\/h2>\n<h3>Steg 1: For \u00e5 starte analysen, skriv inn domenenavnet eller URL-en til en bestemt side og vent p\u00e5 resultatet<\/h3>\n<div class=\"content__img-wrap\"><img src=\"https:\/\/sitechecker.pro\/wp-content\/uploads\/2024\/01\/dofollow-link-checker.png\" alt=\"Dofollow Link Checker\" class=\"description-img description-img-zoom\" loading=\"lazy\" ><\/div>\n<h3>Steg 2: F\u00e5 resultater<\/h3>\n<p> Dofollow Link Finder gir en detaljert analyse av interne og eksterne lenker p\u00e5 et nettsted. Den viser hver URL og tilh\u00f8rende HTTP-statuskode, og identifiserer omdirigeringer eller \u00f8delagte URL-er. Verkt\u00f8yet skiller ogs\u00e5 mellom \u00abdofollow\u00bb- og \u00abnofollow\u00bb-lenker, noe som bidrar til \u00e5 bevare SEO-verdi. I tillegg analyserer det ankertekster for \u00e5 sikre at de styrker SEO, noe som er avgj\u00f8rende for \u00e5 forbedre rangeringen i s\u00f8kemotorer.<\/p>\n<div class=\"content__img-wrap\"><img src=\"https:\/\/sitechecker.pro\/wp-content\/uploads\/2024\/01\/page-details-dofollow.png\" alt=\"Page Details Dofollow\" class=\"description-img description-img-zoom\" loading=\"lazy\" ><\/div>\n<h2 id=\"par3\">Ekstra funksjoner<\/h2>\n<p> Site Audit-delen gir en omfattende oversikt over SEO-helsen til et nettsted og viser viktige m\u00e5leparametere som antall kritiske problemer, advarsler, forbedringsmuligheter og varsler. Website Score gir en rask visuell fremstilling av nettstedets n\u00e5v\u00e6rende SEO-ytelse.<\/p>\n<p>Verkt\u00f8yet identifiserer ikke-indekserte URL-er som feilaktig er merket som \u00abfollow\u00bb, og forhindrer dermed feilrettet crawling fra s\u00f8kemotorer. Det oppdager ogs\u00e5 sider som mottar blandede \u00abfollow\u00bb- og \u00abnofollow\u00bb-signaler, og klargj\u00f8r dermed sideautoritet for s\u00f8kemotorer. Det fremhever sider med f\u00e5 interne \u00abfollow\u00bb-URL-er, noe som kan begrense deres rangeringspotensial. I tillegg s\u00f8rger kontrollen for at ankertekstene for \u00abfollow\u00bb-attributter er beskrivende, slik at s\u00f8kemotorer bedre forst\u00e5r konteksten til det lenkede innholdet. Med denne innsikten kan webansvarlige finjustere strategien sin for bedre SEO-resultater.<\/p>\n<div class=\"content__img-wrap\"><img src=\"https:\/\/sitechecker.pro\/wp-content\/uploads\/2024\/01\/follow-links-issues.png\" alt=\"Follow Links Issues\" class=\"description-img description-img-zoom\" loading=\"lazy\" ><\/div>\n<h2 id=\"par4\">Avsluttende id\u00e9<\/h2>\n<p> Dofollow Link Analyzer er et omfattende verkt\u00f8y utviklet for \u00e5 identifisere \u00abdofollow\u00bb-attributter som p\u00e5virker SEO-autoritet. Det effektiviserer nettstedsrevisjoner ved \u00e5 tilby et samlet kontrollpanel for enkel overv\u00e5king av SEO-m\u00e5leparametere og gir et brukervennlig grensesnitt som ogs\u00e5 passer for brukere med begrenset SEO-erfaring. Det omfattende SEO-verkt\u00f8ysettet, inkludert Rank Tracker og Site Monitoring, hjelper med \u00e5 optimalisere lenkestrategien p\u00e5 et nettsted og forbedrer rangeringene i s\u00f8kemotorer ved \u00e5 l\u00f8se problemer som ikke-indekserte \u00abfollow\u00bb-URL-er og blandede \u00abfollow\u00bb- og \u00abnofollow\u00bb-signaler. Dofollow Link Checker er et viktig verkt\u00f8y for webansvarlige som \u00f8nsker \u00e5 forbedre SEO-ytelsen til nettstedet sitt effektivt. <\/p>\n<div id=\"par5\"><\/div>\n<p> <div class=\"front__faq-block\"><div class=\"faq__block-title\">FAQ<\/div><div class=\"panel-group\" id=\"faq-accordion\" itemscope itemtype=\"https:\/\/schema.org\/FAQPage\" role=\"tablist\" aria-multiselectable=\"true\"><div class=\"panel\" itemscope itemtype=\"https:\/\/schema.org\/Question\" itemprop=\"mainEntity\">\n                            <div class=\"panel-heading\" id=\"headingFaq-1\">\n                                <div class=\"panel-title\" data-toggle=\"collapse\" aria-expanded=\"false\" href=\"#collapseFaq-1\">\n                                    <h3 itemprop=\"name\">Hvilke typer lenker kan Dofollow Link Checker analysere?<\/h3>\n                                <\/div>\n                            <\/div>\n                            <div id=\"collapseFaq-1\" class=\"panel-collapse collapse\" itemprop=\"acceptedAnswer\" itemscope itemtype=\"http:\/\/schema.org\/Answer\">\n                                <div class=\"panel-body\" itemprop=\"text\">Dofollow URL Checker kan analysere b\u00e5de interne og eksterne \u00abdofollow\u00bb-sider p\u00e5 et nettsted, inkludert deres HTTP-statuskoder og ankertekster.<\/div>\n                            <\/div>\n                        <\/div><div class=\"panel\" itemscope itemtype=\"https:\/\/schema.org\/Question\" itemprop=\"mainEntity\">\n                            <div class=\"panel-heading\" id=\"headingFaq-2\">\n                                <div class=\"panel-title\" data-toggle=\"collapse\" aria-expanded=\"false\" href=\"#collapseFaq-2\">\n                                    <h3 itemprop=\"name\">Kan Dofollow Link Checker-verkt\u00f8yet p\u00e5 nett oppdage \u00f8delagte lenker?<\/h3>\n                                <\/div>\n                            <\/div>\n                            <div id=\"collapseFaq-2\" class=\"panel-collapse collapse\" itemprop=\"acceptedAnswer\" itemscope itemtype=\"http:\/\/schema.org\/Answer\">\n                                <div class=\"panel-body\" itemprop=\"text\">Ja, det kan identifisere \u00f8delagte URL-er ved \u00e5 kontrollere HTTP-statuskodene til URL-er som er merket som \u00abdofollow\u00bb.<\/div>\n                            <\/div>\n                        <\/div><div class=\"panel\" itemscope itemtype=\"https:\/\/schema.org\/Question\" itemprop=\"mainEntity\">\n                            <div class=\"panel-heading\" id=\"headingFaq-3\">\n                                <div class=\"panel-title\" data-toggle=\"collapse\" aria-expanded=\"false\" href=\"#collapseFaq-3\">\n                                    <h3 itemprop=\"name\">Hvor ofte b\u00f8r et nettsted revideres med Dofollow Link Checker?<\/h3>\n                                <\/div>\n                            <\/div>\n                            <div id=\"collapseFaq-3\" class=\"panel-collapse collapse\" itemprop=\"acceptedAnswer\" itemscope itemtype=\"http:\/\/schema.org\/Answer\">\n                                <div class=\"panel-body\" itemprop=\"text\">Regelmessige revisjoner anbefales, spesielt etter st\u00f8rre innholdsoppdateringer, omstruktureringer eller n\u00e5r det oppdages endringer i trafikken. Noen foretrekker \u00e5 planlegge revisjoner m\u00e5nedlig eller kvartalsvis, avhengig av nettstedets st\u00f8rrelse og dynamikk.<\/div>\n                            <\/div>\n                        <\/div><\/div><\/div><\/p>","protected":false},"excerpt":{"rendered":"Hva er en Dofollow Link Checker? En Dofollow Link Detector fra Sitechecker er et verkt\u00f8y for \u00e5 identifisere og analysere dofollow-lenker p\u00e5 et nettsted eller en bestemt side. Dette verkt\u00f8yet gj\u00f8r det ogs\u00e5 enklere \u00e5 kontrollere statuskoder for interne URL-er og analysere ankertekstene deres. I tillegg gjennomf\u00f8rer det en teknisk revisjon av nettstedet ditt, der&#8230;","protected":false},"author":10409641,"featured_media":0,"parent":0,"menu_order":0,"comment_status":"closed","ping_status":"closed","template":"pages-templates\/pages-minitools-3.php","meta":[],"categories":[72],"tags":[],"_links":{"self":[{"href":"https:\/\/sitechecker.pro\/no\/wp-json\/wp\/v2\/pages\/29810"}],"collection":[{"href":"https:\/\/sitechecker.pro\/no\/wp-json\/wp\/v2\/pages"}],"about":[{"href":"https:\/\/sitechecker.pro\/no\/wp-json\/wp\/v2\/types\/page"}],"author":[{"embeddable":true,"href":"https:\/\/sitechecker.pro\/no\/wp-json\/wp\/v2\/users\/10409641"}],"replies":[{"embeddable":true,"href":"https:\/\/sitechecker.pro\/no\/wp-json\/wp\/v2\/comments?post=29810"}],"version-history":[{"count":12,"href":"https:\/\/sitechecker.pro\/no\/wp-json\/wp\/v2\/pages\/29810\/revisions"}],"predecessor-version":[{"id":39378,"href":"https:\/\/sitechecker.pro\/no\/wp-json\/wp\/v2\/pages\/29810\/revisions\/39378"}],"wp:attachment":[{"href":"https:\/\/sitechecker.pro\/no\/wp-json\/wp\/v2\/media?parent=29810"}],"wp:term":[{"taxonomy":"category","embeddable":true,"href":"https:\/\/sitechecker.pro\/no\/wp-json\/wp\/v2\/categories?post=29810"},{"taxonomy":"post_tag","embeddable":true,"href":"https:\/\/sitechecker.pro\/no\/wp-json\/wp\/v2\/tags?post=29810"}],"curies":[{"name":"wp","href":"https:\/\/api.w.org\/{rel}","templated":true}]}}