{"id":2517,"date":"2018-04-17T12:41:56","date_gmt":"2018-04-17T12:41:56","guid":{"rendered":"https:\/\/sitechecker.pro\/?page_id=2517"},"modified":"2025-04-15T19:26:15","modified_gmt":"2025-04-15T19:26:15","slug":"page-rank","status":"publish","type":"page","link":"https:\/\/sitechecker.pro\/no\/page-rank\/","title":{"rendered":"Hva er Google PageRank, og hvorfor skal du ta hensyn til det?"},"content":{"rendered":"<p><\/p>\n<h2><strong>PageRank Definisjon<\/strong><\/h2>\n<p>En av m\u00e5tene \u00e5 definere nettstedets relevans er \u00e5 gi en definisjon til dens autoritet som helt avhenger av antall andre autoritative nettsteder som inneholder lenker til det nettstedet. Jo h\u00f8yere nettsted myndighet er, jo st\u00f8rre er vekt for utg\u00e5ende lenker.<\/p>\n<p>Men hva betyr relevans? Sid Relevans er en nettsides evne til \u00e5 samsvare med et s\u00f8k som den vises i s\u00f8keresultatene. Den ang\u00e5r ogs\u00e5 anker teksten til hyperkobling den f\u00f8rer til.<\/p>\n<h2><strong>Hvordan fungerer PageRank?<\/strong><\/h2>\n<p>PageRank er definert av tall fra 0 til 10. Nylig opprettede nettsteder uten inng\u00e5ende linker har null PR. Jo flere linker f\u00f8rer til nettstedet, og jo mer authoritative de er (sammenligne med andre nettsteder), jo h\u00f8yere er PR.<\/p>\n<p>Google Page Rank brukes til \u00e5 identifisere en nettsides relevans eller betydning. Nylig var PR-nettstedet synlig for alle brukere og utviklere. N\u00e5 ble det imidlertid lukket informasjon, og du kan ikke identifisere PR-nettsted, selv om det er kjent at beregningene fortsatt brukes av Google. Det hevdes at Google har gjemt denne informasjonen for \u00e5 motivere webansvarlige til \u00e5 gj\u00f8re mer innsats for \u00e5 lage innhold av h\u00f8y kvalitet og bygge naturlige lenke profiler i stedet for \u00e5 kopiere konkurrentens nettsted aktivitet.<br \/>\nSom allerede sagt, PageRank er bare en (men viktig) faktor som p\u00e5virker side posisjonen i s\u00f8ket. Det er mange andre faktorer som p\u00e5virker nettstedets relevans rate.<\/p>\n<h2><strong>Hvordan bruke PageRank Checker<\/strong><\/h2>\n<p>Skriv inn nettadressen du vil sjekke i ruten. Google PageRank Checker vil sjekke PageRank-poengsummen for nettsteder i l\u00f8pet av et par sekunder. Verkt\u00f8yet vil gi f\u00f8lgende indikatorer:<\/p>\n<ul>\n<li style=\"font-weight: 400;\"><span style=\"font-weight: 400;\">HTTP status code;<\/span><\/li>\n<li style=\"font-weight: 400;\"><span style=\"font-weight: 400;\">PageRank integer;<\/span><\/li>\n<li style=\"font-weight: 400;\"><span style=\"font-weight: 400;\">PageRank decimal.<\/span><\/li>\n<\/ul>\n<p><\/p>","protected":false},"excerpt":{"rendered":"PageRank Definisjon En av m\u00e5tene \u00e5 definere nettstedets relevans er \u00e5 gi en definisjon til dens autoritet som helt avhenger av antall andre autoritative nettsteder som inneholder lenker til det nettstedet. Jo h\u00f8yere nettsted myndighet er, jo st\u00f8rre er vekt for utg\u00e5ende lenker. Men hva betyr relevans? Sid Relevans er en nettsides evne til \u00e5&#8230;","protected":false},"author":10409641,"featured_media":3830,"parent":0,"menu_order":0,"comment_status":"closed","ping_status":"closed","template":"pages-templates\/pages-minitools-3.php","meta":[],"categories":[72],"tags":[],"_links":{"self":[{"href":"https:\/\/sitechecker.pro\/no\/wp-json\/wp\/v2\/pages\/2517"}],"collection":[{"href":"https:\/\/sitechecker.pro\/no\/wp-json\/wp\/v2\/pages"}],"about":[{"href":"https:\/\/sitechecker.pro\/no\/wp-json\/wp\/v2\/types\/page"}],"author":[{"embeddable":true,"href":"https:\/\/sitechecker.pro\/no\/wp-json\/wp\/v2\/users\/10409641"}],"replies":[{"embeddable":true,"href":"https:\/\/sitechecker.pro\/no\/wp-json\/wp\/v2\/comments?post=2517"}],"version-history":[{"count":68,"href":"https:\/\/sitechecker.pro\/no\/wp-json\/wp\/v2\/pages\/2517\/revisions"}],"predecessor-version":[{"id":36625,"href":"https:\/\/sitechecker.pro\/no\/wp-json\/wp\/v2\/pages\/2517\/revisions\/36625"}],"wp:featuredmedia":[{"embeddable":true,"href":"https:\/\/sitechecker.pro\/no\/wp-json\/wp\/v2\/media\/3830"}],"wp:attachment":[{"href":"https:\/\/sitechecker.pro\/no\/wp-json\/wp\/v2\/media?parent=2517"}],"wp:term":[{"taxonomy":"category","embeddable":true,"href":"https:\/\/sitechecker.pro\/no\/wp-json\/wp\/v2\/categories?post=2517"},{"taxonomy":"post_tag","embeddable":true,"href":"https:\/\/sitechecker.pro\/no\/wp-json\/wp\/v2\/tags?post=2517"}],"curies":[{"name":"wp","href":"https:\/\/api.w.org\/{rel}","templated":true}]}}