{"id":24950,"date":"2023-07-24T12:54:03","date_gmt":"2023-07-24T12:54:03","guid":{"rendered":"https:\/\/sitechecker.pro\/?page_id=24950"},"modified":"2025-02-27T10:59:43","modified_gmt":"2025-02-27T10:59:43","slug":"keyword-suggestion-tool-research-content-ideas-sitechecker-%e1%90%88","status":"publish","type":"page","link":"https:\/\/sitechecker.pro\/no\/keyword-suggestion-tool\/","title":{"rendered":"S\u00f8keordforslagsverkt\u00f8y for \u00e5 finne ideer til innhold \u2611"},"content":{"rendered":"<p><\/p>\n<h2 id=\"par1\">Hva er et profesjonelt verkt\u00f8y for s\u00f8keordforslag?<\/h2>\n<p>Forslagss\u00f8keordverkt\u00f8yet av <a href=\"https:\/\/sitechecker.pro\/\" target=\"_blank\" rel=\"noopener noreferrer\">Sitechecker<\/a> er en gratis nettbasert ressurs som genererer relevante s\u00f8keordideer ved \u00e5 utnytte data fra plattformer som Google, Bing, Google Bilder, Nyheter, Shopping, Yahoo, Wikipedia, YouTube, Amazon, eBay og Fiverr. Det hjelper brukere med \u00e5 oppdage n\u00f8kkelfraser med lang hale, optimalisere innhold og forbedre synlighet og trafikk for nettsteder, videoer og produktoppf\u00f8ringer.<\/p>\n<p>Ved \u00e5 analysere s\u00f8kemotordata, inkludert Google Autofullf\u00f8ring, st\u00f8tter verkt\u00f8yet SEO, innholdsskaping og markedsf\u00f8ringsstrategier, slik at brukere kan forbedre s\u00f8kerangeringer, effektivt m\u00e5lrette m\u00e5lgruppen og \u00f8ke ytelsen p\u00e5 tvers av flere plattformer.<\/p>\n<h3>S\u00f8keordforslagsverkt\u00f8yet hjelper deg med<\/h3>\n<p><strong>Innholdsoptimalisering: <\/strong>tilbyr s\u00f8keord med lang hale for \u00e5 forbedre s\u00f8kemotorrangeringer og berike nettsted- eller videoinnhold.<\/p>\n<p><strong>E-handel og PPC-ytelse: <\/strong>foresl\u00e5tte s\u00f8keord for produktoppf\u00f8ringer p\u00e5 Amazon og eBay og m\u00e5lrettede setninger for effektive betalte annonsekampanjer.<\/p>\n<p><strong>Multi-Platform Insights: <\/strong>skreddersydde forslag fra Google, Bing, YouTube og andre, sporer trender for \u00e5 holde seg konkurransedyktige.<\/p>\n<h3>N\u00f8kkelfunksjoner i verkt\u00f8yet<\/h3>\n<p><strong>United Dashboard: <\/strong>konsoliderer alle SEO-beregninger og innsikt i ett enkelt grensesnitt som er lett \u00e5 navigere for effektiv overv\u00e5king og administrasjon.<\/p>\n<p><strong>Brukervennlig grensesnitt: <\/strong>Intuitivt design sikrer brukervennlighet for nybegynnere og profesjonelle, og forenkler komplekse SEO-oppgaver.<\/p>\n<p><strong>Komplett SEO-verkt\u00f8ysett: <\/strong>tilbyr et omfattende utvalg av verkt\u00f8y, inkludert n\u00f8kkelfraseunders\u00f8kelser, nettstedsrevisjoner, tilbakekoblingssporing og ytelsesanalyse, for \u00e5 forbedre din tilstedev\u00e6relse p\u00e5 nettet effektivt.<\/p>\n<h2 id=\"par2\">Hvordan bruke verkt\u00f8yet<\/h2>\n<h3>Trinn 1: Skriv inn et s\u00f8keord eller en n\u00f8kkelfrase, velg en plattform&#8230;<\/h3>\n<p>Skriv inn et s\u00f8keord eller en n\u00f8kkelfrase, velg en plattform (Google, Google Nyheter, Google Shopping, YouTube, Google Bilder, Yahoo, Bing, Wikipedia eller Fiverr), velg land og spr\u00e5k, og klikk deretter p\u00e5 &#8220;F\u00e5 forslag&#8221;-knappen.<\/p>\n<div class=\"content__img-wrap\"><img src=\"https:\/\/sitechecker.pro\/wp-content\/uploads\/2025\/02\/keyword-suggestion-tool-seo-ppc.png\" alt=\"S\u00f8keordforslagsverkt\u00f8y for SEO PPC\" class=\"description-img description-img-zoom\" loading=\"lazy\" ><\/div>\n<h3>Trinn 2: F\u00e5 resultatene<\/h3>\n<p>Verkt\u00f8yet gir en liste over relevante n\u00f8kkelsetninger sammen med beregninger som s\u00f8kevolum, trender, CPC og annonsekonkurranse, noe som muliggj\u00f8r datadrevne SEO og markedsf\u00f8ringsbeslutninger.<\/p>\n<div class=\"content__img-wrap\"><img src=\"https:\/\/sitechecker.pro\/wp-content\/uploads\/2025\/02\/suggestions-results.png\" alt=\"Forslagsresultater\" class=\"description-img description-img-zoom\" loading=\"lazy\" ><\/div>\n<p>Det venstre panelet organiserer s\u00f8keordforslag i klynger, og grupperer dem etter koblingen til det prim\u00e6re s\u00f8ket, noe som gj\u00f8r det til et kraftig s\u00f8keordgrupperingsverkt\u00f8y.<\/p>\n<p>Verkt\u00f8yet gir ogs\u00e5 n\u00f8kkelberegninger som s\u00f8kevolum, trender, CPC og annonsekonkurranse. Du kan velge spesifikke n\u00f8kkelsetninger og legge dem til <a href=\"https:\/\/sitechecker.pro\/rank-tracker\/\" target=\"_blank\" rel=\"noopener noreferrer\">Rank Tracker<\/a> for grundig overv\u00e5king og strategisk planlegging. En gratis pr\u00f8veperiode kreves for \u00e5 l\u00e5se opp tilgang til disse dataene.<\/p>\n<div class=\"content__img-wrap\"><img src=\"https:\/\/sitechecker.pro\/wp-content\/uploads\/2025\/02\/suggestions-metrics.png\" alt=\"Forslagsberegninger\" class=\"description-img description-img-zoom\" loading=\"lazy\" ><\/div>\n<div class=\"important-block\">For \u00e5 motta resultater og tilgang til Sitecheckers funksjoner i 14 dager, start din GRATIS pr\u00f8veperiode. Det er enkelt \u00e5 registrere seg med e-post-, Google- eller Facebook-kontoen din. Ingen kredittkort er n\u00f8dvendig.<\/div>\n<h2 id=\"par3\">Begynn \u00e5 spore relevante s\u00f8keord<\/h2>\n<p>Begynn \u00e5 overv\u00e5ke relevante innholdsemner ved \u00e5 velge de av interesse og legge dem til i rangeringssporingen med bare et klikk.<\/p>\n<div class=\"content__img-wrap\"><img src=\"https:\/\/sitechecker.pro\/wp-content\/uploads\/2025\/02\/add-to-rank-tracker.png\" alt=\"Legg til i rangeringssporing\" class=\"description-img description-img-zoom\" loading=\"lazy\" ><\/div>\n<p>Du kan gruppere n\u00f8kkelsetninger og legge dem til i rangeringssporingen for omfattende overv\u00e5king og analyse.<\/p>\n<div class=\"content__img-wrap\"><img src=\"https:\/\/sitechecker.pro\/wp-content\/uploads\/2025\/02\/add-to-rank-tracker-settings.png\" alt=\"Legg til i innstillinger for rangeringsporing\" class=\"description-img description-img-zoom\" loading=\"lazy\" ><\/div>\n<p>Her kan du velge din foretrukne s\u00f8kemotor, enhet, land og region.<\/p>\n<p>Etter \u00e5 ha fullf\u00f8rt oppsettet, klikk &#8220;Legg til i rangeringssporing&#8221;.<\/p>\n<p>Bruk funksjonen &#8220;Administrer s\u00f8keord&#8221; for \u00e5 organisere s\u00f8keord i kategorier og knytte dem til bestemte sider, noe som forenkler markedsf\u00f8ringsstrategien din.<\/p>\n<div class=\"content__img-wrap\"><img src=\"https:\/\/sitechecker.pro\/wp-content\/uploads\/2025\/02\/manage-keywords.png\" alt=\"Administrer s\u00f8keord\" class=\"description-img description-img-zoom\" loading=\"lazy\" ><\/div>\n<p>S\u00f8keords\u00f8keren gir tilpasset sporing av emneideer basert p\u00e5 enhet og plassering, og gir verdifull innsikt i rangeringer og konkurrentresultater. Med funksjoner som synlighetspoeng, indekseringsoverv\u00e5king og SEO-trendanalyse, st\u00f8tter den strategioptimalisering. I tillegg passer dens tilpasningsdyktige rapporteringsfunksjoner s\u00f8ml\u00f8st med kampanjeplanene.<\/p>\n<div class=\"content__img-wrap\"><img src=\"https:\/\/sitechecker.pro\/wp-content\/uploads\/2025\/02\/rank-tracker-dashboard.png\" alt=\"Rank Tracker Dashboard\" class=\"description-img description-img-zoom\" loading=\"lazy\" ><\/div>\n<h2 id=\"par4\">Endelig id\u00e9<\/h2>\n<p>S\u00f8keordforslagsverkt\u00f8yet genererer relevante s\u00f8keordideer for SEO, PPC og e-handel ved \u00e5 bruke data fra plattformer som Google, Bing og Amazon. Den tilbyr s\u00f8keordgruppering, ytelsessporing og tilpassbar rapportering, og hjelper brukere med \u00e5 forbedre rangeringer, optimalisere innhold og \u00f8ke suksess p\u00e5 nettet.<\/p>","protected":false},"excerpt":{"rendered":"Hva er et profesjonelt verkt\u00f8y for s\u00f8keordforslag? Forslagss\u00f8keordverkt\u00f8yet av Sitechecker er en gratis nettbasert ressurs som genererer relevante s\u00f8keordideer ved \u00e5 utnytte data fra plattformer som Google, Bing, Google Bilder, Nyheter, Shopping, Yahoo, Wikipedia, YouTube, Amazon, eBay og Fiverr. Det hjelper brukere med \u00e5 oppdage n\u00f8kkelfraser med lang hale, optimalisere innhold og forbedre synlighet og&#8230;","protected":false},"author":10409641,"featured_media":0,"parent":0,"menu_order":0,"comment_status":"closed","ping_status":"closed","template":"pages-templates\/pages-minitools.php","meta":[],"categories":[71],"tags":[],"_links":{"self":[{"href":"https:\/\/sitechecker.pro\/no\/wp-json\/wp\/v2\/pages\/24950"}],"collection":[{"href":"https:\/\/sitechecker.pro\/no\/wp-json\/wp\/v2\/pages"}],"about":[{"href":"https:\/\/sitechecker.pro\/no\/wp-json\/wp\/v2\/types\/page"}],"author":[{"embeddable":true,"href":"https:\/\/sitechecker.pro\/no\/wp-json\/wp\/v2\/users\/10409641"}],"replies":[{"embeddable":true,"href":"https:\/\/sitechecker.pro\/no\/wp-json\/wp\/v2\/comments?post=24950"}],"version-history":[{"count":70,"href":"https:\/\/sitechecker.pro\/no\/wp-json\/wp\/v2\/pages\/24950\/revisions"}],"predecessor-version":[{"id":35749,"href":"https:\/\/sitechecker.pro\/no\/wp-json\/wp\/v2\/pages\/24950\/revisions\/35749"}],"wp:attachment":[{"href":"https:\/\/sitechecker.pro\/no\/wp-json\/wp\/v2\/media?parent=24950"}],"wp:term":[{"taxonomy":"category","embeddable":true,"href":"https:\/\/sitechecker.pro\/no\/wp-json\/wp\/v2\/categories?post=24950"},{"taxonomy":"post_tag","embeddable":true,"href":"https:\/\/sitechecker.pro\/no\/wp-json\/wp\/v2\/tags?post=24950"}],"curies":[{"name":"wp","href":"https:\/\/api.w.org\/{rel}","templated":true}]}}