{"id":1063,"date":"2020-07-08T13:23:40","date_gmt":"2020-07-08T11:23:40","guid":{"rendered":"https:\/\/sitechecker.pro\/?page_id=1063"},"modified":"2026-02-19T15:27:13","modified_gmt":"2026-02-19T15:27:13","slug":"speed-test","status":"publish","type":"page","link":"https:\/\/sitechecker.pro\/no\/speed-test\/","title":{"rendered":"Nettstedhastighetstest \u2013 Nettsted- og sideytelseskontroll \u1408"},"content":{"rendered":"<p><\/p>\n<h2 id=\"what_is\">Hva er et verkt\u00f8y for testing av nettstedshastighet?<\/h2>\n<p>Lastehastigheten til nettstedet ditt er en avgj\u00f8rende parameter for s\u00f8kemotorrangering. Vi har laget en nettstedshastighetstest slik at du kan analysere nettstedets lastehastighet. Du kan bruke den til \u00e5 \u00f8ke hastigheten p\u00e5 ressursbelastningen og forst\u00e5 hva som for\u00e5rsaker nedgangen p\u00e5 nettstedet ditt.<\/p>\n<p>Nettstedshastighetstest er enkel \u00e5 bruke og vil passe b\u00e5de nybegynnere og mer erfarne brukere. F\u00e5 muligheten med denne gratis hastighetskontrollen til \u00e5 l\u00e6re om nettstedets svake punkter som hindrer deg i \u00e5 \u00f8ke sideinnlastingshastigheten.<\/p>\n<p>Vi hadde til hensikt \u00e5 lage et perfekt verkt\u00f8y for \u00e5 teste nettstedhastigheten og hjelpe webmastere og nettutviklere med \u00e5 sjekke nettstedets ytelse.<\/p>\n<p>Og vi klarte det!<\/p>\n<p>La oss se n\u00e6rmere p\u00e5 \u00e5rsakene til at nettstedet ditt kan v\u00e6re tregt \u00e5 laste. Bruk verkt\u00f8yet v\u00e5rt til \u00e5 sjekke ressursens n\u00f8kkelhastighetsindikatorer fordi det er problemet n\u00e5r sider har sakte lastehastighet som m\u00e5 fikses.<\/p>\n<h2 id=\"website\">Nettstedhastighet p\u00e5virker virksomheten din<\/h2>\n<ul>\n<li><strong>8 %<\/strong> f\u00e6rre sidevisninger etter bare tre sekunders forsinkelse.<\/li>\n<li><strong>16 %<\/strong> reduksjon i kundetilfredshet etter bare ett sekunds forsinkelse.<\/li>\n<li><strong>32 %<\/strong> er fluktfrekvenssannsynlighet etter tre sekunders forsinkelse i sideinnlastingstid.<\/li>\n<li><strong>40 %<\/strong> av kundene dine vil forlate nettstedet hvis siden tar mer enn 3 sekunder \u00e5 laste.<\/li>\n<\/ul>\n<h2 id=\"why\">Hvorfor spiller hastigheten p\u00e5 et nettsted en rolle?<\/h2>\n<p>Googles unders\u00f8kelser viser at sidens lastetid fra 1s til 5s \u00f8ker sannsynligheten for sprett med 107 %. La oss se hva som p\u00e5virker nettstedets lastehastighet og hvorfor du b\u00f8r redusere serverens responstid (TTFB). Men f\u00f8rst m\u00e5 du sjekke sidehastigheten.<\/p>\n<ol>\n<li><strong>F\u00e5 flere kunder<\/strong> \u2013 rate er ogs\u00e5 avgj\u00f8rende for \u00e5 laste inn nettstedet fra en mobilenhet. Flertallet av dagens brukere bes\u00f8ker nettsteder n\u00f8yaktig fra smarttelefoner, og du b\u00f8r passe p\u00e5 \u00e5 n\u00e5 denne m\u00e5lgruppen av potensielle kunder.<\/li>\n<li><strong>Forbedre brukeropplevelsen<\/strong> \u2013 kompleks sidekode vil f\u00f8re til tregere innlasting. Forlat store nettsteder i fortiden, og fortsett med \u00e5 optimalisere nettstedets kode. Tro det, s\u00e5 kan du akselerere ytelsen til nettstedet ditt betydelig.<\/li>\n<li><strong>Behold brukere<\/strong> \u2013 det er ikke nok \u00e5 f\u00e5 kundens oppmerksomhet fordi den fortsatt m\u00e5 beholdes. Merk at hvis sidene dine lastes inn raskt, reduseres sjansene for at brukeren forlater ressursen til tider. Legg merke til at du heller ikke liker trege sider!<\/li>\n<li><strong>F\u00e5 flere konverteringer<\/strong> \u2013 jo raskere ressursen din lastes inn, desto flere konverteringer kan du f\u00e5 fra kj\u00f8pere som ikke har forlatt nettstedet ditt etter \u00e5 ha sett den f\u00f8rste siden.<\/li>\n<li><strong>Betydning for SEO.<\/strong> Sidehastighet p\u00e5virker virkelig SEO. Dette er en rangeringsfaktor. Men dette er ikke den viktigste faktoren og p\u00e5virker rangeringen av nettstedet bare i kombinasjon med andre faktorer. Sjekk ut videorapporten om forskning om SEO-effekten av Page Speed \u200b\u200bsom er laget av Brian Dean &#8211; Backlinko.\n<\/ol>\n<p><iframe width=\"770\" height=\"350\" src=\"https:\/\/www.youtube.com\/embed\/zpV0_jdo0og\" title=\"YouTube-videospiller\" frameborder=\"0\" allow=\"accelerometer; autoplay; utklippstavle- skriv; kryptert media; gyroskop; bilde-i-bilde\" allowfullscreen><\/iframe><\/p>\n<h2 id=\"wondering\">Lurer du p\u00e5 hvordan du kan sjekke hastigheten p\u00e5 nettstedet ditt gratis?<\/h2>\n<p>F\u00e5 detaljert informasjon om lastehastighet og sidest\u00f8rrelse med en sidehastighetstest. Hos oss kan du eksportere resultatene i en PDF-fil, dele en lenke til dataene eller kopiere informasjonen til utklippstavlen.<\/p>\n<p>Nettsidehastighetstest er en veldig praktisk m\u00e5te \u00e5 f\u00e5 testresultater og sammenligne dem med indikatorene etter \u00e5 ha fikset feil p\u00e5 nettstedet ditt.<\/p>\n<p>Vi foresl\u00e5r deg et webhotell med de beste hastighetsgarantiene for nettstedet. Test nettsidens lastehastighet hos oss! Dra nytte av eksportalternativet og analyser hvor mye raskere nettstedet ditt laster med v\u00e5r hastighetskontroll for nettstedet.<\/p>\n<div class=\"content__img-wrap\"><img src=\"https:\/\/sitechecker.pro\/wp-content\/uploads\/2022\/01\/speed_test_1.png\" alt=\"overv\u00e5king av ytelse for ekte nettlesere\" class=\"description-img description-img-zoom\" loading=\"lazy\" ><\/div>\n<p>For maksimal bekvemmelighet vil nettstedstesten tildele nettstedet en poengsum basert p\u00e5 Googles anbefalinger. Verkt\u00f8yet gir deg nyttige tips om hvordan du kan \u00f8ke hastigheten p\u00e5 nettstedets sider og hvilke feil du m\u00e5 gj\u00f8re for \u00e5 gj\u00f8re det. Test sidehastighet og fiks alle feilene.<\/p>\n<div class=\"content__img-wrap\"><img src=\"https:\/\/sitechecker.pro\/wp-content\/uploads\/2022\/01\/speed_test_2.png\" alt=\"kjerne sjekk av parametere for nettvitale\" class=\"description-img description-img-zoom\" loading=\"lazy\" ><\/div>\n<p>Med detaljerte diagrammer over nettstedets tilstand kan du raskt l\u00e6re om problemomr\u00e5der og aspekter som trenger akutt intervensjon. Verkt\u00f8yet vil vise deg hva du b\u00f8r v\u00e6re oppmerksom p\u00e5 og hvordan du retter feil.<\/p>\n<div class=\"content__img-wrap\"><img src=\"https:\/\/sitechecker.pro\/wp-content\/uploads\/2022\/01\/speed_test_3.png\" alt=\"analyser detaljene om nettstedets ytelse \" class=\"description-img description-img-zoom\" loading=\"lazy\" ><\/div>\n<p>Sjekk hastigheten p\u00e5 nettstedet og f\u00e5 fart med v\u00e5r nettstedshastighetstest!<\/p>\n<h2 id=\"troubleshooting\">Feils\u00f8kingstips for optimalisering av nettstedhastighet<\/h2>\n<p>Nettstedets lastehastighetstest kan forbedre nettstedets hastighet. Her er noen av de vanligste problemene som hindrer nettsteder i \u00e5 lastes raskere og f\u00f8rer til tap av potensielle kunder. Vi har samlet disse tipsene slik at du vet hvor du skal begynne \u00e5 jobbe for \u00e5 forbedre ressursytelsen din. Dette er enkle tips som selv nybegynnere kan gj\u00f8re. V\u00e6r oppmerksom p\u00e5 feils\u00f8kingstips og \u00f8k nettstedet ditt uten mye innsats.<\/p>\n<h3>Sammenlign sidehastighet fra Chrome, Firefox og IE<\/h3>\n<p>Hastighetskontroll for nettsteder tester lastehastigheten til nettstedet ditt fra de mest popul\u00e6re nettleserne. Det er verdt \u00e5 huske at selv om de fleste brukere surfer med Chrome, er det ogs\u00e5 mange potensielle kunder som bruker andre. S\u00e5 det er verdt \u00e5 v\u00e6re ekstra oppmerksom p\u00e5 \u00e5 optimalisere for andre, mindre popul\u00e6re nettlesere for ikke \u00e5 miste et mulig publikum og kunder.<\/p>\n<h3>Sjekk hastigheten p\u00e5 nettstedet ditt fra forskjellige byer i verden<\/h3>\n<p>F\u00e5 en unik mulighet til \u00e5 sjekke lastehastigheten til nettstedet ditt fra forskjellige steder rundt om i verden. Verkt\u00f8yet v\u00e5rt gir deg flere land for \u00e5 sjekke hvor raskt nettstedet ditt vil lastes for brukere som bor der. Det vil tillate deg \u00e5 identifisere og forhindre mulige problemer som bremser nettstedet ditt.<\/p>\n<h3>Test hastigheten p\u00e5 mobilnettstedet ditt<\/h3>\n<p>Husk at de fleste brukere vil se ressursen din fra mobile enheter. Det er derfor verkt\u00f8yet v\u00e5rt gir en mulighet til \u00e5 teste plattformhastigheten fra forskjellige enheter. Bruk hurtiglastende sideformater slik at brukerne f\u00e5r informasjon fra sidene dine enda raskere.<\/p>\n<h3>Tjeneroptimalisering<\/h3>\n<p>For det f\u00f8rste er serverdelen enkel \u00e5 overv\u00e5ke og kontrollere. For det andre, med alvorlige problemer med serverens responstid, er nedgangen merkbar for alle. Du b\u00f8r seri\u00f8st ta vare p\u00e5 denne parameteren slik at ressursen din vil rangere enda bedre i s\u00f8keresultatene.<\/p>\n<h3>Kundeoptimalisering<\/h3>\n<p>Her er noen universelle tips for \u00e5 \u00f8ke hastigheten p\u00e5 enhver ressurs. F\u00f8rst av alt, v\u00e6r oppmerksom p\u00e5 disse faktorene.<\/p>\n<table class=\"table-classic table-td-3\">\n<thead>\n<tr>\n<th>Tips<\/th>\n<th>Forklaring<\/th>\n<\/tr>\n<\/thead>\n<tbody>\n<tr>\n<td><strong>Optimalisering av nettfonter<\/strong><\/td>\n<td>det er verdt \u00e5 redusere trafikkst\u00f8rrelsen til fonter p\u00e5 nettstedet ditt. For \u00e5 gj\u00f8re dette, bruk WOFF2 for moderne nettlesere. Bruk bare popul\u00e6re formater, latin og kyrillisk. Forh\u00e5ndsinnlasting lar deg varsle nettleseren din n\u00e5r du skal laste ned en fontfil. Font-visningsfunksjonen gir en fleksibel m\u00e5te \u00e5 kontrollere nettleserens oppf\u00f8rsel hvis filen blir forsinket;<\/td>\n<\/tr>\n<tr>\n<td><strong>Optimalisering av bilder<\/strong><\/td>\n<td>lasting av tunge bilder f\u00f8rer til at nettstedet blir mye tregere. Du kan bruke spesielle programmer som vil redusere st\u00f8rrelsen p\u00e5 bildet. Dessuten vil slike tjenester resultere i komprimering uten tap av kvalitet, og derfor vil ikke brukerne dine engang merke forskjellen. Bruk disse optimaliseringstjenestene for \u00e5 f\u00e5 nettstedsidene dine til \u00e5 laste s\u00e5 raskt som mulig ved \u00e5 redusere st\u00f8rrelsen p\u00e5 bildene p\u00e5 sidene til nettstedet ditt;<\/td>\n<\/tr>\n<tr>\n<td><strong>Datakomprimering<\/strong><\/td>\n<td>som vi nevnte f\u00f8r, b\u00f8r nettsidekoden din v\u00e6re s\u00e5 enkel og optimalisert som mulig. Fjern tungvinte konstruksjoner, erstatt dem med enklere versjoner. Husk at komprimering av nettstedets data vil \u00f8ke hastigheten p\u00e5 ressursen og ikke miste potensielle kunder. Bruk statisk komprimering slik at serveren gir brukerne den siste komprimerte versjonen av nettstedet ditt<\/td>\n<\/tr>\n<\/tbody>\n<\/table>\n<h3>Bruke CDN<\/h3>\n<p>Anvendelsen av CDN er et annonsert tiltak for \u00e5 \u00f8ke hastigheten p\u00e5 ressursen din. Ikke glem denne muligheten til \u00e5 forbedre plattformytelsen din n\u00e5!<\/p>\n<p>Brukeren kobler seg vanligvis til n\u00e6rmeste nettverksserver. Det er derfor opprettelsen av TCP- og TLS-tilkobling skjer raskere. N\u00e5r det gjelder data som ligger p\u00e5 CDN, kan brukeren f\u00e5 det mye raskere. Denne innstillingen reduserer belastningen p\u00e5 serveren din betydelig.<\/p>\n<p>CDN kan levere dataene til ressursen i sin opprinnelige form og optimalisere dem. Det gj\u00f8r det mulig \u00e5 \u00f8ke hastigheten p\u00e5 lasting av nettstedet ditt uten mye innsats.<\/p>\n<p>    <div class=\"blog__conversion blog__conversion-app element__logged_out\">\n        <div class=\"blog__conversion-inner\">\n            <p class=\"title\">Finn de tekniske problemene som kan skade nettstedets hastighet!<\/p>\n            <p class=\"description\">Gjennoms\u00f8k nettstedet ditt og finn ut alle slags problemer som kan skade nettstedets hastighet og SEO generelt.<\/p>\n            <form id=\"audit__form\"\n                  class=\"article__seo-search audit__form Gjennoms\u00f8k nettstedet ditt og finn ut alle slags problemer som kan skade nettstedets hastighet og SEO generelt.\"\n                  action=\"\"\n                  method=\"POST\"\n                  autocomplete=\"off\">\n                <span class=\"error\"><\/span>\n                <div class=\"error__limits\">Something went wrong. Please, try again later.<\/div>\n                <input name=\"url\"\n                       type=\"text\"\n                       placeholder=\"Skriv inn ditt domene her\">\n                                <button type=\"submit\"\n                        class=\"sitechecker__text\">\n                    <span>Start revisjon<\/span>\n                    <img src=\"\/wp-content\/themes\/sitechecker\/out\/img_design\/loading.svg\"\n                         width=\"31\"\n                         height=\"30\"\n                         class=\"loading\">\n                <\/button>\n            <\/form>\n        <\/div>\n    <\/div>\n    <\/p>","protected":false},"excerpt":{"rendered":"Hva er et verkt\u00f8y for testing av nettstedshastighet? Lastehastigheten til nettstedet ditt er en avgj\u00f8rende parameter for s\u00f8kemotorrangering. Vi har laget en nettstedshastighetstest slik at du kan analysere nettstedets lastehastighet. Du kan bruke den til \u00e5 \u00f8ke hastigheten p\u00e5 ressursbelastningen og forst\u00e5 hva som for\u00e5rsaker nedgangen p\u00e5 nettstedet ditt. Nettstedshastighetstest er enkel \u00e5 bruke og&#8230;","protected":false},"author":10409641,"featured_media":3348,"parent":0,"menu_order":0,"comment_status":"closed","ping_status":"closed","template":"pages-templates\/pages-minitools-3.php","meta":[],"categories":[74],"tags":[],"_links":{"self":[{"href":"https:\/\/sitechecker.pro\/no\/wp-json\/wp\/v2\/pages\/1063"}],"collection":[{"href":"https:\/\/sitechecker.pro\/no\/wp-json\/wp\/v2\/pages"}],"about":[{"href":"https:\/\/sitechecker.pro\/no\/wp-json\/wp\/v2\/types\/page"}],"author":[{"embeddable":true,"href":"https:\/\/sitechecker.pro\/no\/wp-json\/wp\/v2\/users\/10409641"}],"replies":[{"embeddable":true,"href":"https:\/\/sitechecker.pro\/no\/wp-json\/wp\/v2\/comments?post=1063"}],"version-history":[{"count":150,"href":"https:\/\/sitechecker.pro\/no\/wp-json\/wp\/v2\/pages\/1063\/revisions"}],"predecessor-version":[{"id":39384,"href":"https:\/\/sitechecker.pro\/no\/wp-json\/wp\/v2\/pages\/1063\/revisions\/39384"}],"wp:featuredmedia":[{"embeddable":true,"href":"https:\/\/sitechecker.pro\/no\/wp-json\/wp\/v2\/media\/3348"}],"wp:attachment":[{"href":"https:\/\/sitechecker.pro\/no\/wp-json\/wp\/v2\/media?parent=1063"}],"wp:term":[{"taxonomy":"category","embeddable":true,"href":"https:\/\/sitechecker.pro\/no\/wp-json\/wp\/v2\/categories?post=1063"},{"taxonomy":"post_tag","embeddable":true,"href":"https:\/\/sitechecker.pro\/no\/wp-json\/wp\/v2\/tags?post=1063"}],"curies":[{"name":"wp","href":"https:\/\/api.w.org\/{rel}","templated":true}]}}