{"id":937,"date":"2017-12-21T12:50:00","date_gmt":"2017-12-21T12:50:00","guid":{"rendered":"https:\/\/sitechecker.pro\/?page_id=937"},"modified":"2026-02-13T16:47:41","modified_gmt":"2026-02-13T16:47:41","slug":"internal-links","status":"publish","type":"page","link":"https:\/\/sitechecker.pro\/nl\/internal-links\/","title":{"rendered":"Find Internal Links for Page or Website | Sitechecker \u2611"},"content":{"rendered":"<p class=\"qtranxs-available-languages-message qtranxs-available-languages-message-nl\">Onze verontschuldigingen, dit bericht is alleen beschikbaar in <a href=\"https:\/\/sitechecker.pro\/en\/wp-json\/wp\/v2\/pages\/937\" class=\"qtranxs-available-language-link qtranxs-available-language-link-en\" title=\"English\">English<\/a>, <a href=\"https:\/\/sitechecker.pro\/ru\/wp-json\/wp\/v2\/pages\/937\" class=\"qtranxs-available-language-link qtranxs-available-language-link-ru\" title=\"\u0420\u0443\u0441\u0441\u043a\u0438\u0439\">\u0420\u0443\u0441\u0441\u043a\u0438\u0439<\/a>, <a href=\"https:\/\/sitechecker.pro\/de\/wp-json\/wp\/v2\/pages\/937\" class=\"qtranxs-available-language-link qtranxs-available-language-link-de\" title=\"Deutsch\">Deutsch<\/a>, <a href=\"https:\/\/sitechecker.pro\/fr\/wp-json\/wp\/v2\/pages\/937\" class=\"qtranxs-available-language-link qtranxs-available-language-link-fr\" title=\"Fran\u00e7ais\">Fran\u00e7ais<\/a>, <a href=\"https:\/\/sitechecker.pro\/es\/wp-json\/wp\/v2\/pages\/937\" class=\"qtranxs-available-language-link qtranxs-available-language-link-es\" title=\"Espa\u00f1ol\">Espa\u00f1ol<\/a> en <a href=\"https:\/\/sitechecker.pro\/pt\/wp-json\/wp\/v2\/pages\/937\" class=\"qtranxs-available-language-link qtranxs-available-language-link-pt\" title=\"Portugu\u00eas\">Portugu\u00eas<\/a>.<\/p>","protected":false},"excerpt":{"rendered":"Onze verontschuldigingen, dit bericht is alleen beschikbaar in English, \u0420\u0443\u0441\u0441\u043a\u0438\u0439, Deutsch, Fran\u00e7ais, Espa\u00f1ol en Portugu\u00eas.","protected":false},"author":10409641,"featured_media":3742,"parent":0,"menu_order":0,"comment_status":"closed","ping_status":"closed","template":"pages-templates\/pages-minitools-3.php","meta":[],"categories":[72],"tags":[],"_links":{"self":[{"href":"https:\/\/sitechecker.pro\/nl\/wp-json\/wp\/v2\/pages\/937"}],"collection":[{"href":"https:\/\/sitechecker.pro\/nl\/wp-json\/wp\/v2\/pages"}],"about":[{"href":"https:\/\/sitechecker.pro\/nl\/wp-json\/wp\/v2\/types\/page"}],"author":[{"embeddable":true,"href":"https:\/\/sitechecker.pro\/nl\/wp-json\/wp\/v2\/users\/10409641"}],"replies":[{"embeddable":true,"href":"https:\/\/sitechecker.pro\/nl\/wp-json\/wp\/v2\/comments?post=937"}],"version-history":[{"count":100,"href":"https:\/\/sitechecker.pro\/nl\/wp-json\/wp\/v2\/pages\/937\/revisions"}],"predecessor-version":[{"id":25914,"href":"https:\/\/sitechecker.pro\/nl\/wp-json\/wp\/v2\/pages\/937\/revisions\/25914"}],"wp:featuredmedia":[{"embeddable":true,"href":"https:\/\/sitechecker.pro\/nl\/wp-json\/wp\/v2\/media\/3742"}],"wp:attachment":[{"href":"https:\/\/sitechecker.pro\/nl\/wp-json\/wp\/v2\/media?parent=937"}],"wp:term":[{"taxonomy":"category","embeddable":true,"href":"https:\/\/sitechecker.pro\/nl\/wp-json\/wp\/v2\/categories?post=937"},{"taxonomy":"post_tag","embeddable":true,"href":"https:\/\/sitechecker.pro\/nl\/wp-json\/wp\/v2\/tags?post=937"}],"curies":[{"name":"wp","href":"https:\/\/api.w.org\/{rel}","templated":true}]}}