{"id":1484,"date":"2018-02-09T15:11:40","date_gmt":"2018-02-09T15:11:40","guid":{"rendered":"https:\/\/sitechecker.pro\/?page_id=1484"},"modified":"2025-02-21T16:14:56","modified_gmt":"2025-02-21T16:14:56","slug":"check-cost","status":"publish","type":"page","link":"https:\/\/sitechecker.pro\/nl\/check-cost\/","title":{"rendered":"Website Price Checker | Calculate Website Value \u2611"},"content":{"rendered":"<p class=\"qtranxs-available-languages-message qtranxs-available-languages-message-nl\">Onze verontschuldigingen, dit bericht is alleen beschikbaar in <a href=\"https:\/\/sitechecker.pro\/en\/wp-json\/wp\/v2\/pages\/1484\" class=\"qtranxs-available-language-link qtranxs-available-language-link-en\" title=\"English\">English<\/a>, <a href=\"https:\/\/sitechecker.pro\/ru\/wp-json\/wp\/v2\/pages\/1484\" class=\"qtranxs-available-language-link qtranxs-available-language-link-ru\" title=\"\u0420\u0443\u0441\u0441\u043a\u0438\u0439\">\u0420\u0443\u0441\u0441\u043a\u0438\u0439<\/a>, <a href=\"https:\/\/sitechecker.pro\/de\/wp-json\/wp\/v2\/pages\/1484\" class=\"qtranxs-available-language-link qtranxs-available-language-link-de\" title=\"Deutsch\">Deutsch<\/a>, <a href=\"https:\/\/sitechecker.pro\/fr\/wp-json\/wp\/v2\/pages\/1484\" class=\"qtranxs-available-language-link qtranxs-available-language-link-fr\" title=\"Fran\u00e7ais\">Fran\u00e7ais<\/a>, <a href=\"https:\/\/sitechecker.pro\/es\/wp-json\/wp\/v2\/pages\/1484\" class=\"qtranxs-available-language-link qtranxs-available-language-link-es\" title=\"Espa\u00f1ol\">Espa\u00f1ol<\/a> en <a href=\"https:\/\/sitechecker.pro\/pt\/wp-json\/wp\/v2\/pages\/1484\" class=\"qtranxs-available-language-link qtranxs-available-language-link-pt\" title=\"Portugu\u00eas\">Portugu\u00eas<\/a>.<\/p>","protected":false},"excerpt":{"rendered":"Onze verontschuldigingen, dit bericht is alleen beschikbaar in English, \u0420\u0443\u0441\u0441\u043a\u0438\u0439, Deutsch, Fran\u00e7ais, Espa\u00f1ol en Portugu\u00eas.","protected":false},"author":10409641,"featured_media":3747,"parent":0,"menu_order":0,"comment_status":"closed","ping_status":"closed","template":"pages-templates\/pages-minitools-3.php","meta":[],"categories":[73],"tags":[],"_links":{"self":[{"href":"https:\/\/sitechecker.pro\/nl\/wp-json\/wp\/v2\/pages\/1484"}],"collection":[{"href":"https:\/\/sitechecker.pro\/nl\/wp-json\/wp\/v2\/pages"}],"about":[{"href":"https:\/\/sitechecker.pro\/nl\/wp-json\/wp\/v2\/types\/page"}],"author":[{"embeddable":true,"href":"https:\/\/sitechecker.pro\/nl\/wp-json\/wp\/v2\/users\/10409641"}],"replies":[{"embeddable":true,"href":"https:\/\/sitechecker.pro\/nl\/wp-json\/wp\/v2\/comments?post=1484"}],"version-history":[{"count":1,"href":"https:\/\/sitechecker.pro\/nl\/wp-json\/wp\/v2\/pages\/1484\/revisions"}],"predecessor-version":[{"id":1485,"href":"https:\/\/sitechecker.pro\/nl\/wp-json\/wp\/v2\/pages\/1484\/revisions\/1485"}],"wp:featuredmedia":[{"embeddable":true,"href":"https:\/\/sitechecker.pro\/nl\/wp-json\/wp\/v2\/media\/3747"}],"wp:attachment":[{"href":"https:\/\/sitechecker.pro\/nl\/wp-json\/wp\/v2\/media?parent=1484"}],"wp:term":[{"taxonomy":"category","embeddable":true,"href":"https:\/\/sitechecker.pro\/nl\/wp-json\/wp\/v2\/categories?post=1484"},{"taxonomy":"post_tag","embeddable":true,"href":"https:\/\/sitechecker.pro\/nl\/wp-json\/wp\/v2\/tags?post=1484"}],"curies":[{"name":"wp","href":"https:\/\/api.w.org\/{rel}","templated":true}]}}