{"id":1208,"date":"2018-01-19T10:25:11","date_gmt":"2018-01-19T10:25:11","guid":{"rendered":"https:\/\/sitechecker.pro\/?page_id=1208"},"modified":"2025-02-12T11:56:07","modified_gmt":"2025-02-12T11:56:07","slug":"broken-links","status":"publish","type":"page","link":"https:\/\/sitechecker.pro\/nl\/broken-links\/","title":{"rendered":"Gebroken Link Checker: Vind 404-foutpagina&#8217;s op website"},"content":{"rendered":"<p><\/p>\n<h2 id=\"par1\">Wat is een 404-paginachecker?<\/h2>\n<p>Een 404-linkchecker is een softwareoplossing die websites met kapotte of dode links helpt. Wanneer erop wordt geklikt, leiden deze hyperlinks naar niet-beschikbare pagina&#8217;s of <a href=\"https:\/\/sitechecker.pro\/wat-is-404-statuscode\/\" target=\"_blank\" rel=\"noopener noreferrer\">404-fouten<\/a>, wat een negatieve impact heeft op de gebruikerservaring en SEO. Zoekmachines kunnen sites met meerdere inactieve links als slecht onderhouden beschouwen.<\/p>\n<h3>Onze gratis online tool voor het controleren van dode links helpt u door<\/h3>\n<p><strong>Controle op dode hyperlinks: <\/strong>De tool controleert uw website of blog op dode links en biedt tot 150 gratis controles en onbeperkte controles met betaalde abonnementen.<\/p>\n<p><strong>Foutcoderapportage: <\/strong>De tool rapporteert foutcodes voor kapotte URL&#8217;s, waaronder 404 en <a href=\"https:\/\/sitechecker.pro\/what-is-502-status-code\/\" target=\"_blank\" rel=\"noopener noreferrer\">502-fouten<\/a>, evenals <a href=\"https:\/\/sitechecker.pro\/301-redirect\/\" target=\"_blank\" rel=\"noopener noreferrer\">301-omleidingen<\/a>.<\/p>\n<p><strong>Broken Link Outreach-functies: <\/strong>Biedt broken link outreach-functies, die helpen bij het verkrijgen van waardevolle links voor uw website.<\/p>\n<p><strong>Scannen van interne en externe hyperlinks: <\/strong>De tool scant zowel <a href=\"https:\/\/sitechecker.pro\/internal-links\/\" target=\"_blank\" rel=\"noopener noreferrer\">interne<\/a> en <a href=\"https:\/\/sitechecker.pro\/external-links\/\" target=\"_blank\" rel=\"noopener noreferrer\">externe<\/a> hyperlinks op uw website.<\/p>\n<p><strong>Foutidentificatie en optimalisatiesuggesties: <\/strong>Het identificeert fouten en biedt suggesties voor het optimaliseren van uw website.<\/p>\n<p><strong>Regelmatige monitoring en prompt fixen: <\/strong>Het <a href=\"https:\/\/sitechecker.pro\/404-errors-monitoring\/\" target=\"_blank\" rel=\"noopener noreferrer\">monitort de website regelmatig op nieuwe kapotte links<\/a> en repareert deze onmiddellijk.<\/p>\n<h3>Belangrijkste kenmerken van de 404 site checker<\/h3>\n<p><strong>Unified Dashboard: <\/strong>Biedt een gecentraliseerd platform voor het bijhouden van alle SEO-statistieken en prestatie-indicatoren, met een uitgebreid overzicht voor eenvoudige voortgangsbewaking en besluitvorming.<\/p>\n<p><strong>Gebruiksvriendelijke interface: <\/strong>Deze interface is ontworpen voor beginners en professionals, is intu\u00eftief en eenvoudig, en biedt eenvoudige toegang tot functies en duidelijke datavisualisaties.<\/p>\n<p><strong>Complete SEO-toolset: <\/strong>Bevat een breed scala aan <a href=\"https:\/\/sitechecker.pro\/on-page-seo-checker\/\" target=\"_blank\" rel=\"noopener noreferrer\">on-page<\/a> en off-page SEO-tools, zoals site-audits, trefwoordonderzoek, backlinkanalyse, contentoptimalisatie en technische SEO-inzichten, die elk aspect van SEO-beheer aanpakken.<\/p>\n<h2 id=\"par2\">Controlemogelijkheden voor domeinen en afzonderlijke URL&#8217;s van de gratis websitefoutcontrole<\/h2>\n<p>Er zijn twee opties beschikbaar voor het controleren van 404-fouten op een website: domeinbrede of specifieke paginacontroles. De domeincontrole, waarvoor accountregistratie vereist is, is ideaal voor een uitgebreide analyse, waarbij alle links op de website worden gecontroleerd om dode URL&#8217;s overal te detecteren. Deze methode is grondig en biedt een uitgebreid overzicht van de linkgezondheid van de site.<\/p>\n<p>De URL-controle, die beschikbaar is zonder accountregistratie, is daarentegen afgestemd op het onderzoeken van \u00e9\u00e9n pagina. Deze aanpak is het beste wanneer u zich op \u00e9\u00e9n bepaalde pagina richt, waarbij u alle links en gerelateerde informatie zoals HTTP-statuscodes onderzoekt. Afhankelijk van uw vereiste kiest u ervoor om een \u200b\u200bdomein of een specifieke URL in te voeren en klikt u vervolgens op de knop &#8216;Verbroken links zoeken&#8217; om de analyse te starten. De tool begint vervolgens de relevante sitegegevens dienovereenkomstig te evalueren.<\/p>\n<div class=\"content__img-wrap\"><img src=\"https:\/\/sitechecker.pro\/wp-content\/uploads\/2024\/08\/1-broken-links-selector.png\" alt=\"Website Broken Link Checker\" class=\"description-img description-img-zoom\" loading=\"lazy\" ><\/div>\n<h2 id=\"par3\">Domeincontrole<\/h2>\n<h3>Stap 1: Kies &#8220;Controleer domein&#8221;, voer uw URL in en klik op de knop &#8220;Vind gebroken links&#8221; om de controle te starten<\/h3>\n<div class=\"content__img-wrap\"><img src=\"https:\/\/sitechecker.pro\/wp-content\/uploads\/2024\/08\/2-broken-link-selector.png\" alt=\"Domeincontrole Broken Link Checker\" class=\"description-img description-img-zoom\" loading=\"lazy\" ><\/div>\n<div class=\"important-block\">Om resultaten te ontvangen en toegang te krijgen tot de functies van Sitechecker gedurende 14 dagen, start u uw GRATIS proefperiode. Aanmelden is eenvoudig met uw e-mailadres, Google- of Facebook-account. Er is geen creditcard nodig.<\/div>\n<h3>Stap 2: Resultatenanalyse<\/h3>\n<p>Het scannen van een domein gaat gepaard met een gratis volledige site-audit. U kunt 404-URL&#8217;s identificeren en hun locatie op elk CMS-platform bepalen, zoals WordPress, Joomla, Drupal, enz.<\/p>\n<p>Onze crawler vindt de lijst met URL&#8217;s met <a href=\"https:\/\/sitechecker.pro\/wat-zijn-4xx-statuscodes\/\" target=\"_blank\" rel=\"noopener noreferrer\">4xx-statuscodes<\/a>, waarnaar andere pagina&#8217;s van uw website verwijzen. Dat helpt u het probleem met inactieve URL&#8217;s voor de hele site op te lossen en te bepalen of de nieuwe dode hyperlinks verschijnen.<\/p>\n<div class=\"content__img-wrap\"><img src=\"https:\/\/sitechecker.pro\/wp-content\/uploads\/2024\/01\/4xx-client-errors-issue.png\" alt=\"4xx Client Errors Issue\" class=\"description-img description-img-zoom\" loading=\"lazy\" ><\/div>\n<p>Door te klikken op &#8220;Probleem bekijken&#8221; vindt u de lijst met URL&#8217;s met dat soort problemen, een knop om de interne verwijzingen voor die kapotte pagina&#8217;s te vinden en instructies om het op te lossen:<\/p>\n<div class=\"content__img-wrap\"><img src=\"https:\/\/sitechecker.pro\/wp-content\/uploads\/2024\/01\/4xx-client-errors-view-issue.png\" alt=\"4xx Client Errors View Issue\" class=\"description-img description-img-zoom\" loading=\"lazy\" ><\/div>\n<h3>Extra functies van domein\/website Broken Link Scanner<\/h3>\n<p>Als u op &#8220;Alle HTML-pagina&#8217;s&#8221; klikt, krijgt u de volledige lijst met URL&#8217;s van uw website en andere interne problemen op uw site. Problemen zijn georganiseerd in categorie\u00ebn en typen en u kunt er eenvoudig achter schakelen. De typen zijn Kritieke problemen, Waarschuwingen, Kansen en Mededelingen. Categorie\u00ebn, bijvoorbeeld Links, Indexeerbaarheid, Relevantie van inhoud, enz. Dit maakt het veel eenvoudiger om u te richten op het oplossen van de problemen die de grootste impact zullen hebben op het succes van uw website.<\/p>\n<div class=\"content__img-wrap\"><img src=\"https:\/\/sitechecker.pro\/wp-content\/uploads\/2024\/01\/all-html-pages-by-category.png\" alt=\"Alle HTML-pagina's per categorie\" class=\"description-img description-img-zoom\" loading=\"lazy\" ><\/div>\n<p>Indien nodig kunt u filteren op de URL&#8217;s of aanvullende gegevens instellen voor de pagina&#8217;s die u helpen ermee te werken.<\/p>\n<div class=\"content__img-wrap\"><img src=\"https:\/\/sitechecker.pro\/wp-content\/uploads\/2024\/01\/all-html-pages-manage-columns.png\" alt=\"Alle HTML-pagina's beheren kolommen\" class=\"description-img description-img-zoom\" loading=\"lazy\" ><\/div>\n<p>Daarnaast kunt u crawlerresultaten downloaden en exporteren naar PDF- of CSV-bestanden, Google Sheets of ze gewoon kopi\u00ebren indien nodig.<\/p>\n<div class=\"content__img-wrap\"><img src=\"https:\/\/sitechecker.pro\/wp-content\/uploads\/2024\/01\/export-data.png\" alt=\"Gegevens exporteren\" class=\"description-img description-img-zoom\" loading=\"lazy\" ><\/div>\n<p>Het downloaden en exporteren van crawlerresultaten in meerdere formaten is voordelig voor freelancers en SEO-managers, omdat het veelzijdige gegevens biedt voor analyse en manipulatie.<\/p>\n<p>Deze functie maakt effici\u00ebnte rapportgeneratie voor klanten of belanghebbenden mogelijk, wat een duidelijke communicatie van bevindingen en toekomstige strategie\u00ebn mogelijk maakt.<\/p>\n<p>Wanneer gegevens worden ge\u00ebxporteerd naar Google Sheets, wordt samenwerken vereenvoudigd, wat een teamgerichte aanpak bevordert. Ten slotte biedt de mogelijkheid om gegevens rechtstreeks te kopi\u00ebren directe toegang tot essenti\u00eble informatie, wat analyse en integratie met andere digitale tools stroomlijnt.<\/p>\n<h4>Regelmatige automatische crawlers van de site en automatische melding van detectie van potenti\u00eble fouten<\/h4>\n<p>Profiteer van onze regelmatige geautomatiseerde sitecrawlers, die routinematige scans uitvoeren om potenti\u00eble fouten op uw website te identificeren. Met een consistente controle van de site op 404-fouten om de drie dagen, kunt u problemen die de prestaties van uw site kunnen be\u00efnvloeden, voorblijven.<\/p>\n<div class=\"content__img-wrap\"><img src=\"https:\/\/sitechecker.pro\/wp-content\/uploads\/2024\/01\/auto-crawler.png\" alt=\"Auto Crawler\" class=\"description-img description-img-zoom\" loading=\"lazy\" ><\/div>\n<h2 id=\"par4\">Paginacontrole<\/h2>\n<h3>Stap 1: Kies &#8220;Pagina controleren&#8221;, voer uw URL in en klik op de knop &#8220;Verbroken links zoeken&#8221; om de controle te starten<\/h3>\n<div class=\"content__img-wrap\"><img src=\"https:\/\/sitechecker.pro\/wp-content\/uploads\/2024\/08\/3-broken-link-selector.png\" alt=\"Paginacontrole Gebroken linkcontrole\" class=\"description-img description-img-zoom\" loading=\"lazy\" ><\/div>\n<h3>Stap 2: De resultaten van de 404-websitedetector interpreteren via paginacontrole<\/h3>\n<p>Een sectie bevat externe en interne links en toont bijbehorende statuscodes, die de status van elke link aangeven. Als u naar de kolom met responscodes gaat, ziet u een lijst met links die een 404-fout hebben geretourneerd, zolang ze toegankelijk zijn.<\/p>\n<p>Het centrale gebied presenteert een momentopname van de SEO-gezondheid van een webpagina, met een score en essenti\u00eble details zoals statuscode en paginagrootte. De resultatenpagina presenteert outbound-, interne en subdomeinlinks, samen met hun responscodes, zodat u eenvoudig een 404-fout kunt identificeren, ongeacht of deze op een externe site, uw hoofdsite of een subdomein verschijnt.<\/p>\n<div class=\"content__img-wrap\"><img src=\"https:\/\/sitechecker.pro\/wp-content\/uploads\/2024\/01\/on-page-seo-checker.png\" alt=\"On Page Seo Checker\" class=\"description-img description-img-zoom\" loading=\"lazy\" ><\/div>\n<div class=\"content__img-wrap\"><img src=\"https:\/\/sitechecker.pro\/wp-content\/uploads\/2024\/01\/internal-subdomain-links.png\" alt=\"Internal Subdomain Links\" class=\"description-img description-img-zoom\" loading=\"lazy\" ><\/div>\n<p>Om uw hele site te controleren in plaats van slechts \u00e9\u00e9n pagina, selecteert u &#8220;Run a full website audit&#8221; of raadpleegt u het eerste gedeelte van deze handleiding voor domeinverificatie.<\/p>\n<p>De tool bevat een demoproject dat zijn mogelijkheden demonstreert. Door &#8216;Site Audit&#8217; te kiezen, kunnen gebruikers de functies verkennen en begrijpen hoe de tool de SEO van hun website kan verbeteren.<\/p>\n<div class=\"content__img-wrap\"><img src=\"https:\/\/sitechecker.pro\/wp-content\/uploads\/2024\/01\/run-full-site-audit-1.png\" alt=\"Run Full Site Audit\" class=\"description-img description-img-zoom\" loading=\"lazy\" ><\/div>\n<h3>Extra functies van de tool<\/h3>\n<p>De Broken Link Checker verbetert SEO door de kwaliteit van de content te verbeteren, data te structureren voor zoekmachineoptimalisatie, afbeeldingen te optimaliseren voor het web, inzicht te bieden in zoekprestaties en laadsnelheden te evalueren om de gebruikerservaring en zoekmachineranglijsten te verbeteren.<\/p>\n<div class=\"content__img-wrap\"><img src=\"https:\/\/sitechecker.pro\/wp-content\/uploads\/2024\/01\/issues-overview-1.png\" alt=\"Overzicht van problemen\" class=\"description-img description-img-zoom\" loading=\"lazy\" ><\/div>\n<h2 id=\"par5\">Sitechecker Chrome-extensie voor het detecteren van kapotte links<\/h2>\n<p>U hebt ook de mogelijkheid om een \u200b\u200bkorte analyse van de webpagina uit te voeren en de status van de code te verifi\u00ebren door de browserextensie te gebruiken.<\/p>\n<p><a href=\"https:\/\/chrome.google.com\/webstore\/detail\/website-seo-checker-free\/nljcdkjpjnhlilgepggmmagnmebhadnk\" target=\"_blank\" rel=\"nofollow noopener noreferrer\">De Chrome-extensie van Sitechecker<\/a> is een tool voor het identificeren en repareren van ongeldige hyperlinks. Nadat u deze op uw Chrome-browser hebt ge\u00efnstalleerd, kunt u eenvoudig elke webpagina scannen en alle links analyseren op hun geldigheid.<\/p>\n<div class=\"content__img-wrap\"><img src=\"https:\/\/sitechecker.pro\/wp-content\/uploads\/2024\/01\/sitecheckers-extension.png\" alt=\"Sitechecker's Extension\" class=\"description-img description-img-zoom\" loading=\"lazy\" ><\/div>\n<p>De tool classificeert links op basis van hun HTTP-statuscodes, markeert problematische links en biedt zelfs oplossingen voor het verhelpen ervan.<\/p>\n<p>Voor een meer gedetailleerd begrip kunt u een tutorial bekijken op ons Sitechecker YouTube-kanaal, waarin we het concept van kapotte links en hun mogelijke gevolgen uitleggen en instructies geven over hoe u ze kunt repareren:<\/p>\n<p><iframe title=\"YouTube video player\" src=\"https:\/\/www.youtube.com\/embed\/bxpEtw6oOwY?si=opSzDXD-SH1fq4s0\" width=\"700\" height=\"350\" frameborder=\"0\" allowfullscreen=\"allowfullscreen\"><\/iframe><\/p>\n<h2 id=\"par6\">Laatste gedachten<\/h2>\n<p>De 404-foutcontrole is een uitgebreide softwaretool die is ontworpen om SEO-prestaties en gebruikerservaring te verbeteren door 404-foutlinks te identificeren en te corrigeren. De tool voert gedetailleerde scans uit, biedt optimalisatiesuggesties en biedt bruikbare rapporten over problematische URL&#8217;s. Het voert ook regelmatig automatische crawls uit voor constante monitoring.<\/p>\n<p>Met gebruiksvriendelijke interfaces, twee controlemethoden voor volledige of specifieke site-analyse en een Chrome-extensie voor realtimecontroles is het een waardevolle aanwinst voor proactieve website-optimalisatie en -onderhoud. Bovendien vergemakkelijkt de mogelijkheid om gegevens in verschillende formaten te downloaden en exporteren verdere analyse en samenwerking in teams.<\/p>\n<div id=\"par7\"><\/div>\n<p><div class=\"front__faq-block\"><div class=\"faq__block-title\">FAQ<\/div><div class=\"panel-group\" id=\"faq-accordion\" itemscope itemtype=\"https:\/\/schema.org\/FAQPage\" role=\"tablist\" aria-multiselectable=\"true\"><div class=\"panel\" itemscope itemtype=\"https:\/\/schema.org\/Question\" itemprop=\"mainEntity\">\n                            <div class=\"panel-heading\" id=\"headingFaq-1\">\n                                <div class=\"panel-title\" data-toggle=\"collapse\" aria-expanded=\"false\" href=\"#collapseFaq-1\">\n                                    <h3 itemprop=\"name\">Hoe controleer je of een URL kapot is?<\/h3>\n                                <\/div>\n                            <\/div>\n                            <div id=\"collapseFaq-1\" class=\"panel-collapse collapse\" itemprop=\"acceptedAnswer\" itemscope itemtype=\"http:\/\/schema.org\/Answer\">\n                                <div class=\"panel-body\" itemprop=\"text\">Je kunt controleren of een web-URL kapot is met behulp van de 404 URL-checkertool. Voer gewoon de URL in die je wilt scannen en de tool identificeert alle kapotte of dode links.<\/div>\n                            <\/div>\n                        <\/div><div class=\"panel\" itemscope itemtype=\"https:\/\/schema.org\/Question\" itemprop=\"mainEntity\">\n                            <div class=\"panel-heading\" id=\"headingFaq-2\">\n                                <div class=\"panel-title\" data-toggle=\"collapse\" aria-expanded=\"false\" href=\"#collapseFaq-2\">\n                                    <h3 itemprop=\"name\">Is Broken Link Checker gratis?<\/h3>\n                                <\/div>\n                            <\/div>\n                            <div id=\"collapseFaq-2\" class=\"panel-collapse collapse\" itemprop=\"acceptedAnswer\" itemscope itemtype=\"http:\/\/schema.org\/Answer\">\n                                <div class=\"panel-body\" itemprop=\"text\">Ja, de 404 Page Checker-tool is gratis te gebruiken tijdens de proefperiode (14 dagen).<\/div>\n                            <\/div>\n                        <\/div><div class=\"panel\" itemscope itemtype=\"https:\/\/schema.org\/Question\" itemprop=\"mainEntity\">\n                            <div class=\"panel-heading\" id=\"headingFaq-3\">\n                                <div class=\"panel-title\" data-toggle=\"collapse\" aria-expanded=\"false\" href=\"#collapseFaq-3\">\n                                    <h3 itemprop=\"name\">Hoe herstel ik een kapotte URL-link?<\/h3>\n                                <\/div>\n                            <\/div>\n                            <div id=\"collapseFaq-3\" class=\"panel-collapse collapse\" itemprop=\"acceptedAnswer\" itemscope itemtype=\"http:\/\/schema.org\/Answer\">\n                                <div class=\"panel-body\" itemprop=\"text\">Om een  kapotte URL-link te herstellen, moet je deze eerst identificeren. Zodra u deze hebt ge\u00efdentificeerd, herstelt u de gekoppelde inhoud of vervangt u het onbereikbare webadres door een geldig adres.<\/div>\n                            <\/div>\n                        <\/div><div class=\"panel\" itemscope itemtype=\"https:\/\/schema.org\/Question\" itemprop=\"mainEntity\">\n                            <div class=\"panel-heading\" id=\"headingFaq-4\">\n                                <div class=\"panel-title\" data-toggle=\"collapse\" aria-expanded=\"false\" href=\"#collapseFaq-4\">\n                                    <h3 itemprop=\"name\">Hoe controleer ik of een link geldig is?<\/h3>\n                                <\/div>\n                            <\/div>\n                            <div id=\"collapseFaq-4\" class=\"panel-collapse collapse\" itemprop=\"acceptedAnswer\" itemscope itemtype=\"http:\/\/schema.org\/Answer\">\n                                <div class=\"panel-body\" itemprop=\"text\">Onze Broken Link Finder-tool kan een link valideren. Voer de URL in die u wilt controleren en de tool bevestigt of de pagina functioneel is of niet.<\/div>\n                            <\/div>\n                        <\/div><\/div><\/div><\/p>","protected":false},"excerpt":{"rendered":"Wat is een 404-paginachecker? Een 404-linkchecker is een softwareoplossing die websites met kapotte of dode links helpt. Wanneer erop wordt geklikt, leiden deze hyperlinks naar niet-beschikbare pagina&#8217;s of 404-fouten, wat een negatieve impact heeft op de gebruikerservaring en SEO. Zoekmachines kunnen sites met meerdere inactieve links als slecht onderhouden beschouwen. Onze gratis online tool voor&#8230;","protected":false},"author":10409641,"featured_media":3422,"parent":0,"menu_order":0,"comment_status":"closed","ping_status":"closed","template":"pages-templates\/pages-minitools-3.php","meta":[],"categories":[72],"tags":[],"_links":{"self":[{"href":"https:\/\/sitechecker.pro\/nl\/wp-json\/wp\/v2\/pages\/1208"}],"collection":[{"href":"https:\/\/sitechecker.pro\/nl\/wp-json\/wp\/v2\/pages"}],"about":[{"href":"https:\/\/sitechecker.pro\/nl\/wp-json\/wp\/v2\/types\/page"}],"author":[{"embeddable":true,"href":"https:\/\/sitechecker.pro\/nl\/wp-json\/wp\/v2\/users\/10409641"}],"replies":[{"embeddable":true,"href":"https:\/\/sitechecker.pro\/nl\/wp-json\/wp\/v2\/comments?post=1208"}],"version-history":[{"count":228,"href":"https:\/\/sitechecker.pro\/nl\/wp-json\/wp\/v2\/pages\/1208\/revisions"}],"predecessor-version":[{"id":36962,"href":"https:\/\/sitechecker.pro\/nl\/wp-json\/wp\/v2\/pages\/1208\/revisions\/36962"}],"wp:featuredmedia":[{"embeddable":true,"href":"https:\/\/sitechecker.pro\/nl\/wp-json\/wp\/v2\/media\/3422"}],"wp:attachment":[{"href":"https:\/\/sitechecker.pro\/nl\/wp-json\/wp\/v2\/media?parent=1208"}],"wp:term":[{"taxonomy":"category","embeddable":true,"href":"https:\/\/sitechecker.pro\/nl\/wp-json\/wp\/v2\/categories?post=1208"},{"taxonomy":"post_tag","embeddable":true,"href":"https:\/\/sitechecker.pro\/nl\/wp-json\/wp\/v2\/tags?post=1208"}],"curies":[{"name":"wp","href":"https:\/\/api.w.org\/{rel}","templated":true}]}}