{"id":8059,"date":"2019-09-19T10:48:46","date_gmt":"2019-09-19T10:48:46","guid":{"rendered":"https:\/\/sitechecker.pro\/?page_id=8059"},"modified":"2025-02-28T10:04:36","modified_gmt":"2025-02-28T10:04:36","slug":"blacklist-checker","status":"publish","type":"page","link":"https:\/\/sitechecker.pro\/it\/blacklist-checker\/","title":{"rendered":"Verificare se un dominio \u00e8 nella blacklist"},"content":{"rendered":"<p><\/p>\n<h2 id=\"par1\">Cos&#8217;\u00e8 Domain Blacklist Checker?<\/h2>\n<p>Domain Blacklist Checker di <a href=\"https:\/\/sitechecker.pro\/\" target=\"_blank\" rel=\"noopener noreferrer\">Sitechecker<\/a> \u00e8 uno strumento online che consente agli utenti di verificare se un dominio o un indirizzo IP \u00e8 presente in blacklist che potrebbero influire sulla loro classifica SEO e sulla recapitabilit\u00e0 delle e-mail. \u00c8 progettato per aiutare i proprietari di siti Web a garantire che il loro dominio non sia stato segnalato per spam o attivit\u00e0 dannose, il che pu\u00f2 aiutare a mantenere la reputazione e la visibilit\u00e0 del loro sito Web online.<\/p>\n<h3>Come pu\u00f2 aiutarti lo strumento<\/h3>\n<p><strong>Verifica dello stato della blacklist: <\/strong>verifica direttamente se un dominio o un IP \u00e8 presente nei database DNSBL per una potenziale blacklist.<\/p>\n<p><strong>Generazione di report dettagliati: <\/strong>fornisce report sullo stato della blacklist, offrendo approfondimenti su eventuali problemi rilevati.<\/p>\n<p><strong>Website Security Checking: <\/strong>offre un&#8217;analisi completa delle vulnerabilit\u00e0 del sito web, fornendo consigli pratici su come affrontarle.<\/p>\n<h3>Funzionalit\u00e0 principali dello strumento<\/h3>\n<p><strong>Unified Dashboard: <\/strong>offre una vista singola e integrata per monitorare le analisi del sito web e gli indicatori di performance, semplificando l&#8217;analisi dei dati.<\/p>\n<p><strong>Interfaccia intuitiva: <\/strong>progettata per l&#8217;accessibilit\u00e0, garantisce che professionisti e principianti possano navigare e utilizzare lo strumento in modo efficace.<\/p>\n<p><strong>Complete SEO Toolset: <\/strong>fornisce un&#8217;ampia raccolta di strumenti SEO, che coprono tutti gli aspetti necessari per sforzi di ottimizzazione dei motori di ricerca completi.<\/p>\n<h2 id=\"par2\">Come usare lo strumento<\/h2>\n<h3>Passaggio 1: inserisci il dominio che vuoi controllare, quindi clicca sul pulsante &#8220;Controlla blacklist&#8221;<\/h3>\n<div class=\"content__img-wrap\"><img src=\"https:\/\/sitechecker.pro\/wp-content\/uploads\/2024\/03\/domain-blacklist-checker.png\" alt=\"Domain Blacklist Checker\" class=\"description-img description-img-zoom\" loading=\"lazy\" ><\/div>\n<h3>Passaggio 2: ricevi il risultato<\/h3>\n<p>In pochi secondi, ottieni tutte le informazioni relative al tuo sito web raccolte in un report completo.<\/p>\n<div class=\"content__img-wrap\"><img src=\"https:\/\/sitechecker.pro\/wp-content\/uploads\/2024\/03\/spam-blacklist-checker.png\" alt=\"Spam Blacklist Checker\" class=\"description-img description-img-zoom\" loading=\"lazy\" ><\/div>\n<p>Inoltre, se necessario, puoi eseguire un nuovo test utilizzando l&#8217;indirizzo IP anzich\u00e9 il nome di dominio.<\/p>\n<div class=\"content__img-wrap\"><img src=\"https:\/\/sitechecker.pro\/wp-content\/uploads\/2024\/03\/check-your-domain-or-ip.png\" alt=\"Controlla il tuo dominio o IP\" class=\"description-img description-img-zoom\" loading=\"lazy\" ><\/div>\n<p>Per avviare un&#8217;analisi SEO completa, fai semplicemente clic sul pulsante &#8220;Inizia monitoraggio&#8221;.<\/p>\n<h2 id=\"par3\">Ulteriori funzionalit\u00e0 di Domain Spam Checker<\/h2>\n<p>Quando eseguiamo la scansione del tuo dominio per la blacklist, eseguiamo la scansione del tuo sito in background. Quindi, facendo clic sul pulsante &#8220;Controlla report&#8221; sul banner, ottieni un report di audit completo del sito web. Ti aiuta a identificare e risolvere eventuali problemi sul tuo sito.<\/p>\n<div class=\"content__img-wrap\"><img src=\"https:\/\/sitechecker.pro\/wp-content\/uploads\/2024\/03\/site-audit.png\" alt=\"Site Audit\" class=\"description-img description-img-zoom\" loading=\"lazy\" ><\/div>\n<p>Inoltre, facilitiamo i controlli tramite IP, anche se non conosci l&#8217;IP del tuo sito web. Puoi ottenerlo comodamente cliccando sulle informazioni del dominio nella pagina di controllo del sito: basta copiarlo da l\u00ec. Con questo, sei pronto per un controllo della lista di blocco IP.<\/p>\n<div class=\"content__img-wrap\"><img src=\"https:\/\/sitechecker.pro\/wp-content\/uploads\/2024\/03\/blacklist-checker-tool.png\" alt=\"Strumento di controllo della lista nera\" class=\"description-img description-img-zoom\" loading=\"lazy\" ><\/div>\n<h2 id=\"par4\">Osservazioni conclusive<\/h2>\n<p>Per concludere, possiamo dire che una ricerca nella lista nera \u00e8 un software essenziale per salvaguardare il tuo sito web o indirizzo IP. Ti consente di determinare se sei stato bannato, il che potrebbe avere un impatto significativo sul tuo traffico. Il verificatore analizza il database DNSBL e fornisce una valutazione SEO completa e il monitoraggio del sito. \u00c8 semplice e veloce, e fornisce un report completo in pochi secondi. Inoltre, offre una funzione di controllo della lista nera IP per la massima praticit\u00e0. L&#8217;importanza di questo strumento nel mantenere una presenza digitale sicura ed efficiente non pu\u00f2 essere sopravvalutata.<\/p>\n<div id=\"par5\"><\/div>\n<p><div class=\"front__faq-block\"><div class=\"faq__block-title\">FAQ<\/div><div class=\"panel-group\" id=\"faq-accordion\" itemscope itemtype=\"https:\/\/schema.org\/FAQPage\" role=\"tablist\" aria-multiselectable=\"true\"><div class=\"panel\" itemscope itemtype=\"https:\/\/schema.org\/Question\" itemprop=\"mainEntity\">\n                            <div class=\"panel-heading\" id=\"headingFaq-1\">\n                                <div class=\"panel-title\" data-toggle=\"collapse\" aria-expanded=\"false\" href=\"#collapseFaq-1\">\n                                    <h3 itemprop=\"name\">Come verificare se il mio dominio \u00e8 nella blacklist?<\/h3>\n                                <\/div>\n                            <\/div>\n                            <div id=\"collapseFaq-1\" class=\"panel-collapse collapse\" itemprop=\"acceptedAnswer\" itemscope itemtype=\"http:\/\/schema.org\/Answer\">\n                                <div class=\"panel-body\" itemprop=\"text\">Puoi usare il nostro verificatore di blacklist del sito web: inserisci il dominio, invia la richiesta e guarda i risultati. Puoi farlo tramite il nome di dominio o l&apos;IP del sito web.<\/div>\n                            <\/div>\n                        <\/div><div class=\"panel\" itemscope itemtype=\"https:\/\/schema.org\/Question\" itemprop=\"mainEntity\">\n                            <div class=\"panel-heading\" id=\"headingFaq-2\">\n                                <div class=\"panel-title\" data-toggle=\"collapse\" aria-expanded=\"false\" href=\"#collapseFaq-2\">\n                                    <h3 itemprop=\"name\">Come fai a verificare se Google ti ha inserito nella blacklist?<\/h3>\n                                <\/div>\n                            <\/div>\n                            <div id=\"collapseFaq-2\" class=\"panel-collapse collapse\" itemprop=\"acceptedAnswer\" itemscope itemtype=\"http:\/\/schema.org\/Answer\">\n                                <div class=\"panel-body\" itemprop=\"text\">Usa il nostro verificatore di blacklist o controlla il report sulla trasparenza di Google (transparencyreport.google.com) inserendo l&apos;URL del tuo sito e inviando la richiesta.<\/div>\n                            <\/div>\n                        <\/div><div class=\"panel\" itemscope itemtype=\"https:\/\/schema.org\/Question\" itemprop=\"mainEntity\">\n                            <div class=\"panel-heading\" id=\"headingFaq-3\">\n                                <div class=\"panel-title\" data-toggle=\"collapse\" aria-expanded=\"false\" href=\"#collapseFaq-3\">\n                                    <h3 itemprop=\"name\">Come faccio a uscire se il mio sito web \u00e8 nella blacklist?<\/h3>\n                                <\/div>\n                            <\/div>\n                            <div id=\"collapseFaq-3\" class=\"panel-collapse collapse\" itemprop=\"acceptedAnswer\" itemscope itemtype=\"http:\/\/schema.org\/Answer\">\n                                <div class=\"panel-body\" itemprop=\"text\">Se scopri che il tuo IP o dominio \u00e8 stato inserito nella blacklist, \u00e8 consigliabile contattare ogni servizio DNSBL e inviare una richiesta per rimuovere la tua inserzione. Il nostro strumento generer\u00e0 comodamente un elenco di questi servizi per te. Mentre alcuni servizi potrebbero rimuovere automaticamente il tuo IP o dominio dopo un certo periodo di tolleranza, altri potrebbero non farlo.<\/div>\n                            <\/div>\n                        <\/div><\/div><\/div><\/p>","protected":false},"excerpt":{"rendered":"Cos&#8217;\u00e8 Domain Blacklist Checker? Domain Blacklist Checker di Sitechecker \u00e8 uno strumento online che consente agli utenti di verificare se un dominio o un indirizzo IP \u00e8 presente in blacklist che potrebbero influire sulla loro classifica SEO e sulla recapitabilit\u00e0 delle e-mail. \u00c8 progettato per aiutare i proprietari di siti Web a garantire che il&#8230;","protected":false},"author":10409641,"featured_media":8275,"parent":0,"menu_order":0,"comment_status":"closed","ping_status":"closed","template":"pages-templates\/pages-minitools-3.php","meta":[],"categories":[73],"tags":[],"_links":{"self":[{"href":"https:\/\/sitechecker.pro\/it\/wp-json\/wp\/v2\/pages\/8059"}],"collection":[{"href":"https:\/\/sitechecker.pro\/it\/wp-json\/wp\/v2\/pages"}],"about":[{"href":"https:\/\/sitechecker.pro\/it\/wp-json\/wp\/v2\/types\/page"}],"author":[{"embeddable":true,"href":"https:\/\/sitechecker.pro\/it\/wp-json\/wp\/v2\/users\/10409641"}],"replies":[{"embeddable":true,"href":"https:\/\/sitechecker.pro\/it\/wp-json\/wp\/v2\/comments?post=8059"}],"version-history":[{"count":10,"href":"https:\/\/sitechecker.pro\/it\/wp-json\/wp\/v2\/pages\/8059\/revisions"}],"predecessor-version":[{"id":35779,"href":"https:\/\/sitechecker.pro\/it\/wp-json\/wp\/v2\/pages\/8059\/revisions\/35779"}],"wp:featuredmedia":[{"embeddable":true,"href":"https:\/\/sitechecker.pro\/it\/wp-json\/wp\/v2\/media\/8275"}],"wp:attachment":[{"href":"https:\/\/sitechecker.pro\/it\/wp-json\/wp\/v2\/media?parent=8059"}],"wp:term":[{"taxonomy":"category","embeddable":true,"href":"https:\/\/sitechecker.pro\/it\/wp-json\/wp\/v2\/categories?post=8059"},{"taxonomy":"post_tag","embeddable":true,"href":"https:\/\/sitechecker.pro\/it\/wp-json\/wp\/v2\/tags?post=8059"}],"curies":[{"name":"wp","href":"https:\/\/api.w.org\/{rel}","templated":true}]}}