{"id":795,"date":"2023-12-07T12:41:26","date_gmt":"2023-12-07T12:41:26","guid":{"rendered":"https:\/\/sitechecker.pro\/?page_id=795"},"modified":"2024-10-10T09:50:17","modified_gmt":"2024-10-10T09:50:17","slug":"google-bot","status":"publish","type":"page","link":"https:\/\/sitechecker.pro\/it\/google-bot\/","title":{"rendered":"Ottimizzazione Googlebot: Scopri 6 Strategie per ottimizzare il tuo sito al meglio"},"content":{"rendered":"<p>Molto probabilmente sei a conoscenza del SEO e delle sue migliori pratiche: il valore della struttura del sito web, le regole di tagging, il riempimento delle parole chiave, il valore dell&#8217;ottimizzazione dei contenuti per e altri, quindi potresti aver sentito parlare dei bot di Google. Tuttavia, cosa sai dei bot di Google? Questo fenomeno differisce da un ben noto ottimizzazione SEO, perch\u00e9 viene eseguito a livello profondo. Se l&#8217;ottimizzazione SEO riguarda l&#8217;ottimizzazione di un testo per le query SE, Google Bot One \u00e8 un processo di ottimizzazione del sito Web per gli spider di Google. Certo, questi processi hanno delle somiglianze, ma chiariamo la loro principale differenza perch\u00e9 potrebbe influenzare profondamente il tuo sito. Qui parler\u00f2 di un fenomeno del tipo &#8220;crawlability&#8221; del sito, in quanto \u00e8 il problema principale a cui tutti dovrebbero prestare attenzione se parliamo di una ricerca sul sito web.<\/p>\n<h2 id=\"whatis\">Cos\u2019\u00e8 Googlebot?<\/h2>\n<p>&nbsp;<\/p>\n<p>I crawler dei siti o i robot di Google sono robot che esaminano una pagina Web e creano un indice. Se una pagina web consente l&#8217;accesso a un bot, questo bot aggiunge questa pagina a un indice e solo allora questa pagina diventa accessibile agli utenti. Se desideri vedere come viene eseguita questa procedura, controlla qui. Se desideri comprendere il processo di ottimizzazione di Googlebot, devi chiarire in che modo esattamente uno spider di Google esegue la scansione di un sito. Ecco questi quattro passaggi:<\/p>\n<p>&nbsp;<\/p>\n<h3>Se una pagina web ha un livello di classificazione delle pagine elevato, lo spider di Google impiegher\u00e0 pi\u00f9 tempo per la scansione.<\/h3>\n<p>Qui possiamo parlare di &#8220;Budget della scansione&#8221;, ovvero una quantit\u00e0 esatta di tempo speso dai robot Web per la scansione di un determinato sito: l&#8217;autorit\u00e0 pi\u00f9 elevata di una pagina Web ricever\u00e0 il budget pi\u00f9 alto.<\/p>\n<p>&nbsp;<\/p>\n<h3>I robot di Google eseguono la scansione di un sito Web costantemente<\/h3>\n<p>Ecco cosa dice Google a proposito di questo: &#8220;Google robot non deve accedere a un sito web pi\u00f9 di una volta al secondo&#8221;. Ci\u00f2 significa che il tuo sito web \u00e8 sotto il controllo costante degli spider web se hanno accesso ad esso. Oggi molti gestori SEO discutono sulla cosiddetta &#8220;velocit\u00e0 di scansione&#8221; e cercano di trovare un modo ottimale di scansione del sito per ottenere un livello di alto livello. Tuttavia, qui possiamo parlare di errata interpretazione come &#8220;velocit\u00e0 di scansione&#8221; non \u00e8 altro che una velocit\u00e0 delle richieste dei robot di Google piuttosto che la ripetizione di scansione. Puoi persino modificare questo tasso utilizzando gli Strumenti per i Webmaster. L&#8217;enorme numero di ritroso, unicit\u00e0 e menzioni sociali influenzano la tua posizione nei <a href=\"https:\/\/sitechecker.pro\/it\/serp\/\">risultati di ricerca<\/a>. Dovrei anche notare che i web spider non scandiscono costantemente ogni pagina, quindi, le strategie di contenuto costante sono molto importanti in quanto i contenuti unici e utili attirano l&#8217;attenzione del bot.<\/p>\n<p>&nbsp;<\/p>\n<h3>Il file Robots.txt file \u00e8 la prima cosa che i robot di Google scansionano per avere una roadmap per il crawling del sito<\/h3>\n<p>Ci\u00f2 significa che se una pagina \u00e8 contrassegnata come non consentita in questo file, i robot non saranno in grado di eseguire la scansione e indicizzarla.<\/p>\n<p>&nbsp;<\/p>\n<h3>XML sitemap \u00e8 una guida per i Google bots<\/h3>\n<p><a href=\"https:\/\/sitechecker.pro\/it\/xml-sitemap\/\">XML sitemap<\/a> aiuta i robot a scoprire quali posti del sito web devono essere sottoposti a scansione e indicizzazione, in quanto potrebbero esserci differenze nella struttura e nell&#8217;organizzazione del sito Web, pertanto questo processo potrebbe non essere automatico.\u00a0Una buona Sitemap pu\u00f2 aiutare le pagine con un basso ranking, controllare un piccolo numero di backlink usando <a href=\"https:\/\/sitechecker.pro\/it\/backlinks-checker\/\">backlink checker<\/a> e contenuti inutili, e anche aiutare Google a gestire immagini, notizie, video, ecc.<\/p>\n<p>&nbsp;<\/p>\n<h2 id=\"6strategies\">6 strategie su come ottimizzare il tuo sito in modo migliore per la scansione di Googlebot<\/h2>\n<p>&nbsp;<\/p>\n<p>Come hai capito, l&#8217;ottimizzazione dello spider di Google deve essere eseguita prima che venga effettuato qualsiasi passaggio per l&#8217;ottimizzazione SE. Pertanto, consideriamo ora che cosa dovresti fare per facilitare il processo di indicizzazione per i robot di Google.<\/p>\n<p>&nbsp;<\/p>\n<h3 id=\"notoverdo\">Esagerare non va bene<\/h3>\n<p>Sai che Googlebots non pu\u00f2 eseguire la scansione di vari frame, Flash, JavaScript, DHTML e HTML ben noto. Inoltre, Google non ha ancora chiarito se Googlebot sia in grado di eseguire la scansione di Ajax e JavaScript, pertanto \u00e8 preferibile non utilizzarli durante la creazione del sito web. Sebbene Matt Cutts affermi che JavaScript pu\u00f2 essere aperto per i web spider, tali prove come le Istruzioni per i webmaster di Google confutano questo: &#8220;Se i cookie, i vari frame, Flash o JavaScript non possono essere visti in un browser di testo, allora i web spider potrebbero non essere in grado di eseguire la scansione di questo sito Web. &#8220;A mio parere, JavaScript non deve essere abusato.<\/p>\n<p>&nbsp;<\/p>\n<h3 id=\"robotsunderestimating\">Non sottostimare il file robots.txt<\/h3>\n<p>Hai mai pensato allo scopo del file <a href=\"https:\/\/sitechecker.pro\/it\/robots-tester\/\">robots.txt<\/a>? \u00c8 il file comune utilizzato in molte strategie SEO, ma \u00e8 davvero utile? In primo luogo, questo file \u00e8 una direttiva per tutti gli spider web, quindi Google robot spender\u00e0 il &#8220;budget di ricerca per indicizzazione&#8221; in qualsiasi pagina web del tuo sito. In secondo luogo, dovresti decidere tu stesso quale file devono scansionare i bot, quindi se c&#8217;\u00e8 un file che non \u00e8 autorizzato a eseguire la scansione, puoi indicarlo nel tuo file robots.txt. Perch\u00e9 questo? Se ci sono pagine che non dovrebbero essere sottoposte a scansione, Google Bot lo vedr\u00e0 immediatamente e analizzer\u00e0 la parte del tuo sito, che \u00e8 pi\u00f9 importante. Tuttavia, il mio suggerimento non blocca ci\u00f2 che non dovrebbe essere bloccato. Se non si indica che qualcosa non \u00e8 consentito per la scansione, il bot eseguir\u00e0 la scansione e indicizzer\u00e0 tutto per impostazione predefinita. Pertanto, la funzione principale del file robots.txt indica dove non dovrebbe andare.<\/p>\n<p>&nbsp;<\/p>\n<h3 id=\"uniquecontent\">I contenuti utili e unici contano davvero<\/h3>\n<p>La regola \u00e8 che i contenuti sottoposti a scansione sono pi\u00f9 frequenti e, di conseguenza, il traffico aumenta. Nonostante il PageRank determini la frequenza di scansione, pu\u00f2 farsi da parte quando parla dell&#8217;utilit\u00e0 e della freschezza delle pagine che hanno un PageRank simile. Pertanto, il tuo obiettivo principale \u00e8 quello di ottenere scansioni regolari delle pagine di basso livello. AJ Kohn una volta ha detto: &#8220;Sei un vincitore se hai trasformato le tue pagine di basso livello in quelle che sono state scansionate pi\u00f9 spesso delle competizioni.\u201d<\/p>\n<p>&nbsp;<\/p>\n<h3 id=\"scroll\">Ottenere pagine di scorrimento magiche<\/h3>\n<p>Se il tuo sito contiene quelle pagine che scorrono all&#8217;infinito, ci\u00f2 non significa che non hai possibilit\u00e0 di ottimizzare Googlebot. Pertanto, dovresti assicurarti che queste pagine web siano conformi alle linee guida di Google.<\/p>\n<h3 id=\"internallinks\">Devi iniziare a usare i link interni<\/h3>\n<p>\u00c8 molto importante da utilizzare se desideri rendere molto pi\u00f9 facile la scansione di Googlebots. Se i tuoi collegamenti sono serrati e consolidati, il processo di scansione sar\u00e0 molto efficace. Se desideri ottenere un&#8217;analisi dei tuoi <a href=\"https:\/\/sitechecker.pro\/it\/internal-links\/\">collegamenti ipertestuali interni<\/a>, puoi farlo andando su Strumenti per i Webmaster di Google, quindi su Traffico di ricerca e scegli la sezione Collegamenti interni. Se le pagine web sono in cima alla lista, contengono contenuti utili.<\/p>\n<p>&nbsp;<\/p>\n<div class=\"content__img-wrap\"><img src=\"https:\/\/sitechecker.pro\/wp-content\/uploads\/2017\/12\/internal-link-in-google-search-console.jpg\" alt=\"Google bots for internal linking\" class=\"description-img description-img-zoom\" loading=\"lazy\" ><\/div>\n<p>&nbsp;<\/p>\n<h3 id=\"sitemapvital\">Sitemap.xml \u00e8 vitale<\/h3>\n<p>La sitemap fornisce indicazioni per Googlebot su come accedere a un sito web; \u00e8 semplicemente una mappa da seguire. Perch\u00e9 viene usata allora? Molti siti Web oggi non sono facili da analizzare e queste difficolt\u00e0 possono rendere molto complicato il processo di scansione. <a href=\"https:\/\/sitechecker.pro\/it\/\">Test sito web<\/a> aiuta a conoscere meglio i punti deboli della pagina e ad eliminarli. Pertanto, le sezioni del tuo sito che possono confondere il web spider sono indicate in una sitemap, e questo pu\u00f2 garantire che tutte le aree del sito Web vengano sottoposte a scansione.<\/p>\n<p>&nbsp;<\/p>\n<h2 id=\"analyzebot\">Come analizzare l\u2019attivit\u00e0 di Googlebot?<\/h2>\n<p>&nbsp;<\/p>\n<p>Se desideri vedere l&#8217;attivit\u00e0 di Googlebot eseguita sul tuo sito, puoi utilizzare gli Strumenti per i Webmaster di Google. Inoltre, ti consiglio di controllare i dati forniti da questo servizio su base regolare, in quanto ti mostrer\u00e0 se si verificano problemi durante la scansione. Basta controllare la sezione &#8220;Scansione&#8221; nei tuoi Strumenti per i Webmaster.<\/p>\n<p>&nbsp;<\/p>\n<h3 id=\"crawlingerrors\">Errori comuni del crawling<\/h3>\n<p>Puoi verificare se il tuo sito ha problemi con il processo di scansione. Pertanto, non avrai nessuno stato di problemi o bandiere rosse, ad esempio pagine, che dovrebbero essere dovute all&#8217;ultimo indice. Quindi, il primo passo da fare, quando si parla dell&#8217;ottimizzazione di Googlebot. Alcuni siti Web potrebbero avere errori di scansione minori, ma ci\u00f2 non significa che influenzeranno il traffico o la classifica. Tuttavia, con il passare del tempo, tali problemi possono comportare il declino del traffico. Qui puoi trovare un esempio di tale sito:<\/p>\n<p>&nbsp;<\/p>\n<div class=\"content__img-wrap\"><img src=\"https:\/\/sitechecker.pro\/wp-content\/uploads\/2017\/12\/crawl-errors-in-google-webmasters.png\" alt=\"Common crawl errors\" class=\"description-img description-img-zoom\" loading=\"lazy\" ><\/div>\n<p>&nbsp;<\/p>\n<h3 id=\"sitemaps\">Sitemaps<\/h3>\n<p>Puoi utilizzare questa funzione se desideri lavorare con la tua sitemap: esaminare, aggiungere o scoprire quale contenuto viene indicizzato.<\/p>\n<p>&nbsp;<\/p>\n<div class=\"content__img-wrap\"><img src=\"https:\/\/sitechecker.pro\/wp-content\/uploads\/2017\/12\/sitemap-screen.png\" alt=\"What is Google bot and how does it work with sitemap\" class=\"description-img description-img-zoom\" loading=\"lazy\" ><\/div>\n<p>&nbsp;<\/p>\n<h3 id=\"fetching\">Fetching<\/h3>\n<p>La sezione &#8220;Visualizza come Google&#8221; ti aiuta a vedere il tuo sito \/ pagina come lo vede Google.<\/p>\n<p>&nbsp;<\/p>\n<div class=\"content__img-wrap\"><img src=\"https:\/\/sitechecker.pro\/wp-content\/uploads\/2017\/12\/fetch-as-google.png\" alt=\"Fetch as Google function\" class=\"description-img description-img-zoom\" loading=\"lazy\" ><\/div>\n<p>&nbsp;<\/p>\n<h3 id=\"crawlstats\">Statistiche crawling<\/h3>\n<p>Google pu\u00f2 anche dirti quanti dati un spider Web elabora un giorno. Pertanto, se pubblichi regolarmente nuovi contenuti, otterrai un risultato positivo nelle statistiche.<\/p>\n<p>&nbsp;<\/p>\n<div class=\"content__img-wrap\"><img src=\"https:\/\/sitechecker.pro\/wp-content\/uploads\/2017\/12\/crawl-stats-from-site-crawlers.png\" alt=\"Google Search Console screen with crawl stats\" class=\"description-img description-img-zoom\" loading=\"lazy\" ><\/div>\n<p>&nbsp;<\/p>\n<h3 id=\"urlparameters\">I parametri dell\u2019URL<\/h3>\n<p>Questa sezione pu\u00f2 aiutarti a scoprire in che modo Google esegue la scansione e l&#8217;indicizzazione del tuo sito web, utilizzando i <a href=\"https:\/\/sitechecker.pro\/it\/what-is-url\/\">parametri URL<\/a>. Tuttavia, in modalit\u00e0 predefinita, tutte le pagine vengono sottoposte a scansione a causa delle decisioni sul Web spider:<\/p>\n<p>&nbsp;<\/p>\n<div class=\"content__img-wrap\"><img src=\"https:\/\/sitechecker.pro\/wp-content\/uploads\/2017\/12\/url-parameters.png\" alt=\"Url parameters in GWT\" class=\"description-img description-img-zoom\" loading=\"lazy\" ><\/div>\n<p id=\"check\">\n<p><\/p>","protected":false},"excerpt":{"rendered":"Molto probabilmente sei a conoscenza del SEO e delle sue migliori pratiche: il valore della struttura del sito web, le regole di tagging, il riempimento delle parole chiave, il valore dell&#8217;ottimizzazione dei contenuti per e altri, quindi potresti aver sentito parlare dei bot di Google. Tuttavia, cosa sai dei bot di Google? Questo fenomeno differisce&#8230;","protected":false},"author":11474150,"featured_media":3425,"parent":0,"menu_order":0,"comment_status":"closed","ping_status":"closed","template":"pages-templates\/pages-v2.php","meta":[],"categories":[31],"tags":[],"_links":{"self":[{"href":"https:\/\/sitechecker.pro\/it\/wp-json\/wp\/v2\/pages\/795"}],"collection":[{"href":"https:\/\/sitechecker.pro\/it\/wp-json\/wp\/v2\/pages"}],"about":[{"href":"https:\/\/sitechecker.pro\/it\/wp-json\/wp\/v2\/types\/page"}],"author":[{"embeddable":true,"href":"https:\/\/sitechecker.pro\/it\/wp-json\/wp\/v2\/users\/11474150"}],"replies":[{"embeddable":true,"href":"https:\/\/sitechecker.pro\/it\/wp-json\/wp\/v2\/comments?post=795"}],"version-history":[{"count":69,"href":"https:\/\/sitechecker.pro\/it\/wp-json\/wp\/v2\/pages\/795\/revisions"}],"predecessor-version":[{"id":33853,"href":"https:\/\/sitechecker.pro\/it\/wp-json\/wp\/v2\/pages\/795\/revisions\/33853"}],"wp:featuredmedia":[{"embeddable":true,"href":"https:\/\/sitechecker.pro\/it\/wp-json\/wp\/v2\/media\/3425"}],"wp:attachment":[{"href":"https:\/\/sitechecker.pro\/it\/wp-json\/wp\/v2\/media?parent=795"}],"wp:term":[{"taxonomy":"category","embeddable":true,"href":"https:\/\/sitechecker.pro\/it\/wp-json\/wp\/v2\/categories?post=795"},{"taxonomy":"post_tag","embeddable":true,"href":"https:\/\/sitechecker.pro\/it\/wp-json\/wp\/v2\/tags?post=795"}],"curies":[{"name":"wp","href":"https:\/\/api.w.org\/{rel}","templated":true}]}}