{"id":7885,"date":"2019-09-05T13:51:52","date_gmt":"2019-09-05T13:51:52","guid":{"rendered":"https:\/\/sitechecker.pro\/?page_id=7885"},"modified":"2025-02-06T11:00:13","modified_gmt":"2025-02-06T11:00:13","slug":"page-counter","status":"publish","type":"page","link":"https:\/\/sitechecker.pro\/it\/page-counter\/","title":{"rendered":"Website Page Counter | Controlla quante pagine sul sito \u1408"},"content":{"rendered":"<p><\/p>\n<h2 id=\"par1\">Che cos&#8217;\u00e8 un verificatore del numero di pagine di un sito web? <\/h2>\n<p>Il contatore di pagine \u00e8 uno strumento che aiuta a contare il numero di URL del sito. Pu\u00f2 essere utile per monitorare lo stato di indicizzazione e identificare eventuali problemi tecnici. Il contatore di URL del sito web Sitechecker \u00e8 facile da usare e offre una serie di funzioni.<\/p>\n<h3>Il contatore di pagine del sito web pu\u00f2 aiutarvi con quanto segue<\/h3>\n<ul>\n<li>Determinare il numero totale di tutti gli URL del vostro sito.\n<li>Identificare quali URL dalla Sitemap XML sono indicizzati dai motori di ricerca di Google.<\/li>\n<li>Rilevare eventuali errori negli URL del proprio sito web.\n<li>Capire come distribuire in modo efficace la link equity sul vostro sito.<\/li>\n<\/ul>\n<h3>Le caratteristiche principali di un contatore di pagine web<\/h3>\n<p><strong>Dashboard unificato: <\/strong>Una dashboard unificata fornisce un unico luogo per visualizzare i dati tecnici sulla salute del vostro sito web. \u00c8 possibile visualizzare questi dati per periodi specifici, come oggi, ieri, la settimana scorsa, il mese scorso e l&#8217;anno scorso.<\/p>\n<p><strong>Interfaccia facile da usare: <\/strong>Un&#8217;interfaccia facile da usare rende semplice l&#8217;utilizzo e l&#8217;analisi dei dati sul traffico. Il cruscotto \u00e8 ben organizzato e facile da navigare.<\/p>\n<p><strong>Set completo di strumenti SEO: <\/strong>Un set di strumenti SEO completo comprende una serie di strumenti che aiutano a migliorare il posizionamento del sito web nei risultati dei motori di ricerca (SERP). Pu\u00f2 includere strumenti per la ricerca di parole chiave, la creazione di link e la SEO tecnica.<\/p>\n<h2 id=\"par2\">Come usare il contatore di pagine del sito web? <\/h2>\n<p>Vi chiedete come trovare facilmente il numero di pagine HTML di un sito web? Il nostro strumento vi d\u00e0 la risposta.<\/p>\n<h3>Fase 1: inserire il proprio dominio <\/h3>\n<p>Tutto ci\u00f2 che dovete fare \u00e8 inserire il nome del dominio e visualizzare tutti gli URL di un sito.<\/p>\n<div class=\"content__img-wrap\"><img src=\"https:\/\/sitechecker.pro\/wp-content\/uploads\/2023\/11\/website-page-counter.png\" alt=\"Contatore di pagine del sito web\" class=\"description-img description-img-zoom\" loading=\"lazy\" ><\/div>\n<div class=\"important-block\">Per ricevere i risultati e accedere alle funzioni di Sitechecker&apos;per 14 giorni, inizia la tua prova GRATUITA. L&apos;iscrizione \u00e8 facile con il tuo account e-mail, Google o Facebook. Non \u00e8 necessaria la carta di credito.<\/div>\n<h3>Fase 2: ottenere il risultato<\/h3>\n<p>Dopo il crawling, \u00e8 possibile vedere &#8220;quanti URL ci sono&#8221;. Questo numero indica quanti URL ha l&#8217;<a href=\"https:\/\/sitechecker.pro\/what-is-google-index\/\" target=\"_blank\" rel=\"noopener noreferrer\">indice di Google<\/a>:<\/p>\n<div class=\"content__img-wrap\"><img src=\"https:\/\/sitechecker.pro\/wp-content\/uploads\/2023\/11\/website-page-counter-results.png\" alt=\"Risultati del contatore di pagine del sito web\" class=\"description-img description-img-zoom\" loading=\"lazy\" ><\/div>\n<p>Qui di seguito \u00e8 riportato un elenco dei problemi riscontrati negli URL sottoposti a crawling. Per verificare la presenza di errori su tutti gli URL del vostro sito, prendete in considerazione l&#8217;aggiornamento del vostro piano tariffario.<\/p>\n<div class=\"content__img-wrap\"><img src=\"https:\/\/sitechecker.pro\/wp-content\/uploads\/2023\/11\/page-counter-issues-list.png\" alt=\"Elenco dei problemi del contatore di pagine web\" class=\"description-img description-img-zoom\" loading=\"lazy\" ><\/div>\n<p>Per ogni errore identificato, l&#8217;elenco include suggerimenti per la risoluzione dei problemi e specifica gli URL in cui si \u00e8 verificato.<\/p>\n<div class=\"content__img-wrap\"><img src=\"https:\/\/sitechecker.pro\/wp-content\/uploads\/2023\/11\/view-issue-option.png\" alt=\"Visualizza l'opzione dei problemi\" class=\"description-img description-img-zoom\" loading=\"lazy\" ><\/div>\n<h2 id=\"par3\">Caratteristiche aggiuntive dello strumento Contatore di pagine web<\/h2>\n<p>Inoltre, facendo clic su &#8220;Pagine carrellate&#8221; o &#8220;Visualizza tutte le pagine&#8221;, \u00e8 possibile aprire l&#8217;elenco degli URL con informazioni su problemi, stato e altri tipi di informazioni sull&#8217;URL <a href=\"https:\/\/sitechecker.pro\/\" target=\"_blank\" rel=\"noopener noreferrer\">SEO audit<\/a>.<\/p>\n<div class=\"content__img-wrap\"><img src=\"https:\/\/sitechecker.pro\/wp-content\/uploads\/2023\/11\/page-counter-view-all-pages.png\" alt=\"Page Counter View All Pages\" class=\"description-img description-img-zoom\" loading=\"lazy\" ><\/div>\n<div class=\"content__img-wrap\"><img src=\"https:\/\/sitechecker.pro\/wp-content\/uploads\/2023\/11\/page-counter-additional-features.png\" alt=\"Contatore di pagine Caratteristiche aggiuntive\" class=\"description-img description-img-zoom\" loading=\"lazy\" ><\/div>\n<p>Questa sezione visualizza un elenco categorizzato di errori, che consente di ordinarli per priorit\u00e0 o categoria. Se il sito contiene URL o reindirizzamenti interrotti, \u00e8 possibile filtrarli nella tabella. L&#8217;indicatore del peso della pagina fornisce informazioni sull&#8217;efficacia della struttura dei collegamenti interni.<\/p>\n<p>Grazie a queste informazioni, \u00e8 possibile risolvere rapidamente i problemi critici del proprio sito web e ricevere indicazioni sull&#8217;ottimizzazione del sito.<\/p>\n<p>Inoltre, date un&#8217;occhiata alla nostra video-guida su come utilizzare Page Counter sulla piattaforma SiteChecker:<\/p>\n<p><iframe width=\"700\" height=\"350\" src=\"https:\/\/www.youtube.com\/embed\/-cexaqBe4KQ?si=4doM2SLEO-4z_i69&amp;start=213\" title=\"YouTube video player\" frameborder=\"0\" allow=\"accelerometro; autoplay; clipboard-write; encrypted-media; giroscopio; picture-in-picture; web-share\" allowfullscreen><\/iframe><\/p>\n<h2 id=\"par4\">Idea finale<\/h2>\n<p>Il Website Post Counter \u00e8 un efficiente strumento gratuito offerto da Sitechecker che conta le pagine del vostro sito, aiutandovi a monitorare l&#8217;indicizzazione e a identificare i problemi tecnici. Vanta funzioni di facile utilizzo come il filtraggio per tipo e la profondit\u00e0 di crawl. Tra i vantaggi principali vi \u00e8 la possibilit\u00e0 di accertare il numero totale di URL del sito, identificare le pagine indicizzate, verificare la presenza di duplicati, individuare gli errori e strategizzare la distribuzione della link equity. Il suo cruscotto centralizza i dati sulla salute tecnica, presentando un&#8217;interfaccia facile da usare per l&#8217;analisi del traffico e un set completo di strumenti SEO per migliorare le classifiche SERP.<\/p>\n<div id=\"par5\"><\/div>\n<p><div class=\"front__faq-block\"><div class=\"faq__block-title\">FAQ<\/div><div class=\"panel-group\" id=\"faq-accordion\" itemscope itemtype=\"https:\/\/schema.org\/FAQPage\" role=\"tablist\" aria-multiselectable=\"true\"><div class=\"panel\" itemscope itemtype=\"https:\/\/schema.org\/Question\" itemprop=\"mainEntity\">\n                            <div class=\"panel-heading\" id=\"headingFaq-1\">\n                                <div class=\"panel-title\" data-toggle=\"collapse\" aria-expanded=\"false\" href=\"#collapseFaq-1\">\n                                    <h3 itemprop=\"name\">Qual \u00e8 lo scopo principale del Page Counter finder? <\/h3>\n                                <\/div>\n                            <\/div>\n                            <div id=\"collapseFaq-1\" class=\"panel-collapse collapse\" itemprop=\"acceptedAnswer\" itemscope itemtype=\"http:\/\/schema.org\/Answer\">\n                                <div class=\"panel-body\" itemprop=\"text\">Lo scopo principale dello strumento online Page Counter \u00e8 quello di fornire un conteggio del numero totale di URL sul vostro sito, aiutare a tenere traccia di quali URL sono indicizzati dai motori di ricerca, identificare i contenuti duplicati, rilevare eventuali errori e offrire approfondimenti per ottimizzare la distribuzione della link equity.<\/div>\n                            <\/div>\n                        <\/div><div class=\"panel\" itemscope itemtype=\"https:\/\/schema.org\/Question\" itemprop=\"mainEntity\">\n                            <div class=\"panel-heading\" id=\"headingFaq-2\">\n                                <div class=\"panel-title\" data-toggle=\"collapse\" aria-expanded=\"false\" href=\"#collapseFaq-2\">\n                                    <h3 itemprop=\"name\">Come verificare quante pagine ha un sito web?<\/h3>\n                                <\/div>\n                            <\/div>\n                            <div id=\"collapseFaq-2\" class=\"panel-collapse collapse\" itemprop=\"acceptedAnswer\" itemscope itemtype=\"http:\/\/schema.org\/Answer\">\n                                <div class=\"panel-body\" itemprop=\"text\">Utilizzate uno strumento per il conteggio degli articoli di un sito web, come Sitechecker, inserendo il dominio del sito web&apos;per ottenere un conteggio completo di tutti i suoi URL.<\/div>\n                            <\/div>\n                        <\/div><div class=\"panel\" itemscope itemtype=\"https:\/\/schema.org\/Question\" itemprop=\"mainEntity\">\n                            <div class=\"panel-heading\" id=\"headingFaq-3\">\n                                <div class=\"panel-title\" data-toggle=\"collapse\" aria-expanded=\"false\" href=\"#collapseFaq-3\">\n                                    <h3 itemprop=\"name\">Come si contano gli URL di un sito web?<\/h3>\n                                <\/div>\n                            <\/div>\n                            <div id=\"collapseFaq-3\" class=\"panel-collapse collapse\" itemprop=\"acceptedAnswer\" itemscope itemtype=\"http:\/\/schema.org\/Answer\">\n                                <div class=\"panel-body\" itemprop=\"text\">Utilizzate un programma per il conteggio delle pagine del sito inserendo il nome del vostro dominio per contare automaticamente gli URL.<\/div>\n                            <\/div>\n                        <\/div><div class=\"panel\" itemscope itemtype=\"https:\/\/schema.org\/Question\" itemprop=\"mainEntity\">\n                            <div class=\"panel-heading\" id=\"headingFaq-4\">\n                                <div class=\"panel-title\" data-toggle=\"collapse\" aria-expanded=\"false\" href=\"#collapseFaq-4\">\n                                    <h3 itemprop=\"name\">Quanti URL ha un sito tipico?<\/h3>\n                                <\/div>\n                            <\/div>\n                            <div id=\"collapseFaq-4\" class=\"panel-collapse collapse\" itemprop=\"acceptedAnswer\" itemscope itemtype=\"http:\/\/schema.org\/Answer\">\n                                <div class=\"panel-body\" itemprop=\"text\">Un sito tipico pu\u00f2 avere da pochi URL a centinaia, a seconda del suo scopo e delle sue dimensioni. Le piccole imprese hanno spesso meno di 20 URL, ad esempio, mentre i siti pi\u00f9 grandi e i siti di e-commerce possono avere centinaia o migliaia di pagine web.<\/div>\n                            <\/div>\n                        <\/div><\/div><\/div><\/p>","protected":false},"excerpt":{"rendered":"Che cos&#8217;\u00e8 un verificatore del numero di pagine di un sito web? Il contatore di pagine \u00e8 uno strumento che aiuta a contare il numero di URL del sito. Pu\u00f2 essere utile per monitorare lo stato di indicizzazione e identificare eventuali problemi tecnici. Il contatore di URL del sito web Sitechecker \u00e8 facile da usare&#8230;","protected":false},"author":10504980,"featured_media":7945,"parent":0,"menu_order":0,"comment_status":"closed","ping_status":"closed","template":"pages-templates\/pages-minitools.php","meta":[],"categories":[73],"tags":[],"_links":{"self":[{"href":"https:\/\/sitechecker.pro\/it\/wp-json\/wp\/v2\/pages\/7885"}],"collection":[{"href":"https:\/\/sitechecker.pro\/it\/wp-json\/wp\/v2\/pages"}],"about":[{"href":"https:\/\/sitechecker.pro\/it\/wp-json\/wp\/v2\/types\/page"}],"author":[{"embeddable":true,"href":"https:\/\/sitechecker.pro\/it\/wp-json\/wp\/v2\/users\/10504980"}],"replies":[{"embeddable":true,"href":"https:\/\/sitechecker.pro\/it\/wp-json\/wp\/v2\/comments?post=7885"}],"version-history":[{"count":91,"href":"https:\/\/sitechecker.pro\/it\/wp-json\/wp\/v2\/pages\/7885\/revisions"}],"predecessor-version":[{"id":35343,"href":"https:\/\/sitechecker.pro\/it\/wp-json\/wp\/v2\/pages\/7885\/revisions\/35343"}],"wp:featuredmedia":[{"embeddable":true,"href":"https:\/\/sitechecker.pro\/it\/wp-json\/wp\/v2\/media\/7945"}],"wp:attachment":[{"href":"https:\/\/sitechecker.pro\/it\/wp-json\/wp\/v2\/media?parent=7885"}],"wp:term":[{"taxonomy":"category","embeddable":true,"href":"https:\/\/sitechecker.pro\/it\/wp-json\/wp\/v2\/categories?post=7885"},{"taxonomy":"post_tag","embeddable":true,"href":"https:\/\/sitechecker.pro\/it\/wp-json\/wp\/v2\/tags?post=7885"}],"curies":[{"name":"wp","href":"https:\/\/api.w.org\/{rel}","templated":true}]}}