{"id":7873,"date":"2019-09-05T12:25:47","date_gmt":"2019-09-05T12:25:47","guid":{"rendered":"https:\/\/sitechecker.pro\/?page_id=7873"},"modified":"2026-02-20T12:10:45","modified_gmt":"2026-02-20T12:10:45","slug":"similar-websites","status":"publish","type":"page","link":"https:\/\/sitechecker.pro\/it\/similar-websites\/","title":{"rendered":"Trova siti Web simili | Un must per le ricerche di mercato \u1408"},"content":{"rendered":"<p>Vuoi avviare un sito e, come parte dell&#8217;indagine di mercato, devi sapere chi sono i tuoi concorrenti. Se quella situazione \u00e8 simile alla tua e non hai idea di come affrontarla, allora sei nel posto giusto. Puoi farlo abbastanza facilmente con un cercatore di siti Web simile; in questo articolo, ti diremo tutto ci\u00f2 che devi sapere su come utilizzarne uno in modo efficace.<\/p>\n<h2>Che cos&#8217;\u00e8 un cercatore di siti Web simile?<\/h2>\n<p>Un <b>sito web simile <\/b><b>trova <\/b> \u00e8 uno strumento che puoi utilizzare per trovare altri siti web che producono contenuti simili al tuo. Questi strumenti sono disponibili da molti fornitori, molti dei quali gratuitamente. Utilizzando questi strumenti, puoi sondare i tuoi concorrenti e saperne di pi\u00f9 su come lavorano, cosa fanno bene e cosa ne traggono gli utenti. Assorbendo tutte queste informazioni e pianificando di conseguenza, sarai in grado di prendere il meglio da tutti i tuoi concorrenti ed eliminare tutto ci\u00f2 che non funziona.<\/p>\n<p>Oltre ad aiutarti a trovare siti Web simili, <a href=\"https:\/\/sitechecker.pro\/\">Sitechecker<\/a> ha molto altro da offrire. Guarda questo video per saperne di pi\u00f9 sui nostri servizi:<\/p>\n<p><iframe title=\"YouTube video player\" src=\"https:\/\/www.youtube.com\/embed\/iQWrmE-J-yU\" width=\"770\" height=\"350\" frameborder=\"0\" allowfullscreen=\"allowfullscreen\"><\/iframe><\/p>\n<h2>Utilizzo di un Finder di siti Web simile<\/h2>\n<p>Scopri come utilizzare il nostro cercatore di siti Web simile.<\/p>\n<h3>Fase 1: inserisci il tuo dominio<\/h3>\n<p>Prendi semplicemente l&#8217;URL del tuo sito web, incollalo nella barra di ricerca e fai clic sulla freccia rivolta a destra.<br \/>\n<div class=\"content__img-wrap\"><img src=\"https:\/\/sitechecker.pro\/wp-content\/uploads\/2022\/02\/Sitecheckers-similar-website-finder.jpg\" alt=\"Sitechecker's similar website finder\" class=\"description-img description-img-zoom\" loading=\"lazy\" ><\/div><\/p>\n<h3>Fase 2: analisi dei risultati<\/h3>\n<p>Il sito impiegher\u00e0 alcuni secondi per trovare tutti i siti simili al tuo e visualizzarli come un elenco.<br \/>\n<div class=\"content__img-wrap\"><img src=\"https:\/\/sitechecker.pro\/wp-content\/uploads\/2022\/02\/Sitecheckers-similar-website-finder-Results.jpg\" alt=\"Sitechecker's similar website finder: Results\" class=\"description-img description-img-zoom\" loading=\"lazy\" ><\/div><\/p>\n<h2>Casi in cui \u00e8 necessario un Finder di siti Web simile<\/h2>\n<p>Prima di creare un sito e iniziare a pubblicare alcuni contenuti, dovresti scoprire se la tua impresa \u00e8 redditizia. Ad esempio, pensi che qualcuno utilizzerebbe una piattaforma di condivisione video con funzionalit\u00e0 simili a YouTube se YouTube esistesse gi\u00e0? No. Cose come TikTok e Vimeo funzionano solo perch\u00e9 offrono approcci diversi e funzionalit\u00e0 uniche ai loro utenti.<\/p>\n<p>Allo stesso modo, se stai avviando un blog, devi sapere chi sta gi\u00e0 producendo contenuti simili ai tuoi. Che tipo di contenuti producono? Com&#8217;\u00e8 la loro base di pubblico? Informazioni come questa sono necessarie per dirti le possibilit\u00e0 di successo. Se questi concorrenti hanno il monopolio del mercato, non c&#8217;\u00e8 profitto nell&#8217;andare avanti.<\/p>\n<p>D&#8217;altra parte, se sei stabilito nella tua <a href=\"https:\/\/sitechecker.pro\/dental-seo-marketing-tool\/\" target=\"_blank\" rel=\"noopener noreferrer\">nicchia<\/a> settore, \u00e8 necessario essere sempre alla ricerca di nuovi arrivati \u200b\u200be nuove iniziative. Tieni d&#8217;occhio se stanno prendendo piede e ti stanno raggiungendo. In ogni caso, \u00e8 il segno di un creatore di contenuti maturo tenere il dito sul polso del mercato e capire dove soffiano i venti.<\/p>\n<p>Studiando le alternative, imparerai cosa funziona\/non funziona e troverai modi per migliorare. \u00c8 cos\u00ec che migliori e raggiungi il livello successivo.<br \/>\n    <div class=\"blog__conversion blog__conversion-app element__logged_out\">\n        <div class=\"blog__conversion-inner\">\n            <p class=\"title\">Scopri non solo le informazioni sui Siti Simili, ma anche la presenza di errori tecnici su di essi!<\/p>\n            <p class=\"description\">Esegui un audit completo per scoprire e risolvere tutti i problemi a livello di sito e di pagina sul tuo sito Web.<\/p>\n            <form id=\"audit__form\"\n                  class=\"article__seo-search audit__form Esegui un audit completo per scoprire e risolvere tutti i problemi a livello di sito e di pagina sul tuo sito Web.\"\n                  action=\"\"\n                  method=\"POST\"\n                  autocomplete=\"off\">\n                <span class=\"error\"><\/span>\n                <div class=\"error__limits\">Something went wrong. Please, try again later.<\/div>\n                <input name=\"url\"\n                       type=\"text\"\n                       placeholder=\"Inserisci qui il tuo dominio\">\n                                <button type=\"submit\"\n                        class=\"sitechecker__text\">\n                    <span>Launch audit<\/span>\n                    <img src=\"\/wp-content\/themes\/sitechecker\/out\/img_design\/loading.svg\"\n                         width=\"31\"\n                         height=\"30\"\n                         class=\"loading\">\n                <\/button>\n            <\/form>\n        <\/div>\n    <\/div>\n    <\/p>\n<h2>Come analizzare siti simili<\/h2>\n<p>Ora sai come trovare un sacco di siti simili, ma cosa fai dopo averli trovati? Perch\u00e9, li studi, ovviamente! \u00c8 la cosa intelligente da fare e dovresti controllare le aziende che competono con te. Puoi scommettere che faranno lo stesso con te.<\/p>\n<p>Ma cosa cerchi?<\/p>\n<ul>\n<li>Qual \u200b\u200b\u00e8 la struttura del sito delle alternative disponibili? \u00c8 simile al tuo? Meglio? Quali elementi della pagina usano che tu non usi e viceversa? In cosa puoi migliorare?<\/li>\n<li>Quanti accessi ottengono ogni giorno? Quale di loro si comporta meglio? Come sono le loro prestazioni rispetto a te? Cosa stanno facendo di diverso?<\/li>\n<li>Che tipo di backlink stanno usando? Che tipo di servizi vengono visualizzati di pi\u00f9? Si stanno collegando a qualcosa che non sei? Si collegano a cose che gi\u00e0 fai?<\/li>\n<li>Quali sono le loro parole chiave? Qual \u00e8 la loro leggibilit\u00e0? Esegui i loro siti attraverso un SEO checker e ottieni il massimo che puoi.<\/li>\n<\/ul>\n<h3>Utilizzo del controllo del traffico del sito web per un&#8217;analisi migliore<\/h3>\n<p>Per l&#8217;analisi puoi anche utilizzare il nostro strumento che controlla il traffico del sito. Un <a href=\"https:\/\/sitechecker.pro\/traffic-checker\/\">controllo del traffico del sito web <\/a> fa esattamente quello che dice: calcola molti dati relativi al traffico. Ad esempio, se esegui l&#8217;URL tramite un controllo del traffico del sito Web, verificherai:<\/p>\n<ol>\n<li>Quanto traffico ha ricevuto quella pagina in almeno alcuni mesi<\/li>\n<li>Quanto traffico viene generato da diversi paesi<\/li>\n<li>Quale volume di traffico viene generato dai diversi canali: ricerca organica, referral, ricerca diretta, ecc.<\/li>\n<li>Le principali parole chiave utilizzate dal sito, organicamente o tramite mezzi a pagamento<\/li>\n<\/ol>\n<p><div class=\"content__img-wrap\"><img src=\"https:\/\/sitechecker.pro\/wp-content\/uploads\/2022\/02\/Sitecheckers-traffic-checker.jpg\" alt=\"Controlla il traffico con il nostro strumento\" class=\"description-img description-img-zoom\" loading=\"lazy\" ><\/div><br \/>\n<div class=\"content__img-wrap\"><img src=\"https:\/\/sitechecker.pro\/wp-content\/uploads\/2022\/02\/Sitecheckers-traffic-checker-Result-1.jpg\" alt=\"Controllo traffico: risultati\" class=\"description-img description-img-zoom\" loading=\"lazy\" ><\/div><br \/>\n<div class=\"content__img-wrap\"><img src=\"https:\/\/sitechecker.pro\/wp-content\/uploads\/2022\/02\/Sitecheckers-traffic-checker-Result-2.jpg\" alt=\"Risultati strumento (cont)\" class=\"description-img description-img-zoom\" loading=\"lazy\" ><\/div><\/p>\n<p>In pochi istanti avrai tutti questi dati a portata di mano. Se gestisci tutti i siti simili che hai trovato tramite questo controllo del traffico, avrai dati simili su tutti i tuoi concorrenti. Saprai in quali nicchie lavorano, da dove proviene il loro traffico e in che modo il traffico del loro sito si confronta con il tuo. \u00c8 un ottimo strumento per analizzare il mercato di Internet e personalizzare le strategie per affrontare queste sfide.<\/p>\n<h3>Audit e amp; Analisi della concorrenza sulla pagina<\/h3>\n<p>Un audit SEO \u00e8 uno strumento che ti mostra quanto stai facendo SEO e dove puoi migliorare. L&#8217;obiettivo \u00e8 portare il tuo sito in cima ai risultati di ricerca di Google. Questo strumento ti aiuter\u00e0 a gestirlo controllando l&#8217;intero sito e le pagine &#8211; e quelle dei tuoi concorrenti se lo desideri &#8211; e fornendoti un rapporto dettagliato su tutto ci\u00f2 che hanno in serbo per loro. Puoi eseguire il nostro <a href=\"https:\/\/sitechecker.pro\/on-page-seo-checker\/\">controllo SEO on-page<\/a> o <a href=\"https:\/\/chrome.google. .com\/webstore\/detail\/website-seo-checker-free\/nljcdkjpjnhlilgepggmmagnmebhadnk\">Controllo SEO del sito web di Google<\/a>.<\/p>\n<h3>Controllo backlink di Sitechecker per l&#8217;analisi della concorrenza<\/h3>\n<p>Vuoi un <a href=\"https:\/\/sitechecker.pro\/backlinks-checker\/\">controllo dei backlink<\/a> per assicurarti che i tuoi backlink vengano utilizzati da siti che stanno ricevendo una buona quantit\u00e0 di traffico e rimuoverli da siti non pi\u00f9 rilevanti. Analizzando i tuoi concorrenti in questo modo, ottieni informazioni dettagliate sulle loro prestazioni e sai cosa fare, cosa evitare e quali parole chiave, anchor e tag dovresti sfruttare.<br \/>\n<div class=\"content__img-wrap\"><img src=\"https:\/\/sitechecker.pro\/wp-content\/uploads\/2022\/02\/Sitecheckers-backlink-checker.jpg\" alt=\"Controlla i backlink con il nostro strumento\" class=\"description-img description-img-zoom\" loading=\"lazy\" ><\/div><\/p>\n<div class=\"content__img-wrap\"><img src=\"https:\/\/sitechecker.pro\/wp-content\/uploads\/2022\/02\/Sitecheckers-backlink-checker-Results-2.jpg\" alt=\"Controlla i backlink con il nostro strumento - Risultati\" class=\"description-img description-img-zoom\" loading=\"lazy\" ><\/div>\n<p><div class=\"front__faq-block\"><div class=\"faq__block-title\">FAQ<\/div><div class=\"panel-group\" id=\"faq-accordion\" itemscope itemtype=\"https:\/\/schema.org\/FAQPage\" role=\"tablist\" aria-multiselectable=\"true\"><div class=\"panel\" itemscope itemtype=\"https:\/\/schema.org\/Question\" itemprop=\"mainEntity\">\n                            <div class=\"panel-heading\" id=\"headingFaq-1\">\n                                <div class=\"panel-title\" data-toggle=\"collapse\" aria-expanded=\"false\" href=\"#collapseFaq-1\">\n                                    <h3 itemprop=\"name\">Come trovare siti Web simili su Google?<\/h3>\n                                <\/div>\n                            <\/div>\n                            <div id=\"collapseFaq-1\" class=\"panel-collapse collapse\" itemprop=\"acceptedAnswer\" itemscope itemtype=\"http:\/\/schema.org\/Answer\">\n                                <div class=\"panel-body\" itemprop=\"text\">Puoi utilizzare l'operatore correlato per trovare siti Web simili su Google. Per farlo, digita related: sitename.com nella barra degli indirizzi e Come trovare siti Web simili: una guida completapremi invio.<\/div>\n                            <\/div>\n                        <\/div><div class=\"panel\" itemscope itemtype=\"https:\/\/schema.org\/Question\" itemprop=\"mainEntity\">\n                            <div class=\"panel-heading\" id=\"headingFaq-2\">\n                                <div class=\"panel-title\" data-toggle=\"collapse\" aria-expanded=\"false\" href=\"#collapseFaq-2\">\n                                    <h3 itemprop=\"name\">In che modo i siti simili utilizzano le estensioni?<\/h3>\n                                <\/div>\n                            <\/div>\n                            <div id=\"collapseFaq-2\" class=\"panel-collapse collapse\" itemprop=\"acceptedAnswer\" itemscope itemtype=\"http:\/\/schema.org\/Answer\">\n                                <div class=\"panel-body\" itemprop=\"text\">Ogni volta che visiti un sito, puoi fare clic sulla scheda dell'estensione su Chrome per trovare altri siti correlati alla ricerca che hai appena visitato.<\/div>\n                            <\/div>\n                        <\/div><div class=\"panel\" itemscope itemtype=\"https:\/\/schema.org\/Question\" itemprop=\"mainEntity\">\n                            <div class=\"panel-heading\" id=\"headingFaq-3\">\n                                <div class=\"panel-title\" data-toggle=\"collapse\" aria-expanded=\"false\" href=\"#collapseFaq-3\">\n                                    <h3 itemprop=\"name\">Cos'\u00e8 una ricerca correlata?<\/h3>\n                                <\/div>\n                            <\/div>\n                            <div id=\"collapseFaq-3\" class=\"panel-collapse collapse\" itemprop=\"acceptedAnswer\" itemscope itemtype=\"http:\/\/schema.org\/Answer\">\n                                <div class=\"panel-body\" itemprop=\"text\">Conosci circa otto risultati di ricerca in fondo a una pagina dei risultati di ricerca di Google? Si tratta di ricerche correlate e sono generate da Google in base all'algoritmo del motore di ricerca nel tentativo di aiutarti a trovare pi\u00f9 elementi correlati alla tua ricerca.<\/div>\n                            <\/div>\n                        <\/div><\/div><\/div><\/p>","protected":false},"excerpt":{"rendered":"Vuoi avviare un sito e, come parte dell&#8217;indagine di mercato, devi sapere chi sono i tuoi concorrenti. Se quella situazione \u00e8 simile alla tua e non hai idea di come affrontarla, allora sei nel posto giusto. Puoi farlo abbastanza facilmente con un cercatore di siti Web simile; in questo articolo, ti diremo tutto ci\u00f2 che&#8230;","protected":false},"author":10504980,"featured_media":7956,"parent":0,"menu_order":0,"comment_status":"closed","ping_status":"closed","template":"pages-templates\/pages-minitools-2.php","meta":[],"categories":[75],"tags":[],"_links":{"self":[{"href":"https:\/\/sitechecker.pro\/it\/wp-json\/wp\/v2\/pages\/7873"}],"collection":[{"href":"https:\/\/sitechecker.pro\/it\/wp-json\/wp\/v2\/pages"}],"about":[{"href":"https:\/\/sitechecker.pro\/it\/wp-json\/wp\/v2\/types\/page"}],"author":[{"embeddable":true,"href":"https:\/\/sitechecker.pro\/it\/wp-json\/wp\/v2\/users\/10504980"}],"replies":[{"embeddable":true,"href":"https:\/\/sitechecker.pro\/it\/wp-json\/wp\/v2\/comments?post=7873"}],"version-history":[{"count":18,"href":"https:\/\/sitechecker.pro\/it\/wp-json\/wp\/v2\/pages\/7873\/revisions"}],"predecessor-version":[{"id":39391,"href":"https:\/\/sitechecker.pro\/it\/wp-json\/wp\/v2\/pages\/7873\/revisions\/39391"}],"wp:featuredmedia":[{"embeddable":true,"href":"https:\/\/sitechecker.pro\/it\/wp-json\/wp\/v2\/media\/7956"}],"wp:attachment":[{"href":"https:\/\/sitechecker.pro\/it\/wp-json\/wp\/v2\/media?parent=7873"}],"wp:term":[{"taxonomy":"category","embeddable":true,"href":"https:\/\/sitechecker.pro\/it\/wp-json\/wp\/v2\/categories?post=7873"},{"taxonomy":"post_tag","embeddable":true,"href":"https:\/\/sitechecker.pro\/it\/wp-json\/wp\/v2\/tags?post=7873"}],"curies":[{"name":"wp","href":"https:\/\/api.w.org\/{rel}","templated":true}]}}