{"id":7871,"date":"2019-09-05T12:15:59","date_gmt":"2019-09-05T12:15:59","guid":{"rendered":"https:\/\/sitechecker.pro\/?page_id=7871"},"modified":"2024-10-28T16:12:31","modified_gmt":"2024-10-28T16:12:31","slug":"directory-scanner","status":"publish","type":"page","link":"https:\/\/sitechecker.pro\/it\/directory-scanner\/","title":{"rendered":"Website Directory Scanner: Visualizza directory del sito Web e i file nascosti \u1408"},"content":{"rendered":"<p><\/p>\n<h2 id=\"par1\">Cos&#8217;\u00e8 uno scanner di directory di siti web?<\/h2>\n<p>Lo scanner gratuito di directory dei siti Web fornito da Sitechecker \u00e8 uno strumento progettato per la scansione delle <a href=\"https:\/\/sitechecker.pro\/what-is-directory-website\/\" target=\"_blank\" rel=\"noopener noreferrer\">directory dei siti <\/a> e file sensibili. Questo processo \u00e8 fondamentale per rilevare directory riservate o nascoste su un sito web. Pu\u00f2 scansionare elenchi di directory online e trovare file come PHP, Robots.txt e altre informazioni sensibili.<\/p>\n<h3>Vantaggi che ottieni utilizzando Website Directory Scanner Online<\/h3>\n<p><strong>Rilevamento accurato della gerarchia del sito web: <\/strong>Lo scanner esegue la scansione del server web e offre una visualizzazione compartimentata della gerarchia di un sito, segmentando il sito in sezioni gestibili per migliorare il controllo della directory. Puoi anche visualizzare directory sito web per una gestione pi\u00f9 efficiente e approfondita.<\/p>\n<p><strong>Rilevamento di carenze nelle directory: <\/strong>Subdirectory Finder consente agli utenti di scoprire una directory specificata sul sito e identificare e risolvere carenze specifiche all&#8217;interno di directory diverse.<\/p>\n<p><strong>Ispezione personalizzata: <\/strong>gli utenti possono personalizzare la propria analisi con una gamma completa di filtri e impostazioni, fornendo un esame dettagliato degli elementi strutturali del sito in linea con i loro obiettivi SEO.<\/p>\n<h3>Caratteristiche principali dello strumento di ricerca directory siti web<\/h3>\n<ul>\n<li><strong>Dashboard unificato: <\/strong>offre una visione completa delle metriche SEO come traffico, parole chiave e backlink, utilizzando i dati di Google Search Console e Google Analytics per approfondimenti dettagliati.<\/li>\n<li><strong>Interfaccia intuitiva: <\/strong>progettata per la facilit\u00e0 d&#8217;uso, consentendo una navigazione e un&#8217;interpretazione fluide delle metriche del sito web, \u00e8 adatta a utenti di tutti i livelli tecnici.<\/li>\n<li><strong>Set di strumenti SEO completo: <\/strong>include una variet\u00e0 di strumenti, come il crawler del sito web, il monitoraggio del sito, il monitoraggio del ranking e altro ancora, per un&#8217;analisi e un&#8217;ottimizzazione SEO dettagliate, integrando dati provenienti da varie fonti per una visione olistica delle prestazioni SEO.<\/li>\n<\/ul>\n<h2 id=\"par2\">Come utilizzare in modo efficace lo scanner di directory online?<\/h2>\n<div class=\"content__img-wrap\"><img src=\"https:\/\/sitechecker.pro\/wp-content\/uploads\/2023\/11\/website-directory-scanner_655e1a56a5d9b.png\" alt=\"Website Directory Scanner\" class=\"description-img description-img-zoom\" loading=\"lazy\" ><\/div>\n<div class=\"important-block\">Per ricevere risultati e accedere alle funzionalit\u00e0 di Sitechecker per 14 giorni, inizia la tua prova GRATUITA. La registrazione \u00e8 semplice con il tuo account e-mail, Google o Facebook. Non \u00e8 necessaria alcuna carta di credito.<\/div>\n<p>Site Audit fornisce un&#8217;interfaccia completa per la valutazione del SEO del sito, con informazioni sul dominio ad accesso rapido, una dashboard per le metriche SEO, un tracker dei problemi per i problemi SEO, menu dei problemi categorizzati per l&#8217;assegnazione delle priorit\u00e0 ed elementi interattivi per analisi e report approfonditi. Fai clic sul pulsante &#8220;Visualizza tutte le pagine&#8221; per visualizzare una schermata che elenca tutte le cartelle e sottocartelle del tuo sito.<\/p>\n<div class=\"content__img-wrap\"><img src=\"https:\/\/sitechecker.pro\/wp-content\/uploads\/2023\/11\/directory-scanner-view-all-pages.png\" alt=\"Directory Scanner Visualizza tutte le pagine\" class=\"description-img description-img-zoom\" loading=\"lazy\" ><\/div>\n<p>Website Hidden Page Finder \u00e8 progettato per essere facile da usare, consentendo sia agli esperti SEO che ai principianti di valutare e migliorare in modo efficiente il potenziale di posizionamento nei motori di ricerca del proprio sito web.<\/p>\n<p>Lo scanner di directory URL presenta un&#8217;interfaccia semplificata per analizzare la struttura delle cartelle di un sito:<\/p>\n<ul>\n<li>Mostra un&#8217;analisi incentrata sulle cartelle, con particolare attenzione alla scheda &#8220;Pagine per cartelle&#8221; che classifica le pagine Web in base ai percorsi delle sottocartelle, aiutando a organizzare file di grandi dimensioni e a dare priorit\u00e0 agli sforzi SEO.<\/li>\n<li>Questa scheda offre una visione immediata dell&#8217;architettura del sito, ordinando le pagine in cartelle come &#8220;\/shop\/&#8221; o &#8220;\/cart\/&#8221; e consentendo agli utenti di identificare e ordinare i problemi in base alla gravit\u00e0 o al tipo, sottolineando cos\u00ec la capacit\u00e0 dello strumento di analizzare e visualizzare la struttura del sito a fini di ottimizzazione.<\/li>\n<\/ul>\n<div class=\"content__img-wrap\"><img src=\"https:\/\/sitechecker.pro\/wp-content\/uploads\/2023\/11\/pages-by-folder.png\" alt=\"Pagine scanner della directory per cartella\" class=\"description-img description-img-zoom\" loading=\"lazy\" ><\/div>\n<p>Lo strumento di ricerca delle sottocartelle del sito Web migliora la gestione SEO analizzando la struttura delle cartelle del sito Web, ordinando gli elenchi delle cartelle in directory separate e, facoltativamente, facilitando l&#8217;analisi mirata delle sezioni del sito Web.<\/p>\n<div class=\"content__img-wrap\"><img src=\"https:\/\/sitechecker.pro\/wp-content\/uploads\/2023\/11\/data-display-options.png\" alt=\"Opzioni di visualizzazione dei dati di Directory Scanner\" class=\"description-img description-img-zoom\" loading=\"lazy\" ><\/div>\n<p>Inoltre, lo scanner delle cartelle del sito Web dettaglia le metriche e i problemi della pagina offrendo allo stesso tempo opzioni di personalizzazione per la visualizzazione dei dati. Questa funzionalit\u00e0 \u00e8 fondamentale per un&#8217;efficace struttura dei file del sito Web, organizzazione del progetto e ottimizzazione SEO.<\/p>\n<h2 id=\"par3\">Idea finale<\/h2>\n<p>Lo strumento Directory Finder Online di Sitechecker \u00e8 essenziale per l&#8217;analisi approfondita della struttura del sito e l&#8217;ottimizzazione SEO. Eccelle nel rivelare directory del sito visibili e nascoste, consentendo una visione granulare dell&#8217;architettura di un sito. Con funzionalit\u00e0 come il rilevamento accurato della gerarchia, miglioramenti SEO specifici per cartella e ispezioni personalizzabili, si rivolge sia agli esperti che ai principianti nel migliorare la SEO del sito. L&#8217;interfaccia intuitiva del visualizzatore di directory del sito Web, combinata con un set completo di strumenti SEO, lo rende una risorsa preziosa per un&#8217;efficace gestione e ottimizzazione del sito.<\/p>\n<div id=\"par4\"><\/div>\n<p><div class=\"front__faq-block\"><div class=\"faq__block-title\">FAQ<\/div><div class=\"panel-group\" id=\"faq-accordion\" itemscope itemtype=\"https:\/\/schema.org\/FAQPage\" role=\"tablist\" aria-multiselectable=\"true\"><div class=\"panel\" itemscope itemtype=\"https:\/\/schema.org\/Question\" itemprop=\"mainEntity\">\n                            <div class=\"panel-heading\" id=\"headingFaq-1\">\n                                <div class=\"panel-title\" data-toggle=\"collapse\" aria-expanded=\"false\" href=\"#collapseFaq-1\">\n                                    <h3 itemprop=\"name\">Lo strumento Website Tree Scanner pu\u00f2 identificare tutti i tipi di file nascosti trovati sul sito web?<\/h3>\n                                <\/div>\n                            <\/div>\n                            <div id=\"collapseFaq-1\" class=\"panel-collapse collapse\" itemprop=\"acceptedAnswer\" itemscope itemtype=\"http:\/\/schema.org\/Answer\">\n                                <div class=\"panel-body\" itemprop=\"text\">Directory Finder \u00e8 progettato per trovare una variet\u00e0 di file nascosti, inclusi PHP e Robots.txt. Tuttavia, potrebbe non riuscire a rilevare ogni tipo di file nascosto, a seconda della configurazione del sito e delle misure di sicurezza.<\/div>\n                            <\/div>\n                        <\/div><div class=\"panel\" itemscope itemtype=\"https:\/\/schema.org\/Question\" itemprop=\"mainEntity\">\n                            <div class=\"panel-heading\" id=\"headingFaq-2\">\n                                <div class=\"panel-title\" data-toggle=\"collapse\" aria-expanded=\"false\" href=\"#collapseFaq-2\">\n                                    <h3 itemprop=\"name\">Cos&apos;\u00e8 un URL Fuzzer?<\/h3>\n                                <\/div>\n                            <\/div>\n                            <div id=\"collapseFaq-2\" class=\"panel-collapse collapse\" itemprop=\"acceptedAnswer\" itemscope itemtype=\"http:\/\/schema.org\/Answer\">\n                                <div class=\"panel-body\" itemprop=\"text\">Questa \u00e8 un&apos;azione di scoperta che ti consente di scoprire risorse che non dovrebbero essere pubbliche (ad esempio, \/backups, \/index.php.old, \/archive.tgz, \/source_code.zip, ecc.).<\/div>\n                            <\/div>\n                        <\/div><div class=\"panel\" itemscope itemtype=\"https:\/\/schema.org\/Question\" itemprop=\"mainEntity\">\n                            <div class=\"panel-heading\" id=\"headingFaq-3\">\n                                <div class=\"panel-title\" data-toggle=\"collapse\" aria-expanded=\"false\" href=\"#collapseFaq-3\">\n                                    <h3 itemprop=\"name\">Il fuzzing degli URL \u00e8 illegale?<\/h3>\n                                <\/div>\n                            <\/div>\n                            <div id=\"collapseFaq-3\" class=\"panel-collapse collapse\" itemprop=\"acceptedAnswer\" itemscope itemtype=\"http:\/\/schema.org\/Answer\">\n                                <div class=\"panel-body\" itemprop=\"text\">Ti consigliamo vivamente di non eseguire programmi di test di penetrazione sul sito di qualcun altro senza il permesso scritto del webmaster. Potrebbe avere conseguenze indesiderate per te, a seconda delle leggi sulla sicurezza informatica del tuo paese.<\/div>\n                            <\/div>\n                        <\/div><\/div><\/div><\/p>","protected":false},"excerpt":{"rendered":"Cos&#8217;\u00e8 uno scanner di directory di siti web? Lo scanner gratuito di directory dei siti Web fornito da Sitechecker \u00e8 uno strumento progettato per la scansione delle directory dei siti e file sensibili. Questo processo \u00e8 fondamentale per rilevare directory riservate o nascoste su un sito web. Pu\u00f2 scansionare elenchi di directory online e trovare&#8230;","protected":false},"author":10504980,"featured_media":8390,"parent":0,"menu_order":0,"comment_status":"closed","ping_status":"closed","template":"pages-templates\/pages-minitools.php","meta":[],"categories":[73],"tags":[],"_links":{"self":[{"href":"https:\/\/sitechecker.pro\/it\/wp-json\/wp\/v2\/pages\/7871"}],"collection":[{"href":"https:\/\/sitechecker.pro\/it\/wp-json\/wp\/v2\/pages"}],"about":[{"href":"https:\/\/sitechecker.pro\/it\/wp-json\/wp\/v2\/types\/page"}],"author":[{"embeddable":true,"href":"https:\/\/sitechecker.pro\/it\/wp-json\/wp\/v2\/users\/10504980"}],"replies":[{"embeddable":true,"href":"https:\/\/sitechecker.pro\/it\/wp-json\/wp\/v2\/comments?post=7871"}],"version-history":[{"count":91,"href":"https:\/\/sitechecker.pro\/it\/wp-json\/wp\/v2\/pages\/7871\/revisions"}],"predecessor-version":[{"id":33994,"href":"https:\/\/sitechecker.pro\/it\/wp-json\/wp\/v2\/pages\/7871\/revisions\/33994"}],"wp:featuredmedia":[{"embeddable":true,"href":"https:\/\/sitechecker.pro\/it\/wp-json\/wp\/v2\/media\/8390"}],"wp:attachment":[{"href":"https:\/\/sitechecker.pro\/it\/wp-json\/wp\/v2\/media?parent=7871"}],"wp:term":[{"taxonomy":"category","embeddable":true,"href":"https:\/\/sitechecker.pro\/it\/wp-json\/wp\/v2\/categories?post=7871"},{"taxonomy":"post_tag","embeddable":true,"href":"https:\/\/sitechecker.pro\/it\/wp-json\/wp\/v2\/tags?post=7871"}],"curies":[{"name":"wp","href":"https:\/\/api.w.org\/{rel}","templated":true}]}}