{"id":763,"date":"2017-12-14T16:06:09","date_gmt":"2017-12-14T16:06:09","guid":{"rendered":"https:\/\/sitechecker.pro\/?page_id=763"},"modified":"2026-02-18T15:56:52","modified_gmt":"2026-02-18T15:56:52","slug":"robots-txt-tester-use-online-free-tool-for-seo-sitechecker","status":"publish","type":"page","link":"https:\/\/sitechecker.pro\/it\/robots-tester\/","title":{"rendered":"Tester Robots.txt: usa lo strumento gratuito online per SEO | Sitechecker"},"content":{"rendered":"<p><b>Un file robots.txt<\/b> \u00e8 un file di testo inserito nei siti web per informare i robot dei motori di ricerca (come <b>Google<\/b>) quali pagine di quel dominio possono essere <b>scansionate<\/b> . Se il tuo sito web ha un file robots.txt, puoi effettuare la <b>verifica <\/b>con il nostro <b>strumento gratuito <\/b>Generatore Robots.txt <b><\/b>. Puoi <b>integrare <\/b>un link a una <b>Mappa del sito XML<\/b> nel file robots.txt.<\/p>\n<p>Prima che i <b>bot dei motori di ricerca<\/b> eseguano la scansione del tuo sito, individueranno prima il file robots.txt del sito. Pertanto, vedranno le istruzioni su quali pagine del sito possono essere indicizzate e quali non devono essere <b>indicizzate <\/b>dalla console del motore di ricerca.<\/p>\n<p>Con questo semplice file, puoi impostare le opzioni di <b>scansione e indicizzazione<\/b> per i bot dei motori di ricerca. E per verificare se il <a href=\"https:\/\/sitechecker.pro\/robots-txt-configure\/\" rel=\"noopener noreferrer\" target=\"_blank\">file Robots.txt \u00e8 configurato<\/a> sul tuo sito, puoi utilizzare i nostri strumenti gratuiti e semplici Tester Robots.txt. Questo articolo spiegher\u00e0 come convalidare un file con lo strumento e perch\u00e9 \u00e8 importante utilizzare <b>Robots.txt Tester<\/b> sul tuo sito.<\/p>\n<h2 id=\"ik_Guide\">Utilizzo dello strumento Robots.txt Checker: una guida passo passo<\/h2>\n<p>Il <b>test di Robots.txt<\/b> ti aiuter\u00e0 a testare un file robots.txt sul tuo <b>dominio <\/b> o su qualsiasi altro dominio che desideri analizzare.<\/p>\n<p>Lo strumento di controllo robots.txt <b>rilever\u00e0 rapidamente gli errori <\/b> nelle impostazioni del file robots.txt. Il nostro <b>strumento di convalida<\/b> \u00e8 molto facile da usare e pu\u00f2 aiutare anche un professionista o un webmaster inesperto a controllare un file Robots.txt sul proprio sito. Otterrai i <b>risultati <\/b>in pochi istanti.<\/p>\n<h3>Passaggio 1: inserisci il tuo URL<\/h3>\n<p>Per avviare la scansione, tutto ci\u00f2 che devi fare \u00e8 inserire l&#8217;URL di interesse nella riga vuota e fare clic sul pulsante della freccia blu. Lo strumento avvier\u00e0 quindi la scansione e generer\u00e0 risultati. Non \u00e8 necessario registrarsi sul nostro sito Web per utilizzarlo.<\/p>\n<p>Ad esempio, abbiamo deciso di <b>analizzare <\/b>il nostro sito Web https:\/\/sitechecker.pro. Negli screenshot seguenti, puoi vedere il processo di <b>scansione <\/b> nel nostro strumento per i siti web.<\/p>\n<div class=\"content__img-wrap\"><img src=\"https:\/\/sitechecker.pro\/wp-content\/uploads\/2022\/04\/robots.txt-tester-new-1-1.jpg\" alt=\"Robots.txt validator Start\" class=\"description-img description-img-zoom\" loading=\"lazy\" ><\/div>\n<h3>Fase 2: interpretazione dei risultati del tester Robots.txt<\/h3>\n<p>Successivamente, al termine della scansione, vedrai se il <b>file Robots.txt<\/b> consente la scansione e l&#8217;indicizzazione di una particolare pagina disponibile. Pertanto, puoi verificare se la tua pagina web ricever\u00e0 <b>traffico dal motore di ricerca<\/b>. Qui puoi anche ottenere alcuni <b>consigli utili<\/b> per il monitoraggio.<\/p>\n<div class=\"content__img-wrap\"><img src=\"https:\/\/sitechecker.pro\/wp-content\/uploads\/2022\/04\/robots-txt-tester-new-2-1.jpg\" alt=\"Risultato tester Robots.txt\" class=\"description-img description-img-zoom\" loading=\"lazy\" ><\/div>\n<h2 id=\"ik_Cases\">Casi in cui \u00e8 necessario il controllo Robots.txt<\/h2>\n<p>I problemi con il file robots.txt, o la sua mancanza, possono influire negativamente sul posizionamento nei motori di ricerca. Potresti perdere punti in classifica nelle <b>SERP<\/b>. Analizzare questo file e il suo significato prima di eseguire la scansione del tuo sito web significa che puoi evitare problemi con la <b>scansione<\/b>. Inoltre, puoi impedire di aggiungere i contenuti del tuo sito web alle <b>pagine di esclusione dell&#8217;indice<\/b> di cui non desideri eseguire la scansione. Utilizza questo file per limitare l&#8217;accesso a determinate pagine del tuo sito. Se \u00e8 presente un file vuoto, puoi ottenere un <a href=\"https:\/\/sitechecker.pro\/site-audit-issues\/robots-txt-not-found\/\">Problema di Robots.txt non trovato<\/a> in SEO-crawler.<\/p>\n<p>Puoi creare un file con un semplice editor di testo. Innanzitutto, specifica l&#8217;agente personalizzato per eseguire l&#8217;istruzione e posizionare la direttiva di blocco come disallow, noindex. Successivamente, elenca gli URL di cui stai <b>limitando la scansione<\/b>. Prima di eseguire il file, verifica che sia corretto. Anche un errore di battitura pu\u00f2 far s\u00ec che <b>Googlebot <\/b> ignori le tue <b>istruzioni<\/b> di convalida.<\/p>\n<h2 id=\"ik_What\"><strong>Cosa possono aiutare gli strumenti di controllo robots.txt<\/strong><\/h2>\n<p>Quando generi il file robots.txt, devi verificare se contengono errori. Ci sono alcuni strumenti che possono aiutarti a far fronte a questo compito.<\/p>\n<h3><strong>Console di ricerca di Google<\/strong><\/h3>\n<p>Ora solo la vecchia versione di <a href=\"https:\/\/search.google.com\/search-console\">Google Search Console<\/a> dispone di uno strumento per testare il file robots. Accedi all&#8217;account con il sito corrente confermato sulla sua piattaforma e utilizza questo percorso per trovare il validatore.<\/p>\n<p><em>Versione precedente di Google Search Console &gt; Scansione &gt; Tester di Robots.txt<\/em><\/p>\n<div class=\"content__img-wrap\"><img src=\"https:\/\/sitechecker.pro\/wp-content\/uploads\/2017\/12\/robots-txt-tester-in-Google-Webmaster-Tools.png\" alt=\"Tester Robots.txt in Google Search Console \" class=\"description-img description-img-zoom\" loading=\"lazy\" ><\/div>\n<p>Questo test robot.txt ti consente di:<\/p>\n<ul>\n<li>rileva contemporaneamente tutti i tuoi errori e possibili problemi;<\/li>\n<li>verifica la presenza di errori e apporta le correzioni necessarie proprio qui per installare il nuovo file sul tuo sito senza ulteriori verifiche;<\/li>\n<li>esamina se hai chiuso in modo appropriato le pagine di cui desideri evitare la scansione e se quelle che dovrebbero subire l&#8217;indicizzazione sono state aperte in modo appropriato.<\/li>\n<\/ul>\n<h3><strong>Webmaster Yandex<\/strong><\/h3>\n<p>Accedi all&#8217;account <a href=\"https:\/\/webmaster.yandex.com\/welcome\/\">Yandex Webmaster<\/a> con la conferma del sito corrente confermato sulla sua piattaforma e utilizzare questo percorso per trovare lo strumento.<\/p>\n<p><em>Webmaster Yandex &gt; Strumenti &gt; Analisi Robots.txt<\/em><\/p>\n<div class=\"content__img-wrap\"><img src=\"https:\/\/sitechecker.pro\/wp-content\/uploads\/2017\/12\/robots-txt-tester-in-Yandex-Webmaster-Tools.png\" alt=\"Generatore di txt Robobts per Yandex\" class=\"description-img description-img-zoom\" loading=\"lazy\" ><\/div>\n<p>Questo tester offre opportunit\u00e0 di verifica quasi uguali a quelle sopra descritte. La differenza sta in:<\/p>\n<ul>\n<li>qui non \u00e8 necessario autorizzare e dimostrare i diritti per un sito che offre una verifica immediata del file robots.txt;<\/li>\n<li>non \u00e8 necessario inserire per pagina: \u00e8 possibile controllare l&#8217;intero elenco di pagine in una sessione;<\/li>\n<li>puoi assicurarti che Yandex abbia identificato correttamente le tue istruzioni.<\/li>\n<\/ul>\n<h3><strong>Crawler di Sitechecker<\/strong><\/h3>\n<p>Questa \u00e8 una soluzione per il controllo collettivo se \u00e8 necessario <a href=\"https:\/\/sitechecker.pro\/website-crawler\/\">eseguire la scansione del sito Web<\/a>. Il nostro crawler aiuta a controllare l&#8217;intero sito Web e rilevare quali URL non sono consentiti in robots.txt e quali sono chiusi dall&#8217;indicizzazione tramite il meta tag noindex.<\/p>\n<div class=\"content__img-wrap\"><img src=\"https:\/\/sitechecker.pro\/wp-content\/uploads\/2017\/12\/google-robots.txt-tester.png\" alt=\"tester di google robots.txt\" class=\"description-img description-img-zoom\" loading=\"lazy\" ><\/div>\n<p><em>Fai attenzione: per rilevare le pagine non consentite dovresti eseguire la scansione del sito web con l&#8217;impostazione <strong>&#8220;ignore robots.txt&#8221;<\/strong>.<\/em><br \/>\n    <div class=\"blog__conversion blog__conversion-app element__logged_out\">\n        <div class=\"blog__conversion-inner\">\n            <p class=\"title\">Rileva e analizza non solo il file robots.txt ma anche altri tipi di problemi SEO sul tuo sito!<\/p>\n            <p class=\"description\">Esegui un audit completo per scoprire e risolvere i problemi del tuo sito Web al fine di migliorare i risultati della SERP.<\/p>\n            <form id=\"audit__form\"\n                  class=\"article__seo-search audit__form Esegui un audit completo per scoprire e risolvere i problemi del tuo sito Web al fine di migliorare i risultati della SERP.\"\n                  action=\"\"\n                  method=\"POST\"\n                  autocomplete=\"off\">\n                <span class=\"error\"><\/span>\n                <div class=\"error__limits\">Something went wrong. Please, try again later.<\/div>\n                <input name=\"url\"\n                       type=\"text\"\n                       placeholder=\"Inserisci qui il tuo dominio\">\n                                <button type=\"submit\"\n                        class=\"sitechecker__text\">\n                    <span>Launch audit<\/span>\n                    <img src=\"\/wp-content\/themes\/sitechecker\/out\/img_design\/loading.svg\"\n                         width=\"31\"\n                         height=\"30\"\n                         class=\"loading\">\n                <\/button>\n            <\/form>\n        <\/div>\n    <\/div>\n    <\/p>\n<p><div class=\"front__faq-block\"><div class=\"faq__block-title\">FAQ<\/div><div class=\"panel-group\" id=\"faq-accordion\" itemscope itemtype=\"https:\/\/schema.org\/FAQPage\" role=\"tablist\" aria-multiselectable=\"true\"><div class=\"panel\" itemscope itemtype=\"https:\/\/schema.org\/Question\" itemprop=\"mainEntity\">\n                            <div class=\"panel-heading\" id=\"headingFaq-1\">\n                                <div class=\"panel-title\" data-toggle=\"collapse\" aria-expanded=\"false\" href=\"#collapseFaq-1\">\n                                    <h3 itemprop=\"name\">Perch\u00e9 devo controllare il mio file Robots.txt?<\/h3>\n                                <\/div>\n                            <\/div>\n                            <div id=\"collapseFaq-1\" class=\"panel-collapse collapse\" itemprop=\"acceptedAnswer\" itemscope itemtype=\"http:\/\/schema.org\/Answer\">\n                                <div class=\"panel-body\" itemprop=\"text\"><\/p>\n<p>Robots.txt mostra ai motori di ricerca quali URL del tuo sito possono scansionare e indicizzare, principalmente per evitare di sovraccaricare il tuo sito con le query. <b>Si consiglia di controllare <\/b>questo file valido per assicurarsi che funzioni correttamente.<\/div>\n                            <\/div>\n                        <\/div><div class=\"panel\" itemscope itemtype=\"https:\/\/schema.org\/Question\" itemprop=\"mainEntity\">\n                            <div class=\"panel-heading\" id=\"headingFaq-2\">\n                                <div class=\"panel-title\" data-toggle=\"collapse\" aria-expanded=\"false\" href=\"#collapseFaq-2\">\n                                    <h3 itemprop=\"name\">Violare un file Robot's.txt \u00e8 illegale?<\/h3>\n                                <\/div>\n                            <\/div>\n                            <div id=\"collapseFaq-2\" class=\"panel-collapse collapse\" itemprop=\"acceptedAnswer\" itemscope itemtype=\"http:\/\/schema.org\/Answer\">\n                                <div class=\"panel-body\" itemprop=\"text\">Oggi non esiste alcuna legge che affermi che si debbano seguire rigorosamente le istruzioni nel file. Non si tratta di un contratto vincolante tra <b> motori di ricerca e siti web<\/b>. <\/div>\n                            <\/div>\n                        <\/div><div class=\"panel\" itemscope itemtype=\"https:\/\/schema.org\/Question\" itemprop=\"mainEntity\">\n                            <div class=\"panel-heading\" id=\"headingFaq-3\">\n                                <div class=\"panel-title\" data-toggle=\"collapse\" aria-expanded=\"false\" href=\"#collapseFaq-3\">\n                                    <h3 itemprop=\"name\">Che cosa fa Robots.txt?<\/h3>\n                                <\/div>\n                            <\/div>\n                            <div id=\"collapseFaq-3\" class=\"panel-collapse collapse\" itemprop=\"acceptedAnswer\" itemscope itemtype=\"http:\/\/schema.org\/Answer\">\n                                <div class=\"panel-body\" itemprop=\"text\">Robots.txt mostra agli agenti dei motori di ricerca quali pagine del tuo sito possono essere scansionate e indicizzate e quali pagine sono state escluse dalla <b>esplorazione<\/b>. Consentire ai motori di ricerca di eseguire la scansione e <b>indicizzare <\/b>alcune pagine del tuo sito \u00e8 un'opportunit\u00e0 per controllare la privacy di alcune pagine. \u00c8 necessario per l'<b>ottimizzazione per i motori di ricerca<\/b> del tuo sito.<\/div>\n                            <\/div>\n                        <\/div><div class=\"panel\" itemscope itemtype=\"https:\/\/schema.org\/Question\" itemprop=\"mainEntity\">\n                            <div class=\"panel-heading\" id=\"headingFaq-4\">\n                                <div class=\"panel-title\" data-toggle=\"collapse\" aria-expanded=\"false\" href=\"#collapseFaq-4\">\n                                    <h3 itemprop=\"name\">Robot.txt \u00e8 sicuro?<\/h3>\n                                <\/div>\n                            <\/div>\n                            <div id=\"collapseFaq-4\" class=\"panel-collapse collapse\" itemprop=\"acceptedAnswer\" itemscope itemtype=\"http:\/\/schema.org\/Answer\">\n                                <div class=\"panel-body\" itemprop=\"text\">Un file robots.txt non comprometter\u00e0 la sicurezza del tuo sito, quindi utilizzarlo correttamente pu\u00f2 essere un ottimo modo per <b>proteggere <\/b> le pagine sensibili del tuo sito. Tuttavia, non aspettarti che tutti i crawler dei motori di ricerca seguano le istruzioni in questo file. Gli utenti malintenzionati potranno disattivare le <b>istruzioni <\/b>e scansionare le pagine vietate.<\/div>\n                            <\/div>\n                        <\/div><\/div><\/div><\/p>","protected":false},"excerpt":{"rendered":"Un file robots.txt \u00e8 un file di testo inserito nei siti web per informare i robot dei motori di ricerca (come Google) quali pagine di quel dominio possono essere scansionate . Se il tuo sito web ha un file robots.txt, puoi effettuare la verifica con il nostro strumento gratuito Generatore Robots.txt . Puoi integrare un&#8230;","protected":false},"author":10409641,"featured_media":3355,"parent":0,"menu_order":0,"comment_status":"closed","ping_status":"closed","template":"pages-templates\/pages-minitools-3.php","meta":[],"categories":[73],"tags":[],"_links":{"self":[{"href":"https:\/\/sitechecker.pro\/it\/wp-json\/wp\/v2\/pages\/763"}],"collection":[{"href":"https:\/\/sitechecker.pro\/it\/wp-json\/wp\/v2\/pages"}],"about":[{"href":"https:\/\/sitechecker.pro\/it\/wp-json\/wp\/v2\/types\/page"}],"author":[{"embeddable":true,"href":"https:\/\/sitechecker.pro\/it\/wp-json\/wp\/v2\/users\/10409641"}],"replies":[{"embeddable":true,"href":"https:\/\/sitechecker.pro\/it\/wp-json\/wp\/v2\/comments?post=763"}],"version-history":[{"count":145,"href":"https:\/\/sitechecker.pro\/it\/wp-json\/wp\/v2\/pages\/763\/revisions"}],"predecessor-version":[{"id":39345,"href":"https:\/\/sitechecker.pro\/it\/wp-json\/wp\/v2\/pages\/763\/revisions\/39345"}],"wp:featuredmedia":[{"embeddable":true,"href":"https:\/\/sitechecker.pro\/it\/wp-json\/wp\/v2\/media\/3355"}],"wp:attachment":[{"href":"https:\/\/sitechecker.pro\/it\/wp-json\/wp\/v2\/media?parent=763"}],"wp:term":[{"taxonomy":"category","embeddable":true,"href":"https:\/\/sitechecker.pro\/it\/wp-json\/wp\/v2\/categories?post=763"},{"taxonomy":"post_tag","embeddable":true,"href":"https:\/\/sitechecker.pro\/it\/wp-json\/wp\/v2\/tags?post=763"}],"curies":[{"name":"wp","href":"https:\/\/api.w.org\/{rel}","templated":true}]}}