{"id":7349,"date":"2019-06-11T12:48:26","date_gmt":"2019-06-11T12:48:26","guid":{"rendered":"https:\/\/sitechecker.pro\/?page_id=7349"},"modified":"2025-02-03T14:14:51","modified_gmt":"2025-02-03T14:14:51","slug":"website-down","status":"publish","type":"page","link":"https:\/\/sitechecker.pro\/it\/website-down\/","title":{"rendered":""},"content":{"rendered":"<p class=\"qtranxs-available-languages-message qtranxs-available-languages-message-it\">Ci spiace, ma questo articolo \u00e8 disponibile soltanto in <a href=\"https:\/\/sitechecker.pro\/en\/wp-json\/wp\/v2\/pages\/7349\" class=\"qtranxs-available-language-link qtranxs-available-language-link-en\" title=\"English\">English<\/a>, <a href=\"https:\/\/sitechecker.pro\/ru\/wp-json\/wp\/v2\/pages\/7349\" class=\"qtranxs-available-language-link qtranxs-available-language-link-ru\" title=\"\u0420\u0443\u0441\u0441\u043a\u0438\u0439\">\u0420\u0443\u0441\u0441\u043a\u0438\u0439<\/a>, <a href=\"https:\/\/sitechecker.pro\/de\/wp-json\/wp\/v2\/pages\/7349\" class=\"qtranxs-available-language-link qtranxs-available-language-link-de\" title=\"Deutsch\">Deutsch<\/a>, <a href=\"https:\/\/sitechecker.pro\/fr\/wp-json\/wp\/v2\/pages\/7349\" class=\"qtranxs-available-language-link qtranxs-available-language-link-fr\" title=\"Fran\u00e7ais\">Fran\u00e7ais<\/a>, <a href=\"https:\/\/sitechecker.pro\/nl\/wp-json\/wp\/v2\/pages\/7349\" class=\"qtranxs-available-language-link qtranxs-available-language-link-nl\" title=\"Nederlands\">Nederlands<\/a>, <a href=\"https:\/\/sitechecker.pro\/es\/wp-json\/wp\/v2\/pages\/7349\" class=\"qtranxs-available-language-link qtranxs-available-language-link-es\" title=\"Espa\u00f1ol\">Espa\u00f1ol<\/a>, <a href=\"https:\/\/sitechecker.pro\/pt\/wp-json\/wp\/v2\/pages\/7349\" class=\"qtranxs-available-language-link qtranxs-available-language-link-pt\" title=\"Portugu\u00eas\">Portugu\u00eas<\/a> e <a href=\"https:\/\/sitechecker.pro\/ja\/wp-json\/wp\/v2\/pages\/7349\" class=\"qtranxs-available-language-link qtranxs-available-language-link-ja\" title=\"\u65e5\u672c\u8a9e\">\u65e5\u672c\u8a9e<\/a>.<\/p>","protected":false},"excerpt":{"rendered":"Ci spiace, ma questo articolo \u00e8 disponibile soltanto in English, \u0420\u0443\u0441\u0441\u043a\u0438\u0439, Deutsch, Fran\u00e7ais, Nederlands, Espa\u00f1ol, Portugu\u00eas e \u65e5\u672c\u8a9e.","protected":false},"author":10409641,"featured_media":7891,"parent":0,"menu_order":0,"comment_status":"closed","ping_status":"closed","template":"pages-templates\/pages-minitools.php","meta":[],"categories":[73],"tags":[],"_links":{"self":[{"href":"https:\/\/sitechecker.pro\/it\/wp-json\/wp\/v2\/pages\/7349"}],"collection":[{"href":"https:\/\/sitechecker.pro\/it\/wp-json\/wp\/v2\/pages"}],"about":[{"href":"https:\/\/sitechecker.pro\/it\/wp-json\/wp\/v2\/types\/page"}],"author":[{"embeddable":true,"href":"https:\/\/sitechecker.pro\/it\/wp-json\/wp\/v2\/users\/10409641"}],"replies":[{"embeddable":true,"href":"https:\/\/sitechecker.pro\/it\/wp-json\/wp\/v2\/comments?post=7349"}],"version-history":[{"count":1,"href":"https:\/\/sitechecker.pro\/it\/wp-json\/wp\/v2\/pages\/7349\/revisions"}],"predecessor-version":[{"id":7350,"href":"https:\/\/sitechecker.pro\/it\/wp-json\/wp\/v2\/pages\/7349\/revisions\/7350"}],"wp:featuredmedia":[{"embeddable":true,"href":"https:\/\/sitechecker.pro\/it\/wp-json\/wp\/v2\/media\/7891"}],"wp:attachment":[{"href":"https:\/\/sitechecker.pro\/it\/wp-json\/wp\/v2\/media?parent=7349"}],"wp:term":[{"taxonomy":"category","embeddable":true,"href":"https:\/\/sitechecker.pro\/it\/wp-json\/wp\/v2\/categories?post=7349"},{"taxonomy":"post_tag","embeddable":true,"href":"https:\/\/sitechecker.pro\/it\/wp-json\/wp\/v2\/tags?post=7349"}],"curies":[{"name":"wp","href":"https:\/\/api.w.org\/{rel}","templated":true}]}}