{"id":723,"date":"2020-07-07T10:58:15","date_gmt":"2020-07-07T08:58:15","guid":{"rendered":"https:\/\/sitechecker.pro\/?page_id=723"},"modified":"2026-02-20T14:21:36","modified_gmt":"2026-02-20T14:21:36","slug":"serp","status":"publish","type":"page","link":"https:\/\/sitechecker.pro\/it\/serp\/","title":{"rendered":"Controllo SERP di Google | Trova posizione del sito e concorrenti \u2611"},"content":{"rendered":"<p><\/p>\n<h2 id=\"par1\">Cos&#8217;\u00e8 il SERP Checker Tool di Google?<\/h2>\n<p>Google SERP Checker \u00e8 uno strumento che consente di esaminare la <a href=\"https:\/\/sitechecker.pro\/google-serp-meaning-features-examples\/\" target=\"_blank\" rel=\"noopener noreferrer\">SERP<\/a> per qualsiasi parola chiave su diversi dispositivi, regioni e lingue per visualizzare i concorrenti e la propria posizione nella SERP. Inoltre, lo strumento consente di monitorare le dinamiche della distribuzione del ranking, ovvero la variazione della posizione vostra e dei vostri concorrenti in un periodo definito.<\/p>\n<h3>Free SERP Checker offre diversi vantaggi<\/h3>\n<ul>\n<li><strong>Risultati di ricerca su desktop e mobile: <\/strong>Consente di vedere dove la pagina dei risultati di ricerca colloca geograficamente il ricercatore. Si rivolge agli utenti che desiderano vedere risultati aggiornati da varie regioni, tra cui Stati Uniti, Europa e Asia.<\/li>\n<li><strong>Localit\u00e0 &#8211; Paesi e citt\u00e0: <\/strong>Questa funzione migliora la promozione del sito nei risultati di ricerca locali specificando il Paese e la citt\u00e0 per i quali si desidera monitorare i risultati della ricerca organica. Questo \u00e8 particolarmente prezioso per le aziende che si concentrano su territori specifici.<\/li>\n<li><strong>Multi-Languages: <\/strong>Lo strumento fornisce risultati pi\u00f9 accurati in diverse lingue, il che \u00e8 utile quando si effettuano ricerche in lingue diverse dall&#8217;inglese.<\/li>\n<li><strong>Istantanea della Top 100: <\/strong>Offre una rappresentazione visiva dei risultati di ricerca per una parola chiave.<\/li>\n<li><strong>Grafico della Top 100: <\/strong>Un grafico che illustra le variazioni della concorrenza, consentendo di selezionare i risultati e monitorare le tendenze nel tempo.<\/li>\n<li><strong>SERP features: <\/strong>Identificano elementi speciali nella pagina dei risultati del motore di ricerca, come Featured Snippets e Rich Snippets, e indicano se la vostra parola chiave ottiene tale visibilit\u00e0.<\/li>\n<\/ul>\n<h3>Le caratteristiche principali del SERP Tracking Tool<\/h3>\n<ol>\n<li><strong>Cruscotto unificato: <\/strong>Ottieni una visione centralizzata di varie metriche e dati SEO.<\/li>\n<li><strong>Interfaccia intuitiva: <\/strong>Godetevi la facilit\u00e0 d&#8217;uso che vi permette di navigare e utilizzare le sue funzioni senza problemi.<\/li>\n<li><strong>Set completo di strumenti SEO: <\/strong>Utilizza una suite di strumenti per coprire diversi aspetti della SEO, dal <a href=\"https:\/\/sitechecker.pro\/rank-tracker\/\" rel=\"noopener noreferrer\" target=\"_blank\">monitoraggio delle classifiche<\/a> alle prestazioni dei backlink e agli avvisi sui problemi critici.<\/li>\n<\/ol>\n<h2 id=\"par2\">Come gestire Google SERP Checker &amp; Tracker<\/h2>\n<p>Quando un utente inserisce una parola chiave, lo strumento SERP Check Online fornisce dati sulla pagina dei risultati. Queste informazioni vi aiutano a progettare la vostra promozione in modo pi\u00f9 efficace, perch\u00e9 sapete gi\u00e0 cosa fare per migliorare la posizione del vostro sito web.<\/p>\n<h3>Passo 1: creare un progetto<\/h3>\n<p>Digitate l&#8217;URL del vostro dominio nella casella di ricerca della pagina SERP Checker Online e cliccate su &#8220;Check SERP&#8221;. Di seguito, vi mostreremo le immagini dei passaggi.<\/p>\n<div class=\"content__img-wrap\"><img src=\"https:\/\/sitechecker.pro\/wp-content\/uploads\/2023\/11\/google-serp-checker.png\" alt=\"Google SERP Checker\" class=\"description-img description-img-zoom\" loading=\"lazy\" ><\/div>\n<div class=\"important-block\">Per ricevere risultati e accedere alle funzionalit\u00e0 di Sitechecker per 14 giorni, inizia la tua prova GRATUITA. La registrazione \u00e8 semplice con il tuo account e-mail, Google o Facebook. Non \u00e8 necessaria alcuna carta di credito.<\/div>\n<h3>Passo 2: Configurazione delle parole chiave<\/h3>\n<p>Scegliete ed esaminate senza problemi il posizionamento delle query di ricerca attraverso una delle tre strategie disponibili: acquisire raccomandazioni, sfruttare i dati di Google Search Console (GSC) o importare da un foglio di calcolo Excel.<\/p>\n<div class=\"content__img-wrap\"><img src=\"https:\/\/sitechecker.pro\/wp-content\/uploads\/2024\/02\/1-Keywords-Setup-.png\" alt=\"Keywords Setup\" class=\"description-img description-img-zoom\" loading=\"lazy\" ><\/div>\n<p>Lo strumento consente di identificare tutte le frasi chiave note per essere associate alle classifiche esistenti del sito. Scegliete quelle che si adattano ai vostri obiettivi di marketing e monitorate regolarmente le loro prestazioni.<\/p>\n<div class=\"content__img-wrap\"><img src=\"https:\/\/sitechecker.pro\/wp-content\/uploads\/2024\/02\/2-keyword-suggestion.png\" alt=\"keyword-suggestion\" class=\"description-img description-img-zoom\" loading=\"lazy\" ><\/div>\n<p>Scegliere l&#8217;opzione &#8220;Google Search Console&#8221; per importare le frasi chiave e valutare le classifiche per questi termini. Verr\u00e0 quindi visualizzata una finestra di dialogo per creare una connessione con Google Search Console e Analytics.<\/p>\n<div class=\"content__img-wrap\"><img src=\"https:\/\/sitechecker.pro\/wp-content\/uploads\/2024\/02\/3-connection-with-Google-Search-Console-and-Analytics..png\" alt=\"connection with Google Search Console and Analytics\" class=\"description-img description-img-zoom\" loading=\"lazy\" ><\/div>\n<p>Questa funzione consente al nostro strumento di recuperare le frasi chiave da Google Search Console, compresi i dati di posizionamento attuali, e di aggiungerle senza problemi al vostro elenco di monitoraggio.<\/p>\n<div class=\"content__img-wrap\"><img src=\"https:\/\/sitechecker.pro\/wp-content\/uploads\/2024\/02\/4-key-phrases-from-Google-Search-Console.png\" alt=\"key phrases from Google Search Console\" class=\"description-img description-img-zoom\" loading=\"lazy\" ><\/div>\n<p>Fare clic sul pulsante &#8220;File Excel&#8221; per importare la raccolta personalizzata di query di ricerca da un foglio di calcolo Excel. Lo strumento offre un formato di facile utilizzo che semplifica il processo di aggiunta di numerose query specifiche per un monitoraggio e un&#8217;analisi personalizzati.<\/p>\n<div class=\"content__img-wrap\"><img src=\"https:\/\/sitechecker.pro\/wp-content\/uploads\/2024\/02\/5-Import-keywords.png\" alt=\"Import keywords\" class=\"description-img description-img-zoom\" loading=\"lazy\" ><\/div>\n<p>Allo stesso modo, \u00e8 possibile modificare le configurazioni dei motori di ricerca. Questa funzione consente di specificare il pubblico di riferimento e di mettere a punto le preferenze dei motori di ricerca, includendo aspetti quali le localit\u00e0 geografiche, le lingue e i tipi di dispositivi, compresi quelli desktop e mobili.<\/p>\n<div class=\"content__img-wrap\"><img src=\"https:\/\/sitechecker.pro\/wp-content\/uploads\/2024\/02\/6-Select-search-engine-.png\" alt=\"Select search engine\" class=\"description-img description-img-zoom\" loading=\"lazy\" ><\/div>\n<p>Dopo aver impostato le preferenze, fare clic su &#8220;Aggiungi&#8221;.<\/p>\n<p>In seguito, la funzione \u00b4Gestione delle parole chiave\u00b4 consente di organizzare le frasi chiave in categorie e di ordinarle per pagine in base al proprio approccio di marketing.<\/p>\n<div class=\"content__img-wrap\"><img src=\"https:\/\/sitechecker.pro\/wp-content\/uploads\/2024\/02\/manage-keywords.png\" alt=\"Manage Keywords\" class=\"description-img description-img-zoom\" loading=\"lazy\" ><\/div>\n<h3>Passo 3: raccogliere i dati delle SERP per le parole chiave e gli URL di destinazione<\/h3>\n<p>Una volta aggiunte le parole chiave, lo strumento raccoglie i dati dei risultati di ricerca per questi termini e genera un elenco di richieste tracciabili. A questo punto, \u00e8 possibile raggruppare le parole chiave rilevanti per il monitoraggio, gli URL, compreso il volume di ricerca e la presenza di featured snippet, tra le altre metriche.<\/p>\n<div class=\"content__img-wrap\"><img src=\"https:\/\/sitechecker.pro\/wp-content\/uploads\/2024\/02\/8-Check-Serp.png\" alt=\"Check Serp\" class=\"description-img description-img-zoom\" loading=\"lazy\" ><\/div>\n<p>Facendo clic sul pulsante SERP si accede a un display che mostra i risultati di ricerca per una parola chiave specifica, la posizione in classifica e le opzioni per confrontare le prestazioni con i concorrenti:<\/p>\n<div class=\"content__img-wrap\"><img src=\"https:\/\/sitechecker.pro\/wp-content\/uploads\/2024\/02\/9-Keyword-SERP-statistics.png\" alt=\"Keyword SERP statistics\" class=\"description-img description-img-zoom\" loading=\"lazy\" ><\/div>\n<h2 id=\"par3\">Caratteristiche aggiuntive di SERP Position Checker<\/h2>\n<p>Il nostro <a href=\"https:\/\/sitechecker.pro\/rank-tracker\/\" target=\"_blank\" rel=\"noopener noreferrer\">Google SERP tracker<\/a> mostra le tendenze di posizionamento delle parole chiave nella TOP-100 di Google. Filtrate per posizione, volume o gruppi personalizzati per ottenere informazioni sulle prestazioni.<\/p>\n<div class=\"content__img-wrap\"><img src=\"https:\/\/sitechecker.pro\/wp-content\/uploads\/2023\/11\/google-serp-additional-features.png\" alt=\"Google SERP Additional Features\" class=\"description-img description-img-zoom\" loading=\"lazy\" ><\/div>\n<p>Il grafico tiene traccia del posizionamento giornaliero, settimanale o mensile del sito e segnala le aggiunte di parole chiave. Inoltre, \u00e8 possibile visualizzare il posizionamento complessivo del sito, la visibilit\u00e0 e le pagine nell&#8217;indice di Google e le note sugli aggiornamenti di Google.<\/p>\n<p>\u00c8 possibile monitorare i cambiamenti per parole chiave, posizioni e pagine.<\/p>\n<div class=\"content__img-wrap\"><img src=\"https:\/\/sitechecker.pro\/wp-content\/uploads\/2023\/11\/google-serp-track-changes.png\" alt=\"Google SERP Track Changes\" class=\"description-img description-img-zoom\" loading=\"lazy\" ><\/div>\n<p>Inoltre, \u00e8 possibile analizzare i dati delle singole parole chiave per vedere le fluttuazioni dei risultati di ricerca, il comportamento dei concorrenti e le variazioni nelle classifiche nel periodo scelto.<\/p>\n<h2 id=\"par4\">Idea finale<\/h2>\n<p>Lo strumento di analisi delle SERP di <a href=\"http:\/\/sitechecker.pro\" target=\"_blank\" rel=\"noopener noreferrer\">Sitechecker<\/a> \u00e8 stato progettato per aiutare a monitorare il posizionamento di un sito web nelle pagine dei risultati dei motori di ricerca. Presenta una dashboard unificata con un&#8217;interfaccia facile da usare e un set completo di strumenti SEO. Le sue funzionalit\u00e0 comprendono il monitoraggio delle classifiche su desktop e mobile, in varie localit\u00e0 e lingue, e la fornitura di dati visivi attraverso istantanee e grafici dei primi 100 risultati. Semplifica il processo di monitoraggio delle posizioni delle parole chiave, l&#8217;analisi delle modifiche dei risultati di ricerca e il confronto con i concorrenti, con l&#8217;aggiunta di filtri per approfondimenti dettagliati e la possibilit\u00e0 di monitorare la visibilit\u00e0 del sito e le tendenze di posizionamento nel tempo.<\/p>\n<div id=\"par5\"><\/div>\n<p><div class=\"front__faq-block\"><div class=\"faq__block-title\">FAQ<\/div><div class=\"panel-group\" id=\"faq-accordion\" itemscope itemtype=\"https:\/\/schema.org\/FAQPage\" role=\"tablist\" aria-multiselectable=\"true\"><div class=\"panel\" itemscope itemtype=\"https:\/\/schema.org\/Question\" itemprop=\"mainEntity\">\n                            <div class=\"panel-heading\" id=\"headingFaq-1\">\n                                <div class=\"panel-title\" data-toggle=\"collapse\" aria-expanded=\"false\" href=\"#collapseFaq-1\">\n                                    <h3 itemprop=\"name\">Come posso verificare il mio posizionamento in SERP?<\/h3>\n                                <\/div>\n                            <\/div>\n                            <div id=\"collapseFaq-1\" class=\"panel-collapse collapse\" itemprop=\"acceptedAnswer\" itemscope itemtype=\"http:\/\/schema.org\/Answer\">\n                                <div class=\"panel-body\" itemprop=\"text\">Per verificare il tuo posizionamento SERP su <a href=\"http:\/\/sitechecker.pro\" target=\"_blank\" rel=\"noopener noreferrer\">Sitechecker.pro<\/a>, crea un progetto, integra il tuo account Google , aggiungi le tue parole chiave e utilizza l&apos;analizzatore SERP per visualizzare le tue posizioni.<\/div>\n                            <\/div>\n                        <\/div><div class=\"panel\" itemscope itemtype=\"https:\/\/schema.org\/Question\" itemprop=\"mainEntity\">\n                            <div class=\"panel-heading\" id=\"headingFaq-2\">\n                                <div class=\"panel-title\" data-toggle=\"collapse\" aria-expanded=\"false\" href=\"#collapseFaq-2\">\n                                    <h3 itemprop=\"name\">Lo strumento SERP Checker \u00e8 gratuito?<\/h3>\n                                <\/div>\n                            <\/div>\n                            <div id=\"collapseFaq-2\" class=\"panel-collapse collapse\" itemprop=\"acceptedAnswer\" itemscope itemtype=\"http:\/\/schema.org\/Answer\">\n                                <div class=\"panel-body\" itemprop=\"text\"><a href=\"http:\/\/sitechecker.pro\" target=\"_blank\" rel=\"noopener noreferrer\">Sitechecker.pro<\/a> offre una prova gratuita per il suo strumento SERP Checker, con un ulteriore accesso che potrebbe richiedere un abbonamento dopo il periodo di prova.<\/div>\n                            <\/div>\n                        <\/div><div class=\"panel\" itemscope itemtype=\"https:\/\/schema.org\/Question\" itemprop=\"mainEntity\">\n                            <div class=\"panel-heading\" id=\"headingFaq-3\">\n                                <div class=\"panel-title\" data-toggle=\"collapse\" aria-expanded=\"false\" href=\"#collapseFaq-3\">\n                                    <h3 itemprop=\"name\">Come posso monitorare la SERP?<\/h3>\n                                <\/div>\n                            <\/div>\n                            <div id=\"collapseFaq-3\" class=\"panel-collapse collapse\" itemprop=\"acceptedAnswer\" itemscope itemtype=\"http:\/\/schema.org\/Answer\">\n                                <div class=\"panel-body\" itemprop=\"text\">Monitora i risultati della ricerca utilizzando regolarmente lo strumento di analisi SERP per tenere traccia delle tue parole chiave posizioni, confrontare con i concorrenti e analizzare le tendenze del ranking nel tempo.<\/div>\n                            <\/div>\n                        <\/div><\/div><\/div><\/p>","protected":false},"excerpt":{"rendered":"Cos&#8217;\u00e8 il SERP Checker Tool di Google? Google SERP Checker \u00e8 uno strumento che consente di esaminare la SERP per qualsiasi parola chiave su diversi dispositivi, regioni e lingue per visualizzare i concorrenti e la propria posizione nella SERP. Inoltre, lo strumento consente di monitorare le dinamiche della distribuzione del ranking, ovvero la variazione della&#8230;","protected":false},"author":10409641,"featured_media":3416,"parent":0,"menu_order":0,"comment_status":"closed","ping_status":"closed","template":"pages-templates\/pages-minitools.php","meta":[],"categories":[75],"tags":[],"_links":{"self":[{"href":"https:\/\/sitechecker.pro\/it\/wp-json\/wp\/v2\/pages\/723"}],"collection":[{"href":"https:\/\/sitechecker.pro\/it\/wp-json\/wp\/v2\/pages"}],"about":[{"href":"https:\/\/sitechecker.pro\/it\/wp-json\/wp\/v2\/types\/page"}],"author":[{"embeddable":true,"href":"https:\/\/sitechecker.pro\/it\/wp-json\/wp\/v2\/users\/10409641"}],"replies":[{"embeddable":true,"href":"https:\/\/sitechecker.pro\/it\/wp-json\/wp\/v2\/comments?post=723"}],"version-history":[{"count":143,"href":"https:\/\/sitechecker.pro\/it\/wp-json\/wp\/v2\/pages\/723\/revisions"}],"predecessor-version":[{"id":39440,"href":"https:\/\/sitechecker.pro\/it\/wp-json\/wp\/v2\/pages\/723\/revisions\/39440"}],"wp:featuredmedia":[{"embeddable":true,"href":"https:\/\/sitechecker.pro\/it\/wp-json\/wp\/v2\/media\/3416"}],"wp:attachment":[{"href":"https:\/\/sitechecker.pro\/it\/wp-json\/wp\/v2\/media?parent=723"}],"wp:term":[{"taxonomy":"category","embeddable":true,"href":"https:\/\/sitechecker.pro\/it\/wp-json\/wp\/v2\/categories?post=723"},{"taxonomy":"post_tag","embeddable":true,"href":"https:\/\/sitechecker.pro\/it\/wp-json\/wp\/v2\/tags?post=723"}],"curies":[{"name":"wp","href":"https:\/\/api.w.org\/{rel}","templated":true}]}}