{"id":7190,"date":"2019-06-04T10:11:38","date_gmt":"2019-06-04T10:11:38","guid":{"rendered":"https:\/\/sitechecker.pro\/?page_id=7190"},"modified":"2025-01-13T21:39:38","modified_gmt":"2025-01-13T21:39:38","slug":"dns-checker","status":"publish","type":"page","link":"https:\/\/sitechecker.pro\/it\/dns-checker\/","title":{"rendered":"Controllo DNS: Ricerca dei record DNS di un sito web specifico"},"content":{"rendered":"<p>Un controllo DNS \u00e8 utile per rilevare e risolvere problemi di funzionalit\u00e0 e ricercabilit\u00e0 quando si crea un nuovo sito web. Oltre a essere utile per impostare nuovi siti, un DNS appropriato \u00e8 essenziale anche per aggiornare i record per i siti esistenti e per rivedere le impostazioni di un server di posta, come una rete di posta aziendale interna.<\/p>\n<h2 id=\"ik_What_DNS\">Cos&#8217;\u00e8 una ricerca DNS?<\/h2>\n<p>Il sistema DNS (Domain Name System) \u00e8 un sistema di denominazione utilizzato per identificare computer e altre risorse accessibili online. Il DNS lo fa associando i nomi di dominio ad altre forme di informazioni. Mappando i nomi di dominio su indirizzi IP numerici, i computer possono quindi cercare servizi e dispositivi.<\/p>\n<p>Per maggiori informazioni su Cos&#8217;\u00e8 il DNS, guarda il video del <a href=\"https:\/\/www.youtube.com\/c\/GoDaddy\" rel=\"noopener noreferrer\" target=\"_blank\">team Techquickie<\/a>.<\/p>\n<p><iframe title=\"Lettore video di YouTube\" src=\"https:\/\/www.youtube.com\/embed\/Rck3BALhI5c\" width=\"770\" height=\"350\" frameborder=\"0\" allowfullscreen=\"allowfullscreen\"><\/iframe><\/p>\n<p>In parole povere, \u00e8 l&#8217;elenco telefonico di Internet, ma invece di usare numeri di telefono e nomi, usa indirizzi IP e domini.<\/p>\n<p><b>Le informazioni di dominio<\/b> vengono mantenute sui <b>server<\/b> DNS e i <b>record di risorse<\/b> vengono utilizzati per aggiungere queste <b>informazioni<\/b> al sistema. Un <b>server<\/b> pu\u00f2 comunicare <b>informazioni di dominio<\/b> con altri <b>server<\/b> tramite l&#8217;utilizzo di <b>record di risorse<\/b>.<\/p>\n<p>In effetti, la dipendenza del DNS dai <b>record di risorse<\/b> implica che non pu\u00f2 <b>trovare<\/b> domini con <b>record di risorse<\/b> non registrati. Quando ci\u00f2 accade, le operazioni del <b>sito Web<\/b> diventano impossibili.<\/p>\n<p>Tuttavia, devi prima delegare il <b>dominio<\/b>, ovvero registrare i suoi <b>server<\/b> per esso prima di specificare i <b>record di risorse<\/b>. Ci sono alcuni tipi di record di risorse chiave: A, CNAME, MX, TXT e SPF.<\/p>\n<h2 id=\"ik_Using\">Come usare lo strumento di controllo DNS<\/h2>\n<h3>Passaggio 1: inserisci il tuo URL<\/h3>\n<p>Inserisci un nome di dominio e premi &#8220;Start&#8221;. Per ottenere i risultati migliori, inserisci il nome di dominio completo. La tua ricerca dovrebbe idealmente includere &#8220;https:\/\/www.&#8221; prima del nome di dominio; ad esempio, inserisci &#8220;https:\/\/sitechecker.pro\/&#8221; anzich\u00e9 solo &#8220;sitechecker.pro&#8221;.<\/p>\n<div class=\"content__img-wrap\"><img src=\"https:\/\/sitechecker.pro\/wp-content\/uploads\/2022\/04\/dns-lookup-3-1.jpg\" alt=\"Come inserire un nome di dominio per una ricerca DNS\" class=\"description-img description-img-zoom\" loading=\"lazy\" ><\/div>\n<h3>Passaggio 2: analisi dei risultati della ricerca DNS<\/h3>\n<p>Scorri verso il basso nella pagina per <b>ispezionare<\/b> il <b>visualizzatore di record di risorse<\/b> per i <b>controlli del sito<\/b>. Potresti vedere qualcosa di simile a quanto segue, anche se non tutti i siti sul <b>web<\/b> hanno cos\u00ec tanti <b>record<\/b> da <b>visualizzare<\/b>:<\/p>\n<div class=\"content__img-wrap\"><img src=\"https:\/\/sitechecker.pro\/wp-content\/uploads\/2022\/04\/dns-lookup-4-1.jpg\" alt=\"Esempio di informazioni sui record con lo strumento di ricerca DNS\" class=\"description-img description-img-zoom\" loading=\"lazy\" ><\/div>\n<p>Dopo aver ottenuto ricerche di record <b>gratuite<\/b> per il tuo <b>sito<\/b>, dovresti quindi <a href=\"https:\/\/sitechecker.pro\/ip-checker\/\"><b>controllare<\/b><\/a><b> gli indirizzi IP<\/b> del tuo <b>sito web<\/b> e del <b>provider di hosting<\/b> del tuo <b>sito web<\/b>. Vale anche la pena controllare i siti web dei tuoi concorrenti, cos\u00ec come i loro <b>provider di hosting<\/b>. <\/p>\n<h2 id=\"ik_Types\">Spiegazione dei tipi di record DNS comuni<\/h2>\n<p>La voce A (indirizzo) \u00e8 un <b>record<\/b> chiave necessario per connettere il <b>dominio<\/b> all&#8217;<b>indirizzo IP del server<\/b>. Il <b>record<\/b> A viene utilizzato per decidere da quale <b>server<\/b> aprire il tuo <b>sito<\/b> quando digiti il \u200b\u200b<b>nome<\/b> del <b>sito<\/b> nella barra degli indirizzi del tuo browser. Il tuo <b>sito<\/b> non funzioner\u00e0 finch\u00e9 il <b>record<\/b> A non sar\u00e0 stato registrato.<\/p>\n<h3>CNAME<\/h3>\n<p>Lo scopo principale di CNAME (<b>nome<\/b> canonico) \u00e8 quello di duplicare i <b>record di risorse<\/b> del <b>dominio<\/b> (A, MX e TXT) per diversi sottodomini. Il record CNAME \u00e8 anche responsabile di collegare i sottodomini (ad esempio, app.sitechecker.pro) insieme ai nomi di dominio canonici (ad esempio, sitechecker.pro) o a un altro dominio.<\/p>\n<h3>MX<\/h3>\n<p>I record MX sono essenziali per la consegna della posta tramite server. Grazie ai record MX, la parte mittente sa a quale server inviare la posta per il tuo dominio.<\/p>\n<h3>TXT<\/h3>\n<p>TXT (stringa di testo) \u00e8 un record di dominio che contiene qualsiasi informazione di testo. Puoi registrare un numero infinito di record TXT, purch\u00e9 non siano in contraddizione tra loro. I <b>record <\/b>TXT possono anche essere utilizzati per diverse cose, tra cui:<\/p>\n<ul>\n<li style=\"font-weight: 400;\" aria-level=\"1\">Per <b>mostrare<\/b> la prova della <b>propriet\u00e0 <\/b>del dominio<\/li>\n<li style=\"font-weight: 400;\" aria-level=\"1\">Per la sicurezza della posta elettronica<\/li>\n<li style=\"font-weight: 400;\" aria-level=\"1\">Per la conferma di un certificato SSL<\/li>\n<\/ul>\n<h3>SPF<\/h3>\n<p>Il record SPF (Sender Policy Framework) \u00e8 archiviato nei <b>record<\/b> TXT del <b>dominio<\/b>. Contiene <b>informazioni<\/b>sull&#8217;<b>elenco<\/b>dei <b>server<\/b>autorizzati a recapitare la posta per conto di un determinato <b>dominio<\/b>. <\/p>\n<h3>Non ci sono<\/h3>\n<p>Il record NS (Authoritative nameserver) si riferisce ai server che sono incaricati di conservare i record di risorse rimanenti del dominio ed \u00e8 fondamentale per DNS. Il numero di record NS deve corrispondere esattamente al numero di server che lo forniscono.<\/p>\n<h3>SOA<\/h3>\n<p>Un altro record importante \u00e8 SOA (Start of Authority). \u00c8 il primo elemento della zona e specifica su quale server vengono conservate le informazioni di riferimento del nome di dominio. <\/p>\n<h2 id=\"ik_Cases\">Casi in cui \u00e8 necessario un controllo DNS<\/h2>\n<h3>Creazione di un sito web<\/h3>\n<p>La configurazione dei record DNS \u00e8 una delle attivit\u00e0 che dovrai svolgere quando crei un nuovo sito web. I server DNS dedicati sono disponibili da quasi tutti i provider di hosting web, che puoi utilizzare per configurare i record DNS del tuo sito. Se desideri utilizzare server DNS di un&#8217;altra azienda, dovrai indirizzare l\u00ec i record NS del provider di hosting. <\/p>\n<h3>Aggiornamento dei record DNS<\/h3>\n<p>Quando si modificano i <b>record<\/b> DNS, alcuni <b>server<\/b> DNS potrebbero <b>memorizzare nella cache<\/b> la versione precedente dei <b>record<\/b>. Quindi, se hai modificato di recente i tuoi <b>record<\/b> DNS, dovresti usare un <b>tester<\/b> DNS per vedere se i <b>server<\/b> stanno recapitando nuovi o vecchi <b>record<\/b>. La maggior parte dei <b>server<\/b> alla fine eliminer\u00e0 la versione obsoleta, ma la propagazione potrebbe richiedere del tempo.<\/p>\n<h3>Impostazione dei server di posta<\/h3>\n<p>La posta elettronica \u00e8 una rete decentralizzata composta da diversi <b>server<\/b> di posta separati. I <b>record<\/b> MX specificano a quale <b>server<\/b> la parte mittente deve inoltrare un&#8217;e-mail per un <b>dominio<\/b> specifico. Allo stesso modo, per ridurre lo spam, i dati SPF vengono archiviati in record TXT.<\/p>\n<p>Gmail e Yahoo mail, ad esempio, possono aggiornare i loro server di posta separatamente; quindi, \u00e8 necessario che DNS invii queste modifiche. Puoi utilizzare un <b>controllo DNS<\/b> per <b>ispezionare<\/b> queste impostazioni.<\/p>\n    <div class=\"blog__conversion blog__conversion-app element__logged_out\">\n        <div class=\"blog__conversion-inner\">\n            <p class=\"title\">Rileva non solo problemi DNS ma anche altri tipi di problemi tecnici sul tuo sito!<\/p>\n            <p class=\"description\">Esplora il tuo sito e scopri tutti i tipi di problemi che possono danneggiare i tuoi utenti o la SEO del tuo sito web.<\/p>\n            <form id=\"audit__form\"\n                  class=\"article__seo-search audit__form Esplora il tuo sito e scopri tutti i tipi di problemi che possono danneggiare i tuoi utenti o la SEO del tuo sito web.\"\n                  action=\"\"\n                  method=\"POST\"\n                  autocomplete=\"off\">\n                <span class=\"error\"><\/span>\n                <div class=\"error__limits\">Something went wrong. Please, try again later.<\/div>\n                <input name=\"url\"\n                       type=\"text\"\n                       placeholder=\"Inserisci qui il tuo dominio\">\n                                <button type=\"submit\"\n                        class=\"sitechecker__text\">\n                    <span>Avvia audit<\/span>\n                    <img src=\"\/wp-content\/themes\/sitechecker\/out\/img_design\/loading.svg\"\n                         width=\"31\"\n                         height=\"30\"\n                         class=\"loading\">\n                <\/button>\n            <\/form>\n        <\/div>\n    <\/div>\n    \n<p><div class=\"front__faq-block\"><div class=\"faq__block-title\">FAQ<\/div><div class=\"panel-group\" id=\"faq-accordion\" itemscope itemtype=\"https:\/\/schema.org\/FAQPage\" role=\"tablist\" aria-multiselectable=\"true\"><div class=\"panel\" itemscope itemtype=\"https:\/\/schema.org\/Question\" itemprop=\"mainEntity\">\n                            <div class=\"panel-heading\" id=\"headingFaq-1\">\n                                <div class=\"panel-title\" data-toggle=\"collapse\" aria-expanded=\"false\" href=\"#collapseFaq-1\">\n                                    <h3 itemprop=\"name\">Quali sono gli altri modi per controllare i record DNS?<\/h3>\n                                <\/div>\n                            <\/div>\n                            <div id=\"collapseFaq-1\" class=\"panel-collapse collapse\" itemprop=\"acceptedAnswer\" itemscope itemtype=\"http:\/\/schema.org\/Answer\">\n                                <div class=\"panel-body\" itemprop=\"text\">Se utilizzi Cloud DNS, puoi esaminare i tuoi record DNS nel Pannello di controllo Cloud. Inoltre, Microsoft Windows ha nslookup, uno strumento da riga di comando integrato per controllare i record DNS. Per accedere a nslookup, apri una finestra del prompt dei comandi aprendo il menu Start di Windows o premendo il tasto Windows sulla tastiera. Quindi, digita semplicemente 'nslookup' mentre il menu Start \u00e8 aperto.<\/div>\n                            <\/div>\n                        <\/div><div class=\"panel\" itemscope itemtype=\"https:\/\/schema.org\/Question\" itemprop=\"mainEntity\">\n                            <div class=\"panel-heading\" id=\"headingFaq-2\">\n                                <div class=\"panel-title\" data-toggle=\"collapse\" aria-expanded=\"false\" href=\"#collapseFaq-2\">\n                                    <h3 itemprop=\"name\">Come funziona un controllo DNS?<\/h3>\n                                <\/div>\n                            <\/div>\n                            <div id=\"collapseFaq-2\" class=\"panel-collapse collapse\" itemprop=\"acceptedAnswer\" itemscope itemtype=\"http:\/\/schema.org\/Answer\">\n                                <div class=\"panel-body\" itemprop=\"text\">Una ricerca o query ricorsiva o non ricorsiva pu\u00f2 essere utilizzata quando un client o un server DNS interroga un altro server DNS per recuperare un nome di dominio. I client utilizzano spesso query ricorsive, mentre i server DNS utilizzano query non ricorsive o iterative, che in effetti richiedono all'altro server DNS di fornire una risposta o l'URL di un altro server DNS finder che potrebbe avere la risposta.<\/div>\n                            <\/div>\n                        <\/div><div class=\"panel\" itemscope itemtype=\"https:\/\/schema.org\/Question\" itemprop=\"mainEntity\">\n                            <div class=\"panel-heading\" id=\"headingFaq-3\">\n                                <div class=\"panel-title\" data-toggle=\"collapse\" aria-expanded=\"false\" href=\"#collapseFaq-3\">\n                                    <h3 itemprop=\"name\">Come trovare un server DNS?<\/h3>\n                                <\/div>\n                            <\/div>\n                            <div id=\"collapseFaq-3\" class=\"panel-collapse collapse\" itemprop=\"acceptedAnswer\" itemscope itemtype=\"http:\/\/schema.org\/Answer\">\n                                <div class=\"panel-body\" itemprop=\"text\">1) Accedi al Prompt dei comandi dal menu Start digitando cmd con il menu Start aperto. 2) Digita ipconfig\/all nel prompt dei comandi e premi Invio. 3) Cerca due stringhe di numeri etichettate sotto Server DNS; il primo numero \u00e8 il server DNS primario, mentre il secondo numero \u00e8 il server secondario.<\/div>\n                            <\/div>\n                        <\/div><div class=\"panel\" itemscope itemtype=\"https:\/\/schema.org\/Question\" itemprop=\"mainEntity\">\n                            <div class=\"panel-heading\" id=\"headingFaq-4\">\n                                <div class=\"panel-title\" data-toggle=\"collapse\" aria-expanded=\"false\" href=\"#collapseFaq-4\">\n                                    <h3 itemprop=\"name\">Cos'\u00e8 la propagazione DNS?<\/h3>\n                                <\/div>\n                            <\/div>\n                            <div id=\"collapseFaq-4\" class=\"panel-collapse collapse\" itemprop=\"acceptedAnswer\" itemscope itemtype=\"http:\/\/schema.org\/Answer\">\n                                <div class=\"panel-body\" itemprop=\"text\">La propagazione DNS \u00e8 il tempo necessario affinch\u00e9 le modifiche ai record influiscano su tutti i server Internet. Poich\u00e9 i nameserver memorizzano nella cache le informazioni sui record di dominio per un certo periodo di tempo prima di aggiornarsi, gli aggiornamenti non sono immediati. La propagazione DNS di solito richiede alcune ore, ma potrebbe richiedere fino a 72 ore. Il tempo necessario affinch\u00e9 i record si propaghino \u00e8 determinato da varie variabili, tra cui il tuo provider di servizi Internet (ISP), la registrazione del tuo dominio e i valori TTL delle tue voci DNS.<\/div>\n                            <\/div>\n                        <\/div><\/div><\/div><\/p>","protected":false},"excerpt":{"rendered":"Un controllo DNS \u00e8 utile per rilevare e risolvere problemi di funzionalit\u00e0 e ricercabilit\u00e0 quando si crea un nuovo sito web. Oltre a essere utile per impostare nuovi siti, un DNS appropriato \u00e8 essenziale anche per aggiornare i record per i siti esistenti e per rivedere le impostazioni di un server di posta, come una&#8230;","protected":false},"author":10409641,"featured_media":7897,"parent":0,"menu_order":0,"comment_status":"closed","ping_status":"closed","template":"pages.php","meta":[],"categories":[73],"tags":[],"_links":{"self":[{"href":"https:\/\/sitechecker.pro\/it\/wp-json\/wp\/v2\/pages\/7190"}],"collection":[{"href":"https:\/\/sitechecker.pro\/it\/wp-json\/wp\/v2\/pages"}],"about":[{"href":"https:\/\/sitechecker.pro\/it\/wp-json\/wp\/v2\/types\/page"}],"author":[{"embeddable":true,"href":"https:\/\/sitechecker.pro\/it\/wp-json\/wp\/v2\/users\/10409641"}],"replies":[{"embeddable":true,"href":"https:\/\/sitechecker.pro\/it\/wp-json\/wp\/v2\/comments?post=7190"}],"version-history":[{"count":14,"href":"https:\/\/sitechecker.pro\/it\/wp-json\/wp\/v2\/pages\/7190\/revisions"}],"predecessor-version":[{"id":34887,"href":"https:\/\/sitechecker.pro\/it\/wp-json\/wp\/v2\/pages\/7190\/revisions\/34887"}],"wp:featuredmedia":[{"embeddable":true,"href":"https:\/\/sitechecker.pro\/it\/wp-json\/wp\/v2\/media\/7897"}],"wp:attachment":[{"href":"https:\/\/sitechecker.pro\/it\/wp-json\/wp\/v2\/media?parent=7190"}],"wp:term":[{"taxonomy":"category","embeddable":true,"href":"https:\/\/sitechecker.pro\/it\/wp-json\/wp\/v2\/categories?post=7190"},{"taxonomy":"post_tag","embeddable":true,"href":"https:\/\/sitechecker.pro\/it\/wp-json\/wp\/v2\/tags?post=7190"}],"curies":[{"name":"wp","href":"https:\/\/api.w.org\/{rel}","templated":true}]}}