{"id":7001,"date":"2019-05-28T07:48:33","date_gmt":"2019-05-28T07:48:33","guid":{"rendered":"https:\/\/sitechecker.pro\/?page_id=7001"},"modified":"2025-01-13T21:39:38","modified_gmt":"2025-01-13T21:39:38","slug":"domain-availability","status":"publish","type":"page","link":"https:\/\/sitechecker.pro\/it\/domain-availability\/","title":{"rendered":"Verifica disponibilit\u00e0 dominio | Trova se il dominio \u00e8 disponibile?"},"content":{"rendered":"<p><b>I<\/b><b>nomi di dominio<\/b> sono unici come i fiocchi di neve; trovarne uno adatto a te pu\u00f2 essere complicato con cos\u00ec tanti siti web. In questo articolo, scopriremo l&#8217;importanza dei verificatori di disponibilit\u00e0 dei nomi di dominio e come usarne uno per dare il via al tuo processo di creazione del marchio.<\/p>\n<h2 id=\"ik_What\">Cos&#8217;\u00e8 un verificatore di disponibilit\u00e0 dei nomi di dominio?<\/h2>\n<p>Puoi usare il nostro verificatore di <b>disponibilit\u00e0<\/b><b>dei<\/b><b>nomi di dominio<\/b> per determinare se un nome significativo \u00e8 disponibile su un dominio a.tech. Non devi scendere a compromessi nella selezione del nome di dominio. Questa \u00e8 l&#8217;alba di una nuova era di domini, il che significa che ora puoi esprimerti in modo creativo su entrambi i lati del &#8220;punto&#8221;.<\/p>\n<p>Il nostro verificatore di nomi di dominio unico nel suo genere individua i nomi di dominio disponibili per aziende tecnologiche e startup. Con una forte enfasi sulla fornitura di nomi di marchio che stupiranno i tuoi colleghi e potenziali clienti, il nostro verificatore di nomi suggerisce nomi disponibili per qualsiasi dominio. Puoi usare il nostro strumento gratuito per controllare lo stato di un sito web o cercarlo nel database <a href=\"https:\/\/sitechecker.pro\/whois-lookup\/\" target=\"_blank\" rel=\"noopener noreferrer\">WHOis<\/a>.<\/p>\n<p>Scopri come scegliere un nome perfetto in qualsiasi <a href=\"https:\/\/sitechecker.pro\/top-level-domain\/\">dominio di primo livello<\/a> nel video di <a href=\"https:\/\/www.youtube.com\/c\/WesMcDowellHQ\" target=\"_blank\" rel=\"noopener noreferrer\">Wes McDowell<\/a>!<\/p>\n<p><iframe title=\"Lettore video di YouTube\" src=\"https:\/\/www.youtube.com\/embed\/RUFV897DAGg\" width=\"770\" height=\"350\" frameborder=\"0\" allowfullscreen=\"allowfullscreen\"><\/iframe><\/p>\n<p>Qual \u00e8 la differenza tra i vari <b>domini di primo<\/b><b>livello<\/b>? Come si decide qual \u00e8 il migliore? Poich\u00e9 la maggior parte dei webmaster desidera acquistare un dominio .com per i propri siti Web, il prezzo \u00e8 pi\u00f9 elevato o \u00e8 gi\u00e0 stato acquistato. Tuttavia, puoi scegliere tra diversi TLD per scoprire quello pi\u00f9 pertinente alle tue esigenze. Ad esempio, potresti scegliere .club per la squadra sportiva di tuo figlio o .ca per la tua attivit\u00e0 canadese. Tutte le estensioni del sito Web sono considerate allo stesso modo ai fini SEO. Google non mostrer\u00e0 alcun favoritismo nei confronti del TLD .com. <\/p>\n<h2 id=\"ik_Using\">Utilizzo di un Domain Availability Checker<\/h2>\n<p>Utilizzare il domain availability checker di Sitechecker.pro \u00e8 semplice!<\/p>\n<h3><b>Passaggio 1: Inserisci il tuo dominio<\/b><\/h3>\n<p>Visita il nostro sito Web e inserisci il nome del sito Web che desideri registrare nel blocco indicato.<br \/>\n<div class=\"content__img-wrap\"><img src=\"https:\/\/sitechecker.pro\/wp-content\/uploads\/2022\/04\/Domain-availability-checker-new-1-1.jpg\" alt=\"Website availability checker - trova il nome del sito Web per la registrazione del dominio nel negozio online\" class=\"description-img description-img-zoom\" loading=\"lazy\" ><\/div><\/p>\n<h3><b>Passaggio 2: Risultati<\/b><\/h3>\n<p>Il sito invier\u00e0 una serie di risultati disponibili e gi\u00e0 registrati per effettuare la scelta finale. <div class=\"content__img-wrap\"><img src=\"https:\/\/sitechecker.pro\/wp-content\/uploads\/2022\/04\/Domain-availability-checker-new-2-1.jpg\" alt=\"Risultati del controllo della disponibilit\u00e0 del nome di dominio per un sito Web esistente - utilizzando lo strumento di ricerca\" class=\"description-img description-img-zoom\" loading=\"lazy\" ><\/div><\/p>\n<h2 id=\"ik_Why\">Perch\u00e9 \u00e8 necessario controllare la disponibilit\u00e0 dei nomi di dominio?<\/h2>\n<p>Quando si avvia un&#8217;attivit\u00e0, registrare il nome del marchio \u00e8 solitamente l&#8217;ultima cosa a cui si pensa. E quando arriva il successo, porta con s\u00e9 una serie di nuovi problemi. Le persone possono acquistare nomi di dominio che presentano il tuo marchio o registrare prima il tuo marchio. Per evitare questo problema di privacy o future cause legali, registra una variet\u00e0 di estensioni di dominio per proteggere il tuo marchio dai cybersquatter. Se hai bisogno di sviluppare il nome migliore per la tua azienda, contattaci e prova il generatore di nomi di siti Web.<\/p>\n<h3><b>Il nome di dominio \u00e8 importante per la SEO?<\/b><\/h3>\n<p>Scegliere il nome di dominio giusto pu\u00f2 darti un ottimo feedback sul posizionamento SEO. Oggi, tuttavia, le cose sono un po&#8217; diverse. Gli EMD (domini con corrispondenza esatta) erano una preoccupazione importante. Google avrebbe aumentato la tua classifica perch\u00e9 le parole chiave erano immediatamente nel dominio. Questo da solo forniva ai siti web credibilit\u00e0 e potere di classificazione.<\/p>\n<p>In superficie, sembra avere senso. Se volessi acquistare un computer e facessi una ricerca su Google, sembra che www.buyacomputer.com e www.bestcomputerdeals.com siano i posti migliori in cui cercare.<\/p>\n<p>Altri hanno utilizzato sottodomini e sottocartelle per riempire ancora pi\u00f9 parole chiave in ogni URL nella speranza di migliorare la loro classifica sui motori di ricerca. Per ottenere risultati SEO rapidi, un sito web potrebbe aggiungere una pagina con l&#8217;indirizzo URL www.abcelectronics.com\/buy-a-computer.<\/p>\n<p><a href=\"https:\/\/developers.google.com\/search\/blog\/2021\/04\/how-we-fought-search-spam-2020\">Google<\/a> ha riconosciuto che i siti web autorevoli avevano bisogno di pi\u00f9 di un semplice nome di dominio accattivante per avere successo. L&#8217;algoritmo ha preso in considerazione diversi fattori aggiuntivi, come i siti di riferimento e le informazioni credibili.<\/p>\n<p>Nella pagina dei risultati, il valore del contenuto del sito \u00e8 chiaro. In precedenza, Google visualizzava i dettagli enfatizzando i termini nel tag del titolo, che spesso includeva il dominio. Quando si cerca l&#8217;acquisto di un computer, le parole chiave nella domanda di ricerca sono in grassetto all&#8217;interno del markup dello schema o di una parte del contenuto del sito.<\/p>\n<h3><b>Marchio e branding<\/b><\/h3>\n<p>Il tuo nome di dominio potrebbe andare perso se entra in conflitto con uno dei milioni di nomi commerciali e di marchi esistenti. Indubbiamente, se hai speso soldi e tempo per commercializzare il tuo sito web ma sei costretto a rinunciare al nome di dominio, la tua attivit\u00e0 web fa un passo indietro.<\/p>\n<p>Un conflitto di marchi \u00e8 determinato dalla legge sui marchi, ed ecco i fondamenti che \u00e8 necessario conoscere. <\/p>\n<ul>\n<li>I marchi sono designazioni utilizzate per identificare la fonte di beni o servizi.<\/li>\n<li>I marchi creativi, memorabili o suggestivi sono protetti dalle leggi federali e statali.<\/li>\n<li>I marchi descrittivi possono essere protetti dalle leggi federali e statali.<\/li>\n<li>Si verifica un problema legale quando entrambi i marchi rischiano di confondere tutti in merito ai prodotti o ai servizi.<\/li>\n<li>In una controversia sui marchi, il primo utente commerciale \u00e8 il proprietario del marchio.<\/li>\n<li>Se si verifica un disaccordo legale, l&#8217;utente successivo potrebbe essere tenuto a cessare l&#8217;utilizzo del marchio e a pagare i danni al proprietario del marchio.<\/li>\n<\/ul>\n<h2 id=\"ik_Find\">Come trovare il nome di dominio giusto<\/h2>\n<p>Come si riserva un nome di dominio perfetto per la propria azienda? Dovrebbe rappresentare il proprio marchio e i propri obiettivi su Internet. Si possono trascorrere giorni alla ricerca delle opzioni di nome perfette, solo per poi ritrovarsi con la peggiore delusione quando finalmente lo si trova. \u00c8 gi\u00e0 stato rubato. Inizialmente, le tue aspirazioni per una presenza redditizia su Internet vengono infrante. Di conseguenza, ti consigliamo vivamente di ricontrollare se il sito web che hai scelto \u00e8 disponibile. A seconda delle tue esigenze, puoi scegliere tra oltre 1.000 possibili estensioni di dominio verificate (.com, .net e cos\u00ec via).<\/p>\n<ul>\n<li><b>Sii breve e semplice.<\/b> Il numero massimo di caratteri in un URL di un sito web \u00e8 63. Il minimo indispensabile \u00e8 un carattere. L&#8217;URL deve parlare del tuo marchio, ma non dovrebbe essere abbastanza lungo da risultare sgradevole. Puoi usare il nostro strumento per accorciare l&#8217;<a href=\"https:\/\/sitechecker.pro\/what-is-url\/\">URL<\/a> mantenendo il valore del tuo marchio.<\/li>\n<li>A volte saprai in quale direzione vuoi che vada il tuo schema di denominazione, ma non riuscirai a capire cosa si adatta meglio. Puoi <b>utilizzare un <\/b><a href=\"https:\/\/kparser.com\/domain-name-generator\/\"><b>generatore di nomi di dominio<\/b><\/a> per avere un paio di idee.<\/li>\n<li>Puoi <b>scegliere tra pi\u00f9 estensioni di dominio di primo livello per raggiungere il pubblico giusto<\/b>. Se ti rivolgi esclusivamente alle persone del Regno Unito, prendi in considerazione un co.uk invece di un .com. Fai la tua scelta con il nostro strumento generatore di nomi di dominio!<\/li>\n<\/ul>\n<p>    <div class=\"blog__conversion blog__conversion-app element__logged_out\">\n        <div class=\"blog__conversion-inner\">\n            <p class=\"title\">Il controllo della disponibilit\u00e0 del dominio \u00e8 importante ma non sufficiente per ottenere un buon posizionamento!<\/p>\n            <p class=\"description\">Esplora il tuo sito e scopri tutti i tipi di problemi che possono danneggiare i tuoi utenti o la SEO del tuo sito web.<\/p>\n            <form id=\"audit__form\"\n                  class=\"article__seo-search audit__form Esplora il tuo sito e scopri tutti i tipi di problemi che possono danneggiare i tuoi utenti o la SEO del tuo sito web.\"\n                  action=\"\"\n                  method=\"POST\"\n                  autocomplete=\"off\">\n                <span class=\"error\"><\/span>\n                <div class=\"error__limits\">Something went wrong. Please, try again later.<\/div>\n                <input name=\"url\"\n                       type=\"text\"\n                       placeholder=\"Inserisci qui il tuo dominio\">\n                                <button type=\"submit\"\n                        class=\"sitechecker__text\">\n                    <span>Avvia audit<\/span>\n                    <img src=\"\/wp-content\/themes\/sitechecker\/out\/img_design\/loading.svg\"\n                         width=\"31\"\n                         height=\"30\"\n                         class=\"loading\">\n                <\/button>\n            <\/form>\n        <\/div>\n    <\/div>\n    <\/p>","protected":false},"excerpt":{"rendered":"Inomi di dominio sono unici come i fiocchi di neve; trovarne uno adatto a te pu\u00f2 essere complicato con cos\u00ec tanti siti web. In questo articolo, scopriremo l&#8217;importanza dei verificatori di disponibilit\u00e0 dei nomi di dominio e come usarne uno per dare il via al tuo processo di creazione del marchio. Cos&#8217;\u00e8 un verificatore di&#8230;","protected":false},"author":10409641,"featured_media":6982,"parent":0,"menu_order":0,"comment_status":"closed","ping_status":"closed","template":"pages.php","meta":[],"categories":[73],"tags":[],"_links":{"self":[{"href":"https:\/\/sitechecker.pro\/it\/wp-json\/wp\/v2\/pages\/7001"}],"collection":[{"href":"https:\/\/sitechecker.pro\/it\/wp-json\/wp\/v2\/pages"}],"about":[{"href":"https:\/\/sitechecker.pro\/it\/wp-json\/wp\/v2\/types\/page"}],"author":[{"embeddable":true,"href":"https:\/\/sitechecker.pro\/it\/wp-json\/wp\/v2\/users\/10409641"}],"replies":[{"embeddable":true,"href":"https:\/\/sitechecker.pro\/it\/wp-json\/wp\/v2\/comments?post=7001"}],"version-history":[{"count":36,"href":"https:\/\/sitechecker.pro\/it\/wp-json\/wp\/v2\/pages\/7001\/revisions"}],"predecessor-version":[{"id":34888,"href":"https:\/\/sitechecker.pro\/it\/wp-json\/wp\/v2\/pages\/7001\/revisions\/34888"}],"wp:featuredmedia":[{"embeddable":true,"href":"https:\/\/sitechecker.pro\/it\/wp-json\/wp\/v2\/media\/6982"}],"wp:attachment":[{"href":"https:\/\/sitechecker.pro\/it\/wp-json\/wp\/v2\/media?parent=7001"}],"wp:term":[{"taxonomy":"category","embeddable":true,"href":"https:\/\/sitechecker.pro\/it\/wp-json\/wp\/v2\/categories?post=7001"},{"taxonomy":"post_tag","embeddable":true,"href":"https:\/\/sitechecker.pro\/it\/wp-json\/wp\/v2\/tags?post=7001"}],"curies":[{"name":"wp","href":"https:\/\/api.w.org\/{rel}","templated":true}]}}