{"id":6992,"date":"2019-05-27T14:19:09","date_gmt":"2019-05-27T14:19:09","guid":{"rendered":"https:\/\/sitechecker.pro\/?page_id=6992"},"modified":"2025-03-18T08:21:22","modified_gmt":"2025-03-18T08:21:22","slug":"website-safety","status":"publish","type":"page","link":"https:\/\/sitechecker.pro\/it\/website-safety\/","title":{"rendered":"Controllo di Sicurezza del Sito Web: Questo Sito Web \u00e8 Sicuro?"},"content":{"rendered":"<p>La sicurezza del tuo sito \u00e8 un fattore significativo che influisce direttamente sul posizionamento nei motori di ricerca. I motori di ricerca preferiscono mostrare agli utenti risultati pertinenti da siti sicuri. Questo \u00e8 il motivo per cui dovresti pensare di controllare la sicurezza della tua risorsa. Verifica sito affidabile per garantire che il tuo sito sia protetto.<\/p>\n<p>Website Safety Checker \u00e8 un semplice strumento che ti consente di rispondere facilmente alla domanda &#8220;Questo sito Web \u00e8 sicuro?&#8221;. Indica anche quali aree del tuo sito sono potenzialmente vulnerabili agli attacchi dei criminali informatici. Se hai bisogno delle informazioni su come riparare un sito Web non sicuro, leggi le istruzioni negli articoli.<\/p>\n<p>Utilizza il nostro controllo della reputazione del sito Web per prevenire problemi con gli hack. Abbiamo fatto del nostro meglio per creare lo strumento pi\u00f9 comodo e semplice. Esaminiamo pi\u00f9 da vicino perch\u00e9 la sicurezza \u00e8 essenziale su Internet e come puoi proteggere la tua risorsa ora.<\/p>\n<h2 id=\"ik_Check\">Come puoi verificare se un sito web \u00e8 legittimo con il nostro Site Safety Checker?<\/h2>\n<p>Controlla la reputazione del sito Web perch\u00e9 influisce direttamente sulla frequenza con cui i motori di ricerca lo mostreranno agli utenti. Se il tuo sito ha una bassa reputazione, significa che hai commesso degli errori da qualche parte.<\/p>\n<p>I tuoi concorrenti potrebbero intenzionalmente cercare di abbassare la reputazione della tua risorsa collegandosi a te su risorse non sicure. Dovresti controllare regolarmente i link esterni al tuo sito e contattare gli amministratori di risorse pericolose per rimuovere i link. Usa il nostro affidabile web hosting con le migliori garanzie di sicurezza del sito web! Prenditi cura della sicurezza della tua risorsa ora.<\/p>\n<p>Per trovare i punti deboli, utilizza lo scanner di sicurezza del sito e controlla lo stato di navigazione sicura del sito.<\/p>\n<h2 id=\"ik_Free\">Caratteristiche speciali per il controllo gratuito della sicurezza del sito web<\/h2>\n<p>\u00c8 un controllo della sicurezza del sito conveniente e affidabile che ti consentir\u00e0 di controllare tutti gli aspetti relativi alla sicurezza della tua risorsa. Diamo un&#8217;occhiata pi\u00f9 da vicino alle caratteristiche principali dello strumento.<\/p>\n<h3>Verifica<\/h3>\n<p>Verifica la sicurezza del sito Web rispetto ai nostri elenchi di navigazione sicura in base alla piattaforma e ai tipi di possibili minacce. Con esso, puoi scoprire quali errori di sicurezza hai gi\u00e0 commesso.<\/p>\n<h3>Avviso<\/h3>\n<p>Avvisa gli utenti prima che facciano clic sul controllo di sicurezza dell&#8217;URL esterno sulla tua risorsa che potrebbe portare a pagine infette. \u00c8 un modo semplice per proteggere gli utenti del tuo sito da potenziali malware.<\/p>\n<h3>Prevenzione<\/h3>\n<p>Puoi impedire agli utenti di pubblicare link non sicuri al tuo sito. Possono essere infettati e ci\u00f2 influir\u00e0 sulla reputazione della tua risorsa.<\/p>\n<h2 id=\"ik_Typical\">Sintomi tipici di un sito Web compromesso<\/h2>\n<p>Alcuni fattori possono aiutarti a riconoscere rapidamente che una particolare risorsa \u00e8 stata compromessa o non \u00e8 affidabile. Uno dei motivi potrebbe essere semplicemente un errore, ma se noti qualche problema, vale la pena impegnarsi a migliorare le misure di sicurezza della tua risorsa. Diamo un&#8217;occhiata pi\u00f9 da vicino a loro.<\/p>\n<ul>\n<li>I servizi di screening di sicurezza hanno inserito la risorsa nella lista nera.<\/li>\n<li>Il provider di hosting ha disattivato il supporto per la risorsa.<\/li>\n<li>Il tempo di caricamento delle pagine del sito \u00e8 aumentato notevolmente. Le pagine potrebbero non caricarsi affatto e non aprirsi agli utenti.<\/li>\n<li>Quando si tenta di aprire le pagine del sito verranno visualizzati avvisi su possibili hacking e insicurezza.<\/li>\n<li>Gli utenti hanno notato l&#8217;emergere di strani reindirizzamenti dalle pagine del tuo sito.<\/li>\n<\/ul>\n<p>Se tu o gli utenti della tua risorsa avete notato cose del genere, dovreste condurre un controllo di sicurezza del sito web per determinare se un truffatore ha violato il vostro sito. In tal caso, le tue informazioni potrebbero essere a rischio di cadere in mani terze e la reputazione del tuo sito potrebbe essere danneggiata per sempre dai motori di ricerca. Per evitarlo, puoi utilizzare il nostro controllo del sito hackerato per rilevare tutti i tipi di problemi di sicurezza.<\/p>\n<h2 id=\"ik_What\">Che cos&#8217;\u00e8 Google Navigazione sicura?<\/h2>\n<p>Google Navigazione sicura \u00e8 un enorme elenco online di risorse che possono rubare dati o informazioni degli utenti dal tuo sito. Con l&#8217;aiuto di questo strumento, puoi controllare &#8220;Il sito Web \u00e8 sicuro?&#8221;. Gli algoritmi di Google controllano regolarmente la sicurezza del sito Web per problemi di sicurezza. Puoi utilizzare questo elenco per determinare di quali siti non dovresti fidarti. Ti offre un modo comodo e diretto per scoprire i siti con truffatori e non contattarli per collaborare. Dovresti controllare qui tutti i siti Web che offrono uno scambio di contenuti, scambio di link o qualsiasi altra collaborazione in modo da non imbatterti in hacker.<\/p>\n<p>Dovresti sempre prestare attenzione quando visiti siti sconosciuti perch\u00e9 i criminali informatici rubano gigabyte di informazioni ogni giorno, infettano le apparecchiature con virus dannosi, causano la chiusura di intere aziende e la perdita di dati degli utenti. Vale la pena prestare la massima attenzione alla sicurezza perch\u00e9 influisce direttamente sulla reputazione della tua risorsa tra gli utenti e nei motori di ricerca.<\/p>\n<p><iframe width=\"770\" height=\"350\" src=\"https:\/\/www.youtube.com\/embed\/zpV0_jdo0og\" title=\"YouTube video player\" frameborder=\"0\" allow=\"accelerometer; autoplay; clipboard-write; encrypted-media; gyroscope; picture-in-picture\" allowfullscreen><\/iframe><\/p>\n<h2 id=\"ik_When\">Quando utilizzare Google Safe Browsing Checker?<\/h2>\n<p>Puoi utilizzare il controllo Navigazione sicura di Google per verificare se il sito Web \u00e8 sicuro. In questo modo, puoi determinare quali siti potrebbero essere dannosi e accedere alle tue informazioni. Un semplice controllo in questo servizio otterr\u00e0 rapidamente e gratuitamente informazioni sull&#8217;affidabilit\u00e0 di questa risorsa.<\/p>\n<p>Prima di fare clic su un collegamento sconosciuto, ti consigliamo sempre di controllarlo per sicurezza. Con questo strumento, puoi anche controllare quali siti con una bassa reputazione hanno menzioni del tuo sito. In questo modo, gli aggressori potrebbero tentare di abbassare il posizionamento della tua risorsa nei motori di ricerca.<br \/>\n<div class=\"content__img-wrap\"><img src=\"https:\/\/sitechecker.pro\/wp-content\/uploads\/2022\/01\/web_security_check.png\" alt=\"fai il controllo per escludere tutti i siti Web non sicuri\" class=\"description-img description-img-zoom\" loading=\"lazy\" ><\/div><\/p>\n<p>Dopo aver verificato, potrai scaricare il file PDF con il rapporto. Inoltre, puoi copiare il rapporto negli appunti in questo formato:<\/p>\n<div class=\"article__quote\">\n                    <div class=\"quote-text\">URL del sito web: copywritely.com<\/p>\n<p>\u2022 Stato di sicurezza del sito Web: il sito Web non \u00e8 nella lista nera e sembra sicuro da usare.<\/p>\n<p>\u2022 Registrazione del dominio: 12 dicembre 2015<\/p>\n<p>\u2022 Indirizzo IP: 148.251.238.57<\/p>\n<p>\u2022 Paese: Germania<\/p>\n<p>\u2022 Regione: SN<\/p>\n<p>\u2022 Citt\u00e0: Falkenstein<\/div><\/div>\n<p>E, naturalmente, puoi utilizzare tutte le funzioni del nostro servizio per effettuare un audit completo del sito e verificarlo per tutti i tipi di problemi SEO.<\/p>\n<h2 id=\"ik_Top\">Suggerimenti utili per l&#8217;esecuzione di un controllo di sicurezza del sito Web<\/h2>\n<p>Ecco alcuni semplici suggerimenti per condurre in modo efficace un controllo di sicurezza della piattaforma. La loro implementazione non richieder\u00e0 molto tempo, ma pu\u00f2 aumentare notevolmente le possibilit\u00e0 di essere protetti dalle fughe di informazioni.<\/p>\n<table class=\"table-classic table-td-3\">\n<testa><\/p>\n<tr>\n<th>Suggerimenti<\/th>\n<th>Spiegazione<\/th>\n<\/tr>\n<\/thead>\n<p><corpo><\/p>\n<tr>\n<td><strong>Abilita HTTPS<\/strong><\/td>\n<td>HTTPS protegge i dati dall&#8217;intercettazione e dall&#8217;utilizzo a fini fraudolenti. \u00c8 fondamentale se il tuo sito esegue transazioni di pagamento. Quando si passa a HTTPS, l&#8217;icona &#8220;connessione non protetta&#8221; cambier\u00e0 in un&#8217;icona verde &#8220;sicura&#8221;. Ad esempio, Google Chrome ora mostra i siti HTTP come non sicuri e lo sottolineer\u00e0 ancora di pi\u00f9 in futuro.<\/td>\n<\/tr>\n<tr>\n<td><strong>Disabilita\/Rimuovi plug-in non necessari<\/strong><\/td>\n<td>se hai plugin che non usi per il tuo sito, ti dimentichi di aggiornarli. Porta a una falla di sicurezza nella tua risorsa. Non pensare che i plug-in inattivi non rappresentino una minaccia poich\u00e9 gli aggressori possono sfruttare questa scappatoia e attaccare la tua risorsa.<\/td>\n<\/tr>\n<tr>\n<td><strong>File di backup<\/strong><\/td>\n<td>backup regolari possono essere un ottimo modo per proteggere il tuo sito dagli hack. Presta la dovuta attenzione al backup dei file sul tuo sito per evitare la possibilit\u00e0 che le informazioni vengano divulgate a terzi.<\/td>\n<\/tr>\n<tr>\n<td><strong>Generazione automatica delle password<\/strong><\/td>\n<td>I servizi per la generazione di password casuali in genere offrono l&#8217;opportunit\u00e0 di creare una combinazione sicura per proteggere il tuo sito. Utilizza un sito di generazione collaudato per proteggere i dati sulla tua risorsa.<\/td>\n<\/tr>\n<tr>\n<td><strong>Aggiorna plugin e altro software<\/strong><\/td>\n<td>se continui ad aggiornare tutti i plugin inattivi, \u00e8 improbabile che tu abbia problemi di sicurezza. Tuttavia, se non stai installando aggiornamenti su plug-in inattivi, \u00e8 meglio rimuoverli del tutto. <\/td>\n<\/tr>\n<\/tbody>\n<\/table>\n<h2 id=\"ik_High\">Elevata sicurezza del sito Web con i migliori provider di hosting<\/h2>\n<p>Trovare un provider di hosting sicuro e affidabile non \u00e8 un compito facile perch\u00e9 la sicurezza dei dati \u00e8 una priorit\u00e0 assoluta per i proprietari di siti web.<\/p>\n<p>Anche le grandi aziende con enormi budget per la sicurezza dei dati devono affrontare attacchi regolari e violazioni dei dati. &#8216;\u00c8 un sito web sicuro?&#8217;. Nessuno pu\u00f2 dare la certezza al 100%, ma \u00e8 meglio prendere tutte le misure possibili per garantire la sicurezza della tua risorsa.<\/p>\n<p>La scansione regolare della tua piattaforma per un possibile attacco di virus, l&#8217;installazione di certificati di sicurezza e la scelta di un servizio di hosting affidabile sono tutte misure necessarie per impedire che intrusi attacchino la tua risorsa. Quando selezioni un servizio di hosting, assicurati di prestare attenzione alle sue misure di sicurezza.<\/p>\n<p>Oh, non dimenticare di controllare un sito Web per problemi SEO e malware.<\/p>\n<p>    <div class=\"blog__conversion blog__conversion-app element__logged_out\">\n        <div class=\"blog__conversion-inner\">\n            <p class=\"title\">Rileva non solo problemi di sicurezza ma anche altri tipi di problemi tecnici sul tuo sito!<\/p>\n            <p class=\"description\">Esegui la scansione del tuo sito e scopri tutti i tipi di problemi che possono danneggiare i tuoi utenti o il SEO del tuo sito Web.<\/p>\n            <form id=\"audit__form\"\n                  class=\"article__seo-search audit__form Esegui la scansione del tuo sito e scopri tutti i tipi di problemi che possono danneggiare i tuoi utenti o il SEO del tuo sito Web.\"\n                  action=\"\"\n                  method=\"POST\"\n                  autocomplete=\"off\">\n                <span class=\"error\"><\/span>\n                <div class=\"error__limits\">Something went wrong. Please, try again later.<\/div>\n                <input name=\"url\"\n                       type=\"text\"\n                       placeholder=\"Inserisci qui il tuo dominio\">\n                                <button type=\"submit\"\n                        class=\"sitechecker__text\">\n                    <span>Launch audit<\/span>\n                    <img src=\"\/wp-content\/themes\/sitechecker\/out\/img_design\/loading.svg\"\n                         width=\"31\"\n                         height=\"30\"\n                         class=\"loading\">\n                <\/button>\n            <\/form>\n        <\/div>\n    <\/div>\n    <\/p>","protected":false},"excerpt":{"rendered":"La sicurezza del tuo sito \u00e8 un fattore significativo che influisce direttamente sul posizionamento nei motori di ricerca. I motori di ricerca preferiscono mostrare agli utenti risultati pertinenti da siti sicuri. Questo \u00e8 il motivo per cui dovresti pensare di controllare la sicurezza della tua risorsa. Verifica sito affidabile per garantire che il tuo sito&#8230;","protected":false},"author":10409641,"featured_media":6976,"parent":0,"menu_order":0,"comment_status":"closed","ping_status":"closed","template":"pages-templates\/pages-minitools.php","meta":[],"categories":[73],"tags":[],"_links":{"self":[{"href":"https:\/\/sitechecker.pro\/it\/wp-json\/wp\/v2\/pages\/6992"}],"collection":[{"href":"https:\/\/sitechecker.pro\/it\/wp-json\/wp\/v2\/pages"}],"about":[{"href":"https:\/\/sitechecker.pro\/it\/wp-json\/wp\/v2\/types\/page"}],"author":[{"embeddable":true,"href":"https:\/\/sitechecker.pro\/it\/wp-json\/wp\/v2\/users\/10409641"}],"replies":[{"embeddable":true,"href":"https:\/\/sitechecker.pro\/it\/wp-json\/wp\/v2\/comments?post=6992"}],"version-history":[{"count":57,"href":"https:\/\/sitechecker.pro\/it\/wp-json\/wp\/v2\/pages\/6992\/revisions"}],"predecessor-version":[{"id":36024,"href":"https:\/\/sitechecker.pro\/it\/wp-json\/wp\/v2\/pages\/6992\/revisions\/36024"}],"wp:featuredmedia":[{"embeddable":true,"href":"https:\/\/sitechecker.pro\/it\/wp-json\/wp\/v2\/media\/6976"}],"wp:attachment":[{"href":"https:\/\/sitechecker.pro\/it\/wp-json\/wp\/v2\/media?parent=6992"}],"wp:term":[{"taxonomy":"category","embeddable":true,"href":"https:\/\/sitechecker.pro\/it\/wp-json\/wp\/v2\/categories?post=6992"},{"taxonomy":"post_tag","embeddable":true,"href":"https:\/\/sitechecker.pro\/it\/wp-json\/wp\/v2\/tags?post=6992"}],"curies":[{"name":"wp","href":"https:\/\/api.w.org\/{rel}","templated":true}]}}