{"id":6990,"date":"2019-05-27T14:14:52","date_gmt":"2019-05-27T14:14:52","guid":{"rendered":"https:\/\/sitechecker.pro\/?page_id=6990"},"modified":"2024-10-03T14:47:40","modified_gmt":"2024-10-03T14:47:40","slug":"alexa-rank","status":"publish","type":"page","link":"https:\/\/sitechecker.pro\/it\/alexa-rank\/","title":{"rendered":"Alexa Rank Checker: Controlla il sito web per la classifica di Alexa"},"content":{"rendered":"<p><\/p>\n<h2><strong>Che cos&#8217;\u00e8 Alexa Traffic Rank?<\/strong><\/h2>\n<p>&nbsp;<\/p>\n<p>Alexa Rank \u00e8 un servizio di valutazione per la valutazione di siti Web, che si basa sulla frequenza delle visite e sul numero di visualizzazioni. Le statistiche sono ottenute dagli utenti che hanno installato Alexa Toolbar nel proprio browser. La valutazione corrente di una determinata risorsa Web \u00e8 determinata dal rapporto tra la presenza di questo sito e gli altri. Pi\u00f9 basso \u00e8 l&#8217;indicatore &#8211; maggiore \u00e8 la popolarit\u00e0 del sito.<\/p>\n<p>&nbsp;<\/p>\n<h2><strong>Come funziona Alexa Ranking?<\/strong><\/h2>\n<p>&nbsp;<\/p>\n<p>Per Alexa Rank, viene eseguita una raccolta continua dei dati, che contribuisce all&#8217;aggiornamento sistematico delle informazioni e al movimento dei siti Web nella classifica. Per ottenere facilmente informazioni sui siti, \u00e8 possibile scaricare una barra degli strumenti speciale.<\/p>\n<p>Tutte le informazioni sono compilate sulla base di tali dati:<\/p>\n<ul>\n<li>traffico dalla ricerca;<\/li>\n<li>il numero di visite alle pagine delle risorse;<\/li>\n<li>tempo impiegato;<\/li>\n<li>numero totale di pagine viste;<\/li>\n<li>frequenza di rimbalzo.<\/li>\n<\/ul>\n<p>&nbsp;<\/p>\n<h2><strong>Caratteristiche dello strumento Alexa Rank Checker:<\/strong><\/h2>\n<p>&nbsp;<\/p>\n<p>Ora capirai completamente perch\u00e9 hai bisogno del correttore di rango di Alexa. In primo luogo, \u00e8 un ottimo strumento che ti fornisce i dati che puoi utilizzare per l&#8217;analisi della concorrenza. \u00c8 facile scoprire quale quantit\u00e0 di utenti visita il sito web mensilmente in modo assolutamente gratuito. Un clic e avrai tutte le informazioni necessarie sul tuo sito web. Ma cosa c&#8217;\u00e8 di pi\u00f9?<\/p>\n<ul>\n<li><strong>Analisi del tuo sito web.<\/strong> Non \u00e8 nulla di pi\u00f9 importante per il proprietario del sito web di sapere quanti utenti visitano il loro sito ogni giorno. Per non perdere la popolarit\u00e0, puoi monitorare il ranking web di Alexa dei progressi dei tuoi siti web.<\/li>\n<li><strong>Analisi dei concorrenti.<\/strong> \u00c8 una buona occasione per confrontare il tuo sito web e il tuo avversario Alexa. \u00c8 possibile classificare i siti Web mediante i parametri &#8220;Globale&#8221;, &#8220;Paese&#8221; e &#8220;Categoria&#8221;.<\/li>\n<li><strong>Analisi del traffico.<\/strong> Scoprirai facilmente da quali paesi il tuo sito web ottiene la pi\u00f9 grande percentuale di utenti. Inoltre, \u00e8 un&#8217;ulteriore opportunit\u00e0 per controllare i concorrenti e ammettere nuove fonti di traffico per il tuo sito web.<\/li>\n<\/ul>\n<p><\/p>","protected":false},"excerpt":{"rendered":"Che cos&#8217;\u00e8 Alexa Traffic Rank? &nbsp; Alexa Rank \u00e8 un servizio di valutazione per la valutazione di siti Web, che si basa sulla frequenza delle visite e sul numero di visualizzazioni. Le statistiche sono ottenute dagli utenti che hanno installato Alexa Toolbar nel proprio browser. La valutazione corrente di una determinata risorsa Web \u00e8 determinata&#8230;","protected":false},"author":10409641,"featured_media":6970,"parent":0,"menu_order":0,"comment_status":"closed","ping_status":"closed","template":"pages-templates\/pages-minitools.php","meta":[],"categories":[30],"tags":[],"_links":{"self":[{"href":"https:\/\/sitechecker.pro\/it\/wp-json\/wp\/v2\/pages\/6990"}],"collection":[{"href":"https:\/\/sitechecker.pro\/it\/wp-json\/wp\/v2\/pages"}],"about":[{"href":"https:\/\/sitechecker.pro\/it\/wp-json\/wp\/v2\/types\/page"}],"author":[{"embeddable":true,"href":"https:\/\/sitechecker.pro\/it\/wp-json\/wp\/v2\/users\/10409641"}],"replies":[{"embeddable":true,"href":"https:\/\/sitechecker.pro\/it\/wp-json\/wp\/v2\/comments?post=6990"}],"version-history":[{"count":23,"href":"https:\/\/sitechecker.pro\/it\/wp-json\/wp\/v2\/pages\/6990\/revisions"}],"predecessor-version":[{"id":33656,"href":"https:\/\/sitechecker.pro\/it\/wp-json\/wp\/v2\/pages\/6990\/revisions\/33656"}],"wp:featuredmedia":[{"embeddable":true,"href":"https:\/\/sitechecker.pro\/it\/wp-json\/wp\/v2\/media\/6970"}],"wp:attachment":[{"href":"https:\/\/sitechecker.pro\/it\/wp-json\/wp\/v2\/media?parent=6990"}],"wp:term":[{"taxonomy":"category","embeddable":true,"href":"https:\/\/sitechecker.pro\/it\/wp-json\/wp\/v2\/categories?post=6990"},{"taxonomy":"post_tag","embeddable":true,"href":"https:\/\/sitechecker.pro\/it\/wp-json\/wp\/v2\/tags?post=6990"}],"curies":[{"name":"wp","href":"https:\/\/api.w.org\/{rel}","templated":true}]}}