{"id":654,"date":"2017-12-12T09:36:45","date_gmt":"2017-12-12T09:36:45","guid":{"rendered":"https:\/\/sitechecker.pro\/?page_id=654"},"modified":"2026-02-16T16:59:38","modified_gmt":"2026-02-16T16:59:38","slug":"canonical-url","status":"publish","type":"page","link":"https:\/\/sitechecker.pro\/it\/canonical-url\/","title":{"rendered":"Canonical Checker: usa lo strumento gratuito online per SEO"},"content":{"rendered":"<p>Un <strong><a href=\"https:\/\/sitechecker.pro\/it\/what-is-canonical-url\/\" rel=\"noopener noreferrer\" target=\"_blank\">URL canonico<\/a><\/strong> \u00e8 un tag HTML nella &lt;head&gt; sezione di una pagina web. Il modo migliore per mostrare al motore di ricerca quale URL di pagina ha il contenuto originale. Il <strong>motore di ricerca esegue la scansione<\/strong> e indicizza la pagina originale e non considera le pagine duplicate in base all&#8217;URL canonico.<\/p>\n<p>In altre parole, il <strong>tag canonico <\/strong>fornisce ai robot di ricerca informazioni su quale pagina devono inserire nell&#8217;indice di ricerca e la visualizza nei risultati di ricerca per le query degli utenti. Se hai due pagine con <strong>contenuti identici<\/strong>, la presenza di un tag canonico indicher\u00e0 quale pagina \u00e8 importante e principale e quale \u00e8 un clone\/duplicato. Il motore di ricerca non includer\u00e0 il <strong>duplicato <\/strong>nell&#8217;indice del motore di ricerca.<\/p>\n<p>\u00c8 importante monitorare le pagine canoniche del tuo sito per sapere quali stanno ricevendo o meno abbastanza traffico di ricerca. Ecco perch\u00e9 abbiamo creato lo strumento gratuito, il cui nome \u00e8 <strong>Canonical Checker<\/strong>, per aiutarti a scoprire se la tua pagina \u00e8 canonica o duplicata. Utilizza lo strumento per verificare i crawler dei motori di ricerca nelle pagine giuste.<\/p>\n<h2 id=\"How_to\">Come si usa?<\/h2>\n<p>Il nostro strumento gratuito Canonical URL Tester controlla i tag <strong>HTML <\/strong> canonici di una pagina web sul tuo o su un altro sito web. L&#8217;URL canonico comunica con i crawler dei motori di ricerca e consente di indicare al motore di ricerca quale collegamento \u00e8 &#8220;<strong>preferito<\/strong>&#8221; o &#8220;<strong>originale<\/strong>&#8220;.<\/p>\n<p>Il nostro strumento pu\u00f2 aiutarti a evitare contenuti duplicati nell&#8217;ottimizzazione dei motori di ricerca e tenere traccia delle versioni canoniche delle pagine del tuo sito web. Di seguito, <strong>spiegheremo <\/strong>come utilizzare lo strumento. Negli screenshot troverai le istruzioni sull&#8217;utilizzo dello strumento gratuito.<\/p>\n<h3>Passaggio 1: inserisci il tuo URL<\/h3>\n<p>Inizia il controllo digitando l&#8217;indirizzo della pagina sulla riga vuota dello strumento in <strong>Chrome<\/strong>. Puoi incollarlo dagli appunti o digitarlo a mano. Quindi avviare il test premendo il pulsante freccia blu.<\/p>\n<div class=\"content__img-wrap\"><img src=\"https:\/\/sitechecker.pro\/wp-content\/uploads\/2022\/02\/canonical_url_checker.png\" alt=\"Canonical checker avvia la scansione\" class=\"description-img description-img-zoom\" loading=\"lazy\" ><\/div>\n<h3>Fase 2: interpretazione dei risultati del controllo URL canonico<\/h3>\n<p>Al termine della scansione, riceverai <strong>informazioni <\/strong> sullo <strong>stato <\/strong> del codice sulla pagina. Il codice ti consente di sapere se la pagina \u00e8 nell&#8217;indice dei motori di ricerca o se i robot di ricerca non l&#8217;hanno aggiunta ai risultati.<\/p>\n<div class=\"content__img-wrap\"><img src=\"https:\/\/sitechecker.pro\/wp-content\/uploads\/2022\/02\/canonical_url_checker_result.png\" alt=\"Risultati del correttore canonico\" class=\"description-img description-img-zoom\" loading=\"lazy\" ><\/div>\n<p>Se l&#8217;URL della pagina scansionata e l&#8217;URL di canonicalizzazione corrispondono, la pagina corrente \u00e8 l&#8217;origine per l&#8217;indicizzazione e non deve essere esclusa dall&#8217;indicizzazione.<\/p>\n<h2 id=\"Cases\">Casi in cui \u00e8 necessario lo strumento<\/h2>\n<p>Gli URL canonici aiutano i motori di ricerca a combinare le informazioni sui singoli URL (come i collegamenti ad essi) in un unico URL autorevole. Inoltre, se distribuisci i tuoi contenuti per la pubblicazione su un dominio diverso, gli URL canonici aiutano ad ancorare le classifiche delle pagine al tuo URL preferito.<\/p>\n<p>Con questo tag, puoi enfatizzare le pagine di impaginazione, le pagine mobili o le pagine locali. Potrebbero essere pagine di archivio o pagine di servizi importanti per il tuo sito, ma non attribuire loro peso al collegamento o non desideri che non vengano visitate dagli utenti. Se non riesci a rimuovere versioni duplicate di pagine e non le vuoi nell&#8217;indice di ricerca, implementa Canonical sul sito web.<\/p>\n<p>Ti consigliamo di ridurre questo problema e il numero di tali pagine o di impostare l&#8217;estensione Canonical <strong>correttamente<\/strong>. <\/p>\n<p><div class=\"front__faq-block\"><div class=\"faq__block-title\">FAQ<\/div><div class=\"panel-group\" id=\"faq-accordion\" itemscope itemtype=\"https:\/\/schema.org\/FAQPage\" role=\"tablist\" aria-multiselectable=\"true\"><div class=\"panel\" itemscope itemtype=\"https:\/\/schema.org\/Question\" itemprop=\"mainEntity\">\n                            <div class=\"panel-heading\" id=\"headingFaq-1\">\n                                <div class=\"panel-title\" data-toggle=\"collapse\" aria-expanded=\"false\" href=\"#collapseFaq-1\">\n                                    <h3 itemprop=\"name\">Che cos'\u00e8 un URL canonico?<\/h3>\n                                <\/div>\n                            <\/div>\n                            <div id=\"collapseFaq-1\" class=\"panel-collapse collapse\" itemprop=\"acceptedAnswer\" itemscope itemtype=\"http:\/\/schema.org\/Answer\">\n                                <div class=\"panel-body\" itemprop=\"text\">L'URL canonico \u00e8 l'indirizzo della pagina dal gruppo di pagine duplicate, che \u00e8 una priorit\u00e0 e viene aggiunto all'indice dal motore di ricerca di Google. Maggiori dettagli sono qui.<\/div>\n                            <\/div>\n                        <\/div><div class=\"panel\" itemscope itemtype=\"https:\/\/schema.org\/Question\" itemprop=\"mainEntity\">\n                            <div class=\"panel-heading\" id=\"headingFaq-2\">\n                                <div class=\"panel-title\" data-toggle=\"collapse\" aria-expanded=\"false\" href=\"#collapseFaq-2\">\n                                    <h3 itemprop=\"name\">In che modo un motore di ricerca decide quale URL indicizzare o meno?<\/h3>\n                                <\/div>\n                            <\/div>\n                            <div id=\"collapseFaq-2\" class=\"panel-collapse collapse\" itemprop=\"acceptedAnswer\" itemscope itemtype=\"http:\/\/schema.org\/Answer\">\n                                <div class=\"panel-body\" itemprop=\"text\">Puoi istruire i crawler dei motori di ricerca utilizzando rel=canonical per consentire loro di includere o meno la pagina Web nell'indice. Puoi anche creare queste istruzioni tramite il meta tag Robots nella sezione dell'intestazione delle pagine HTML href o l'X-Robots-Tag nell'intestazione HTTP.<\/div>\n                            <\/div>\n                        <\/div><div class=\"panel\" itemscope itemtype=\"https:\/\/schema.org\/Question\" itemprop=\"mainEntity\">\n                            <div class=\"panel-heading\" id=\"headingFaq-3\">\n                                <div class=\"panel-title\" data-toggle=\"collapse\" aria-expanded=\"false\" href=\"#collapseFaq-3\">\n                                    <h3 itemprop=\"name\">Quando viene utilizzato l'URL canonico?<\/h3>\n                                <\/div>\n                            <\/div>\n                            <div id=\"collapseFaq-3\" class=\"panel-collapse collapse\" itemprop=\"acceptedAnswer\" itemscope itemtype=\"http:\/\/schema.org\/Answer\">\n                                <div class=\"panel-body\" itemprop=\"text\">L'URL canonico viene utilizzato quando lo stesso contenuto della pagina viene visualizzato in un URL diverso e quando lo stesso contenuto \u00e8 disponibile in un URL diverso ma in una versione diversa.<\/div>\n                            <\/div>\n                        <\/div><div class=\"panel\" itemscope itemtype=\"https:\/\/schema.org\/Question\" itemprop=\"mainEntity\">\n                            <div class=\"panel-heading\" id=\"headingFaq-4\">\n                                <div class=\"panel-title\" data-toggle=\"collapse\" aria-expanded=\"false\" href=\"#collapseFaq-4\">\n                                    <h3 itemprop=\"name\">Perch\u00e9 il tag URL canonico \u00e8 importante nella SEO?<\/h3>\n                                <\/div>\n                            <\/div>\n                            <div id=\"collapseFaq-4\" class=\"panel-collapse collapse\" itemprop=\"acceptedAnswer\" itemscope itemtype=\"http:\/\/schema.org\/Answer\">\n                                <div class=\"panel-body\" itemprop=\"text\">Il tag canonico nel codice sorgente specifica a quale URL i robot dei motori di ricerca danno la priorit\u00e0. Eviter\u00e0 la duplicazione dei contenuti perch\u00e9 tutti i contenuti originali dovrebbero essere accessibili solo tramite un URL.<\/div>\n                            <\/div>\n                        <\/div><\/div><\/div><\/p>","protected":false},"excerpt":{"rendered":"Un URL canonico \u00e8 un tag HTML nella &lt;head&gt; sezione di una pagina web. Il modo migliore per mostrare al motore di ricerca quale URL di pagina ha il contenuto originale. Il motore di ricerca esegue la scansione e indicizza la pagina originale e non considera le pagine duplicate in base all&#8217;URL canonico. In altre&#8230;","protected":false},"author":10409641,"featured_media":3352,"parent":0,"menu_order":0,"comment_status":"closed","ping_status":"closed","template":"pages-templates\/pages-minitools-3.php","meta":[],"categories":[74],"tags":[],"_links":{"self":[{"href":"https:\/\/sitechecker.pro\/it\/wp-json\/wp\/v2\/pages\/654"}],"collection":[{"href":"https:\/\/sitechecker.pro\/it\/wp-json\/wp\/v2\/pages"}],"about":[{"href":"https:\/\/sitechecker.pro\/it\/wp-json\/wp\/v2\/types\/page"}],"author":[{"embeddable":true,"href":"https:\/\/sitechecker.pro\/it\/wp-json\/wp\/v2\/users\/10409641"}],"replies":[{"embeddable":true,"href":"https:\/\/sitechecker.pro\/it\/wp-json\/wp\/v2\/comments?post=654"}],"version-history":[{"count":170,"href":"https:\/\/sitechecker.pro\/it\/wp-json\/wp\/v2\/pages\/654\/revisions"}],"predecessor-version":[{"id":39294,"href":"https:\/\/sitechecker.pro\/it\/wp-json\/wp\/v2\/pages\/654\/revisions\/39294"}],"wp:featuredmedia":[{"embeddable":true,"href":"https:\/\/sitechecker.pro\/it\/wp-json\/wp\/v2\/media\/3352"}],"wp:attachment":[{"href":"https:\/\/sitechecker.pro\/it\/wp-json\/wp\/v2\/media?parent=654"}],"wp:term":[{"taxonomy":"category","embeddable":true,"href":"https:\/\/sitechecker.pro\/it\/wp-json\/wp\/v2\/categories?post=654"},{"taxonomy":"post_tag","embeddable":true,"href":"https:\/\/sitechecker.pro\/it\/wp-json\/wp\/v2\/tags?post=654"}],"curies":[{"name":"wp","href":"https:\/\/api.w.org\/{rel}","templated":true}]}}