{"id":6406,"date":"2019-04-18T11:20:27","date_gmt":"2019-04-18T11:20:27","guid":{"rendered":"https:\/\/sitechecker.pro\/?page_id=6406"},"modified":"2026-02-20T14:20:11","modified_gmt":"2026-02-20T14:20:11","slug":"rank-checker","status":"publish","type":"page","link":"https:\/\/sitechecker.pro\/it\/rank-checker\/","title":{"rendered":"Strumento gratuito per controllare il posizionamento SEO"},"content":{"rendered":"<p><\/p>\n<h2 id=\"par1\">Cos&#8217;\u00e8 un Website Rank Checker?<\/h2>\n<p>Lo strumento Google Rank Checker ti consente di valutare le posizioni delle parole chiave del tuo sito Web su Google, offrendo dati di ranking attuali e storici per le ricerche desktop e mobili all&#8217;interno dei primi 100 risultati di Google in 155 paesi. Questo strumento mostra la visibilit\u00e0 complessiva del tuo sito Web e URL specifici, il volume di ricerca per le parole chiave classificate, informazioni sugli snippet in primo piano e la concorrenza SERP.<\/p>\n<h3>Keyword Rank Checker pu\u00f2 aiutarti in molti modi<\/h3>\n<ul>\n<li><strong>Controllo della posizione attuale: <\/strong>Trova il ranking delle query di ricerca dove ti trovi ora e dove si trovano ora i tuoi concorrenti. Ti consentir\u00e0 di sviluppare una strategia SEO di successo per raggiungere i tuoi obiettivi di promozione.\n<\/li>\n<li><strong>Caricamento di un elenco di parole chiave target: <\/strong>Utilizza Rank Analyzer per le query che intendi classificare. Tracker ti mostrer\u00e0 le statistiche delle parole chiave, anche se non le hai nella tua Search Console.<\/li>\n<li><strong>Suggerimenti per le parole chiave: <\/strong>Google Rank Finder non solo controlla le valutazioni delle frasi chiave, ma suggerisce anche parole chiave correlate e il loro volume di ricerca che potrebbero essere utili per il tuo sito web.<\/li>\n<li><strong>SEO locale: <\/strong>per le aziende che si affidano ai clienti locali, lo strumento offre funzionalit\u00e0 di geolocalizzazione. Ci\u00f2 significa che puoi controllare la classifica del sito web e quanto sono buone le tue valutazioni per le parole target in citt\u00e0 o regioni specifiche.<\/li>\n<li><strong>Mobile vs. Desktop: <\/strong>man mano che la ricerca mobile diventa pi\u00f9 diffusa, lo strumento fornisce dati separati per le ricerche mobile e desktop.<\/li>\n<li><strong>Frequenza: <\/strong>lo strumento SEO Ranker del sito web consente controlli periodici (1 giorno, 7 giorni, 30 giorni, 90 giorni e Sempre). Ci\u00f2 aiuta a tenere sotto controllo le prestazioni e a comprendere la volatilit\u00e0 delle valutazioni.<\/li>\n<li><strong>Visibilit\u00e0 del sito Web e visibilit\u00e0 della pagina: <\/strong>fornisce un punteggio aggregato delle prestazioni di un sito sui motori di ricerca in base alle classifiche collettive delle parole chiave. Mostra come ogni pagina contribuisce alla visibilit\u00e0 complessiva del sito Web, aiutando a individuare le pagine con prestazioni elevate o insufficienti.<\/li>\n<li><strong>Controllo delle parole chiave della concorrenza: <\/strong>controlla altri siti, come un concorrente, e scopri come sta progredendo la loro posizione nei risultati di ricerca.<\/li>\n<li><strong>Controlla le statistiche SEPR dettagliate: <\/strong>oltre a vedere i dati sulle posizioni di qualsiasi parola chiave, puoi esaminarla pi\u00f9 approfonditamente. Se clicchi sul grafico vicino alle frasi chiave, vedrai un grafico pi\u00f9 dettagliato delle modifiche di posizione.<\/li>\n<\/ul>\n<h3>Caratteristiche principali del Keyword Ranking Positions Finder<\/h3>\n<ul>\n<li><strong>Dashboard unificata. <\/strong>Questo elemento offre un hub one-stop in cui puoi supervisionare tutti i dati e i feedback cruciali riguardanti le posizioni del tuo sito web. Pu\u00f2 mostrare dettagli approfonditi sulle tue parole target, riepiloghi degli errori, rappresentazioni grafiche e simili. Un pannello di controllo consolidato semplifica e ottimizza la gestione.<\/li>\n<li><strong>Interfaccia intuitiva. <\/strong>Ci\u00f2 garantisce che lo strumento rimanga semplice da utilizzare, anche per le persone prive di competenze tecniche. Tale design comprende una navigazione semplice, etichette inequivocabili, suggerimenti pop-up informativi, tra le altre funzionalit\u00e0. Un design intuitivo accelera il processo di scoperta e utilizzo delle funzionalit\u00e0 che cerchi.<\/li>\n<li><strong>Suite SEO all-inclusive. <\/strong>Oltre a controllare le classifiche delle query, questa suite SEO completa potrebbe incorporare utilit\u00e0 per valutazioni SEO in loco, monitoraggio, controllo dei collegamenti, controlli del sito web e altro ancora. Tali funzioni mirano a migliorare la visibilit\u00e0 del tuo sito web nelle inserzioni dei motori di ricerca, attirando cos\u00ec visitatori organici sulla tua piattaforma.<\/li>\n<li><strong>Esporta dati nei report. <\/strong>Opzione per scaricare report .csv e .pdf da condividere con i membri del tuo team o con il tuo cliente.<\/li>\n<\/ul>\n<h2 id=\"par2\">Come usare Google Website Rank Checker<\/h2>\n<h3>Passaggio 1: inserisci il tuo dominio, la regione di destinazione e la lingua, quindi fai clic sul pulsante &#8220;Controlla ranking&#8221;.<\/h3>\n<div class=\"content__img-wrap\"><img src=\"https:\/\/sitechecker.pro\/wp-content\/uploads\/2024\/06\/website-ranking-checker.png\" alt=\"Keyword Rank Checker\" class=\"description-img description-img-zoom\" loading=\"lazy\" ><\/div>\n<h3>Passaggio 2: ottieni il risultato<\/h3>\n<p>Dopo aver completato il controllo del ranking del sito web, scoprirai le query principali per cui il tuo sito \u00e8 in classifica. Lo strumento fornisce una panoramica completa del traffico, mostrando il traffico stimato e la distribuzione delle parole chiave nelle prime 10, 11-20 e 21-100 posizioni nella SERP. Elenca le parole chiave principali insieme ai loro URL, posizioni di ricerca, volume e dati sul traffico.<\/p>\n<div class=\"content__img-wrap\"><img src=\"https:\/\/sitechecker.pro\/wp-content\/uploads\/2024\/11\/TOP-50-in-SERP-image-min.png\" alt=\"Risultati di Keyword Rank Checker\" class=\"description-img description-img-zoom\" loading=\"lazy\" ><\/div>\n<p>Le informazioni sulla concorrenza includono la concorrenza delle parole chiave, il costo per clic (CPC) e il costo del traffico, consentendo di valutare la competitivit\u00e0 del mercato e le spese pubblicitarie. Le metriche dettagliate per ogni parola chiave, comprese le posizioni di ranking esatte e il volume di ricerca, aiutano a identificare efficacemente le parole chiave ad alte e basse prestazioni.<\/p>\n<p>Avvia una prova gratuita per accedere alle classifiche complete delle parole chiave e ai dati SERP dei concorrenti.<\/p>\n<div class=\"content__img-wrap\"><img src=\"https:\/\/sitechecker.pro\/wp-content\/uploads\/2024\/11\/Outrack-your-competitors-min.png\" alt=\"Inizia la prova gratuita popup\" class=\"description-img description-img-zoom\" loading=\"lazy\" ><\/div>\n<div class=\"important-block\">Per ricevere i risultati e accedere alle funzionalit\u00e0 di Sitechecker per 14 giorni, avvia la tua prova GRATUITA. La registrazione \u00e8 semplice con il tuo account e-mail, Google o Facebook. Non \u00e8 richiesta alcuna carta di credito.<\/div>\n<h2 id=\"par3\">Funzionalit\u00e0 aggiuntive di Keyword Rank Checker<\/h2>\n<p>Inoltre, puoi utilizzare non solo il controllo delle parole chiave di posizione, ma anche il nostro software di controllo della classifica. Ti aiuta a monitorare regolarmente le valutazioni SEO del tuo sito Web e a scoprire quali delle tue azioni hanno portato alla crescita, ed essere il primo a sapere quando si verificano pi\u00f9 criticit\u00e0. Puoi facilmente monitorare come la risoluzione dei <a href=\"https:\/\/sitechecker.pro\/website-defacement-monitoring\/\" data-wpil-monitor-id=\"98\">problemi sul tuo sito web<\/a> migliora la tua posizione web e testare nuove strategie.<\/p>\n<p>Per farlo, clicca semplicemente su &#8220;Inizia monitoraggio&#8221; nella pagina dei risultati dell&#8217;analizzatore di posizione.<\/p>\n<div class=\"content__img-wrap\"><img src=\"https:\/\/sitechecker.pro\/wp-content\/uploads\/2024\/11\/Start-tracking-min.png\" alt=\"Inizia il monitoraggio\" class=\"description-img description-img-zoom\" loading=\"lazy\" ><\/div>\n<p>Dopo aver cliccato sul pulsante &#8220;Inizia il monitoraggio&#8221;, le query trovate verranno aggiunte alla pagina di configurazione del tracker:<\/p>\n<div class=\"content__img-wrap\"><img src=\"https:\/\/sitechecker.pro\/wp-content\/uploads\/2024\/06\/image6-min.png\" alt=\"configurazione del tracker di ranking\" class=\"description-img description-img-zoom\" loading=\"lazy\" ><\/div>\n<p>Scegli le query chiave che vuoi monitorare, regola i parametri di ricerca per esse (dispositivi, paese, SEO locale) e, se necessario, raggruppa le query chiave di un cluster (argomento) in gruppi diversi.<\/p>\n<p>Raggruppa le parole chiave per categorie e pagine per monitorare facilmente i progressi di ogni cluster di parole chiave. Clicca su &#8220;Salva&#8221;.<\/p>\n<div class=\"content__img-wrap\"><img src=\"https:\/\/sitechecker.pro\/wp-content\/uploads\/2024\/06\/image1-min.png\" alt=\"Gruppi di parole chiave\" class=\"description-img description-img-zoom\" loading=\"lazy\" ><\/div>\n<p>Una volta impostate le frasi chiave di monitoraggio, avrai accesso a una vasta gamma di funzionalit\u00e0 che forniscono approfondimenti e analisi approfondite. Lascia che lo strumento raccolga pi\u00f9 dati per ottenere risultati ottimali: con queste informazioni in mano, le tendenze nelle tue valutazioni possono essere identificate e monitorate in tempo reale.<\/p>\n<h3>Analizza la classifica e la visibilit\u00e0 del tuo sito Web nella ricerca Google<\/h3>\n<p>Per visualizzare le classifiche delle query di ricerca del tuo sito Web, fai clic sulla scheda &#8220;Parole chiave&#8221;. In questo modo verranno visualizzati tutti i termini per cui il tuo sito \u00e8 classificato nei risultati di ricerca:<\/p>\n<div class=\"content__img-wrap\"><img src=\"https:\/\/sitechecker.pro\/wp-content\/uploads\/2024\/06\/image9-min.png\" alt=\"Classifiche delle parole chiave\" class=\"description-img description-img-zoom\" loading=\"lazy\" ><\/div>\n<p>In questa sezione, puoi visualizzare le tendenze di classificazione delle parole chiave all&#8217;interno della ricerca TOP-100 di Google. Filtra facilmente le frasi chiave in base alla posizione, al volume di ricerca o ai raggruppamenti, ad esempio categorizzandole in base alle tue offerte di prodotti o servizi per monitorare le dinamiche delle prestazioni.<\/p>\n<p>Utilizzando il grafico, puoi valutare visivamente la posizione del tuo sito su periodi giornalieri, settimanali o mensili. Puoi anche individuare quando sono state aggiunte parole chiave per il monitoraggio, fare annotazioni e persino tenere traccia degli aggiornamenti di Google.<\/p>\n<p>Il tasso di visibilit\u00e0 misura il potenziale per ottenere pi\u00f9 traffico dalle parole chiave classificate. La visibilit\u00e0 viene calcolata utilizzando un indice basato sulle posizioni delle frasi chiave.<\/p>\n<div class=\"content__img-wrap\"><img src=\"https:\/\/sitechecker.pro\/wp-content\/uploads\/2024\/06\/image5-min.png\" alt=\"Visibilit\u00e0 delle parole chiave\" class=\"description-img description-img-zoom\" loading=\"lazy\" ><\/div>\n<p>Il grafico consente di monitorare l&#8217;impatto degli aggiornamenti di Google sulla visibilit\u00e0 del tuo sito nei risultati di ricerca.<\/p>\n<p>La funzionalit\u00e0 Analisi della concorrenza in Website Ranking Checker consente di monitorare e confrontare le prestazioni SERP tra domini concorrenti.<\/p>\n<div class=\"content__img-wrap\"><img src=\"https:\/\/sitechecker.pro\/wp-content\/uploads\/2024\/11\/Competitor-Analysis.png\" alt=\"Analisi della concorrenza\" class=\"description-img description-img-zoom\" loading=\"lazy\" ><\/div>\n<p>Puoi monitorare i cambiamenti per ogni concorrente e confrontarli direttamente con le prestazioni del tuo sito.<\/p>\n<p>Rank Tracker fornisce informazioni complete sulle prestazioni del tuo sito Web mostrando classifiche delle parole chiave, visibilit\u00e0 e analisi della concorrenza. Categorizza le posizioni delle parole chiave dalla prima alla prima 100 e monitora la percentuale di visibilit\u00e0 complessiva. Lo strumento confronta anche le prestazioni del tuo sito con quelle dei concorrenti e ti consente di regolare i parametri di ricerca come dispositivi, paesi e SEO locale per un monitoraggio personalizzato.<\/p>\n<div class=\"content__img-wrap\"><img src=\"https:\/\/sitechecker.pro\/wp-content\/uploads\/2024\/06\/image4-min.png\" alt=\"Classifiche delle parole chiave dei concorrenti\" class=\"description-img description-img-zoom\" loading=\"lazy\" ><\/div>\n<p>La tabella seguente mostra le parole chiave insieme alle loro posizioni e alle pagine corrispondenti.<\/p>\n<div class=\"content__img-wrap\"><img src=\"https:\/\/sitechecker.pro\/wp-content\/uploads\/2024\/06\/image11-min.png\" alt=\"parole chiave con le loro classifiche\" class=\"description-img description-img-zoom\" loading=\"lazy\" ><\/div>\n<p>Puoi filtrare le modifiche di classifica per giorno, raggruppare le posizioni per TOP e scegliere gruppi di parole chiave specifici. Scopri le funzionalit\u00e0 SERP per ogni parola chiave, l&#8217;URL classificato e le tendenze di posizione delle frasi chiave. La funzionalit\u00e0 di esportazione \u00e8 fondamentale per un&#8217;analisi approfondita dei dati e per la condivisione con clienti o colleghi.<\/p>\n<p>Inoltre, selezionando &#8220;Analisi SERP parole chiave&#8221;, puoi visualizzare i tuoi concorrenti per una parola chiave specifica e confrontare la tua posizione nella ricerca con la loro.<\/p>\n<div class=\"content__img-wrap\"><img src=\"https:\/\/sitechecker.pro\/wp-content\/uploads\/2024\/06\/image10-min.png\" alt=\"SERP\" class=\"description-img description-img-zoom\" loading=\"lazy\" ><\/div>\n<p>Con <a href=\"https:\/\/sitechecker.pro\/serp-alerts\/\">SERP Alerts<\/a>, riceverai notifiche su eventuali cambiamenti significativi di ranking, assicurandoti di rimanere un passo avanti rispetto ai tuoi concorrenti e di poter adattare la tua strategia SEO.<\/p>\n<h2 id=\"par4\">Riepilogo<\/h2>\n<p>SEO Ranking Checker \u00e8 un solido strumento SEO che valuta le posizioni delle parole chiave e degli URL nella ricerca Google in 155 paesi, fondamentale sia per desktop che per dispositivi mobili. Presenta la visibilit\u00e0 complessiva del sito web, la posizione della pagina nei risultati di ricerca, il volume di ricerca delle parole chiave, i dettagli degli snippet e la concorrenza SERP. Con una dashboard incentrata sull&#8217;utente, funzionalit\u00e0 di geolocalizzazione e monitoraggio regolare, semplifica la creazione della strategia. Keyword Ranking Checker supporta l&#8217;esportazione dei dati, fornisce informazioni sul potenziale di traffico tramite il tasso di visibilit\u00e0 e mette in evidenza i contenuti che guadagnano snippet. Offre inoltre informazioni sulle dinamiche di ranking degli URL e sugli impatti degli aggiornamenti di Google, rendendolo uno strumento essenziale nella SEO.<\/p>\n<div id=\"par5\"><\/div>\n<p><div class=\"front__faq-block\"><div class=\"faq__block-title\">FAQ<\/div><div class=\"panel-group\" id=\"faq-accordion\" itemscope itemtype=\"https:\/\/schema.org\/FAQPage\" role=\"tablist\" aria-multiselectable=\"true\"><div class=\"panel\" itemscope itemtype=\"https:\/\/schema.org\/Question\" itemprop=\"mainEntity\">\n                            <div class=\"panel-heading\" id=\"headingFaq-1\">\n                                <div class=\"panel-title\" data-toggle=\"collapse\" aria-expanded=\"false\" href=\"#collapseFaq-1\">\n                                    <h3 itemprop=\"name\">Come posso controllare gratuitamente la posizione della mia query di ricerca?<\/h3>\n                                <\/div>\n                            <\/div>\n                            <div id=\"collapseFaq-1\" class=\"panel-collapse collapse\" itemprop=\"acceptedAnswer\" itemscope itemtype=\"http:\/\/schema.org\/Answer\">\n                                <div class=\"panel-body\" itemprop=\"text\">Utilizza SEO Keyword Rank Checker. Inserisci semplicemente il tuo dominio per visualizzare la classifica delle tue query.<\/div>\n                            <\/div>\n                        <\/div><div class=\"panel\" itemscope itemtype=\"https:\/\/schema.org\/Question\" itemprop=\"mainEntity\">\n                            <div class=\"panel-heading\" id=\"headingFaq-2\">\n                                <div class=\"panel-title\" data-toggle=\"collapse\" aria-expanded=\"false\" href=\"#collapseFaq-2\">\n                                    <h3 itemprop=\"name\">Quante parole chiave dovrei usare per SEO?<\/h3>\n                                <\/div>\n                            <\/div>\n                            <div id=\"collapseFaq-2\" class=\"panel-collapse collapse\" itemprop=\"acceptedAnswer\" itemscope itemtype=\"http:\/\/schema.org\/Answer\">\n                                <div class=\"panel-body\" itemprop=\"text\">Non esiste un numero fisso. Concentrati principalmente sulla qualit\u00e0 e sulla pertinenza. Assicurati di usare un mix di frasi chiave primarie e long-tail in base al tuo contenuto.<\/div>\n                            <\/div>\n                        <\/div><div class=\"panel\" itemscope itemtype=\"https:\/\/schema.org\/Question\" itemprop=\"mainEntity\">\n                            <div class=\"panel-heading\" id=\"headingFaq-3\">\n                                <div class=\"panel-title\" data-toggle=\"collapse\" aria-expanded=\"false\" href=\"#collapseFaq-3\">\n                                    <h3 itemprop=\"name\">Posso monitorare le classifiche locali in un Rank Tracker?<\/h3>\n                                <\/div>\n                            <\/div>\n                            <div id=\"collapseFaq-3\" class=\"panel-collapse collapse\" itemprop=\"acceptedAnswer\" itemscope itemtype=\"http:\/\/schema.org\/Answer\">\n                                <div class=\"panel-body\" itemprop=\"text\">S\u00ec, Online Keyword Position Checker offre funzionalit\u00e0 di geolocalizzazione, consentendoti di monitorare non solo le posizioni globali, ma anche citt\u00e0 o regioni specifiche.<\/div>\n                            <\/div>\n                        <\/div><\/div><\/div><\/p>","protected":false},"excerpt":{"rendered":"Cos&#8217;\u00e8 un Website Rank Checker? Lo strumento Google Rank Checker ti consente di valutare le posizioni delle parole chiave del tuo sito Web su Google, offrendo dati di ranking attuali e storici per le ricerche desktop e mobili all&#8217;interno dei primi 100 risultati di Google in 155 paesi. Questo strumento mostra la visibilit\u00e0 complessiva del&#8230;","protected":false},"author":10409641,"featured_media":6422,"parent":0,"menu_order":0,"comment_status":"closed","ping_status":"closed","template":"pages-templates\/pages-minitools-3.php","meta":[],"categories":[75],"tags":[],"_links":{"self":[{"href":"https:\/\/sitechecker.pro\/it\/wp-json\/wp\/v2\/pages\/6406"}],"collection":[{"href":"https:\/\/sitechecker.pro\/it\/wp-json\/wp\/v2\/pages"}],"about":[{"href":"https:\/\/sitechecker.pro\/it\/wp-json\/wp\/v2\/types\/page"}],"author":[{"embeddable":true,"href":"https:\/\/sitechecker.pro\/it\/wp-json\/wp\/v2\/users\/10409641"}],"replies":[{"embeddable":true,"href":"https:\/\/sitechecker.pro\/it\/wp-json\/wp\/v2\/comments?post=6406"}],"version-history":[{"count":140,"href":"https:\/\/sitechecker.pro\/it\/wp-json\/wp\/v2\/pages\/6406\/revisions"}],"predecessor-version":[{"id":39439,"href":"https:\/\/sitechecker.pro\/it\/wp-json\/wp\/v2\/pages\/6406\/revisions\/39439"}],"wp:featuredmedia":[{"embeddable":true,"href":"https:\/\/sitechecker.pro\/it\/wp-json\/wp\/v2\/media\/6422"}],"wp:attachment":[{"href":"https:\/\/sitechecker.pro\/it\/wp-json\/wp\/v2\/media?parent=6406"}],"wp:term":[{"taxonomy":"category","embeddable":true,"href":"https:\/\/sitechecker.pro\/it\/wp-json\/wp\/v2\/categories?post=6406"},{"taxonomy":"post_tag","embeddable":true,"href":"https:\/\/sitechecker.pro\/it\/wp-json\/wp\/v2\/tags?post=6406"}],"curies":[{"name":"wp","href":"https:\/\/api.w.org\/{rel}","templated":true}]}}