{"id":6404,"date":"2020-07-18T11:19:35","date_gmt":"2020-07-18T09:19:35","guid":{"rendered":"https:\/\/sitechecker.pro\/?page_id=6404"},"modified":"2026-02-19T14:46:56","modified_gmt":"2026-02-19T14:46:56","slug":"traffic-checker","status":"publish","type":"page","link":"https:\/\/sitechecker.pro\/it\/traffic-checker\/","title":{"rendered":"Analisi traffico sito web gratis: stimare il traffico da diversi canali"},"content":{"rendered":"<p><\/p>\n<h2 id=\"ik_traff_esimator\">Che Cos&#8217;\u00e8 uno Strumento per la Stima del Traffico del Sito Web?<\/h2>\n<p>\u00c8 uno strumento essenziale per qualsiasi proprietario di sito o operatore di marketing che desideri ottimizzare la propria presenza online. Il nostro controllo del <a href=\"https:\/\/sitechecker.pro\/what-is-website-traffic\/\" rel=\"noopener noreferrer\" target=\"_blank\">traffico del sito web<\/a> \u00e8 uno strumento di analisi dei dati versatile e potente progettato per aiutarti a monitorare, analizzare e ottimizzare le prestazioni del tuo sito web.<\/p>\n<h3>Caratteristiche principali del controllo del traffico del dominio:<\/h3>\n<ul>\n<li><strong>Dashboard all-in-one: <\/strong>accedi a dati completi da Google Analytics, Google Search Console e SERP in un&#8217;unica comoda posizione, risparmiando tempo e fatica.<\/li>\n<li><strong>Interfaccia facile da usare: <\/strong>con dashboard intuitivi, la nostra ricerca del traffico web rende pi\u00f9 facile che mai navigare tra le metriche del tuo sito web senza problemi e scoprire opportunit\u00e0 di crescita.<\/li>\n<li><strong>Analisi della concorrenza: <\/strong>tieni un vantaggio sulla concorrenza analizzando <a href=\"https:\/\/sitechecker.pro\/what-is-organic-traffic\/\" rel=\"noopener noreferrer\" target=\"_blank\">dati sul traffico organico<\/a>, visibilit\u00e0 SERP e parole chiave che generano pi\u00f9 traffico dei tuoi concorrenti. Sfrutta queste informazioni per ottimizzare il tuo sito e superare i tuoi concorrenti.<\/li>\n<li><strong>Caratteristiche della piattaforma SEO globale: <\/strong>la nostra piattaforma SEO globale offre molto di pi\u00f9 della semplice analisi dei dati sul traffico. <a href=\"https:\/\/sitechecker.pro\/\" rel=\"noopener noreferrer\" target=\"_blank\">Sitechecker<\/a> include una variet\u00e0 di funzionalit\u00e0 come audit SEO (on-page e off-page), <a href=\"https:\/\/sitechecker.pro\/rank-tracker\/\" rel=\"noopener noreferrer\" target=\"_blank\">monitoraggio del ranking<\/a>, monitoraggio del sito e altro ancora. Con un&#8217;analisi dei dati cos\u00ec utile, puoi facilmente eliminare le minacce e prevedere le opportunit\u00e0.<\/li>\n<\/ul>\n<h2 id=\"ik_Importance\">Importanza Dell&#8217;analisi e del Monitoraggio del Traffico Web<\/h2>\n<p>L&#8217;analisi dei dati sul traffico del tuo sito Web \u00e8 fondamentale per promuovere la presenza online e aumentare i visitatori e le vendite della ricerca organica. Indipendentemente dalle dimensioni del tuo sito o dal numero di utenti, la <a href=\"https:\/\/sitechecker.pro\/pages-per-session-metric\/\" rel=\"noopener noreferrer\" target=\"_blank\">sessione dell&#8217;utente normale <\/a> gli audit sono essenziali.<\/p>\n<p>Il nostro strumento fornisce preziose informazioni sui visitatori del tuo sito web, incluse le loro fonti (organiche, <a href=\"https:\/\/sitechecker.pro\/what-is-direct-traffic\/\" rel=\"noopener noreferrer\" target=\"_blank\"> diretto<\/a>, <a href=\"https:\/\/sitechecker.pro\/what-is-paid-traffic\/\" rel=\"noopener noreferrer\" target=\"_blank\">a pagamento<\/a>, <a href=\"https:\/\/sitechecker.pro\/what-is-social-traffic\/\" rel=\"noopener noreferrer\" target=\"_blank\">social<\/a>, <a href=\"https:\/\/sitechecker.pro\/what -is-referral-traffic\/\" rel=\"noopener noreferrer\" target=\"_blank\">referral<\/a>, email ecc.) e il comportamento e offre anche approfondimenti per ottimizzare il tuo sito identificando le aree che necessitano di miglioramenti. Pi\u00f9 dati dettagliati elabori, migliori e pi\u00f9 accurati saranno i risultati che otterrai.<\/p>\n<p>Se non monitori le prestazioni e il posizionamento del tuo sito, perdi costantemente potenziali visitatori e nuovi utenti. Ogni giorno ci sono nuove metriche di coinvolgimento per misurare il successo di un sito, ma le basi dei controlli del traffico del sito web rimangono vitali.<\/p>\n<p>Abbiamo creato una guida video per aiutarti ad approfondire la stima del traffico e utilizzare appieno tutte le funzionalit\u00e0 fornite dal nostro cercatore di traffico.<\/p>\n<p><iframe title=\"YouTube video player\" src=\"https:\/\/www.youtube-nocookie.com\/embed\/AWQ_s7QLjsE\" width=\"700\" height=\"350\" frameborder=\"0\" allowfullscreen=\"allowfullscreen\"><span data-mce-type=\"bookmark\" style=\"display: inline-block; width: 0px; overflow: hidden; line-height: 0;\" class=\"mce_SELRES_start\">\ufeff<\/span><\/iframe><\/p>\n<h2 id=\"ik_how_to\">Come Utilizzare lo Strumento?<\/h2>\n<h3>Passaggio 1: inserisci il dominio per il quale desideri controllare il traffico, quindi fai clic sul pulsante &#8220;Controlla traffico&#8221;<\/h3>\n<div class=\"content__img-wrap\"><img src=\"https:\/\/sitechecker.pro\/wp-content\/uploads\/2023\/06\/traffic_checker_start.png\" alt=\"Come utilizzare il controllo del traffico web passaggio 1\" class=\"description-img description-img-zoom\" loading=\"lazy\" ><\/div>\n<div class=\"important-block\">Nota: per ricevere i risultati e accedere alle funzionalit\u00e0 di Sitechecker per 14 giorni, inizia la tua prova GRATUITA. La registrazione \u00e8 facile con il tuo account e-mail, Google o Facebook. NON \u00e8 necessaria alcuna carta di credito.<\/div>\n<h3>Passaggio 2: specifica il sito per il quale desideri accedere ai dati sul traffico<\/h3>\n<p>Il nostro potente strumento ti offre un facile accesso ai dati sul traffico sia per il tuo sito Web che per i tuoi concorrenti. Abbiamo anche incluso una serie di preziose funzionalit\u00e0 per aiutarti a ottenere informazioni pi\u00f9 approfondite su entrambi gli scenari. L&#8217;utilizzo di queste funzionalit\u00e0 ti offre una migliore comprensione delle tue prestazioni online e un vantaggio competitivo nel tuo settore. Rispondendo se si tratta o meno del tuo sito web, ci aiuti a preparare la dashboard giusta per le tue esigenze.<\/p>\n<div class=\"content__img-wrap\"><img src=\"https:\/\/sitechecker.pro\/wp-content\/uploads\/2023\/03\/traffic_checker_site_choose.png\" alt=\"Come utilizzare il controllo del traffico web passaggio 2 - specifica il sito web\" class=\"description-img description-img-zoom\" loading=\"lazy\" ><\/div>\n<h3>Passaggio 3: accedi ai tuoi risultati e sfrutta le nostre potenti funzionalit\u00e0<\/h3>\n<h3 id=\"ik_own_website\">Per il tuo Sito<\/h3>\n<p>Per accedere ai dati per il tuo sito, seleziona semplicemente <strong>&#8216;S\u00ec, \u00e8 mio&#8217;<\/strong> e collega i tuoi account GA e GSC. Questa fantastica funzionalit\u00e0 pu\u00f2 davvero tornare utile per gli amministratori del sito, i SEO e gli esperti di marketing. Ti consente di monitorare il traffico del sito Web dalle due migliori piattaforme di analisi, tutto in un unico posto. Abbiamo anche creato dashboard personalizzati con preziose informazioni.<\/p>\n<div class=\"content__img-wrap\"><img src=\"https:\/\/sitechecker.pro\/wp-content\/uploads\/2023\/03\/traffic_checker_own_site.png\" alt=\"Traffic checker - collega GA e GSC\" class=\"description-img description-img-zoom\" loading=\"lazy\" ><\/div>\n<p>Dai un&#8217;occhiata alle nostre dashboard generali sul traffico che forniscono approfondimenti su tutti i visitatori e sul traffico organico da Google Analytics. I dati rappresentati nella visibilit\u00e0 si basano sulle parole chiave con il ranking pi\u00f9 alto, mentre altri, come impressioni, clic, percentuali di clic (CTR), posizioni e parole chiave con ranking si basano sulle metriche principali di Google Search Console.<\/p>\n<div class=\"content__img-wrap\"><img src=\"https:\/\/sitechecker.pro\/wp-content\/uploads\/2023\/05\/traffic_step_3-1.png\" alt=\"Traffic checker - utilizza le dashboard del traffico\" class=\"description-img description-img-zoom\" loading=\"lazy\" ><\/div>\n<p>Per monitorare senza problemi le dinamiche del tuo sito web, le nostre dashboard hanno anche molte altre informazioni approfondite con un&#8217;interfaccia user-friendly. Ad esempio, se disponi di dati di e-commerce in Google Analytics, puoi accedere ai dati di vendita e alle correlazioni con il traffico. Questo ti d\u00e0 un quadro completo dell&#8217;andamento delle entrate del tuo sito web. Inoltre, \u00e8 facile controllare i dati per un intervallo di tempo specifico, giornaliero, settimanale o mensile.<\/p>\n<div class=\"content__img-wrap\"><img src=\"https:\/\/sitechecker.pro\/wp-content\/uploads\/2023\/05\/traffic_step_3-2.png\" alt=\"Controllo del traffico - Dati GA\" class=\"description-img description-img-zoom\" loading=\"lazy\" ><\/div>\n<p>Se sei interessato agli approfondimenti GSC, dai un&#8217;occhiata alla bacheca che include prestazioni, posizioni, visibilit\u00e0, prime 100 parole chiave e prime 100 pagine di destinazione.<\/p>\n<div class=\"content__img-wrap\"><img src=\"https:\/\/sitechecker.pro\/wp-content\/uploads\/2023\/05\/traffic_step_3-3.png\" alt=\"Traffic checker - Dati GSC\" class=\"description-img description-img-zoom\" loading=\"lazy\" ><\/div>\n<p>Una bacheca simile \u00e8 per le parole chiave del rank tracker.<\/p>\n<div class=\"content__img-wrap\"><img src=\"https:\/\/sitechecker.pro\/wp-content\/uploads\/2023\/05\/traffic_step_3-4.png\" alt=\"Traffic checker - Rank Tracker data\" class=\"description-img description-img-zoom\" loading=\"lazy\" ><\/div>\n<p>Se possiedi pi\u00f9 siti web, lavori per un&#8217;agenzia SEO o gestisci un grande sito web imprenditoriale, il nostro strumento ha una caratteristica specifica che apprezzerai. La dashboard del progetto ti consente di tenere traccia del traffico e di altre metriche sulle prestazioni per una vasta gamma di siti di propriet\u00e0 tua o dei tuoi clienti. In alternativa, puoi separare un progetto di grandi dimensioni in parti o lingue specifiche, ad esempio, e monitorarle singolarmente.<\/p>\n<div class=\"content__img-wrap\"><img src=\"https:\/\/sitechecker.pro\/wp-content\/uploads\/2023\/05\/traffic_step_3-5.png\" alt=\"Controllo del traffico - diversi progetti\" class=\"description-img description-img-zoom\" loading=\"lazy\" ><\/div>\n<p>Se hai bisogno di creare rapporti per i tuoi clienti, ci pensiamo noi. Li abbiamo gi\u00e0 creati per te, quindi tutto ci\u00f2 che devi fare \u00e8 scaricarli o condividerli.<\/p>\n<div class=\"content__img-wrap\"><img src=\"https:\/\/sitechecker.pro\/wp-content\/uploads\/2023\/05\/traffic_step_3-6.png\" alt=\"Controllo del traffico - rapporti\" class=\"description-img description-img-zoom\" loading=\"lazy\" ><\/div>\n<h3 id=\"ik_competitors_website\">Per l&#8217;analisi dei Siti Web Della Concorrenza<\/h3>\n<p>In primo luogo, consigliamo di selezionare una regione specifica per garantire che i dati siano chiari, aggiornati e forniscano informazioni sulla situazione del mercato locale per l&#8217;analisi.<\/p>\n<div class=\"content__img-wrap\"><img src=\"https:\/\/sitechecker.pro\/wp-content\/uploads\/2023\/05\/traffic_checker_competitor.png\" alt=\"Test del concorrente del controllo del traffico\" class=\"description-img description-img-zoom\" loading=\"lazy\" ><\/div>\n<p>Diamo un&#8217;occhiata pi\u00f9 da vicino agli elementi principali di uno strumento per la stima del traffico di un sito Web e consideriamo come ti aiutano a valutare i tuoi concorrenti.<\/p>\n<div class=\"content__img-wrap\"><img src=\"https:\/\/sitechecker.pro\/wp-content\/uploads\/2023\/05\/traffic_checker_competitor_results.png\" alt=\"Risultati dei concorrenti del controllo del traffico\" class=\"description-img description-img-zoom\" loading=\"lazy\" ><\/div>\n<p><strong>Traffico organico:<\/strong> viene generato dalla percentuale di clic (CTR) e dal volume di ricerca associati a ciascuna parola chiave per la quale il dominio si posiziona.<\/p>\n<p><strong>Valore del traffico:<\/strong> rappresenta la spesa associata all&#8217;incremento del volume di traffico organico mensile stimato attraverso la pubblicit\u00e0 pay-per-click (PPC) su Ricerca Google. Ci\u00f2 fornisce una comprensione del potenziale valore finanziario del traffico.<\/p>\n<p><strong>Posizioni SERP (Organic Search Engine Results Page):<\/strong> questa metrica mostra il numero di parole chiave per le quali un concorrente si posiziona all&#8217;interno di varie posizioni SERP: prime 1, 2-3, 4-10, 11-20, 21 -30, 31-50, 51-70 e 71-100. Offre informazioni sulla visibilit\u00e0 complessiva del concorrente nei risultati di ricerca.<\/p>\n<p>Inoltre, la stima del traffico del nostro concorrente include una funzione aggiuntiva, Top Keywords. Questa funzione ti consente di esaminare le prime 30+ parole chiave per le quali il sito si classifica. Ogni parola chiave \u00e8 accompagnata dal suo URL pertinente nella SERP, dalla posizione nei risultati di ricerca, dal volume di ricerca mensile medio, dal costo per clic (CPC) di Google Ads e dalle principali posizioni geografiche in cui il sito Web si posiziona per la parola chiave.<\/p>\n<div class=\"content__img-wrap\"><img src=\"https:\/\/sitechecker.pro\/wp-content\/uploads\/2023\/05\/traffic_checker_competitor_keywords.png\" alt=\"Parole chiave della concorrenza del controllo del traffico\" class=\"description-img description-img-zoom\" loading=\"lazy\" ><\/div>\n<p>Se sei interessato non solo a calcolare i visitatori del sito della concorrenza, ma anche a valutare le loro prestazioni SEO tecniche, puoi sfruttare la nostra funzione di audit SEO.<\/p>\n<div class=\"content__img-wrap\"><img src=\"https:\/\/sitechecker.pro\/wp-content\/uploads\/2023\/05\/traffic_checker_competitor_audit.png\" alt=\"Funzione di verifica della concorrenza del controllo del traffico\" class=\"description-img description-img-zoom\" loading=\"lazy\" ><\/div>\n    <div class=\"blog__conversion blog__conversion-app element__logged_out\">\n        <div class=\"blog__conversion-inner\">\n            <p class=\"title\">Sblocca la potenza delle prestazioni del tuo sito web con il nostro strumento di controllo del traffico!<\/p>\n            <p class=\"description\">Immergiti nelle prestazioni del tuo sito web e mantieni un vantaggio sui tuoi concorrenti con il nostro strumento avanzato di controllo del traffico.<\/p>\n            <form id=\"audit__form\"\n                  class=\"article__seo-search audit__form Immergiti nelle prestazioni del tuo sito web e mantieni un vantaggio sui tuoi concorrenti con il nostro strumento avanzato di controllo del traffico.\"\n                  action=\"\"\n                  method=\"POST\"\n                  autocomplete=\"off\">\n                <span class=\"error\"><\/span>\n                <div class=\"error__limits\">Something went wrong. Please, try again later.<\/div>\n                <input name=\"url\"\n                       type=\"text\"\n                       placeholder=\"\">\n                <input name=\"register_url\" type=\"hidden\" value=\"traffic-checker\">                <button type=\"submit\"\n                        class=\"sitechecker__text\">\n                    <span>Controlla il traffico<\/span>\n                    <img src=\"\/wp-content\/themes\/sitechecker\/out\/img_design\/loading.svg\"\n                         width=\"31\"\n                         height=\"30\"\n                         class=\"loading\">\n                <\/button>\n            <\/form>\n        <\/div>\n    <\/div>\n    \n<h2 id=\"ik_Final\">Considerazioni Finali sul Controllo Visitatori del Sito Web<\/h2>\n<p>Il nostro strumento \u00e8 una soluzione universale per varie esigenze di analisi dei visitatori. Puoi usarlo per aggregare dati da GA, GSC e SERP in un unico posto. Con dashboard di configurazione completamente automatici, puoi ottenere informazioni utili e concentrarti sui dati che ti daranno i migliori risultati. Inoltre, puoi utilizzarlo per analisi di mercato e controlli della concorrenza, inclusa la stima del traffico organico e la valutazione dei prezzi. Scopri quali parole chiave danno ai tuoi rivali la migliore visibilit\u00e0 e risultati di traffico per migliorare le tue prestazioni. Pu\u00f2 essere un&#8217;ottima soluzione per controllare e analizzare il traffico in un unico posto.<\/p>\n<div id=\"FAQ\"><\/div>\n<p><div class=\"front__faq-block\"><div class=\"faq__block-title\">FAQ<\/div><div class=\"panel-group\" id=\"faq-accordion\" itemscope itemtype=\"https:\/\/schema.org\/FAQPage\" role=\"tablist\" aria-multiselectable=\"true\"><div class=\"panel\" itemscope itemtype=\"https:\/\/schema.org\/Question\" itemprop=\"mainEntity\">\n                            <div class=\"panel-heading\" id=\"headingFaq-1\">\n                                <div class=\"panel-title\" data-toggle=\"collapse\" aria-expanded=\"false\" href=\"#collapseFaq-1\">\n                                    <h3 itemprop=\"name\">Posso controllare il traffico del sito gratuitamente?<\/h3>\n                                <\/div>\n                            <\/div>\n                            <div id=\"collapseFaq-1\" class=\"panel-collapse collapse\" itemprop=\"acceptedAnswer\" itemscope itemtype=\"http:\/\/schema.org\/Answer\">\n                                <div class=\"panel-body\" itemprop=\"text\">S\u00ec! Con il nostro analizzatore di traffico del sito web, puoi iniziare una prova gratuita per 14 giorni e ottenere l'accesso completo alle funzionalit\u00e0 del nostro strumento. Tuttavia, al termine del periodo di prova, se desideri continuare a monitorare i tuoi dati e accedere a funzionalit\u00e0 aggiuntive come controllo e monitoraggio del sito, ecc. Dovrai eseguire l'upgrade a un piano a pagamento.<\/div>\n                            <\/div>\n                        <\/div><div class=\"panel\" itemscope itemtype=\"https:\/\/schema.org\/Question\" itemprop=\"mainEntity\">\n                            <div class=\"panel-heading\" id=\"headingFaq-2\">\n                                <div class=\"panel-title\" data-toggle=\"collapse\" aria-expanded=\"false\" href=\"#collapseFaq-2\">\n                                    <h3 itemprop=\"name\">Come controllare il traffico del sito web per il mio sito web?<\/h3>\n                                <\/div>\n                            <\/div>\n                            <div id=\"collapseFaq-2\" class=\"panel-collapse collapse\" itemprop=\"acceptedAnswer\" itemscope itemtype=\"http:\/\/schema.org\/Answer\">\n                                <div class=\"panel-body\" itemprop=\"text\">Inserisci semplicemente il nome di dominio del tuo sito e avvia la prova gratuita. Quindi, scegli l'opzione per controllare il tuo sito. Riceverai il pacchetto completo di dati da GSC, GA e SERP.<\/div>\n                            <\/div>\n                        <\/div><div class=\"panel\" itemscope itemtype=\"https:\/\/schema.org\/Question\" itemprop=\"mainEntity\">\n                            <div class=\"panel-heading\" id=\"headingFaq-3\">\n                                <div class=\"panel-title\" data-toggle=\"collapse\" aria-expanded=\"false\" href=\"#collapseFaq-3\">\n                                    <h3 itemprop=\"name\">Come trovare traffico per il sito Web di un concorrente?<\/h3>\n                                <\/div>\n                            <\/div>\n                            <div id=\"collapseFaq-3\" class=\"panel-collapse collapse\" itemprop=\"acceptedAnswer\" itemscope itemtype=\"http:\/\/schema.org\/Answer\">\n                                <div class=\"panel-body\" itemprop=\"text\">Inserisci semplicemente il nome di dominio del tuo concorrente e inizia la prova gratuita. Quindi, seleziona l'opzione per controllare i siti della concorrenza. In pochi secondi riceverai i dati sul traffico organico del concorrente, il valore del traffico, le posizioni nelle SERP organiche e le migliori parole chiave che generano visitatori.<\/div>\n                            <\/div>\n                        <\/div><div class=\"panel\" itemscope itemtype=\"https:\/\/schema.org\/Question\" itemprop=\"mainEntity\">\n                            <div class=\"panel-heading\" id=\"headingFaq-4\">\n                                <div class=\"panel-title\" data-toggle=\"collapse\" aria-expanded=\"false\" href=\"#collapseFaq-4\">\n                                    <h3 itemprop=\"name\">Posso vedere la cronologia del traffico del sito utilizzando lo strumento?<\/h3>\n                                <\/div>\n                            <\/div>\n                            <div id=\"collapseFaq-4\" class=\"panel-collapse collapse\" itemprop=\"acceptedAnswer\" itemscope itemtype=\"http:\/\/schema.org\/Answer\">\n                                <div class=\"panel-body\" itemprop=\"text\">Collegando i tuoi account Google Analytics e Google Search Console con Sitechecker, sarai in grado di accedere ai dati storici per il tuo sito.<\/div>\n                            <\/div>\n                        <\/div><div class=\"panel\" itemscope itemtype=\"https:\/\/schema.org\/Question\" itemprop=\"mainEntity\">\n                            <div class=\"panel-heading\" id=\"headingFaq-5\">\n                                <div class=\"panel-title\" data-toggle=\"collapse\" aria-expanded=\"false\" href=\"#collapseFaq-5\">\n                                    <h3 itemprop=\"name\">Cos'\u00e8 l'analisi del traffico del sito web?<\/h3>\n                                <\/div>\n                            <\/div>\n                            <div id=\"collapseFaq-5\" class=\"panel-collapse collapse\" itemprop=\"acceptedAnswer\" itemscope itemtype=\"http:\/\/schema.org\/Answer\">\n                                <div class=\"panel-body\" itemprop=\"text\">L'analisi del traffico del sito Web comporta la raccolta e l'interpretazione (analisi) dei dati sui visitatori del tuo sito Web al fine di comprenderne il comportamento.<\/div>\n                            <\/div>\n                        <\/div><div class=\"panel\" itemscope itemtype=\"https:\/\/schema.org\/Question\" itemprop=\"mainEntity\">\n                            <div class=\"panel-heading\" id=\"headingFaq-6\">\n                                <div class=\"panel-title\" data-toggle=\"collapse\" aria-expanded=\"false\" href=\"#collapseFaq-6\">\n                                    <h3 itemprop=\"name\">Posso monitorare il traffico del sito web?<\/h3>\n                                <\/div>\n                            <\/div>\n                            <div id=\"collapseFaq-6\" class=\"panel-collapse collapse\" itemprop=\"acceptedAnswer\" itemscope itemtype=\"http:\/\/schema.org\/Answer\">\n                                <div class=\"panel-body\" itemprop=\"text\">Con il nostro strumento, puoi facilmente e regolarmente raccogliere e tenere traccia delle statistiche sul traffico del sito Web da Google Search Console, Google Analytics e dalle pagine dei risultati dei motori di ricerca (SERP).<\/div>\n                            <\/div>\n                        <\/div><\/div><\/div><\/p>","protected":false},"excerpt":{"rendered":"Che Cos&#8217;\u00e8 uno Strumento per la Stima del Traffico del Sito Web? \u00c8 uno strumento essenziale per qualsiasi proprietario di sito o operatore di marketing che desideri ottimizzare la propria presenza online. Il nostro controllo del traffico del sito web \u00e8 uno strumento di analisi dei dati versatile e potente progettato per aiutarti a monitorare,&#8230;","protected":false},"author":10504980,"featured_media":6981,"parent":0,"menu_order":0,"comment_status":"closed","ping_status":"closed","template":"pages-templates\/pages-minitools-3.php","meta":[],"categories":[75],"tags":[],"_links":{"self":[{"href":"https:\/\/sitechecker.pro\/it\/wp-json\/wp\/v2\/pages\/6404"}],"collection":[{"href":"https:\/\/sitechecker.pro\/it\/wp-json\/wp\/v2\/pages"}],"about":[{"href":"https:\/\/sitechecker.pro\/it\/wp-json\/wp\/v2\/types\/page"}],"author":[{"embeddable":true,"href":"https:\/\/sitechecker.pro\/it\/wp-json\/wp\/v2\/users\/10504980"}],"replies":[{"embeddable":true,"href":"https:\/\/sitechecker.pro\/it\/wp-json\/wp\/v2\/comments?post=6404"}],"version-history":[{"count":228,"href":"https:\/\/sitechecker.pro\/it\/wp-json\/wp\/v2\/pages\/6404\/revisions"}],"predecessor-version":[{"id":39361,"href":"https:\/\/sitechecker.pro\/it\/wp-json\/wp\/v2\/pages\/6404\/revisions\/39361"}],"wp:featuredmedia":[{"embeddable":true,"href":"https:\/\/sitechecker.pro\/it\/wp-json\/wp\/v2\/media\/6981"}],"wp:attachment":[{"href":"https:\/\/sitechecker.pro\/it\/wp-json\/wp\/v2\/media?parent=6404"}],"wp:term":[{"taxonomy":"category","embeddable":true,"href":"https:\/\/sitechecker.pro\/it\/wp-json\/wp\/v2\/categories?post=6404"},{"taxonomy":"post_tag","embeddable":true,"href":"https:\/\/sitechecker.pro\/it\/wp-json\/wp\/v2\/tags?post=6404"}],"curies":[{"name":"wp","href":"https:\/\/api.w.org\/{rel}","templated":true}]}}