{"id":622,"date":"2020-06-25T08:38:54","date_gmt":"2020-06-25T06:38:54","guid":{"rendered":"https:\/\/sitechecker.pro\/?page_id=622"},"modified":"2024-09-25T10:51:37","modified_gmt":"2024-09-25T10:51:37","slug":"what-is-url","status":"publish","type":"page","link":"https:\/\/sitechecker.pro\/it\/what-is-url\/","title":{"rendered":"Controllo della lunghezza dell&#8217;URL: limite massimo di lunghezza dell&#8217;URL"},"content":{"rendered":"<p>Una delle migliori pratiche nello sviluppo web \u00e8 mantenere i tuoi URL brevi e concisi. Ci\u00f2 rende pi\u00f9 facile ricordare dove risiedono determinati contenuti sul tuo sito e velocizza il caricamento delle tue pagine perch\u00e9 invii meno dati su Internet. Uno <strong>strumento di controllo della lunghezza degli URL<\/strong> misurer\u00e0 la lunghezza di un determinato URL e determiner\u00e0 se soddisfa i requisiti di Google, Yahoo, Bing e altri motori di ricerca, nonch\u00e9 quelli di siti di social media come Facebook e Twitter.<\/p>\n<h2 id=\"what_is\">Che cos&#8217;\u00e8 un controllo lunghezza URL?<\/h2>\n<p>Un controllo della lunghezza dell&#8217;URL \u00e8 uno strumento che consente di visualizzare il numero di caratteri in un URL. In questo modo, puoi vedere se soddisfa il limite di lunghezza dell&#8217;URL dei motori di ricerca e apportare le modifiche necessarie per una migliore ottimizzazione del sito web. La maggior parte dei motori di ricerca consente una lunghezza massima del testo dell&#8217;URL di 2.000-2.500 caratteri. Tuttavia, gli URL lunghi tendono anche a essere pieni di trattini e trattini bassi, il che pu\u00f2 renderli difficili da leggere e meno probabilit\u00e0 di essere visualizzati in una pagina dei risultati di ricerca rispetto alle alternative pi\u00f9 brevi.<\/p>\n<p>Potrebbe essere necessario suddividere URL lunghi in pi\u00f9 parti (ad esempio, trasformando \/about-us\/ in \/about\/, \/history\/ e \/requests\/), oppure potresti trovarlo utilizzando un&#8217;ancora invece di un percorso (ad esempio, #top) funziona meglio per visualizzare informazioni lunghe su una singola pagina web. Quindi la struttura dell&#8217;URL \u00e8 importante.<\/p>\n<p>Assicurati di testare l&#8217;aspetto del tuo URL in diversi browser su diversi sistemi operativi e come appare per gli utenti mobili. Ad esempio, Mozilla Firefox ha un limite di 65.583 caratteri URL, molto pi\u00f9 di qualsiasi motore di ricerca, il che significa che il tuo URL potrebbe essere classificato in modo diverso.<\/p>\n<h2 id=\"how_to\">Come utilizzare il controllo della lunghezza degli URL?<\/h2>\n<p>Sitechecker ti consente di tenere traccia della lunghezza dei tuoi URL in modo da avere una buona reputazione con Google. Sebbene non ci sia un numero specifico dopo il quale potresti incorrere in una sanzione da parte di Google, \u00e8 meglio peccare per eccesso di cautela. Ecco come controllare la lunghezza dell&#8217;URL tramite Sitechecker:<\/p>\n<h3>Passaggio 1: inserisci il tuo URL<\/h3>\n<div class=\"content__img-wrap\"><img src=\"https:\/\/sitechecker.pro\/wp-content\/uploads\/2022\/02\/url_lenght_checker_1.png\" alt=\"URL http o https controllo lunghezza\" class=\"description-img description-img-zoom\" loading=\"lazy\" ><\/div>\n<p>Puoi digitare qualsiasi URL in questa barra di ricerca URL e fare clic sulla freccia per generare risultati.<\/p>\n<h3>Fase 2: Ottieni il risultato<\/h3>\n<div class=\"content__img-wrap\"><img src=\"https:\/\/sitechecker.pro\/wp-content\/uploads\/2022\/02\/url_lenght_checker_2.png\" alt=\"Risultati del controllo URL - crea URL seo friendly per i bot dei motori di ricerca\" class=\"description-img description-img-zoom\" loading=\"lazy\" ><\/div>\n<h2 id=\"URL_max\">Limiti di lunghezza massima URL<\/h2>\n<p>La maggior parte dei motori di ricerca ha un <strong>limite di caratteri URL<\/strong> di 2.000-2.500 caratteri. I limiti URL lunghi sono piuttosto comuni per molti servizi Web (in particolare i siti di social media), ma sono comunque una seccatura. Il limite pu\u00f2 essere particolarmente grave se ti capita di essere un fotografo o se desideri condividere link su luoghi come Reddit e Imgur, dove gli URL lunghi non funzionano bene.<\/p>\n<h2 id=\"seo_friendly\">La lunghezza dell&#8217;URL lo rende SEO friendly?<\/h2>\n<h3>Cosa dice Google?<\/h3>\n<div class=\"article__testimonial\">\n<p><em>La risposta diretta \u00e8 no. La lunghezza dell&#8217;URL non ha importanza. Usiamo gli URL come identificatori, non importa quanto siano lunghi. Personalmente, cerco di mantenerli pi\u00f9 brevi di 1.000 caratteri, ma \u00e8 solo per semplificare il monitoraggio. Anche il numero di barre non ha importanza.<\/em><\/p>\n<p><em><strong>John Mueller, sostenitore della ricerca di Google<\/strong><\/em><\/p>\n<\/div>\n<p>Inoltre, abbiamo una guida dettagliata: &#8220;<a href=\"https:\/\/sitechecker.pro\/it\/what-is-seo-friendly-url\/\" target=\"_blank\" rel=\"noopener noreferrer\">Che cos&#8217;\u00e8 un URL: definizione, struttura ed esempi &amp; Come renderlo SEO friendly?<\/a>&#8221; dai un&#8217;occhiata.<\/p>\n<h3>Che cosa \u00e8 veramente importante nell&#8217;URL per Google?<\/h3>\n<p>Google Chrome consiglia che tutti i siti Web utilizzino https:\/\/. Il nome host \u00e8 l&#8217;indirizzo del tuo sito web, che di solito \u00e8 lo stesso del tuo indirizzo email. Google distingue tra le versioni www e non www di un sito Web (ad esempio www.example.com o solo example.com). Gli esperti consigliano di aggiungere a Search Console le versioni http:\/\/ e https:\/\/ del tuo sito web, nonch\u00e9 le varianti www e non www.<\/p>\n<p>Il percorso, il nome del file e la stringa di query determinano a quale materiale \u00e8 possibile accedere dal server Web. Poich\u00e9 questi tre elementi fanno distinzione tra maiuscole e minuscole, l&#8217;URL per TITLE sar\u00e0 diverso dall&#8217;URL per il titolo. Il nome host e il protocollo non fanno distinzione tra maiuscole e minuscole; quindi, la capitalizzazione non ha importanza.<\/p>\n<p>Un frammento, ad esempio #info, indica dove scorrer\u00e0 il browser nella pagina. Poich\u00e9 il materiale \u00e8 solitamente lo stesso indipendentemente dal frammento utilizzato, i motori di ricerca normalmente lo ignorano. Una barra finale che segue il nome host \u00e8 facoltativa quando ci si collega alla home page perch\u00e9 porta allo stesso contenuto (https:\/\/example.com\/ \u00e8 lo stesso di https:\/\/example.com). Una barra finale nel percorso e nel nome del file viene interpretata come un URL distinto (che indica un file o una directory); pertanto, https:\/\/example.com\/fish non \u00e8 lo stesso di https:\/\/example.com\/fish\/.<\/p>\n    <div class=\"blog__conversion blog__conversion-app element__logged_out\">\n        <div class=\"blog__conversion-inner\">\n            <p class=\"title\">Rileva non solo il problema del limite di lunghezza degli URL, ma tutti i tipi di problemi degli URL!<\/p>\n            <p class=\"description\">Esegui la scansione del tuo sito e scopri tutti gli URL con problemi che possono danneggiare i tuoi utenti o il SEO del tuo sito Web.<\/p>\n            <form id=\"audit__form\"\n                  class=\"article__seo-search audit__form Esegui la scansione del tuo sito e scopri tutti gli URL con problemi che possono danneggiare i tuoi utenti o il SEO del tuo sito Web.\"\n                  action=\"\"\n                  method=\"POST\"\n                  autocomplete=\"off\">\n                <span class=\"error\"><\/span>\n                <div class=\"error__limits\">Something went wrong. Please, try again later.<\/div>\n                <input name=\"url\"\n                       type=\"text\"\n                       placeholder=\"Incolla qui il tuo nome di dominio\">\n                                <button type=\"submit\"\n                        class=\"sitechecker__text\">\n                    <span>Avvia audit<\/span>\n                    <img src=\"\/wp-content\/themes\/sitechecker\/out\/img_design\/loading.svg\"\n                         width=\"31\"\n                         height=\"30\"\n                         class=\"loading\">\n                <\/button>\n            <\/form>\n        <\/div>\n    <\/div>\n    \n<h3 id=\"experts\">Cosa dicono gli esperti SEO?<\/h3>\n<p>La lunghezza di un URL \u00e8 un fattore importante nel determinare quanto sia facile da usare e leggibile, specialmente nei social media. Nel caso dell&#8217;ottimizzazione dei motori di ricerca, un URL lungo potrebbe avere alcuni vantaggi SEO, come il riempimento di parole chiave nell&#8217;URL, verranno evidenziati e potrebbero fornire ulteriore rilevanza. Inoltre, pu\u00f2 influire sulla percentuale di clic. Ma nel complesso, non \u00e8 il fattore principale e pu\u00f2 danneggiare l&#8217;usabilit\u00e0 del tuo sito Web, quindi dovresti mantenere l&#8217;equilibrio. In questo video, otterrai una spiegazione completa delle migliori pratiche SEO per quanto riguarda la lunghezza dell&#8217;URL:<\/p>\n<p><iframe width=\"770\" height=\"350\" src=\"https:\/\/www.youtube.com\/embed\/7wB_7O1049c\" title=\"YouTube video player\" frameborder=\"0\" allow=\"accelerometer; autoplay; clipboard-write; encrypted-media; gyroscope; picture-in-picture\" allowfullscreen><\/iframe><\/p>\n<p>La maggior parte degli esperti concorda sul fatto che nel contesto della lunghezza dell&#8217;URL dovresti <strong>mantenere l&#8217;attenzione su:<\/strong><\/p>\n<h4>Percentuale clic<\/h4>\n<p>La percentuale di clic, o CTR, \u00e8 estremamente importante nella SEO. CTR si riferisce alla percentuale di persone che hanno cliccato sul tuo snippet in SERP. Un CTR basso pu\u00f2 indicare la scarsa pertinenza del tuo snippet rispetto alle parole chiave ed essere il motivo del downgrade della posizione.<\/p>\n<p>Il miglioramento del CTR \u00e8 una delle tecniche infallibili per migliorare il tuo posizionamento SEO. Investire in esso pu\u00f2 comportare un&#8217;ampia gamma di vantaggi, inclusi ranghi SERP pi\u00f9 elevati, pi\u00f9 traffico e pi\u00f9 conversioni. URL pi\u00f9 brevi possono portare a percentuali di clic elevate.<\/p>\n<h4>Visualizzazione sui social media<\/h4>\n<p>Conoscere il conteggio dei personaggi dei social media aiuta a ottenere pi\u00f9 portata e coinvolgere i visitatori nei post. Tuttavia, ogni piattaforma di social media ha i suoi requisiti. Ad esempio, Facebook consente un limite di 63.206 caratteri nei post normali, mentre Instagram consente solo 2.200 caratteri. Anche cos\u00ec, i post pi\u00f9 brevi sono sempre pi\u00f9 coinvolgenti e molti esperti concordano sul fatto che i post di Facebook dovrebbero contenere meno di 50 caratteri.<\/p>\n<p>Ma fare gli esperimenti \u00e8 l&#8217;unico modo corretto per convalidare le informazioni e ottenere i tuoi risultati.<\/p>","protected":false},"excerpt":{"rendered":"Una delle migliori pratiche nello sviluppo web \u00e8 mantenere i tuoi URL brevi e concisi. Ci\u00f2 rende pi\u00f9 facile ricordare dove risiedono determinati contenuti sul tuo sito e velocizza il caricamento delle tue pagine perch\u00e9 invii meno dati su Internet. Uno strumento di controllo della lunghezza degli URL misurer\u00e0 la lunghezza di un determinato URL&#8230;","protected":false},"author":10409641,"featured_media":3347,"parent":0,"menu_order":0,"comment_status":"closed","ping_status":"closed","template":"pages.php","meta":[],"categories":[74],"tags":[],"_links":{"self":[{"href":"https:\/\/sitechecker.pro\/it\/wp-json\/wp\/v2\/pages\/622"}],"collection":[{"href":"https:\/\/sitechecker.pro\/it\/wp-json\/wp\/v2\/pages"}],"about":[{"href":"https:\/\/sitechecker.pro\/it\/wp-json\/wp\/v2\/types\/page"}],"author":[{"embeddable":true,"href":"https:\/\/sitechecker.pro\/it\/wp-json\/wp\/v2\/users\/10409641"}],"replies":[{"embeddable":true,"href":"https:\/\/sitechecker.pro\/it\/wp-json\/wp\/v2\/comments?post=622"}],"version-history":[{"count":148,"href":"https:\/\/sitechecker.pro\/it\/wp-json\/wp\/v2\/pages\/622\/revisions"}],"predecessor-version":[{"id":33591,"href":"https:\/\/sitechecker.pro\/it\/wp-json\/wp\/v2\/pages\/622\/revisions\/33591"}],"wp:featuredmedia":[{"embeddable":true,"href":"https:\/\/sitechecker.pro\/it\/wp-json\/wp\/v2\/media\/3347"}],"wp:attachment":[{"href":"https:\/\/sitechecker.pro\/it\/wp-json\/wp\/v2\/media?parent=622"}],"wp:term":[{"taxonomy":"category","embeddable":true,"href":"https:\/\/sitechecker.pro\/it\/wp-json\/wp\/v2\/categories?post=622"},{"taxonomy":"post_tag","embeddable":true,"href":"https:\/\/sitechecker.pro\/it\/wp-json\/wp\/v2\/tags?post=622"}],"curies":[{"name":"wp","href":"https:\/\/api.w.org\/{rel}","templated":true}]}}