{"id":554,"date":"2023-12-07T12:15:10","date_gmt":"2023-12-07T12:15:10","guid":{"rendered":"https:\/\/sitechecker.pro\/?page_id=554"},"modified":"2025-05-21T13:13:20","modified_gmt":"2025-05-21T13:13:20","slug":"meta-tags","status":"publish","type":"page","link":"https:\/\/sitechecker.pro\/it\/meta-tags\/","title":{"rendered":"Meta Tag: importanza per il SEO, esempi e consigli per un uso corretto"},"content":{"rendered":"<p><\/p>\n<h2>Meta tag cosa sono?<\/h2>\n<p>&nbsp;<\/p>\n<p>Hai familiarit\u00e0 con gli altri meta tag SEO, oltre a quelli ben noti di descrizione e parole chiave SEO? Qui puoi trovarne un elenco, suddiviso in tre categorie: quelle buone, quelle cattive e quelle indifferenti (dipende da te se usarle o meno). Per di pi\u00f9, dopo aver letto questo articolo fino alla fine, scoprirai che il numero di quelle cattive \u00e8 maggiore rispetto al resto. Naturalmente, \u00e8 impossibile creare un elenco completo di meta tag HTML, per cui, se ne hai bisogno di pi\u00f9, puoi sempre trovarne qualcuna extra utilizzando questa<a href=\"https:\/\/www.metatags.org\/all-meta-tags-overview\/\" target=\"_blank\" rel=\"noopener noreferrer\"> fonte di meta tag.<\/a><\/p>\n<div class=\"box\">Il consiglio pi\u00f9 utile che possiamo darti ora, \u00e8 quello di non aggiungere elementi meta extra solo per riempire lo spazio, se non ce n&#8217;\u00e8 bisogno. Come sai, quantit\u00e0 non corrisponde a qualit\u00e0, quindi dovresti sempre considerare il processo di codifica in termini di come si rifletter\u00e0 nel tuo browser e come pu\u00f2 aiutarti a ottenere quello che vuoi sul web.<\/div>\n<p>&nbsp;<\/p>\n<h2>Cattive<\/h2>\n<p>&nbsp;<\/p>\n<p>Non possiamo affermare che questi tag possano influenzare negativamente il tuo sito, ma sono solo uno spreco di spazio nella tua codifica.<\/p>\n<ul>\n<li>\u00a0<strong>Tag autore<\/strong> \u2013 specifica l&#8217;autore della pagina. Hai davvero bisogno di citarlo?<\/li>\n<li><strong>Generatore tag<\/strong> \u2013 viene utilizzato per chiarire quale programma ha generato la tua pagina. Tuttavia, a mio parere, non vale la pena utilizzarlo.<\/li>\n<li><strong>Tag del tipo di risorsa<\/strong> \u2013 specifica il tipo di origine della pagina, ma al tempo stesso \u00e8 possibile utilizzare DTD per risparmiare tempo.<\/li>\n<li><strong>Rivisitare dopo il tag<\/strong> \u2013 d\u00e0 ai <a href=\"https:\/\/sitechecker.pro\/it\/google-bot\/\">robot di ricerca<\/a> una direzione per tornare alla pagina ancora una volta dopo un certo tempo, ma la maggior parte dei motori di ricerca pi\u00f9 famosi non la supporta.<\/li>\n<li><strong>Tag di valutazione<\/strong> \u2013 aiuta ad aggiungere limiti di et\u00e0 ai tuoi contenuti, ma pensiamo che il modo migliore per gestire le immagini per adulti, sia collocarle in una directory isolata, che si trova lontano dalle normali immagini utilizzate dal sito e che Google le notifichi.<\/li>\n<li><strong>Tag di distribuzione<\/strong> \u2013 viene utilizzato quando \u00e8 necessario modificare l&#8217;accessibilit\u00e0 al documento; nella maggior parte dei casi, ha una modalit\u00e0 &#8220;globale&#8221; di default, quindi se la tua pagina \u00e8 aperta, significa che \u00e8 aperta in tutto il mondo.<\/li>\n<li><strong>Tag astratto<\/strong> \u2013 viene utilizzato quando \u00e8 necessario aggiungere solo un astratto al testo.<\/li>\n<li><strong>Data\/scadenza tag<\/strong> \u2013 la data viene utilizzata per specificare una data esatta del momento della creazione della pagina, mentre la scadenza, appunto, la sua scadenza. Tuttavia, molto pi\u00f9 utile \u00e8 la rimozione delle pagine quando scadono da sole e aggiornare costantemente la <a href=\"https:\/\/sitechecker.pro\/it\/xml-sitemap\/\">Sitemap XML<\/a>.<\/li>\n<li><strong>Tag del copyright<\/strong> \u2013 se \u00e8 gi\u00e0 presente nella sezione a pi\u00e8 pagina, perch\u00e9 usarlo ancora?<\/li>\n<li><strong>Tag per il controllo della cache<\/strong> \u2013 consente di controllare il periodo in cui una pagina viene memorizzata nella cache di un browser, ma \u00e8 preferibile farlo in un&#8217;intestazione HTTP.<\/li>\n<\/ul>\n<p>&nbsp;<\/p>\n<h2>Buone<\/h2>\n<p>&nbsp;<\/p>\n<p>Le meta tag &#8220;buone&#8221; dovrebbero essere utilizzate su ogni pagina. Naturalmente, questo non \u00e8 un elenco completo, ma dovresti utilizzarle tutte:<\/p>\n<ul>\n<li>\u00a0<a href=\"https:\/\/sitechecker.pro\/it\/meta-title\/\"><strong>Meta titolo<\/strong> <\/a>\u2013 si tratta di un elemento molto importante per qualsiasi ottimizzazione SEO, in quanto posto nella sezione dell&#8217;intestazione e contiene i dati pi\u00f9 importanti. L&#8217;unica regola che devi seguire \u00e8 creare un titolo esclusivo per ogni pagina.<\/li>\n<li><a href=\"https:\/\/sitechecker.pro\/it\/meta-tag-description\/\"><strong>Meta descrizione<\/strong><\/a> \u2013 questo elemento meta, funge da descrizione della pagina per varie <a href=\"https:\/\/sitechecker.pro\/it\/serp\/\">SERP<\/a>. Anche se non influenza direttamente la classificazione di un sito, \u00e8 comunque molto importante, in quanto mira a costringere un utente a visitare il tuo sito. Per scrivere una buona descrizione, dovresti seguire queste regole: deve essere di circa 160 caratteri e per di pi\u00f9, deve essere accattivante.<\/li>\n<li><strong>Meta tag del tipo di contenuto<\/strong> \u2013 deve essere utilizzato su ogni pagina, in quanto mostra il set di caratteri della pagina e la sua omissione, pu\u00f2 influenzare il rendering di una pagina del browser. Qui sono presenti diversi varianti, ma un esperto web designer pu\u00f2 scegliere l&#8217;opzione migliore per il sito.<\/li>\n<\/ul>\n<div class=\"code\"><code>&lt;meta http-equiv=\"Content-Type\" content=\"text\/html; charset=utf-8\" \/&gt;<br \/>\n&lt;meta http-equiv=\"Content-Type\" content=\"text\/html; charset=ISO-8859-1\"&gt;<\/code><\/div>\n<ul>\n<li>\u00a0Viewport \u2013 nella nostra era tecnologica, questo \u00e8 un elemento molto importante se desideri che il tuo sito abbia una buona UX mobile. Puoi utilizzare programmi come Google PageSpeed Insights Tool per ottenere informazioni pi\u00f9 dettagliate. Altrimenti, questo \u00e8 il tag standard:<\/li>\n<\/ul>\n<div class=\"code\"><code>&lt;meta name=viewport content=\"width=device-width, initial-scale=1\"&gt;<\/code><\/div>\n<div><\/div>\n<h2>Indifferenti<\/h2>\n<p>&nbsp;<\/p>\n<p>Questi tag non sono obbligatori da utilizzare e, francamente, \u00e8 meglio evitare di usarli se non per casi particolari, dove \u00e8 impossibile farlo.<\/p>\n<ul>\n<li>\u00a0<strong>Meta tag social<\/strong> \u2013 le informazioni da Twitter e <a href=\"https:\/\/sitechecker.pro\/it\/open-graph\/\">OpenGraph<\/a> nella maggior parte dei casi sono fondamentali, ma non obbligatorie.<\/li>\n<li>\u00a0<strong>Tag della lingua<\/strong> \u2013 \u00e8 possibile utilizzarlo se \u00e8 necessario indicare una lingua definita utilizzata dalla pagina. Per esempio, se ti trasferisci in un altro paese.<\/li>\n<li><strong>Tag specifici per bot<\/strong> \u2013 serve per dare istruzioni al bot come noodp (dicendogli che \u00e8 vietato utilizzare i dati elencati da DMOZ) e noydir (abbastanza simile, ma qui si fa riferimento alle informazioni elencate da Yahoo Directory). Francamente, i <a href=\"https:\/\/sitechecker.pro\/it\/search-engines\/\">motori di ricerca <\/a>possono farlo da soli, ma se pensi davvero che sia ci\u00f2 di cui hai bisogno, fallo.<\/li>\n<li><strong>Robot<\/strong> \u2013 alcuni specialisti pensano davvero che questo sia un meta tag obbligatorio. Tuttavia, cerchiamo di capire. In termini d&#8217;indicizzazione della pagina, se non aggiungi il meta tag robot, i bot lo leggeranno come segue l&#8217;indice. Se hai davvero bisogno di cambiare questo comando, puoi usare questi tag robot. Nel caso in cui desideri seguire il link noindex sulla pagina, devi utilizzare questo elemento con noindex.<\/li>\n<\/ul>\n<div class=\"code\"><code>&lt;meta name=\"robots\" content=\"noindex\" \/&gt;<\/code><\/div>\n<ul>\n<li>\u00a0<strong>Tag di refresh<\/strong> \u2013 \u00e8 una variante di reindirizzamento da evitare in ogni caso. La migliore variante \u00e8 il buon vecchio <a href=\"https:\/\/sitechecker.pro\/it\/301-redirect\/\">reindirizzamento 301<\/a>, anche se hai bisogno che i passaggi vengano presi al pi\u00f9 presto.<\/li>\n<li><a href=\"https:\/\/sitechecker.pro\/it\/meta-keywords\/\"><strong>Tag parole chiave<\/strong><\/a> \u2013 a causa delle tante strategie SEO, non \u00e8 consigliabile utilizzarlo, perch\u00e9 la possibilit\u00e0 che possa aiutarti in qualche modo \u00e8 molto bassa. Pertanto, se \u00e8 stato utilizzato automaticamente durante la creazione di un sito, lascialo, ma in caso contrario, non aggiungerlo affatto.<\/li>\n<li><strong>Tag GEO<\/strong> \u2013 si considera supportato solo dal motore di ricerca di Bing. Inoltre, \u00e8 diviso in tre tipi: regione, posizione e placename.<\/li>\n<\/ul>\n<div class=\"code\"><code>&lt;META NAME=\"geo.position\" CONTENT=\"latitude; longitude\"&gt;<br \/>\n&lt;META NAME=\"geo.region\" CONTENT=\"Country Subdivision Code\"&gt;<br \/>\n&lt;META NAME=\"geo.placename\" CONTENT=\"Place Name\"&gt;<\/code><\/div>\n<ul>\n<li>\u00a0<strong>Tag di verifica del sito<\/strong> \u2013 a volte \u00e8 obbligatorio utilizzarlo, per autorizzare un sito con Google. Puoi anche utilizzare un file esterno, DNS o semplicemente collegarlo al tuo profilo Google Analytics. Parlando di Bing, meta tag e verifica file XML \u00e8 possibile, ma quella XML \u00e8 sempre la preferibile.<\/li>\n<\/ul>\n<p><\/p>","protected":false},"excerpt":{"rendered":"Meta tag cosa sono? &nbsp; Hai familiarit\u00e0 con gli altri meta tag SEO, oltre a quelli ben noti di descrizione e parole chiave SEO? Qui puoi trovarne un elenco, suddiviso in tre categorie: quelle buone, quelle cattive e quelle indifferenti (dipende da te se usarle o meno). Per di pi\u00f9, dopo aver letto questo articolo&#8230;","protected":false},"author":11474150,"featured_media":3431,"parent":0,"menu_order":0,"comment_status":"closed","ping_status":"closed","template":"pages-templates\/pages-v2.php","meta":[],"categories":[27],"tags":[],"_links":{"self":[{"href":"https:\/\/sitechecker.pro\/it\/wp-json\/wp\/v2\/pages\/554"}],"collection":[{"href":"https:\/\/sitechecker.pro\/it\/wp-json\/wp\/v2\/pages"}],"about":[{"href":"https:\/\/sitechecker.pro\/it\/wp-json\/wp\/v2\/types\/page"}],"author":[{"embeddable":true,"href":"https:\/\/sitechecker.pro\/it\/wp-json\/wp\/v2\/users\/11474150"}],"replies":[{"embeddable":true,"href":"https:\/\/sitechecker.pro\/it\/wp-json\/wp\/v2\/comments?post=554"}],"version-history":[{"count":49,"href":"https:\/\/sitechecker.pro\/it\/wp-json\/wp\/v2\/pages\/554\/revisions"}],"predecessor-version":[{"id":37110,"href":"https:\/\/sitechecker.pro\/it\/wp-json\/wp\/v2\/pages\/554\/revisions\/37110"}],"wp:featuredmedia":[{"embeddable":true,"href":"https:\/\/sitechecker.pro\/it\/wp-json\/wp\/v2\/media\/3431"}],"wp:attachment":[{"href":"https:\/\/sitechecker.pro\/it\/wp-json\/wp\/v2\/media?parent=554"}],"wp:term":[{"taxonomy":"category","embeddable":true,"href":"https:\/\/sitechecker.pro\/it\/wp-json\/wp\/v2\/categories?post=554"},{"taxonomy":"post_tag","embeddable":true,"href":"https:\/\/sitechecker.pro\/it\/wp-json\/wp\/v2\/tags?post=554"}],"curies":[{"name":"wp","href":"https:\/\/api.w.org\/{rel}","templated":true}]}}