{"id":543,"date":"2020-07-20T12:39:04","date_gmt":"2020-07-20T10:39:04","guid":{"rendered":"https:\/\/sitechecker.pro\/?page_id=543"},"modified":"2026-02-13T17:47:15","modified_gmt":"2026-02-13T17:47:15","slug":"meta-title","status":"publish","type":"page","link":"https:\/\/sitechecker.pro\/it\/meta-title\/","title":{"rendered":"Controllo SEO titolo Meta gratuito | Rendi il tag del titolo 100% SEO friendly \u1408"},"content":{"rendered":"<p><\/p>\n<h2 id=\"what\"><strong>Cos&#8217;\u00e8 il meta titolo<\/strong><\/h2>\n<p><strong>Title Tag<\/strong> \u00e8 il titolo di una pagina che viene quasi sempre utilizzato nei risultati dei motori di ricerca. \u00c8 una parte molto importante della SEO in quanto i motori di ricerca determinano se una pagina \u00e8 rilevante per le query di ricerca di determinati utenti. I tag del titolo in SEO vengono utilizzati anche per attirare l&#8217;attenzione degli utenti, aiutano a capire quali informazioni verranno visualizzate sulla pagina. Ma il ranking SERPS non \u00e8 solo un posto in cui gli utenti vedono il titolo di una pagina. Ed \u00e8 di fondamentale importanza capire.<\/p>\n<h3><strong>1. Titolo in codice HTML<\/strong><\/h3>\n<p>Ecco come appaiono il titolo e il meta titolo nel codice. Puoi copiarlo in 1 clic.<\/p>\n<div class=\"code\"><code>&lt;html&gt;<br \/>\n&lt;head&gt;<br \/>\n&lt;meta name=\"title\" content =\"Free On-Page SEO Checker - Get Your SEO Score Now\"&gt;<br \/>\n&lt;title&gt;Free On-Page SEO Checker - Get Your SEO Score Now&lt;\/title&gt;<br \/>\n&lt;\/head&gt;<br \/>\n&lt;\/html&gt;<br \/>\n<\/code><\/div>\n<h3><strong>2. Titolo in SERP<\/strong><\/h3>\n<p>La SERP pu\u00f2 essere il posto pi\u00f9 importante, perch\u00e9 la ricerca organica \u00e8 una delle maggiori fonti di traffico del sito web rilevante.<\/p>\n<div class=\"content__img-wrap\"><img src=\"https:\/\/sitechecker.pro\/wp-content\/uploads\/2017\/12\/title-tag-in-serp.png\" alt=\"tag title in serp\" class=\"description-img description-img-zoom\" loading=\"lazy\" ><\/div>\n<h3><strong>3. Titolo nei social media<\/strong><\/h3>\n<p>Ricorda che le persone possono condividere i tuoi contenuti sui social media. Quante persone visiteranno questi link dipende da quanto \u00e8 buono il tuo titolo. Il comportamento degli utenti nei motori di ricerca e nei social media \u00e8 diverso. Gli utenti vedono una SERP specifica nel motore di ricerca dipende dalle query che hanno inserito. Ma mentre usano i social media spesso non hanno un obiettivo chiaro. Ecco perch\u00e9 a volte \u00e8 meglio impostare un altro titolo nei tag di grafici aperti.<\/p>\n<div class=\"content__img-wrap\"><img src=\"https:\/\/sitechecker.pro\/wp-content\/uploads\/2017\/12\/title-tag-in-social-media.png\" alt=\"tag del titolo nei social media\" class=\"description-img description-img-zoom\" loading=\"lazy\" ><\/div>\n<h3><strong>4. Titolo nella scheda del browser<\/strong><\/h3>\n<p>Pi\u00f9 schede aperte che l&#8217;utente ha mentre lavora nel browser, pi\u00f9 importante per lui navigare rapidamente tra di esse. E ci sono due punti che lo aiutano in questo scopo: favicon e titolo del sito.<\/p>\n<div class=\"content__img-wrap\"><img src=\"https:\/\/sitechecker.pro\/wp-content\/uploads\/2017\/12\/title-tag-in-browser-tab.png\" alt=\"tag del titolo nella scheda del browser\" class=\"description-img description-img-zoom\" loading=\"lazy\" ><\/div>\n<h3><strong>5. Titolo nei segnalibri del browser<\/strong><\/h3>\n<p>I link utili vengono salvati nei segnalibri del browser. Con alta probabilit\u00e0, se l&#8217;utente ha molti segnalibri, dimenticher\u00e0 di quale pagina si tratta. Ecco perch\u00e9 anche in questo caso un titolo chiaro \u00e8 d&#8217;obbligo.<\/p>\n<div class=\"content__img-wrap\"><img src=\"https:\/\/sitechecker.pro\/wp-content\/uploads\/2017\/12\/title-tag-in-browser-bookmark.png\" alt=\"tag del titolo nei segnalibri del browser\" class=\"description-img description-img-zoom\" loading=\"lazy\" ><\/div>\n<h2 id=\"wh\u043d\"><strong>Perch\u00e9 il titolo \u00e8 importante<\/strong><\/h2>\n<p>Il tag del titolo \u00e8 importante per due motivi.<\/p>\n<ul>\n<li><strong>Fattore di ranking.<\/strong> Poich\u00e9 uno dei 200 fattori di ranking, il titolo ha un&#8217;influenza sulla visualizzazione della tua pagina in cima alle parole chiave o meno. L&#8217;impatto del titolo dipende dal fatto che contenga o meno una parola chiave (ed \u00e8 meglio se il titolo inizia con questa parola chiave).<\/li>\n<li><strong>Fattore di conversione.<\/strong> Questo \u00e8 un CTR medio (percentuale di clic) della tua pagina. Questa metrica la possiamo ottenere sommando il CTR da tutte le fonti: ricerca organica, social media, schede del browser, messaggistica, ecc. La navigazione attraverso l&#8217;utente web prende molte decisioni. Ogni volta che visita una pagina risponde a domande: <em>&#8220;\u00e8 quello che mi serve adesso?&#8221;<\/em> e <em>&#8220;perch\u00e9 questa pagina e non un&#8217;altra?&#8221;<\/em>. Se il tuo titolo \u00e8 noioso, non pertinente e troppo lungo, c&#8217;\u00e8 un alto rischio che nessuno faccia clic su di esso.<\/li>\n<\/ul>\n<h2 id=\"howtouse\"><strong>Come controllare un tag meta title con il nostro strumento di test?<\/strong><\/h2>\n<p>Il nostro controllo \u00e8 un modo semplice per testare il meta titolo in questo momento sulla pagina. Basta inserire l&#8217;URL e premere il pulsante e riceverai il rapporto dopo pochi secondi.<\/p>\n<div class=\"content__img-wrap\"><img src=\"https:\/\/sitechecker.pro\/wp-content\/uploads\/2022\/01\/title_checker_step_1.png\" alt=\"Controllo tag titolo SEO per semplificare l'ottimizzazione dei motori di ricerca\" class=\"description-img description-img-zoom\" loading=\"lazy\" ><\/div>\n<p>Una volta completata la scansione, otterrai il testo del titolo per il tuo URL di controllo. I dati di lunghezza del titolo e nel caso del problema il suggerimento su come risolverlo.<\/p>\n<div class=\"content__img-wrap\"><img src=\"https:\/\/sitechecker.pro\/wp-content\/uploads\/2022\/01\/title_checker_step_2.png\" alt=\"report su come il titolo viene visualizzato nei risultati di ricerca di Google\" class=\"description-img description-img-zoom\" loading=\"lazy\" ><\/div>\n<h2 id=\"howtocreate\"><strong>Come creare un buon titolo di meta tag<\/strong><\/h2>\n<h3><strong>1. Disponibilit\u00e0<\/strong><\/h3>\n<p>La riga del titolo del sito Web deve essere riempita! In caso contrario, la pagina non verr\u00e0 classificata. Il problema del titolo mancante deve essere rilevato e risolto in tempo.<\/p>\n<h3><strong>2. Lunghezza<\/strong><\/h3>\n<p>La lunghezza ottimale del meta titolo va da 60 a 120 simboli, ma poich\u00e9 l&#8217;utente non pu\u00f2 visualizzare pi\u00f9 di 60 caratteris nella pagina dei risultati della query, consigliamo vivamente di creare titoli che non superino questo limite. Il problema quando il titolo SEO \u00e8 troppo corto o il tag del titolo \u00e8 troppo lungo deve essere risolto.<\/p>\n<div class=\"content__img-wrap\"><img src=\"https:\/\/sitechecker.pro\/wp-content\/uploads\/2017\/12\/meta-title-length.png\" alt=\"meta lunghezza del titolo\" class=\"description-img description-img-zoom\" loading=\"lazy\" ><\/div>\n<h3><strong>3. Rilevanza<\/strong><\/h3>\n<p>Il titolo deve riflettere lo scopo di questa pagina, vale a dire, dovrebbe essere pertinente al suo contenuto. Altrimenti, i motori di ricerca popolari possono sceglierlo da soli.<\/p>\n<h3><strong>4. Utilizzo delle parole chiave<\/strong><\/h3>\n<p>La parola chiave pi\u00f9 frequente (nella voce diretta) tra coloro che partecipano alla promozione della pagina dovrebbe essere inclusa nel titolo del meta tag. Di norma, c&#8217;\u00e8 una raccomandazione che dovrebbe essere posizionato il pi\u00f9 vicino possibile all&#8217;inizio del testo. \u00c8 un problema quando non sono state trovate parole chiave nel titolo della pagina.<\/p>\n<div class=\"article__testimonial\">\n<p><em>Evita il <strong>ripieno di parole chiave<\/strong>. A volte \u00e8 utile avere alcuni termini descrittivi nel titolo, ma non c&#8217;\u00e8 motivo per cui le stesse parole o frasi vengano visualizzate pi\u00f9 volte. Il riempimento di parole chiave pu\u00f2 far sembrare spam i tuoi risultati per Google e per gli utenti.<\/em><\/p>\n<p><em>Google Search Console<\/em><\/p>\n<\/div>\n<h3><strong>5. Nessun duplicato sulla pagina<\/strong><\/h3>\n<p>Il tag &#8220;titolo&#8221; deve essere utilizzato sulla pagina solo una volta e il suo posto \u00e8 nel blocco di codice &#8220;testa&#8221;, non &#8220;corpo&#8221;! Il problema quando vengono trovati pi\u00f9 tag del titolo deve essere risolto.<\/p>\n<h3><strong>6. Nessun duplicato sul sito web<\/strong><\/h3>\n<p>Se possibile, crea un titolo univoco per ogni pagina del sito. Puoi verificare l&#8217;unicit\u00e0 utilizzando Google, basta scrivere il testo in una corrispondenza diretta nella barra di ricerca ed esplorare i risultati. \u00c8 necessario correggere i titoli delle pagine duplicate sul sito web.<\/p>\n    <div class=\"blog__conversion blog__conversion-app element__logged_out\">\n        <div class=\"blog__conversion-inner\">\n            <p class=\"title\">Rileva titoli duplicati sul tuo sito web<\/p>\n            <p class=\"description\">Esegui la scansione del tuo sito web e scopri quali pagine hanno titoli duplicati<\/p>\n            <form id=\"audit__form\"\n                  class=\"article__seo-search audit__form Esegui la scansione del tuo sito web e scopri quali pagine hanno titoli duplicati\"\n                  action=\"\"\n                  method=\"POST\"\n                  autocomplete=\"off\">\n                <span class=\"error\"><\/span>\n                <div class=\"error__limits\">Something went wrong. Please, try again later.<\/div>\n                <input name=\"url\"\n                       type=\"text\"\n                       placeholder=\"Inserisci il tuo dominio qui\">\n                                <button type=\"submit\"\n                        class=\"sitechecker__text\">\n                    <span>Launch audit<\/span>\n                    <img src=\"\/wp-content\/themes\/sitechecker\/out\/img_design\/loading.svg\"\n                         width=\"31\"\n                         height=\"30\"\n                         class=\"loading\">\n                <\/button>\n            <\/form>\n        <\/div>\n    <\/div>\n    \n<h3><strong>7. Attrattiva<\/strong><\/h3>\n<p>Il meta titolo viene mostrato come titolo dell&#8217;articolo nei risultati della query (sopra l&#8217;indirizzo della pagina). I potenziali visitatori della tua pagina sceglieranno di attivare o meno il link a seconda di quanto sia informativo e attraente il titolo. Ecco perch\u00e9 il titolo del meta tag deve attirare il tuo pubblico per aiutarti a vendere. La formulazione che include le particelle &#8220;come&#8221;, &#8220;dove&#8221; e vantaggi dei servizi o dei beni \u00e8 la migliore in questo ambito.<\/p>\n<h2 id=\"titleish1\"><strong>Titolo = H1<\/strong><\/h2>\n<p>La domanda importante \u00e8 che il tag title e il tag h1 possono essere gli stessi. Si consiglia vivamente di utilizzare le stesse parole e combinazioni di parole per i tag &#8220;titolo&#8221; e &#8220;h1&#8221;. Ma ricorda, \u00e8 meglio non usare lo stesso testo per entrambi.<\/p>\n<p>S\u00ec. Ci sono molti siti WordPress che hanno un buon posizionamento nella ricerca organica anche con lo stesso titolo e h1 sulla pagina. Ma dovresti capire che questi tag hanno scopi diversi.<\/p>\n<p>Il tag del titolo \u00e8 un contenuto che aiuta l&#8217;utente a scegliere la tua pagina tra le altre. Qui puoi utilizzare il nome del tuo marchio, i dettagli della geografia e il prezzo.<\/p>\n<p>Il tag H1 \u00e8 un contenuto che aiuta l&#8217;utente solo a spiegare di cosa tratta la pagina. Non \u00e8 necessario includere qui il nome del marchio e il prezzo. L&#8217;utente ti ha gi\u00e0 scelto.<\/p>\n<p>Quindi, i motori di ricerca non puniranno la tua pagina se title e h1 saranno gli stessi. Ma in alcuni casi i visitatori del sito web possono essere confusi.<\/p>\n<h2 id=\"anothertitle\"><strong>Perch\u00e9 Google pu\u00f2 mostrare un altro titolo<\/strong><\/h2>\n<p>A volte Google utilizza un altro contenuto per creare uno snippet di pagina, non contenuto dal tag del titolo. Potresti essere arrabbiato per questo. Ma ricorda che Google raccoglie tonnellate di dati. Potrebbero esistere query per le quali la tua pagina \u00e8 pertinente, ma il titolo non lo \u00e8. Non puoi prevedere tutti i casi.<\/p>\n<div class=\"article__testimonial\">\n<p><em>Se abbiamo rilevato che un determinato risultato presenta uno dei problemi precedenti con il titolo, potremmo provare a generare un titolo migliorato da anchor, testo nella pagina o altre fonti. Tuttavia, a volte anche le pagine con titoli ben formulati, concisi e descrittivi finiranno con titoli diversi nei nostri risultati di ricerca per indicare meglio la loro rilevanza per la query. C&#8217;\u00e8 una semplice ragione per questo: il tag title come specificato da un webmaster \u00e8 limitato a essere statico, fisso indipendentemente dalla query.<\/em><\/p>\n<p><em>Quando conosciamo la query dell&#8217;utente, spesso possiamo trovare testo alternativo da una pagina che spiega meglio perch\u00e9 quel risultato \u00e8 rilevante. L&#8217;utilizzo di questo testo alternativo come titolo aiuta l&#8217;utente e pu\u00f2 anche aiutare il tuo sito. Gli utenti cercano i termini della query o altri segni di pertinenza nei risultati e un titolo personalizzato per la query pu\u00f2 aumentare le possibilit\u00e0 che facciano clic.<\/em><br \/>\n<em>Guida di Google Search Console<\/em><\/p>\n<\/div>\n<p>Nel video qui sotto, Matt Cutts spiega in dettaglio come Google crea snippet in base al contenuto della pagina.<\/p>\n<p><iframe src=\"https:\/\/www.youtube-nocookie.com\/embed\/L3HX_8BAhB4?controls=0\" width=\"770\" height=\"350\" frameborder=\"0\" allowfullscreen=\"allowfullscreen\"><\/iframe><\/p>\n<h2 id=\"howtoaudit\"><strong>Come controllare il sito web per il titolo problemi ag<\/strong><\/h2>\n<p>Tieni presente che ci sono pochissimi siti Web che non presentano problemi tecnici. Molto probabilmente, il tuo sito web ha qualche tipo di problema con i titoli. Per rilevarli, avvia l&#8217;audit nel modulo sopra. Dopo la finitura otterrai un rapporto simile a questa immagine.<\/p>\n<div class=\"content__img-wrap\"><img src=\"https:\/\/sitechecker.pro\/wp-content\/uploads\/2017\/12\/crawl-website-for-titles-and-descriptions.png\" alt=\"scansiona il sito Web per titoli e descrizioni\" class=\"description-img description-img-zoom\" loading=\"lazy\" ><\/div>\n<p>Esplora i tuoi problemi e presta attenzione alle pagine pi\u00f9 preziose all&#8217;inizio utilizzando il software di monitoraggio SEO.<\/p>\n<h2 id=\"gsc\"><strong>Come pu\u00f2 aiutarti Google Search Console<\/strong><\/h2>\n<p>Google Search Console pu\u00f2 aiutarti a scoprire quali parole chiave sono pi\u00f9 rilevanti per il tuo titolo. Prima di pubblicare una nuova pagina probabilmente hai fatto una ricerca per parole chiave. Dopo la pubblicazione della pagina potresti scoprire che Google classifica la tua pagina in base a parole chiave che non ti aspettavi.<\/p>\n<div class=\"content__img-wrap\"><img src=\"https:\/\/sitechecker.pro\/wp-content\/uploads\/2017\/12\/seo-page-title-tool.png\" alt=\"strumento per il titolo della pagina seo\" class=\"description-img description-img-zoom\" loading=\"lazy\" ><\/div>\n<p>Ad esempio, il primo titolo della pagina che stai leggendo ora non include la parola chiave <em>\u201cseo\u201d<\/em>. Ma abbiamo scoperto che questa pagina inizia a classificarsi in base alle frasi che includono questa parola chiave. Quindi, abbiamo aggiornato il titolo e aggiunto una nuova parola chiave.<\/p>","protected":false},"excerpt":{"rendered":"Cos&#8217;\u00e8 il meta titolo Title Tag \u00e8 il titolo di una pagina che viene quasi sempre utilizzato nei risultati dei motori di ricerca. \u00c8 una parte molto importante della SEO in quanto i motori di ricerca determinano se una pagina \u00e8 rilevante per le query di ricerca di determinati utenti. I tag del titolo in&#8230;","protected":false},"author":10409641,"featured_media":3432,"parent":0,"menu_order":0,"comment_status":"closed","ping_status":"closed","template":"pages-templates\/pages-minitools-3.php","meta":[],"categories":[70],"tags":[],"_links":{"self":[{"href":"https:\/\/sitechecker.pro\/it\/wp-json\/wp\/v2\/pages\/543"}],"collection":[{"href":"https:\/\/sitechecker.pro\/it\/wp-json\/wp\/v2\/pages"}],"about":[{"href":"https:\/\/sitechecker.pro\/it\/wp-json\/wp\/v2\/types\/page"}],"author":[{"embeddable":true,"href":"https:\/\/sitechecker.pro\/it\/wp-json\/wp\/v2\/users\/10409641"}],"replies":[{"embeddable":true,"href":"https:\/\/sitechecker.pro\/it\/wp-json\/wp\/v2\/comments?post=543"}],"version-history":[{"count":130,"href":"https:\/\/sitechecker.pro\/it\/wp-json\/wp\/v2\/pages\/543\/revisions"}],"predecessor-version":[{"id":39279,"href":"https:\/\/sitechecker.pro\/it\/wp-json\/wp\/v2\/pages\/543\/revisions\/39279"}],"wp:featuredmedia":[{"embeddable":true,"href":"https:\/\/sitechecker.pro\/it\/wp-json\/wp\/v2\/media\/3432"}],"wp:attachment":[{"href":"https:\/\/sitechecker.pro\/it\/wp-json\/wp\/v2\/media?parent=543"}],"wp:term":[{"taxonomy":"category","embeddable":true,"href":"https:\/\/sitechecker.pro\/it\/wp-json\/wp\/v2\/categories?post=543"},{"taxonomy":"post_tag","embeddable":true,"href":"https:\/\/sitechecker.pro\/it\/wp-json\/wp\/v2\/tags?post=543"}],"curies":[{"name":"wp","href":"https:\/\/api.w.org\/{rel}","templated":true}]}}