{"id":5313,"date":"2019-02-08T12:18:57","date_gmt":"2019-02-08T12:18:57","guid":{"rendered":"https:\/\/sitechecker.pro\/?page_id=5313"},"modified":"2025-02-27T15:18:49","modified_gmt":"2025-02-27T15:18:49","slug":"redirect-checker","status":"publish","type":"page","link":"https:\/\/sitechecker.pro\/it\/redirect-checker\/","title":{"rendered":"Redirect Checker"},"content":{"rendered":"<p>Se vuoi sapere quale traccia di reindirizzamento ha il tuo URL o quale \u00e8 il suo statuscode, inserisci l&#8217;URL richiesto e premi &#8220;Controlla reindirizzamento&#8221;. Il risultato verr\u00e0 visualizzato al termine del test di reindirizzamento.<\/p>\n<p>Questa informazione verr\u00e0 visualizzata nel campo dei risultati. Lo strumento di reindirizzamento \u00e8 utile per ogni webmaster.<\/p>\n<p><strong>Le caratteristiche principali del correttore di reindirizzamento:<\/strong><\/p>\n<ul>\n<li>301 vs 302 reindirizzamento<\/li>\n<li>reindirizzare http a https<\/li>\n<li>analizzare le catene di reindirizzamento<\/li>\n<\/ul>\n<p><strong>Sarai informato sul codice di stato della tua pagina web:<\/strong><\/p>\n<ul>\n<li>200 OK<\/li>\n<li>404 pagina di errore<\/li>\n<\/ul>\n<p><strong>La catena di reindirizzamento \u00e8 una serie di reindirizzamenti,<\/strong> che si susseguono. L&#8217;aspetto della catena di reindirizzamento HTML porta a:<\/p>\n<ul>\n<li>fornire un client con il messaggio di errore &#8220;Troppi reindirizzamenti&#8221;.<\/li>\n<li>un tempo di ritardo si allunga.<\/li>\n<li>potrebbe causare problemi con il budget di ricerca per indicizzazione.<\/li>\n<li>le pagine ricevono meno peso SEO o lo perdono.<\/li>\n<li>Gli URL che vengono reindirizzati devono essere controllati regolarmente per evitare problemi di concatenamento e SEO<\/li>\n<\/ul>\n<p><\/p>","protected":false},"excerpt":{"rendered":"Se vuoi sapere quale traccia di reindirizzamento ha il tuo URL o quale \u00e8 il suo statuscode, inserisci l&#8217;URL richiesto e premi &#8220;Controlla reindirizzamento&#8221;. Il risultato verr\u00e0 visualizzato al termine del test di reindirizzamento. Questa informazione verr\u00e0 visualizzata nel campo dei risultati. Lo strumento di reindirizzamento \u00e8 utile per ogni webmaster. Le caratteristiche principali del&#8230;","protected":false},"author":10504980,"featured_media":5325,"parent":0,"menu_order":0,"comment_status":"closed","ping_status":"closed","template":"pages-templates\/pages-minitools-3.php","meta":[],"categories":[72],"tags":[],"_links":{"self":[{"href":"https:\/\/sitechecker.pro\/it\/wp-json\/wp\/v2\/pages\/5313"}],"collection":[{"href":"https:\/\/sitechecker.pro\/it\/wp-json\/wp\/v2\/pages"}],"about":[{"href":"https:\/\/sitechecker.pro\/it\/wp-json\/wp\/v2\/types\/page"}],"author":[{"embeddable":true,"href":"https:\/\/sitechecker.pro\/it\/wp-json\/wp\/v2\/users\/10504980"}],"replies":[{"embeddable":true,"href":"https:\/\/sitechecker.pro\/it\/wp-json\/wp\/v2\/comments?post=5313"}],"version-history":[{"count":64,"href":"https:\/\/sitechecker.pro\/it\/wp-json\/wp\/v2\/pages\/5313\/revisions"}],"predecessor-version":[{"id":35765,"href":"https:\/\/sitechecker.pro\/it\/wp-json\/wp\/v2\/pages\/5313\/revisions\/35765"}],"wp:featuredmedia":[{"embeddable":true,"href":"https:\/\/sitechecker.pro\/it\/wp-json\/wp\/v2\/media\/5325"}],"wp:attachment":[{"href":"https:\/\/sitechecker.pro\/it\/wp-json\/wp\/v2\/media?parent=5313"}],"wp:term":[{"taxonomy":"category","embeddable":true,"href":"https:\/\/sitechecker.pro\/it\/wp-json\/wp\/v2\/categories?post=5313"},{"taxonomy":"post_tag","embeddable":true,"href":"https:\/\/sitechecker.pro\/it\/wp-json\/wp\/v2\/tags?post=5313"}],"curies":[{"name":"wp","href":"https:\/\/api.w.org\/{rel}","templated":true}]}}