{"id":349,"date":"2017-11-20T12:28:18","date_gmt":"2017-11-20T12:28:18","guid":{"rendered":"https:\/\/sitechecker.pro\/?page_id=349"},"modified":"2026-02-18T14:52:40","modified_gmt":"2026-02-18T14:52:40","slug":"h1-tag","status":"publish","type":"page","link":"https:\/\/sitechecker.pro\/it\/h1-tag\/","title":{"rendered":"Controllo tag H1 gratuito | Rendi il tag di intestazione 100% SEO friendly \u1408"},"content":{"rendered":"<p>Ogni pagina del tuo sito ha una certa struttura. La prima intestazione di ogni pagina deve avere un tag H1 nel codice HTML. Senza questo tag H1, Google avr\u00e0 difficolt\u00e0 a scoprire la priorit\u00e0 dei contenuti sul tuo sito. Quindi, possiamo concludere che H1 \u00e8 il tag di intestazione principale su qualsiasi pagina Web situata all&#8217;inizio dell&#8217;articolo. Abbiamo creato uno strumento di ricerca H1 gratuito unico che, senza registrazione, ti consentir\u00e0 di verificare se l&#8217;intestazione di primo livello \u00e8 impostata su una pagina particolare o se un <a href=\"https:\/\/sitechecker.pro\/site-audit-issues\/h1-is-empty\/\">vuoto problema h1<\/a> c&#8217;\u00e8 e con cosa \u00e8 riempito quel tag.<\/p>\n<p>Un tag del titolo H1 univoco per ogni pagina \u00e8 un requisito dei motori di ricerca per molti siti web. Crea un tag che descriva accuratamente il contenuto della tua pagina. Tieni presente che un buon titolo H1 include parole chiave mirate. \u00c8 cos\u00ec che i robot dei motori di ricerca comprendano il contenuto della pagina e in modo che i tuoi lettori sappiano immediatamente di cosa tratta il tuo contenuto. I motori di ricerca prestano attenzione a quanto tempo gli utenti trascorrono sulle tue pagine. Pi\u00f9 alto \u00e8 questo numero, pi\u00f9 in alto ti classificherai nelle classifiche dei motori di ricerca.<\/p>\n<p>I caratteri di testo strutturati attireranno maggiore attenzione da parte degli utenti e quindi li aiuteranno a mantenerli sul tuo blog o sulla pagina del negozio online pi\u00f9 a lungo. \u00c8 importante utilizzare un solo titolo di primo livello. Durante la scansione del tuo sito con gli strumenti di estensione SEO, potresti riscontrare la mancanza di H1, un <a href=\"https:\/\/sitechecker.pro\/site-audit-issues\/h1-duplicates\/\">problema h1 duplicato<\/a>. Elimina questo errore per fuorviare gli utenti e i robot dei motori di ricerca utilizzando il tester H1.<\/p>\n<p>I crawler dei motori di ricerca analizzano il tag H1 per conoscere l&#8217;argomento della tua pagina e la presenza della parola chiave. Usa il nostro test H1 Checker gratuito per verificare la presenza del tag. Questo articolo spiegher\u00e0 come utilizzare il nostro strumento e perch\u00e9 \u00e8 importante controllare le intestazioni H1 sulle pagine del tuo sito web.<\/p>\n<h2 id=\"ik_Guide\">Utilizzo di H1 Checker: una guida passo passo<\/h2>\n<p>H1 Checker \u00e8 uno strumento online per verificare la presenza del tag H1, che ne analizzer\u00e0 e calcoler\u00e0 anche la lunghezza. Puoi anche trasmettere informazioni sulle parole chiave per classificare la pagina.<\/p>\n<h3>Passaggio 1: inserisci il tuo URL<\/h3>\n<p>Ricorda, <a href=\"https:\/\/sitechecker.pro\/h1-tag-requirements-writing-properly\/\" rel=\"noopener noreferrer\" target=\"_blank\">aggiungere un tag H1<\/a> su ogni pagina \u00e8 consigliato per l&#8217;ottimizzazione. Ad esempio, abbiamo deciso di mostrare come funziona lo strumento nella pagina principale rispetto al nostro sito Web sitechecker.pro. Quindi, inserisci la pagina che vuoi controllare in un campo vuoto e fai clic sul pulsante freccia. Di seguito troverai gli screenshot.<\/p>\n<div class=\"content__img-wrap\"><img src=\"https:\/\/sitechecker.pro\/wp-content\/uploads\/2022\/04\/h1-checker-new-1-1.jpg\" alt=\"Pagina principale di H1 Checker\" class=\"description-img description-img-zoom\" loading=\"lazy\" ><\/div>\n<h3>Fase 2: Interpretazione dei risultati di H1 Tag Checker<\/h3>\n<p>Al termine della scansione nell&#8217;analizzatore, otterrai informazioni complete sul tag H1 nella pagina specifica del sito che \u00e8 stata scansionata. Inoltre, tieni presente che puoi controllare solo una pagina e non tutte le pagine del dominio contemporaneamente durante la scansione.<\/p>\n<p>Bene, nella pagina dei risultati dopo la fine della scansione, vedrai non solo il tag H1 ma anche il loro numero, lunghezza, limite e se il tag corrisponde al titolo della tua pagina.<\/p>\n<div class=\"content__img-wrap\"><img src=\"https:\/\/sitechecker.pro\/wp-content\/uploads\/2022\/04\/h1-checker-new-2-1.jpg\" alt=\"Risultati H1 Checker\" class=\"description-img description-img-zoom\" loading=\"lazy\" ><\/div>\n<h2 id=\"ik_Cases\">Casi in cui \u00e8 necessario H1 Checker<\/h2>\n<p>Diamo un&#8217;occhiata a quando dovresti controllare le pagine del tuo sito per il tag H1.<\/p>\n<ul>\n<li>Vuoi ottimizzare i contenuti del tuo sito.<\/li>\n<li>Vuoi analizzare i contenuti delle pagine dei tuoi concorrenti.<\/li>\n<li>Inoltre, vuoi verificare se il tag H1 \u00e8 presente nelle pagine del tuo sito.<\/li>\n<\/ul>\n<p>Come puoi vedere, puoi utilizzare il nostro strumento per controllare le pagine del tuo sito e controllare le pagine dei siti dei tuoi concorrenti.<\/p>\n    <div class=\"blog__conversion blog__conversion-app element__logged_out\">\n        <div class=\"blog__conversion-inner\">\n            <p class=\"title\">Scopri non solo il tag H1, ma anche la presenza di errori tecnici su di esso!<\/p>\n            <p class=\"description\">Esegui un audit completo per scoprire e risolvere tutti i problemi a livello di sito e di pagina sul tuo sito Web.<\/p>\n            <form id=\"audit__form\"\n                  class=\"article__seo-search audit__form Esegui un audit completo per scoprire e risolvere tutti i problemi a livello di sito e di pagina sul tuo sito Web.\"\n                  action=\"\"\n                  method=\"POST\"\n                  autocomplete=\"off\">\n                <span class=\"error\"><\/span>\n                <div class=\"error__limits\">Something went wrong. Please, try again later.<\/div>\n                <input name=\"url\"\n                       type=\"text\"\n                       placeholder=\"Inserisci qui il tuo dominio\">\n                                <button type=\"submit\"\n                        class=\"sitechecker__text\">\n                    <span>Launch audit<\/span>\n                    <img src=\"\/wp-content\/themes\/sitechecker\/out\/img_design\/loading.svg\"\n                         width=\"31\"\n                         height=\"30\"\n                         class=\"loading\">\n                <\/button>\n            <\/form>\n        <\/div>\n    <\/div>\n    \n<p><div class=\"front__faq-block\"><div class=\"faq__block-title\">FAQ<\/div><div class=\"panel-group\" id=\"faq-accordion\" itemscope itemtype=\"https:\/\/schema.org\/FAQPage\" role=\"tablist\" aria-multiselectable=\"true\"><div class=\"panel\" itemscope itemtype=\"https:\/\/schema.org\/Question\" itemprop=\"mainEntity\">\n                            <div class=\"panel-heading\" id=\"headingFaq-1\">\n                                <div class=\"panel-title\" data-toggle=\"collapse\" aria-expanded=\"false\" href=\"#collapseFaq-1\">\n                                    <h3 itemprop=\"name\">Cosa significa H1?<\/h3>\n                                <\/div>\n                            <\/div>\n                            <div id=\"collapseFaq-1\" class=\"panel-collapse collapse\" itemprop=\"acceptedAnswer\" itemscope itemtype=\"http:\/\/schema.org\/Answer\">\n                                <div class=\"panel-body\" itemprop=\"text\">Diverse intestazioni su ciascuna pagina dei siti Web ti consentono di strutturare i tuoi contenuti. Tuttavia, esiste un solo tag di intestazione principale. H1 \u00e8 il tag HTML che conta come intestazione su una pagina Web. Puoi confrontarlo con l'intestazione in un giornale.<\/div>\n                            <\/div>\n                        <\/div><div class=\"panel\" itemscope itemtype=\"https:\/\/schema.org\/Question\" itemprop=\"mainEntity\">\n                            <div class=\"panel-heading\" id=\"headingFaq-2\">\n                                <div class=\"panel-title\" data-toggle=\"collapse\" aria-expanded=\"false\" href=\"#collapseFaq-2\">\n                                    <h3 itemprop=\"name\">Qual \u00e8 il valore H1?<\/h3>\n                                <\/div>\n                            <\/div>\n                            <div id=\"collapseFaq-2\" class=\"panel-collapse collapse\" itemprop=\"acceptedAnswer\" itemscope itemtype=\"http:\/\/schema.org\/Answer\">\n                                <div class=\"panel-body\" itemprop=\"text\">Il tag HTML &lt;H1&gt; \u00e8 il primo tag di intestazione della pagina e, se visualizzato nel codice HTML Chrome, il valore di H1 \u00e8 racchiuso tra i tag &lt;h1&gt;&lt;\/h1&gt;.<\/div>\n                            <\/div>\n                        <\/div><div class=\"panel\" itemscope itemtype=\"https:\/\/schema.org\/Question\" itemprop=\"mainEntity\">\n                            <div class=\"panel-heading\" id=\"headingFaq-3\">\n                                <div class=\"panel-title\" data-toggle=\"collapse\" aria-expanded=\"false\" href=\"#collapseFaq-3\">\n                                    <h3 itemprop=\"name\">Quali sono gli altri modi per controllare H1?<\/h3>\n                                <\/div>\n                            <\/div>\n                            <div id=\"collapseFaq-3\" class=\"panel-collapse collapse\" itemprop=\"acceptedAnswer\" itemscope itemtype=\"http:\/\/schema.org\/Answer\">\n                                <div class=\"panel-body\" itemprop=\"text\">Il tuo tag H1 deve essere nella parte superiore del contenuto della pagina. Puoi rivedere il codice CSS e verificare la presenza del tag. Puoi anche utilizzare gli strumenti SEO per verificare il tag.<\/div>\n                            <\/div>\n                        <\/div><div class=\"panel\" itemscope itemtype=\"https:\/\/schema.org\/Question\" itemprop=\"mainEntity\">\n                            <div class=\"panel-heading\" id=\"headingFaq-4\">\n                                <div class=\"panel-title\" data-toggle=\"collapse\" aria-expanded=\"false\" href=\"#collapseFaq-4\">\n                                    <h3 itemprop=\"name\">Qual \u00e8 l'importanza del tag di intestazione H1?<\/h3>\n                                <\/div>\n                            <\/div>\n                            <div id=\"collapseFaq-4\" class=\"panel-collapse collapse\" itemprop=\"acceptedAnswer\" itemscope itemtype=\"http:\/\/schema.org\/Answer\">\n                                <div class=\"panel-body\" itemprop=\"text\">H1 dice al motore di ricerca e agli utenti del sito di cosa tratta la tua pagina web. H1 dovrebbe riflettere accuratamente il contenuto della pagina.<\/div>\n                            <\/div>\n                        <\/div><\/div><\/div><\/p>","protected":false},"excerpt":{"rendered":"Ogni pagina del tuo sito ha una certa struttura. La prima intestazione di ogni pagina deve avere un tag H1 nel codice HTML. Senza questo tag H1, Google avr\u00e0 difficolt\u00e0 a scoprire la priorit\u00e0 dei contenuti sul tuo sito. Quindi, possiamo concludere che H1 \u00e8 il tag di intestazione principale su qualsiasi pagina Web situata&#8230;","protected":false},"author":11474150,"featured_media":3427,"parent":0,"menu_order":0,"comment_status":"closed","ping_status":"closed","template":"pages-templates\/pages-minitools-3.php","meta":[],"categories":[70],"tags":[],"_links":{"self":[{"href":"https:\/\/sitechecker.pro\/it\/wp-json\/wp\/v2\/pages\/349"}],"collection":[{"href":"https:\/\/sitechecker.pro\/it\/wp-json\/wp\/v2\/pages"}],"about":[{"href":"https:\/\/sitechecker.pro\/it\/wp-json\/wp\/v2\/types\/page"}],"author":[{"embeddable":true,"href":"https:\/\/sitechecker.pro\/it\/wp-json\/wp\/v2\/users\/11474150"}],"replies":[{"embeddable":true,"href":"https:\/\/sitechecker.pro\/it\/wp-json\/wp\/v2\/comments?post=349"}],"version-history":[{"count":97,"href":"https:\/\/sitechecker.pro\/it\/wp-json\/wp\/v2\/pages\/349\/revisions"}],"predecessor-version":[{"id":39341,"href":"https:\/\/sitechecker.pro\/it\/wp-json\/wp\/v2\/pages\/349\/revisions\/39341"}],"wp:featuredmedia":[{"embeddable":true,"href":"https:\/\/sitechecker.pro\/it\/wp-json\/wp\/v2\/media\/3427"}],"wp:attachment":[{"href":"https:\/\/sitechecker.pro\/it\/wp-json\/wp\/v2\/media?parent=349"}],"wp:term":[{"taxonomy":"category","embeddable":true,"href":"https:\/\/sitechecker.pro\/it\/wp-json\/wp\/v2\/categories?post=349"},{"taxonomy":"post_tag","embeddable":true,"href":"https:\/\/sitechecker.pro\/it\/wp-json\/wp\/v2\/tags?post=349"}],"curies":[{"name":"wp","href":"https:\/\/api.w.org\/{rel}","templated":true}]}}