{"id":2833,"date":"2019-01-25T09:12:58","date_gmt":"2019-01-25T09:12:58","guid":{"rendered":"https:\/\/sitechecker.pro\/?page_id=2833"},"modified":"2024-09-25T10:24:57","modified_gmt":"2024-09-25T10:24:57","slug":"backlinks-checker","status":"publish","type":"page","link":"https:\/\/sitechecker.pro\/it\/backlinks-checker\/","title":{"rendered":"Backlink Checker &#038; Tracker: Analizza i Backlink Gratuito \u1408"},"content":{"rendered":"<p>Quando ti <b>collega <\/b>a un altro sito nelle pagine del tuo sito, questo viene chiamato <b>backlink<\/b>. I siti Web si scambiano tali collegamenti per trasferire il peso del collegamento e il traffico degli utenti. Tuttavia, non tutti i link possono influenzare positivamente il posizionamento del tuo sito sui motori di ricerca. Durante il <b>backlinking<\/b>del tuo link, dovresti prestare attenzione all&#8217;autorit\u00e0 dei siti e al loro oggetto. Se ricevi backlink da siti di scarsa qualit\u00e0, anche il <b>motore di ricerca<\/b> potrebbe considerare il tuo sito di scarsa qualit\u00e0. Ecco perch\u00e9 \u00e8 importante controllare i backlink e vedere quali siti si collegano a te e quali siti ti stai collegando.<\/p>\n<p>Abbiamo sviluppato uno strumento gratuito chiamato <b>Backlink Checker<\/b>, che analizza l&#8217;intero profilo dei backlink del sito a cui ti stai collegando. Puoi usarlo gratuitamente anche per eseguire audit dei link a ritroso dei tuoi concorrenti. La tua ricerca di marketing pu\u00f2 trarre vantaggio dalle informazioni sui backlink dei tuoi concorrenti, quindi il nostro strumento sar\u00e0 utile anche per questo compito. Ti diremo come e perch\u00e9 ricontrolla i link con il nostro <b>strumento per il test dei backlink.<\/b><\/p>\n<h2 id=\"ik_Guide\">Utilizzo di Backlink Checker: una guida passo passo<\/h2>\n<p>Per una promozione competente nei motori di ricerca, dovresti prestare attenzione a molti fattori. Un fattore significativo \u00e8 la qualit\u00e0 e la quantit\u00e0 dei backlink. I motori di ricerca consigliano di rimuovere dal tuo sito i collegamenti a siti tossici e di bassa qualit\u00e0. In caso contrario, potresti essere penalizzato dal motore di ricerca e cadere in sanzioni. Quindi perderai potenziale traffico e clienti per il tuo sito e cadrai dai risultati di ricerca.<\/p>\n<p>Abbiamo sviluppato uno strumento di test gratuito Backlink Checker per eseguire un audit approfondito dei backlink del tuo sito web. Lo scopo principale del nostro software tracker \u00e8 controllare i link a ritroso e cercare il profilo dei link a ritroso di qualsiasi <b> URL<\/b>.<\/p>\n<p>Bene, i nostri nuovi strumenti di analisi sono molto facili da usare. Utilizzando il nostro<b> sitechecker del sito web. pro <\/b>esempio di seguito, ti mostreremo come eseguire una scansione e un&#8217;analisi dei link a ritroso sul tuo sito Web in due semplici passaggi.<\/p>\n<h3>Passaggio 1: inserisci il tuo URL<\/h3>\n<p>Inserisci la <b>pagina URL<\/b> che ti interessa nel nostro strumento. Pu\u00f2 essere il tuo sito o quelli del tuo dominio concorrente. Quindi fai clic sul pulsante freccia e inizia a <b>analisi<\/b>.<br \/>\n<div class=\"content__img-wrap\"><img src=\"https:\/\/sitechecker.pro\/wp-content\/uploads\/2022\/04\/backlink-checker-new--1.jpg\" alt=\"Scansione del crawler dei backlink: utilizza lo strumento di verifica dei backlink per strategie di creazione di link efficaci\" class=\"description-img description-img-zoom\" loading=\"lazy\" ><\/div><\/p>\n<h3>Fase 2: interpretazione dei risultati del controllo dei backlink gratuiti<\/h3>\n<p>Al termine della scansione, visualizzerai un rapporto dettagliato sullo stato dei backlink. Ci saranno entrambi i link <b>dofollow e nofollow<\/b> e il totale dei baclink e dei <b>domini di riferimento<\/b>. Analizza queste informazioni ed elimina i backlink di bassa qualit\u00e0 in modo da non danneggiare la promozione del tuo sito nei <b> motori di ricerca.<\/b> Puoi persino scaricare i tuoi <b>risultati<\/b> competitivi.<br \/>\n<div class=\"content__img-wrap\"><img src=\"https:\/\/sitechecker.pro\/wp-content\/uploads\/2022\/05\/backlinks_checker_result.png\" alt=\"Backlink Checker Contatore link - usa il backlink checker per l'analisi dei backlink per rilevare i link di spam per creazione di link di successo\" class=\"description-img description-img-zoom\" loading=\"lazy\" ><\/div><\/p>\n<p>Ricorda che i backlink sono necessari per la SEO. I link di qualit\u00e0 possono aiutarti nella corsa al traffico con i tuoi concorrenti. Con uno <b>strumento scanner<\/b> gratuito per la valutazione dei backlink, puoi rivedere facilmente i backlink.<\/p>\n<h2 id=\"ik_Cases\">Casi in cui \u00e8 necessario il Backlink Checker<\/h2>\n<p>I backlink al tuo sito fanno sapere ai motori di ricerca che altri siti pensano che il tuo sito sia <b>autorevole<\/b>. Se molti buoni siti si collegano al tuo sito, il motore di ricerca considera il tuo sito buono e ti d\u00e0 pi\u00f9 ranking nei motori di ricerca. Se il tuo contenuto \u00e8 collegato, il tuo sito \u00e8 utile per gli utenti e pu\u00f2 essere mostrato nel motore di ricerca per le <b>query generator<\/b> degli utenti. Ottenere backlink ha un effetto positivo sulle <b>opportunit\u00e0 <\/b> del tuo sito e sulla quantit\u00e0 di traffico degli utenti.<\/p>\n<p>Quindi, quando puoi trarre vantaggio dall&#8217;utilizzo di un sito di backlink <b>strategia di sviluppo<\/b>? Puoi guadagnare da link esterni, ma ci vorr\u00e0 molto tempo. Per creare il profilo di collegamento di un sito, devi <b>determinare <\/b>i contenuti utili che gli utenti vorranno condividere sui loro <b>social network<\/b>, sui loro siti. Solo i contenuti testuali di <b>qualit\u00e0<\/b> attirano l&#8217;attenzione degli utenti e dei proprietari di altri siti.<\/p>\n<p>Come puoi ottenere link? Crea dati e contenuti utili e i backlink ti troveranno. Scambia link con i tuoi <b>partner<\/b>. Scrivi <b>post degli ospiti<\/b> e offrili agli editori di siti popolari. Molti creatori di siti Web sono felici di accettare contenuti di qualit\u00e0 e collegarsi al tuo sito in modo assolutamente gratuito con la tua parola chiave anchor! Un&#8217;altra opzione \u00e8 l&#8217;acquisto di link. Anche in questa opzione, \u00e8 necessario tenere traccia di siti Web specifici.<\/p>\n<p>Devi <b>controllare <\/b>la quantit\u00e0 e la qualit\u00e0 dei backlink perch\u00e9 non tutti sono ugualmente utili per il tuo sito. Succede che i <b>concorrenti <\/b> possono acquistare link al tuo sito con un punteggio di qualit\u00e0 basso e risorse scadenti e spam per danneggiare la promozione del tuo sito. I backlink da risorse affidabili e prive di spam ti trarranno vantaggio e influenzeranno positivamente il posizionamento nei motori di ricerca. Ottieni il traffico in entrata degli utenti mentre gli utenti seguiranno il collegamento al tuo sito. Inoltre, anche se non lo fanno, otterrai il peso del collegamento. Ottieni menzioni su <b>siti affidabili<\/b> e aumenta il posizionamento del tuo sito nei <b>ranking nei motori di ricerca.<\/b><\/p>\n<p>Per posizionarti in alto nei risultati dei motori di ricerca e ottenere pi\u00f9 traffico organico sul tuo sito web, ti consigliamo di monitorare la quantit\u00e0 e la qualit\u00e0 dei tuoi linkback. Usa Backlink Finder per analizzare il tuo profilo di link, come puoi fare con ahrefs. \u00c8 un modo completamente gratuito per controllare e analizzare i backlink, quindi non dimenticare di controllare regolarmente l&#8217;indice del tuo sito con i controlli.<\/p>\n<p><div class=\"front__faq-block\"><div class=\"faq__block-title\">FAQ<\/div><div class=\"panel-group\" id=\"faq-accordion\" itemscope itemtype=\"https:\/\/schema.org\/FAQPage\" role=\"tablist\" aria-multiselectable=\"true\"><div class=\"panel\" itemscope itemtype=\"https:\/\/schema.org\/Question\" itemprop=\"mainEntity\">\n                            <div class=\"panel-heading\" id=\"headingFaq-1\">\n                                <div class=\"panel-title\" data-toggle=\"collapse\" aria-expanded=\"false\" href=\"#collapseFaq-1\">\n                                    <h3 itemprop=\"name\">Come faccio a trovare i backlink dei miei concorrenti?<\/h3>\n                                <\/div>\n                            <\/div>\n                            <div id=\"collapseFaq-1\" class=\"panel-collapse collapse\" itemprop=\"acceptedAnswer\" itemscope itemtype=\"http:\/\/schema.org\/Answer\">\n                                <div class=\"panel-body\" itemprop=\"text\">Mentre analizzi le strategie di acquisto di backlink href della concorrenza, puoi trovare siti utili che possono inserire anche il tuo link. Il nostro controllo gratuito ti aiuter\u00e0 a ottenere queste informazioni e ad utilizzarle per portare valore al tuo sito.<\/div>\n                            <\/div>\n                        <\/div><div class=\"panel\" itemscope itemtype=\"https:\/\/schema.org\/Question\" itemprop=\"mainEntity\">\n                            <div class=\"panel-heading\" id=\"headingFaq-2\">\n                                <div class=\"panel-title\" data-toggle=\"collapse\" aria-expanded=\"false\" href=\"#collapseFaq-2\">\n                                    <h3 itemprop=\"name\">Quanti tipi di backlink ci sono in SEO?<\/h3>\n                                <\/div>\n                            <\/div>\n                            <div id=\"collapseFaq-2\" class=\"panel-collapse collapse\" itemprop=\"acceptedAnswer\" itemscope itemtype=\"http:\/\/schema.org\/Answer\">\n                                <div class=\"panel-body\" itemprop=\"text\">I backlink sono link su altri siti che puntano al tuo sito. I motori di ricerca analizzano il conteggio e la qualit\u00e0 dei link in entrata che portano al tuo sito. Il tuo ranking \u00e8 direttamente correlato alla qualit\u00e0 dei tuoi backlink. Pi\u00f9 (qualit\u00e0) hai backlink avere, pi\u00f9 puoi essere classificato dai motori di ricerca. Google e altri motori di ricerca analizzano tutti i migliori backlink e prendono i buoni link come riferimento. Di conseguenza, maggiore \u00e8 il numero di backlink, pi\u00f9 i motori di ricerca affidabili e utili prenderanno in considerazione il tuo sito web. E, in definitiva, migliore \u00e8 il tuo posizionamento.<\/div>\n                            <\/div>\n                        <\/div><div class=\"panel\" itemscope itemtype=\"https:\/\/schema.org\/Question\" itemprop=\"mainEntity\">\n                            <div class=\"panel-heading\" id=\"headingFaq-3\">\n                                <div class=\"panel-title\" data-toggle=\"collapse\" aria-expanded=\"false\" href=\"#collapseFaq-3\">\n                                    <h3 itemprop=\"name\">Come funziona un backlink?<\/h3>\n                                <\/div>\n                            <\/div>\n                            <div id=\"collapseFaq-3\" class=\"panel-collapse collapse\" itemprop=\"acceptedAnswer\" itemscope itemtype=\"http:\/\/schema.org\/Answer\">\n                                <div class=\"panel-body\" itemprop=\"text\">Un backlink trasferisce un piccolo peso di link da un sito all'altro. <\/div>\n                            <\/div>\n                        <\/div><\/div><\/div><\/p>","protected":false},"excerpt":{"rendered":"Quando ti collega a un altro sito nelle pagine del tuo sito, questo viene chiamato backlink. I siti Web si scambiano tali collegamenti per trasferire il peso del collegamento e il traffico degli utenti. Tuttavia, non tutti i link possono influenzare positivamente il posizionamento del tuo sito sui motori di ricerca. Durante il backlinkingdel tuo&#8230;","protected":false},"author":10409641,"featured_media":3764,"parent":0,"menu_order":0,"comment_status":"closed","ping_status":"closed","template":"front-page.php","meta":[],"categories":[30],"tags":[],"_links":{"self":[{"href":"https:\/\/sitechecker.pro\/it\/wp-json\/wp\/v2\/pages\/2833"}],"collection":[{"href":"https:\/\/sitechecker.pro\/it\/wp-json\/wp\/v2\/pages"}],"about":[{"href":"https:\/\/sitechecker.pro\/it\/wp-json\/wp\/v2\/types\/page"}],"author":[{"embeddable":true,"href":"https:\/\/sitechecker.pro\/it\/wp-json\/wp\/v2\/users\/10409641"}],"replies":[{"embeddable":true,"href":"https:\/\/sitechecker.pro\/it\/wp-json\/wp\/v2\/comments?post=2833"}],"version-history":[{"count":107,"href":"https:\/\/sitechecker.pro\/it\/wp-json\/wp\/v2\/pages\/2833\/revisions"}],"predecessor-version":[{"id":33589,"href":"https:\/\/sitechecker.pro\/it\/wp-json\/wp\/v2\/pages\/2833\/revisions\/33589"}],"wp:featuredmedia":[{"embeddable":true,"href":"https:\/\/sitechecker.pro\/it\/wp-json\/wp\/v2\/media\/3764"}],"wp:attachment":[{"href":"https:\/\/sitechecker.pro\/it\/wp-json\/wp\/v2\/media?parent=2833"}],"wp:term":[{"taxonomy":"category","embeddable":true,"href":"https:\/\/sitechecker.pro\/it\/wp-json\/wp\/v2\/categories?post=2833"},{"taxonomy":"post_tag","embeddable":true,"href":"https:\/\/sitechecker.pro\/it\/wp-json\/wp\/v2\/tags?post=2833"}],"curies":[{"name":"wp","href":"https:\/\/api.w.org\/{rel}","templated":true}]}}