{"id":2517,"date":"2018-04-17T12:41:56","date_gmt":"2018-04-17T12:41:56","guid":{"rendered":"https:\/\/sitechecker.pro\/?page_id=2517"},"modified":"2025-04-15T19:26:15","modified_gmt":"2025-04-15T19:26:15","slug":"page-rank","status":"publish","type":"page","link":"https:\/\/sitechecker.pro\/it\/page-rank\/","title":{"rendered":"Che cos&#8217;\u00e8 il PageRank di Google e perch\u00e9 dovresti prenderlo in considerazione?"},"content":{"rendered":"<p><\/p>\n<h2>Definizione di PageRank<\/h2>\n<p>&nbsp;<\/p>\n<p>Uno dei modi per definire la pertinenza del sito web, \u00e8 di dare una definizione alla sua autorit\u00e0, che dipende completamente dal numero di altri siti web autorevoli, che consentono collegamenti a tali siti web. Maggiore \u00e8 l&#8217;autorit\u00e0 del sito web, maggiore \u00e8 il suo peso per i collegamenti in uscita.<\/p>\n<p>Il PageRank viene definito con cifre da 0 a 10. I siti web creati di recente, senza collegamenti in entrata hanno un PR 0. Pi\u00f9 link portano al sito web e pi\u00f9 sono autorevoli (rispetto ad altri siti web), pi\u00f9 \u00e8 alto il PR.<\/p>\n<p>Poco tempo fa, il PR del sito web, era visibile a utenti e sviluppatori, tuttavia, ora si tratta di informazioni riservate e non \u00e8 possibile identificare il PR di un sito web, anche se \u00e8 noto che le metriche vengono ancora utilizzate da Google. Si pensa che Google abbia nascosto queste informazioni, per motivare i webmaster a compiere maggiori sforzi per creare contenuti di alta qualit\u00e0 e creare profili link naturali, invece di copiare le attivit\u00e0 dei siti web della concorrenza.<\/p>\n<p>Come gi\u00e0 detto, il PageRank \u00e8 solo un fattore (anche se importante) che influenza la posizione della pagina nella query di ricerca. Ci sono molti altri fattori che influenzano il tasso di rilevanza del sito web.<\/p>\n<p>&nbsp;<\/p>\n<h2>Perch\u00e9 il PageRank viene valutato in questo modo e cosa sono i punti PR?<\/h2>\n<p>&nbsp;<\/p>\n<p>Quando Google ha pensato a quali fattori prendere in considerazione per il posizionamento dei siti web nei <a href=\"https:\/\/sitechecker.pro\/it\/serp\/\">risultati di ricerca<\/a>, c&#8217;erano molte opzioni tra cui scegliere. Tuttavia, poich\u00e9 \u00e8 stato necessario utilizzare caratteristiche numeriche per valutare la pertinenza del sito web, il modo migliore \u00e8 risultato essere quello di utilizzare il profilo di collegamento come fattore che influisce sulla posizione del sito web. \u00c8 logico, in quanto si basa sulla conclusione che un sito web si collega a un altro sito web, solo se il primo contiene informazioni preziose. E i coefficienti che definiscono l&#8217;autorit\u00e0 del sito web, consentono di effettuare calcoli equi per definire il PR.<\/p>\n<p>Una volta che un sito web ha un link al tuo sito (link donor), ottieni punti PR che influenzano positivamente il tuo PR. E il numero di punti PR che ottieni, dipende dai PR del link donatore.<\/p>\n<p>Sembra semplice come sistema. Tuttavia, in termini pratici, Google utilizza complicati algoritmi matematici e dipendenze per definire la quantit\u00e0 di punti PR ottenuti dalla pagina web e qual \u00e8 il PR del sito web. Potrebbe essere piuttosto difficile assicurarsi che il PR del sito web sia stato calcolato correttamente per offrire agli utenti i migliori risultati, in quanto \u00e8 necessario cercare il modo per trovare una relazione corretta tra il numero di link in entrata e la loro autorit\u00e0.<\/p>\n<p>&nbsp;<\/p>\n<h2>Il peso del link<\/h2>\n<p>&nbsp;<\/p>\n<p>Non esiste una formula che possa dirti esattamente quale sia il peso del link e come possa influenzare il PR e quindi, una posizione della pagina nella classifica. Tuttavia, esiste una logica da utilizzare quando si crea un profilo di collegamento che limita le speculazioni sulla creazione di collegamenti dalle pagine su siti web autorevoli.<\/p>\n<p>Immagina solo che ci sia un sito web con un PR 10 e che ci sia una pagina che pesa di pi\u00f9 in termini di punti PR. \u00c8 evidente che molti siti web vorrebbero ottenere un link da quella pagina al fine di ottenere una maggiore numero di PR. A cosa porterebbe una simile situazione?<\/p>\n<p>Praticamente, vedremmo molte risorse autorevoli che hanno pagine con centinaia e migliaia di link. Questo potrebbe essere un problema serio a causa della speculazione sulla pagina PR. E gli utenti non otterrebbero risultati di ricerca rilevanti.<\/p>\n<p>Pertanto, l&#8217;algoritmo di Google lo prende in considerazione e il peso dei collegamenti dipende dal numero di link della pagina. Ad esempio, se la pagina possiede 15 punti PR e contiene 3 collegamenti, il peso di ciascun collegamento sarebbe di 5 punti e, se ci fossero 5 collegamenti, il peso di ciascun collegamento sarebbe di 3 punti.<\/p>\n<p>Ci\u00f2 consente di evitare speculazioni e demotiva i webmaster nel pubblicare centinaia di link nella stessa pagina.<\/p>\n<p>Tuttavia, se si desidera che la pagina del sito web contenga molti collegamenti (ad esempio, se sarebbe utile per l&#8217;esperienza utente), ma non si vuole ridurre il peso di ciascun collegamento, sarebbe una buona idea posizionare i collegamenti nofollow. I <a href=\"https:\/\/sitechecker.pro\/it\/nofollow-links\/\">link nofollow <\/a>non vengono presi in considerazione dal <a href=\"https:\/\/sitechecker.pro\/it\/google-bot\/\">robot di ricerca<\/a>, quindi hanno un peso di collegamento pari a 0.<\/p>\n<p>&nbsp;<\/p>\n<h2>Come ottenere pi\u00f9 punti PR con le attivit\u00e0 interne<\/h2>\n<p>&nbsp;<\/p>\n<p>Creare <a href=\"https:\/\/sitechecker.pro\/it\/internal-links\/\">link interni<\/a>, \u00e8 una buona idea per aumentare il peso delle tue pagine web e migliorare il tuo ranking di ricerca e i punti PR in generale. Dovresti posizionare link con speciale<a href=\"https:\/\/sitechecker.pro\/it\/anchor-text\/\"> testo di ancoraggio<\/a> nelle pagine web e assicurarti che essi conducano a contenuti pertinenti sul tuo sito web.<\/p>\n<p>&nbsp;<\/p>\n<h2>Perch\u00e9 utilizzare i Nofollow<\/h2>\n<p>&nbsp;<\/p>\n<p>Ci sono tre motivi principali per cui bisogna utilizzare il comando nofollow. Tutti sono legati al fatto che non si desidera ridurre il peso in uscita del collegamento al sito web:<\/p>\n<ul>\n<li>\u00a0Link sponsorizzato<\/li>\n<li>Link al sito web che non sono rilevanti all&#8217;argomento del sito web<\/li>\n<li>Il link che conduce al sito web con un PR basso o un sito web non affidabile<\/li>\n<\/ul>\n<p>Se il link \u00e8 stato sponsorizzato (link a pagamento nel testo o nell&#8217;annuncio come banner o teaser), \u00e8 necessario utilizzare il comando nofollow a causa dell politica di utilizzo dei nofollow di Google. In caso contrario, il tuo PR verrebbe ridotto, in quanto Google potrebbe pensare che stai tentando di promuovere altri siti web, con del SEO subdolo.<\/p>\n<p>\u00c8 molto importante scrivere solo contenuti pertinenti e quindi fare riferimento solo ai siti web rilevanti, poich\u00e9 tutti questi svolgono un ruolo importante quando Google decide quale pagina posizionare per prima nei risultati di ricerca. Se l&#8217;argomento del tuo sito web \u00e8 coking e su una delle pagine hai inserito un link al sito web che contiene contenuti hi-tech, assicurati di utilizzare un comando nofollow per impedire ai robot di ricerca di Google di ridurre il PR della pagina del tuo sito web.<\/p>\n<p>Infine, se il link conduce ad un sito web con traffico sospetto, scam, dominio nuovo, tutto questo \u00e8 sospetto per Google. Quindi assicurati che il sito web a cui fai riferimento sia abbastanza affidabile, altrimenti dovresti usare il comando nofollow.<\/p>\n<p>Come puoi vedere, costruire il PR di un sito web \u00e8 un compito piuttosto difficile e quando realizzi un profilo link, non \u00e8 sufficiente solo mettere quanti pi\u00f9 link possibili per promuovere il tuo sito web. Dovresti considerare diversi fattori come la pertinenza della pagina, il numero di link, ecc.<\/p>\n<p>Se non sei \u00e8 in grado di fornire criteri di costruzione dei collegamenti ragionevoli, \u00e8 probabile che il tuo sito web venga bannato da Google o il numero di PR diminuir\u00e0 notevolmente. E ogni anno Google migliora le politiche e gli algoritmi per definire i siti web di alta pi\u00f9 qualit\u00e0 tra tutti e posizionarli prima su una pagina dei risultati di ricerca.<\/p>","protected":false},"excerpt":{"rendered":"Definizione di PageRank &nbsp; Uno dei modi per definire la pertinenza del sito web, \u00e8 di dare una definizione alla sua autorit\u00e0, che dipende completamente dal numero di altri siti web autorevoli, che consentono collegamenti a tali siti web. Maggiore \u00e8 l&#8217;autorit\u00e0 del sito web, maggiore \u00e8 il suo peso per i collegamenti in uscita&#8230;.","protected":false},"author":10409641,"featured_media":3830,"parent":0,"menu_order":0,"comment_status":"closed","ping_status":"closed","template":"pages-templates\/pages-minitools-3.php","meta":[],"categories":[72],"tags":[],"_links":{"self":[{"href":"https:\/\/sitechecker.pro\/it\/wp-json\/wp\/v2\/pages\/2517"}],"collection":[{"href":"https:\/\/sitechecker.pro\/it\/wp-json\/wp\/v2\/pages"}],"about":[{"href":"https:\/\/sitechecker.pro\/it\/wp-json\/wp\/v2\/types\/page"}],"author":[{"embeddable":true,"href":"https:\/\/sitechecker.pro\/it\/wp-json\/wp\/v2\/users\/10409641"}],"replies":[{"embeddable":true,"href":"https:\/\/sitechecker.pro\/it\/wp-json\/wp\/v2\/comments?post=2517"}],"version-history":[{"count":109,"href":"https:\/\/sitechecker.pro\/it\/wp-json\/wp\/v2\/pages\/2517\/revisions"}],"predecessor-version":[{"id":36625,"href":"https:\/\/sitechecker.pro\/it\/wp-json\/wp\/v2\/pages\/2517\/revisions\/36625"}],"wp:featuredmedia":[{"embeddable":true,"href":"https:\/\/sitechecker.pro\/it\/wp-json\/wp\/v2\/media\/3830"}],"wp:attachment":[{"href":"https:\/\/sitechecker.pro\/it\/wp-json\/wp\/v2\/media?parent=2517"}],"wp:term":[{"taxonomy":"category","embeddable":true,"href":"https:\/\/sitechecker.pro\/it\/wp-json\/wp\/v2\/categories?post=2517"},{"taxonomy":"post_tag","embeddable":true,"href":"https:\/\/sitechecker.pro\/it\/wp-json\/wp\/v2\/tags?post=2517"}],"curies":[{"name":"wp","href":"https:\/\/api.w.org\/{rel}","templated":true}]}}