{"id":24950,"date":"2023-07-24T12:54:03","date_gmt":"2023-07-24T12:54:03","guid":{"rendered":"https:\/\/sitechecker.pro\/?page_id=24950"},"modified":"2025-02-27T10:59:43","modified_gmt":"2025-02-27T10:59:43","slug":"keyword-suggestion-tool-research-content-ideas-sitechecker-%e1%90%88","status":"publish","type":"page","link":"https:\/\/sitechecker.pro\/it\/keyword-suggestion-tool\/","title":{"rendered":"Strumento di suggerimento di parole chiave per la ricerca di idee di contenuto \u2611"},"content":{"rendered":"<p><\/p>\n<h2 id=\"par1\">Cos&#8217;\u00e8 uno strumento di suggerimento di parole chiave professionale?<\/h2>\n<p>Lo strumento di suggerimento di parole chiave di <a href=\"https:\/\/sitechecker.pro\/\" target=\"_blank\" rel=\"noopener noreferrer\">Sitechecker<\/a> \u00e8 una risorsa online gratuita che genera idee di parole chiave pertinenti sfruttando i dati di piattaforme come Google, Bing, Google Immagini, Notizie, Shopping, Yahoo, Wikipedia, YouTube, Amazon, eBay e Fiverr. Aiuta gli utenti a scoprire frasi chiave long-tail, ottimizzare i contenuti e migliorare la visibilit\u00e0 e il traffico per siti Web, video ed elenchi di prodotti.<\/p>\n<p>Analizzando i dati dei motori di ricerca, tra cui Google Autocomplete, lo strumento supporta SEO, creazione di contenuti e strategie di marketing, consentendo agli utenti di migliorare le classifiche di ricerca, indirizzare efficacemente il proprio pubblico e aumentare le prestazioni su pi\u00f9 piattaforme.<\/p>\n<h3>Lo strumento di suggerimento delle parole chiave ti aiuta con<\/h3>\n<p><strong>Ottimizzazione dei contenuti: <\/strong>fornisce parole chiave long-tail per migliorare le classifiche dei motori di ricerca e arricchire i contenuti del sito Web o dei video.<\/p>\n<p><strong>Prestazioni di e-commerce e PPC: <\/strong>parole chiave suggerite per le inserzioni di prodotti su Amazon ed eBay e frasi mirate per campagne pubblicitarie a pagamento efficaci.<\/p>\n<p><strong>Informazioni multipiattaforma: <\/strong>suggerimenti personalizzati da Google, Bing, YouTube e altri, che monitorano le tendenze per rimanere competitivi.<\/p>\n<h3>Funzionalit\u00e0 principali dello strumento<\/h3>\n<p><strong>Dashboard unificata: <\/strong>consolida tutte le metriche e le informazioni SEO in un&#8217;unica interfaccia di facile navigazione per un monitoraggio e una gestione efficienti.<\/p>\n<p><strong>Interfaccia intuitiva: <\/strong>il design intuitivo garantisce facilit\u00e0 d&#8217;uso per principianti e professionisti, semplificando le attivit\u00e0 SEO complesse.<\/p>\n<p><strong>Set completo di strumenti SEO: <\/strong>offre una gamma completa di strumenti, tra cui ricerca di frasi chiave, audit di siti, monitoraggio dei backlink e analisi delle prestazioni, per migliorare efficacemente la tua presenza online.<\/p>\n<h2 id=\"par2\">Come utilizzare lo strumento<\/h2>\n<h3>Passaggio 1: inserisci una parola chiave o frase chiave, scegli una piattaforma&#8230;<\/h3>\n<p>Inserisci una parola chiave o frase chiave, scegli una piattaforma (Google, Google News, Google Shopping, YouTube, Google Immagini, Yahoo, Bing, Wikipedia o Fiverr), seleziona il paese e la lingua, quindi fai clic sul pulsante &#8220;Ottieni suggerimenti&#8221;.<\/p>\n<div class=\"content__img-wrap\"><img src=\"https:\/\/sitechecker.pro\/wp-content\/uploads\/2025\/02\/keyword-suggestion-tool-seo-ppc.png\" alt=\"Strumento di suggerimento delle parole chiave per SEO PPC\" class=\"description-img description-img-zoom\" loading=\"lazy\" ><\/div>\n<h3>Passaggio 2: Ottieni i risultati<\/h3>\n<p>Lo strumento fornisce un elenco di frasi chiave pertinenti insieme a metriche quali volume di ricerca, tendenze, CPC e concorrenza degli annunci, consentendo decisioni SEO e di marketing basate sui dati.<\/p>\n<div class=\"content__img-wrap\"><img src=\"https:\/\/sitechecker.pro\/wp-content\/uploads\/2025\/02\/suggestions-results.png\" alt=\"Risultati dei suggerimenti\" class=\"description-img description-img-zoom\" loading=\"lazy\" ><\/div>\n<p>Il pannello di sinistra organizza i suggerimenti delle parole chiave in cluster, raggruppandoli in base alla loro connessione alla query principale, rendendolo un potente strumento di raggruppamento delle parole chiave.<\/p>\n<p>Lo strumento fornisce anche metriche chiave quali volume di ricerca, tendenze, CPC e concorrenza degli annunci. Puoi selezionare frasi chiave specifiche e aggiungerle al <a href=\"https:\/\/sitechecker.pro\/rank-tracker\/\" target=\"_blank\" rel=\"noopener noreferrer\">Rank Tracker<\/a> per un monitoraggio approfondito e una pianificazione strategica. \u00c8 richiesta una prova gratuita per sbloccare l&#8217;accesso a questi dati.<\/p>\n<div class=\"content__img-wrap\"><img src=\"https:\/\/sitechecker.pro\/wp-content\/uploads\/2025\/02\/suggestions-metrics.png\" alt=\"Suggestions Metrics\" class=\"description-img description-img-zoom\" loading=\"lazy\" ><\/div>\n<div class=\"important-block\">Per ricevere i risultati e accedere alle funzionalit\u00e0 di Sitechecker per 14 giorni, inizia la tua prova GRATUITA. La registrazione \u00e8 semplice con il tuo account e-mail, Google o Facebook. Non \u00e8 richiesta alcuna carta di credito.<\/div>\n<h2 id=\"par3\">Inizia a monitorare le parole chiave pertinenti<\/h2>\n<p>Inizia a monitorare gli argomenti dei contenuti pertinenti selezionando quelli di interesse e aggiungendoli al Rank Tracker con un semplice clic.<\/p>\n<div class=\"content__img-wrap\"><img src=\"https:\/\/sitechecker.pro\/wp-content\/uploads\/2025\/02\/add-to-rank-tracker.png\" alt=\"Aggiungi a Rank Tracker\" class=\"description-img description-img-zoom\" loading=\"lazy\" ><\/div>\n<p>Puoi raggruppare frasi chiave e aggiungerle a Rank Tracker per un monitoraggio e un&#8217;analisi completi.<\/p>\n<div class=\"content__img-wrap\"><img src=\"https:\/\/sitechecker.pro\/wp-content\/uploads\/2025\/02\/add-to-rank-tracker-settings.png\" alt=\"Aggiungi a Rank Tracker Settings\" class=\"description-img description-img-zoom\" loading=\"lazy\" ><\/div>\n<p>Qui puoi selezionare il tuo motore di ricerca preferito, dispositivo, paese e regione.<\/p>\n<p>Dopo aver completato la configurazione, fai clic su &#8220;Aggiungi a Rank Tracker&#8221;.<\/p>\n<p>Utilizza la funzione &#8220;Gestisci parole chiave&#8221; per organizzare le parole chiave in categorie e associarle a pagine specifiche, semplificando la tua strategia promozionale.<\/p>\n<div class=\"content__img-wrap\"><img src=\"https:\/\/sitechecker.pro\/wp-content\/uploads\/2025\/02\/manage-keywords.png\" alt=\"Gestisci parole chiave\" class=\"description-img description-img-zoom\" loading=\"lazy\" ><\/div>\n<p>Keyword Finder fornisce un monitoraggio personalizzato delle idee di argomenti in base al dispositivo e alla posizione, offrendo preziose informazioni sulle classifiche e sulle prestazioni dei concorrenti. Con funzionalit\u00e0 come punteggi di visibilit\u00e0, monitoraggio dell&#8217;indicizzazione e analisi delle tendenze SEO, supporta l&#8217;ottimizzazione della strategia. Inoltre, le sue capacit\u00e0 di reporting adattabili si allineano perfettamente con le pianificazioni delle campagne.<\/p>\n<div class=\"content__img-wrap\"><img src=\"https:\/\/sitechecker.pro\/wp-content\/uploads\/2025\/02\/rank-tracker-dashboard.png\" alt=\"Rank Tracker Dashboard\" class=\"description-img description-img-zoom\" loading=\"lazy\" ><\/div>\n<h2 id=\"par4\">Idea finale<\/h2>\n<p>Lo strumento di suggerimento delle parole chiave genera idee di parole chiave pertinenti per SEO, PPC ed e-commerce utilizzando dati da piattaforme come Google, Bing e Amazon. Offre raggruppamento delle parole chiave, monitoraggio delle prestazioni e report personalizzabili, aiutando gli utenti a migliorare le classifiche, ottimizzare i contenuti e guidare il successo online.<\/p>","protected":false},"excerpt":{"rendered":"Cos&#8217;\u00e8 uno strumento di suggerimento di parole chiave professionale? Lo strumento di suggerimento di parole chiave di Sitechecker \u00e8 una risorsa online gratuita che genera idee di parole chiave pertinenti sfruttando i dati di piattaforme come Google, Bing, Google Immagini, Notizie, Shopping, Yahoo, Wikipedia, YouTube, Amazon, eBay e Fiverr. Aiuta gli utenti a scoprire frasi&#8230;","protected":false},"author":10409641,"featured_media":0,"parent":0,"menu_order":0,"comment_status":"closed","ping_status":"closed","template":"pages-templates\/pages-minitools.php","meta":[],"categories":[71],"tags":[],"_links":{"self":[{"href":"https:\/\/sitechecker.pro\/it\/wp-json\/wp\/v2\/pages\/24950"}],"collection":[{"href":"https:\/\/sitechecker.pro\/it\/wp-json\/wp\/v2\/pages"}],"about":[{"href":"https:\/\/sitechecker.pro\/it\/wp-json\/wp\/v2\/types\/page"}],"author":[{"embeddable":true,"href":"https:\/\/sitechecker.pro\/it\/wp-json\/wp\/v2\/users\/10409641"}],"replies":[{"embeddable":true,"href":"https:\/\/sitechecker.pro\/it\/wp-json\/wp\/v2\/comments?post=24950"}],"version-history":[{"count":76,"href":"https:\/\/sitechecker.pro\/it\/wp-json\/wp\/v2\/pages\/24950\/revisions"}],"predecessor-version":[{"id":35749,"href":"https:\/\/sitechecker.pro\/it\/wp-json\/wp\/v2\/pages\/24950\/revisions\/35749"}],"wp:attachment":[{"href":"https:\/\/sitechecker.pro\/it\/wp-json\/wp\/v2\/media?parent=24950"}],"wp:term":[{"taxonomy":"category","embeddable":true,"href":"https:\/\/sitechecker.pro\/it\/wp-json\/wp\/v2\/categories?post=24950"},{"taxonomy":"post_tag","embeddable":true,"href":"https:\/\/sitechecker.pro\/it\/wp-json\/wp\/v2\/tags?post=24950"}],"curies":[{"name":"wp","href":"https:\/\/api.w.org\/{rel}","templated":true}]}}