{"id":2487,"date":"2023-05-04T14:21:04","date_gmt":"2023-05-04T14:21:04","guid":{"rendered":"https:\/\/sitechecker.pro\/?page_id=2487"},"modified":"2024-11-26T19:24:24","modified_gmt":"2024-11-26T19:24:24","slug":"nofollow-links","status":"publish","type":"page","link":"https:\/\/sitechecker.pro\/it\/nofollow-links\/","title":{"rendered":"Link Follow contro Nofollow: dovresti fare attenzione ad essi?"},"content":{"rendered":"<p><\/p>\n<h2>Che cos\u2019\u00e8 un link follow?<\/h2>\n<p>&nbsp;<\/p>\n<p>Per comprendere un argomento come i link follow e nofollow, dobbiamo prima approfondire il funzionamento della maggior parte delle connessioni del dominio SEO. Nel momento in cui una pagina del sito ottiene il suo link univoco, che \u00e8 un collegamento ipertestuale che indica quella pagina, la pagina ottiene un aiuto SEO. Pensa a un collegamento univoco come un punto e pi\u00f9 connessioni ha, pi\u00f9 punti ci sono.<\/p>\n<p>Google osserva questi punti, facendo attenzione al numero di backlink ci sono in una pagina e da quali esatte destinazioni. Google capisce che se molte persone si connettono a una pagina specifica, dev&#8217;essere un&#8217;ottima pagina! Se diamo un&#8217;inclinazione nei nostri strumenti di ricerca web a quella pagina rispetto alle altre di un tema simile, potremo trasmettere ai nostri clienti pagine assolutamente perfette e credibili.<\/p>\n<p>Google ha creato una metrica denominata PageRank, per individuare il focus dei link. Numerose persone SEO; alludono al focus del collegamento come \u201clink juice.\u201d Questo si muove attraverso i siti web di destinazione e nei nuovi locali, attraverso hyperlink. Pi\u00f9 affidabile \u00e8 il sito, maggiore \u00e8 il numero di link juice che il sito riceve. Ottenere una connessione dal New York Times, per esempio, o BBC \u00e8 meraviglioso!<\/p>\n<p>Per ora, possiamo caratterizzare un link follow \u2013 Sono collegamenti considerati punti, che spingono il juice dell&#8217;interfaccia SEO e migliorano il posizionamento dei siti web collegati, aiutandoli, di conseguenza, a finire pi\u00f9 in alto nelle <a href=\"https:\/\/sitechecker.pro\/it\/serp\/\">SERP<\/a>.<\/p>\n<p>&nbsp;<\/p>\n<h2>Cos&#8217;\u00e8 un misterioso link nofollow?<\/h2>\n<p>&nbsp;<\/p>\n<p>Un link nofollow, \u00e8 una connessione che non include un punto nel supporto della pagina, non supporta <a href=\"https:\/\/sitechecker.pro\/it\/page-rank\/\">PageRank<\/a> e certamente, non aiuta al posizionamento della pagina nelle SERP. La vita di un link nofollow \u00e8 tragica e solitaria, in qualche modo.<\/p>\n<p>Una connessione nofollow \u00e8 fatta di un tag HTML nofollow, che assomigli a questo:<\/p>\n<div class=\"code\"><code>&lt;a href=\"http:\/\/www.website.com\/\" rel=\"nofollow\"&gt;Link Text&lt;\/a&gt;<br \/>\n<\/code><\/div>\n<p>Il tag nofollow \u00e8 fondamentalmente un segnale di avviso per gli strumenti di ricerca web, che dice &#8220;non controllare qui&#8221;.<\/p>\n<p>Non \u00e8 semplicemente orribile? Per quale motivo, qualcuno dovrebbe fare una cosa del genere? C&#8217;\u00e8 uno scopo dietro l&#8217;attributo nofollow ed \u00e8 giusto!<\/p>\n<p>&nbsp;<\/p>\n<h2>Si assume che un mondo senza nofollow, sia in realt\u00e0 uno Spamalot<\/h2>\n<p>&nbsp;<\/p>\n<p>Come esaminato in precedenza, il tipo di connessioni follow pi\u00f9 comuni, vengono utilizzate da Google per quantificare PageRank. Pi\u00f9 collegamenti implicano pi\u00f9 link juice, che portano ad un posizionamento pi\u00f9 elevato delle pagine. Nel suo stato non adulterato, PageRank esiste per percepire quali sono le pagine pi\u00f9 note (e in questo senso, probabilmente le pagine di qualit\u00e0 pi\u00f9 elevata) e trasmettono le pagine migliori agli utenti.<\/p>\n<p>Tutto sommato, il nostro \u00e8 un mondo imperfetto e, come forse avete sentito, alcuni auto-dichiarati &#8220;specialisti&#8221; SEO, pianificano di intrappolare gli indici web e far saltare in aria le loro classifiche utilizzando tecniche black-hat, non affidabili e non etiche, e prima dell&#8217;introduzione dei link nofollow, la referenziazione di terze parti era un metodo semplice per supportare falsamente il posizionamento delle pagine.<\/p>\n<p>Quando PageRank \u00e8 stato trovato dai black hat SEO, l&#8217;hellfire si \u00e8 rotto per sempre! Tutto ad un tratto, si trattava solo di connessioni per SEO. Altre connessioni in entrata implicavano un migliore PageRank e i SEO erano decisi a ottenere lo stesso numero di connessioni concepibili, indipendentemente dal fatto che per ottenerle, implicasse lo spamming di chiunque sul web. I commenti sui blog erano una barzelletta, carichi di spazzatura e chiacchiere di connessione.<\/p>\n<p>Anche Wikipedia \u00e8 diventata caotica, dal momento che le persone si sono impegnate ad includere i propri locali come riferimenti su diverse pagine di Wikipedia, tutto per l&#8217;agognato link juice.<\/p>\n<p>I gruppi di blog era stressanti &#8211; questi spammer stavano rovinando qualsiasi possibilit\u00e0 d&#8217;incoraggiare un gruppo genuino e un discorso credible nelle riviste online. Nel 2005, Google, il cosiddetto poliziotto web, si \u00e8 avventurato nella presentazione dell&#8217;attributo nofollow, tramite Matt Cutts e Jason Shellen del Blogger di Google.<\/p>\n<p>&nbsp;<\/p>\n<h2>Nofollow pu\u00f2 diventare un tag interessante, di cui internet ha bisogno<\/h2>\n<p>&nbsp;<\/p>\n<p>La necessit\u00e0 dell&#8217;etichetta nofollow, include un atteggiamento inclinato e di spam, collegato di solito al SEO, ma non si pu\u00f2 negare che non potremmo farcela senza.<\/p>\n<p>Il tag di connessione link nofollow, ha fatto molte cose utili per il mondo online &#8211; la maggior parte degli spammer SEO non tenter\u00e0 di presentare collegamenti non importanti su siti o post di discussione nel caso in cui sappiano che non avranno l&#8217;opportunit\u00e0 di pubblicare una connessione follow. Di conseguenza, WordPress assegna il link nofollow a tutte le connessioni inviate dall&#8217;utente e Wikipedia fa altrettanto per la sua area di riferimento.<\/p>\n<p>Anche se lo spam con commenti sul blog continua ad esserci, l&#8217;attributo nofollow lo ha smorzato.<\/p>\n<p>Come amministratore di un sito web, ti starai chiedendo quando utilizzare l&#8217;attributo nofollow. In pratica, le connessioni nofollow trovano spazio in:<\/p>\n<ul>\n<li>Connessioni a pagamento (non sarebbe ragionevole acquistare link juice)<\/li>\n<li>Commenti<\/li>\n<li>Forum di discussione<\/li>\n<li>Tutto ci\u00f2 che Google chiama \u201ccontenuto non attendibile\u201d.<\/li>\n<\/ul>\n<p>Alcuni webmaster possono effettivamente disabilitare l&#8217;attributo di base nofollow come ricompensa per gli analisti blog, che aggiungono al gruppo di blogging o al discorso online, ma questo dipende da un individuo.<\/p>\n<p>&nbsp;<\/p>\n<h2>Dovrei semplicemente ignorare l&#8217;hype per i link nofollow?<\/h2>\n<p>&nbsp;<\/p>\n<p>Assolutamente no! Solo perch\u00e9 non danno valore ai link SEO; non significa che tali connessioni non siano utili. Inoltre, forniscono comunque importanti attivit\u00e0 di riferimento.<\/p>\n<p>Una semplice osservazione su un blog o un post sui social network, nofollow o no, possono inviare una gigantesca misura di attivit\u00e0 del tuo sito web, che a quel punto pu\u00f2 portare verso lead e conversioni!<\/p>\n<p>Inoltre, i <a href=\"https:\/\/sitechecker.pro\/it\/search-engines\/\">motori di ricerca<\/a>, oggi prendono pi\u00f9 in considerazione una grande quantit\u00e0 di variabili al di fuori del link juice e PageRank. I social sign come quelli di Twitter e Facebook, sono redditizi alla lunga, anche se sono nofollow. La chiave, sta nel produrre la tua immagine, non pensare quali link siano utili per il SEO, ma pensa a quali link sono utili per il tuo business, il tuo brand e quali connessioni possono aiutarti a diventare un&#8217;autorit\u00e0 del settore. Tieni presente che le connessioni creano fiducia.<\/p>\n<p>Inoltre, vale la pena limitare i link a Wikipedia alcune volte. Wikipedia \u00e8 eccezionalmente meticoloso nei confronti delle loro referenze, quindi sar\u00e0 necessario fornire dati straordinariamente speciali e straordinari e, nel caso in cui si riesca a ottenere una connessione, sar\u00e0 possibile ottenere risultati davvero interessanti, comprese altre connessioni seguite.<\/p>\n<p>I collegamenti di Wikipedia, nonostante nofollow, possono persino guidare il movimento e potrebbero farti guadagnare alcune connessioni di platino lungo la strada.<\/p>\n<p>&nbsp;<\/p>\n<h2>Istruzioni per scoprire quali collegamenti sono nofollow<\/h2>\n<p>&nbsp;<\/p>\n<p>Per gli esperti di SEO, che hanno bisogno di essere cauti e devono soltanto tracciare i link nofollow, ci sono numerose estensioni scaricabili per i due browser che presentano naturalmente entrambi i tipi di connessioni nelle pagine che visiti.<\/p>\n<p>Un paio per Firefox sono:<\/p>\n<ul>\n<li>\u00a0SEO Quake<\/li>\n<li>Nodofollow<\/li>\n<li>SearchStatus<\/li>\n<\/ul>\n<p>Per Chrome:<\/p>\n<ul>\n<li>\u00a0NoFollow Simple<\/li>\n<\/ul>\n<p>&nbsp;<\/p>\n<h2>Istruzioni per ottenere link follow<\/h2>\n<p>&nbsp;<\/p>\n<p>Abbiamo discusso del motivo per cui i link sono imperativi, facendo poca attenzione al loro stato di nofollow\/follow e potresti avere ancora bisogno di qualcuno dei seguenti.<\/p>\n<p>L&#8217;approccio ideale per ottenere connessioni follow, \u00e8 genuino e decente: creare contenuti unici e meravigliosi, che vengono condivisi e connessi normalmente. Diverse metodologie, comprendono il blogging, in particolare su una pagina web significativa e simile alla tua, con l&#8217;obiettivo di poter assemblare un movimento referral, nonostante il supporto SEO.<\/p>\n<p>&nbsp;<\/p>\n<h2>Take after o Nofollow: un profilo link bilanciato \u00e8 la cosa migliore<\/h2>\n<p>&nbsp;<\/p>\n<p>Infine, tieni presente che hai bisogno di una buona configurazione di backlink follow e nofollow per un profilo link ideale. I primi possono dare una mano in termini di SEO, ma entrambi possono esserti utili per la tua strategia di marketing.<\/p>","protected":false},"excerpt":{"rendered":"Che cos\u2019\u00e8 un link follow? &nbsp; Per comprendere un argomento come i link follow e nofollow, dobbiamo prima approfondire il funzionamento della maggior parte delle connessioni del dominio SEO. Nel momento in cui una pagina del sito ottiene il suo link univoco, che \u00e8 un collegamento ipertestuale che indica quella pagina, la pagina ottiene un&#8230;","protected":false},"author":10718706,"featured_media":3434,"parent":0,"menu_order":0,"comment_status":"closed","ping_status":"closed","template":"pages-templates\/pages-v2.php","meta":[],"categories":[27],"tags":[],"_links":{"self":[{"href":"https:\/\/sitechecker.pro\/it\/wp-json\/wp\/v2\/pages\/2487"}],"collection":[{"href":"https:\/\/sitechecker.pro\/it\/wp-json\/wp\/v2\/pages"}],"about":[{"href":"https:\/\/sitechecker.pro\/it\/wp-json\/wp\/v2\/types\/page"}],"author":[{"embeddable":true,"href":"https:\/\/sitechecker.pro\/it\/wp-json\/wp\/v2\/users\/10718706"}],"replies":[{"embeddable":true,"href":"https:\/\/sitechecker.pro\/it\/wp-json\/wp\/v2\/comments?post=2487"}],"version-history":[{"count":54,"href":"https:\/\/sitechecker.pro\/it\/wp-json\/wp\/v2\/pages\/2487\/revisions"}],"predecessor-version":[{"id":34313,"href":"https:\/\/sitechecker.pro\/it\/wp-json\/wp\/v2\/pages\/2487\/revisions\/34313"}],"wp:featuredmedia":[{"embeddable":true,"href":"https:\/\/sitechecker.pro\/it\/wp-json\/wp\/v2\/media\/3434"}],"wp:attachment":[{"href":"https:\/\/sitechecker.pro\/it\/wp-json\/wp\/v2\/media?parent=2487"}],"wp:term":[{"taxonomy":"category","embeddable":true,"href":"https:\/\/sitechecker.pro\/it\/wp-json\/wp\/v2\/categories?post=2487"},{"taxonomy":"post_tag","embeddable":true,"href":"https:\/\/sitechecker.pro\/it\/wp-json\/wp\/v2\/tags?post=2487"}],"curies":[{"name":"wp","href":"https:\/\/api.w.org\/{rel}","templated":true}]}}