{"id":17206,"date":"2023-12-06T18:56:38","date_gmt":"2023-12-06T18:56:38","guid":{"rendered":"https:\/\/sitechecker.pro\/?page_id=17206"},"modified":"2024-10-11T13:27:31","modified_gmt":"2024-10-11T13:27:31","slug":"google-serp-meaning-features-examples","status":"publish","type":"page","link":"https:\/\/sitechecker.pro\/it\/google-serp-meaning-features-examples\/","title":{"rendered":"SERP di Google: significato, caratteristiche, esempi"},"content":{"rendered":"<p><\/p>\n<h2 id=\"majorfeatures\">Le principali caratteristiche di SERP che dovresti conoscere<\/h2>\n<p>&nbsp;<\/p>\n<p>La prima domanda a cui dobbiamo rispondere, prima di scoprire quali sono le caratteristiche principali, \u00e8: \u201cCos&#8217;\u00e8 il SERP?\u201d La definizione di SERP \u00e8 la seguente: \u201cUna pagina web generata dal motore di ricerca, come risposta alla richiesta di un utente.\u201d L&#8217;abbreviazione sta per &#8220;search engine results page&#8221; (in italiano \u201cpagina dei risultati del motore di ricerca\u201d). Detto in parole semplici, \u00e8 quando si cercano informazioni e s&#8217;inserisce la parola chiave, ed il motore di ricerca restituisce un feedback sotto forma di risultati. Questi risultati sono qui collegamenti compresi di dettagli, che appaiono sotto all&#8217;argomento richiesto.<\/p>\n<p>Gli elementi principali del SERP sono:<\/p>\n<ul>\n<li style=\"list-style-type: none;\">\n<ul>\n<li style=\"list-style-type: none;\">\n<ul>\n<li> Risultati di ricerca diretti, costituiti dai collegamenti ai siti web. Questa \u00e8 il risultato naturale dei <a href=\"https:\/\/sitechecker.pro\/it\/search-engines\/\">motori di ricerca<\/a>, dove i siti lottano per ottenere le posizioni pi\u00f9 alte. La pagina dei risultati di ricerca contiene, di default, 10 collegamenti, ma il numero pu\u00f2 essere modificato nelle impostazioni di ricerca;<\/li>\n<li>Blocchi con annunci pubblicitari contestuali;<\/li>\n<li>Piccoli campi prima dei risultati di ricerca. Possono contenere errori di battitura, una rapida risposta a una richiesta dell&#8217;utente, una calcolatrice e cos\u00ec via;<\/li>\n<li>Le immagini vengono visualizzate in risposta a una particolare query di ricerca;<\/li>\n<li>Query correlate \u2013 la query di ricerca viene perfezionata. All&#8217;utente vengono offerti moduli di parole o richieste simili;<\/li>\n<li>Elementi di gestione \u2013 includono links per andare al sito, i prompt quando un utente inserisce una richiesta.<\/li>\n<li>Sin dalla nascita di Google, i risultati organici di SERP non sono cambiati molto fino ad oggi. Tuttavia, l&#8217;uso di AdWords ha contribuito al fatto che Google ha iniziato a includere nuovi risultati SERP non organici.<\/li>\n<\/ul>\n<\/li>\n<\/ul>\n<\/li>\n<\/ul>\n<p>Ora sai che cos&#8217;\u00e8 il SERP ed \u00e8 quindi giunto il momento di esaminare le sue caratteristiche principali, tra cui distinguere le principali quattro:<\/p>\n<ul>\n<li style=\"list-style-type: none;\">\n<ul>\n<li style=\"list-style-type: none;\">\n<ul>\n<li> I risultati ottenuti con l&#8217;aiuto dell&#8217;offerta delle parole chiave vengono definiti Paid Results (risultati a pagamento, in italiano).<\/li>\n<li>Le informazioni definitive che si trovano nelle caselle sono chiamate Knowledge Graph (grafico di conoscenza, in italiano).<\/li>\n<li>La visualizzazione che appare in aggiunta a quelli che sono gi\u00e0 stati trovati sono noti come Snippets (pezzettini, in italiano).<\/li>\n<li>I dettagli, che appaiono insieme ai risultati organici, sono noti come Universal Results (risultati universali, in italiano).<\/li>\n<\/ul>\n<\/li>\n<\/ul>\n<\/li>\n<\/ul>\n<p>&nbsp;<\/p>\n<h2 id=\"top15\">Le 15 caratteristiche pi\u00f9 famose del SERP<\/h2>\n<p>&nbsp;<\/p>\n<ul>\n<li style=\"list-style-type: none;\">\n<ul>\n<li style=\"list-style-type: none;\">\n<ul>\n<li><strong id=\"adwords\">AdWords Bottom\/Top:<\/strong> di solito i risultati si possono trovare sia sopra che sotto i risultati organici. Tali annunci vengono classificati in base alla loro utilit\u00e0 e rilevanza.<\/li>\n<\/ul>\n<\/li>\n<\/ul>\n<\/li>\n<\/ul>\n<div class=\"content__img-wrap\"><img src=\"https:\/\/sitechecker.pro\/wp-content\/uploads\/2017\/12\/google-adwords-results.png\" alt=\"Google SERP checker\" class=\"description-img description-img-zoom\" loading=\"lazy\" ><\/div>\n<ul>\n<li style=\"list-style-type: none;\">\n<ul>\n<li style=\"list-style-type: none;\">\n<ul>\n<li><strong id=\"featuredsnippet\">Featured Snippet:<\/strong> lo scopo principale qui \u00e8 ottenere le informazioni necessarie, che non sono contenute nel Knowledge Graph. L&#8217;indice pu\u00f2 fornirli. Tali frammenti vengono utilizzati per trovare alcuni dettagli molto specifici che si trovano nella pagina pertinente. La classificazione SERP da uno a cinque, solitamente ha successo.<\/li>\n<\/ul>\n<\/li>\n<\/ul>\n<\/li>\n<\/ul>\n<div class=\"content__img-wrap\"><img src=\"https:\/\/sitechecker.pro\/wp-content\/uploads\/2017\/12\/featured-snippet.png\" alt=\"What is featured snippet?\" class=\"description-img description-img-zoom\" loading=\"lazy\" ><\/div>\n<ul>\n<li style=\"list-style-type: none;\">\n<ul>\n<li style=\"list-style-type: none;\">\n<ul>\n<li><strong id=\"imagepack\">Image Pack:<\/strong> questa caratteristica fornisce i risultati delle immagini, che sta cercando una persona. Vengono ottenuti grazie all&#8217;aiuto di una speciale richiesta SERP di Google.<\/li>\n<\/ul>\n<\/li>\n<\/ul>\n<\/li>\n<\/ul>\n<div class=\"content__img-wrap\"><img src=\"https:\/\/sitechecker.pro\/wp-content\/uploads\/2017\/12\/image-cards-in-google-serp.png\" alt=\"Image pack in SERP\" class=\"description-img description-img-zoom\" loading=\"lazy\" ><\/div>\n<ul>\n<li style=\"list-style-type: none;\">\n<ul>\n<li style=\"list-style-type: none;\">\n<ul>\n<li><strong id=\"indeptharticle\">In-Depth Article:<\/strong> ricercando termini ampi, si troveranno articoli che sono conosciuti come \u201cin-depth\u201d (approfonditi, in italiano). Sono chiamati cos\u00ec perch\u00e9 contano fino a cinquemila parole e vengono forniti da scrittori fidati. La ricerca degli articoli di qualit\u00e0 di prim&#8217;ordine utilizza le diverse regole di classificazione SERP.<\/li>\n<\/ul>\n<\/li>\n<\/ul>\n<\/li>\n<\/ul>\n<div class=\"content__img-wrap\"><img src=\"https:\/\/sitechecker.pro\/wp-content\/uploads\/2017\/12\/in-depth-articles-in-serp.png\" alt=\"Search engine results for informational query\" class=\"description-img description-img-zoom\" loading=\"lazy\" ><\/div>\n<ul>\n<li style=\"list-style-type: none;\">\n<ul>\n<li style=\"list-style-type: none;\">\n<ul>\n<li><strong id=\"knowledgecard\">Knowledge Card:<\/strong> com&#8217;\u00e8 facilmente intuibile dal nome di questa caratteristica, \u00e8 parte del gi\u00e0 citato Knowledge Graph, che contiene le informazioni semantiche aggiunte da persone o i dati possono essere estratti dall&#8217;indice. Un&#8217;altra possibilit\u00e0 per ottenere i risultati della knowledge card, \u00e8 quella di avere accordi informativi con i partner. Se si ha una visione chiara del meccanismo di archiviazione dei dati di Google, si pu\u00f2 beneficiare dell&#8217;utilizzo di parole chiave.<\/li>\n<\/ul>\n<\/li>\n<\/ul>\n<\/li>\n<\/ul>\n<div class=\"content__img-wrap\"><img src=\"https:\/\/sitechecker.pro\/wp-content\/uploads\/2017\/12\/knowledge-graph-in-serp.png\" alt=\"Knowledge card for query population in UK\" class=\"description-img description-img-zoom\" loading=\"lazy\" ><\/div>\n<ul>\n<li style=\"list-style-type: none;\">\n<ul>\n<li style=\"list-style-type: none;\">\n<ul>\n<li><strong id=\"knowledgepanel\">Knowledge Panel:<\/strong> proprio come per la Knowledge card, significa che i risultati vengono ottenuti grazie ai dati aggiunti sia da risorse umane, che grazie ad accordi con i partner. Questi risultati, si possono trovare a destra dei risultati organici.<\/li>\n<\/ul>\n<\/li>\n<\/ul>\n<\/li>\n<\/ul>\n<div class=\"content__img-wrap\"><img src=\"https:\/\/sitechecker.pro\/wp-content\/uploads\/2017\/12\/knowledge-panel-in-serp.png\" alt=\"Knowledge panel screenshot\" class=\"description-img description-img-zoom\" loading=\"lazy\" ><\/div>\n<ul>\n<li style=\"list-style-type: none;\">\n<ul>\n<li style=\"list-style-type: none;\">\n<ul>\n<li><strong id=\"localpack\">Local Pack:<\/strong> si tratta di un pacchetto delle tre posizioni pi\u00f9 adatte fornite da Google per chiavi di ricerca, che contengono un significato geografico, come \u201ccaff\u00e8 economici a Londra\u201d. Al giorno d&#8217;oggi, si tratta di quelli pi\u00f9 utilizzati su smartphone. I dispositivi mobile, hanno dato vita all&#8217;abitudine di visualizzare i risultati verticalmente piuttosto che orizzontalmente. Gli utenti cercano il contenuto richiesto nel modo pi\u00f9 veloce possibile. La conoscenza del SEO locale \u00e8 un gran vantaggio in questo caso.<\/li>\n<\/ul>\n<\/li>\n<\/ul>\n<\/li>\n<\/ul>\n<div class=\"content__img-wrap\"><img src=\"https:\/\/sitechecker.pro\/wp-content\/uploads\/2017\/12\/local-pack-in-SERP.png\" alt=\"Local pack screenshot\" class=\"description-img description-img-zoom\" loading=\"lazy\" ><\/div>\n<ul>\n<li style=\"list-style-type: none;\">\n<ul>\n<li style=\"list-style-type: none;\">\n<ul>\n<li><strong id=\"localteaserpack\">Local Teaser Pack:<\/strong> questa caratteristica fornisce consigli utili su dove si trovano ristoranti e hotel, ed i loro orari di apertura. Inoltre, tutte le informazioni che possono tornare utili, ad esempio, le foto del luogo che stai cercando e le recensioni, sono presenti.<\/li>\n<\/ul>\n<\/li>\n<\/ul>\n<\/li>\n<\/ul>\n<div class=\"content__img-wrap\"><img src=\"https:\/\/sitechecker.pro\/wp-content\/uploads\/2017\/12\/local-teaser-pack-in-serp.png\" alt=\"Local teaser pack screenshot for hotels in london query\" class=\"description-img description-img-zoom\" loading=\"lazy\" ><\/div>\n<ul>\n<li style=\"list-style-type: none;\">\n<ul>\n<li style=\"list-style-type: none;\">\n<ul>\n<li><strong id=\"newsbox\">News Box:<\/strong> questa \u00e8 una categoria di risultati, che proviene da Google News. La procedura per entrare nel blocco delle notizie, differisce enormemente da quella per apparire nei risultati organici.<\/li>\n<\/ul>\n<\/li>\n<\/ul>\n<\/li>\n<\/ul>\n<div class=\"content__img-wrap\"><img src=\"https:\/\/sitechecker.pro\/wp-content\/uploads\/2017\/12\/news-box-in-serp.png\" alt=\"News and top stories in SERP\" class=\"description-img description-img-zoom\" loading=\"lazy\" ><\/div>\n<ul>\n<li style=\"list-style-type: none;\">\n<ul>\n<li style=\"list-style-type: none;\">\n<ul>\n<li><strong id=\"releatedquestions\">Related Questions:<\/strong> queste sono tutte domande che il motore di ricerca considera essere relative al tuo argomento. Possono essere collocate in vari luoghi a causa del fatto che assomigliano molto ad uno snippet. Per essere precisi, se tali domande sono parole chiave con snippet. \u00c8 possibile trarre vantaggio dall&#8217;uso delle domande correlate per scoprire le opportunit\u00e0 di parole chiave snippet.<\/li>\n<\/ul>\n<\/li>\n<\/ul>\n<\/li>\n<\/ul>\n<div class=\"content__img-wrap\"><img src=\"https:\/\/sitechecker.pro\/wp-content\/uploads\/2017\/12\/related-questions-in-serp.png\" alt=\"Screenshot of related questions block in SERP\" class=\"description-img description-img-zoom\" loading=\"lazy\" ><\/div>\n<ul>\n<li style=\"list-style-type: none;\">\n<ul>\n<li style=\"list-style-type: none;\">\n<ul>\n<li><strong id=\"reviews\">Reviews:<\/strong> questa caratteristica \u00e8 davvero utile quando si vuole sapere di pi\u00f9 su beni o servizi. Le informazioni sulla valutazione nella classifica SERP possono essere trovate da qualche parte tra l&#8217;URL e lo snippet.<\/li>\n<\/ul>\n<\/li>\n<\/ul>\n<\/li>\n<\/ul>\n<div class=\"content__img-wrap\"><img src=\"https:\/\/sitechecker.pro\/wp-content\/uploads\/2017\/12\/reviews-results-in-SERP.png\" alt=\"Reviews in organic results\" class=\"description-img description-img-zoom\" loading=\"lazy\" ><\/div>\n<ul>\n<li style=\"list-style-type: none;\">\n<ul>\n<li style=\"list-style-type: none;\">\n<ul>\n<li><strong id=\"shoppingresults\">Shopping Results:<\/strong> risultati a pagamento per alcuni beni e servizi. Saranno presenti prezzi e immagini pertinenti. Combina pubblicit\u00e0 a pagamento e risultati di ricerca organici per promuovere il brand. Uno studio sulla visibilit\u00e0 di Honda nei risultati di ricerca, ha rivelato che la combinazione di queste due aree, ha incrementato in maniera significativa l&#8217;associazione del brand, la sua promozione e la formazione della decisione di acquisto. Questo posizionamento \u00e8 simile ad AdWords.Gli elementi di testo a pagamento di Google, funzionano meglio quando sono strettamente collegati all&#8217;essenza della query di ricerca. Durante la navigazione, le persone spesso guardano velocemente i risultati, finch\u00e9 non vedono il brand di cui si fidano maggiormente. Con la ricerca d&#8217;informazioni, gli utenti sono pi\u00f9 interessati nel feedback e al confronto dei siti.Pensa alle intenzioni degli utenti (che tipo di ricerca preferiscono) e costruisci cos\u00ec la tua strategia pubblicitaria. Ad esempio, fai attenzione al fatto che le intestazioni contengano parole chiave per cui hai preparato delle offerte, le parole chiave dovrebbero basarsi sulle intenzioni degli utenti.<\/li>\n<\/ul>\n<\/li>\n<\/ul>\n<\/li>\n<\/ul>\n<div class=\"content__img-wrap\"><img src=\"https:\/\/sitechecker.pro\/wp-content\/uploads\/2017\/12\/shopping-results-in-serp.png\" alt=\"Shopping results block in Google SERP\" class=\"description-img description-img-zoom\" loading=\"lazy\" ><\/div>\n<ul>\n<li style=\"list-style-type: none;\">\n<ul>\n<li style=\"list-style-type: none;\">\n<ul>\n<li><strong id=\"sitelinks\">Site Links:<\/strong> coloro che cercano siti definiti, dovranno scegliere tra dieci link. Il modo in cui appaiono i link, \u00e8 influenzato da tre fattori, tra cui il criterio principale del programma di classificazione del SERP, \u00e8 che dovrebbe essere un sito di marca. Inoltre, il traffico non \u00e8 l&#8217;ultimo fattore in questo caso.<\/li>\n<\/ul>\n<\/li>\n<\/ul>\n<\/li>\n<\/ul>\n<div class=\"content__img-wrap\"><img src=\"https:\/\/sitechecker.pro\/wp-content\/uploads\/2017\/12\/site-links-in-serp.png\" alt=\"Website links in Google SERP\" class=\"description-img description-img-zoom\" loading=\"lazy\" ><\/div>\n<ul>\n<li style=\"list-style-type: none;\">\n<ul>\n<li style=\"list-style-type: none;\">\n<ul>\n<li><strong id=\"tweet\">Tweet:<\/strong> a partire dal 2015, si possono trovare i risultati di Tweeter in combinazione con i risultati organici. Tuttavia, sono organici, anche se questi tweet sono stati usati per aggiungere qualche effetto grafico.<\/li>\n<\/ul>\n<\/li>\n<\/ul>\n<\/li>\n<\/ul>\n<div class=\"content__img-wrap\"><img src=\"https:\/\/sitechecker.pro\/wp-content\/uploads\/2017\/12\/tweets-in-Google-SERP.png\" alt=\"Tweets in Google search\" class=\"description-img description-img-zoom\" loading=\"lazy\" ><\/div>\n<ul>\n<li style=\"list-style-type: none;\">\n<ul>\n<li style=\"list-style-type: none;\">\n<ul>\n<li><strong id=\"video\">Video:<\/strong> i risultati come i video di YouTube, verranno visualizzati quando si utilizzano parole chiave specifiche. La caratteristica &#8220;Video&#8221;, oggi giorno, \u00e8 considerata di pi\u00f9 rispetto ai risultati organici.<\/li>\n<\/ul>\n<\/li>\n<\/ul>\n<\/li>\n<\/ul>\n<div class=\"content__img-wrap\"><img src=\"https:\/\/sitechecker.pro\/wp-content\/uploads\/2017\/12\/video-results-in-serp.png\" alt=\"Video results in organic search\" class=\"description-img description-img-zoom\" loading=\"lazy\" ><\/div>\n<p>Quindi il posizionamento nei motori di ricerca \u00e8 il posizionamento dei contenuti nei risultati di ricerca organici o un pay per click nei risultati di ricerca a pagamento. Come mostrano le statistiche, una migliore classifica dei motori di ricerca porta ad un maggiore traffico di ricerca. Puoi leggere casi pi\u00f9 interessanti con le classifiche dei siti web all&#8217;indirizzo <a href=\"https:\/\/jfactor.it\/verifica-posizionamento-google-sito\/\">posizionamento su Google su JFactor.it<\/a><\/p>\n<h2 id=\"knowledgegraph\">Cos&#8217;\u00e8 il knowledge graph e quali risultati fornisce?<\/h2>\n<p>Il Knowledge Graph di Google, fornisce dati ben strutturati e dettagliati, nel caso in cui le persone si rivolgono al motore di ricerca, alla scoperta di determinati fatti. Consente di trovare il significato di SERP che stai cercando, senza dover cliccare su determinati siti. Assegna una rete di conoscenza pertinente e irrilevante:<\/p>\n<ul>\n<li style=\"list-style-type: none;\">\n<ul>\n<li style=\"list-style-type: none;\">\n<ul>\n<li> Un knowledge graph irrilevante: fornisce tali informazioni, che in definitiva indirizzano l&#8217;attenzione dell&#8217;utente sui risultati organici. La rete di conoscenza, appare in risposta a richieste di fatti o valori numerici o relative a personalit\u00e0, luoghi e fenomeni conosciuti. Nella strategia dei contenuti, prova a creare risposte a potenziali richieste degli utenti.<\/li>\n<li>Un knowledge graph rilevante: pu\u00f2 deviare una parte significativa dell&#8217;attenzione dai risultati organici. Ad esempio, immagina di andare a New Orleans e vuoi conoscere le condizioni meteorologiche. Chiedi aiuto a Google e trovi le informazioni di cui hai bisogno. Avendo trovato tutte le informazioni necessarie nella rete di conoscenza pertinente, l&#8217;utente non desidera nemmeno cliccare sui collegamenti, il che pu\u00f2 influire sulla riduzione del traffico di alcune societ\u00e0.<\/li>\n<\/ul>\n<\/li>\n<\/ul>\n<\/li>\n<\/ul>\n<p>Pertanto, in questo caso, \u00e8 importante entrare nella prima o nella seconda riga della visualizzazione organica. \u00c8 necessario includere contenuti importanti nei metadati e nei tag del titolo, ed applicare, laddove possibile, il markup dello schema in modo che la societ\u00e0 si distingua nell&#8217;elenco dei risultati complessivi, spostando l&#8217;attenzione dell&#8217;utente dalla rete di conoscenza al proprio sito.<\/p>\n<p>Nonostante il fatto che ci possa essere una diminuzione dei clic sui risultati organici migliori, nel caso in cui Google rilasci una rete di conoscenza rilevante, le prime linee sono comunque le pi\u00f9 popolari tra gli utenti. Tieni presente che la conoscenza del brand viene ancora influenzata dall&#8217;impressione creata dagli utenti dai risultati organici.<\/p>","protected":false},"excerpt":{"rendered":"Le principali caratteristiche di SERP che dovresti conoscere &nbsp; La prima domanda a cui dobbiamo rispondere, prima di scoprire quali sono le caratteristiche principali, \u00e8: \u201cCos&#8217;\u00e8 il SERP?\u201d La definizione di SERP \u00e8 la seguente: \u201cUna pagina web generata dal motore di ricerca, come risposta alla richiesta di un utente.\u201d L&#8217;abbreviazione sta per &#8220;search engine&#8230;","protected":false},"author":11474150,"featured_media":3416,"parent":0,"menu_order":0,"comment_status":"closed","ping_status":"closed","template":"pages-templates\/pages-v2.php","meta":[],"categories":[27],"tags":[],"_links":{"self":[{"href":"https:\/\/sitechecker.pro\/it\/wp-json\/wp\/v2\/pages\/17206"}],"collection":[{"href":"https:\/\/sitechecker.pro\/it\/wp-json\/wp\/v2\/pages"}],"about":[{"href":"https:\/\/sitechecker.pro\/it\/wp-json\/wp\/v2\/types\/page"}],"author":[{"embeddable":true,"href":"https:\/\/sitechecker.pro\/it\/wp-json\/wp\/v2\/users\/11474150"}],"replies":[{"embeddable":true,"href":"https:\/\/sitechecker.pro\/it\/wp-json\/wp\/v2\/comments?post=17206"}],"version-history":[{"count":5,"href":"https:\/\/sitechecker.pro\/it\/wp-json\/wp\/v2\/pages\/17206\/revisions"}],"predecessor-version":[{"id":33909,"href":"https:\/\/sitechecker.pro\/it\/wp-json\/wp\/v2\/pages\/17206\/revisions\/33909"}],"wp:featuredmedia":[{"embeddable":true,"href":"https:\/\/sitechecker.pro\/it\/wp-json\/wp\/v2\/media\/3416"}],"wp:attachment":[{"href":"https:\/\/sitechecker.pro\/it\/wp-json\/wp\/v2\/media?parent=17206"}],"wp:term":[{"taxonomy":"category","embeddable":true,"href":"https:\/\/sitechecker.pro\/it\/wp-json\/wp\/v2\/categories?post=17206"},{"taxonomy":"post_tag","embeddable":true,"href":"https:\/\/sitechecker.pro\/it\/wp-json\/wp\/v2\/tags?post=17206"}],"curies":[{"name":"wp","href":"https:\/\/api.w.org\/{rel}","templated":true}]}}