{"id":16614,"date":"2023-05-15T15:00:22","date_gmt":"2023-05-15T15:00:22","guid":{"rendered":"https:\/\/sitechecker.pro\/?page_id=16614"},"modified":"2025-06-02T14:45:50","modified_gmt":"2025-06-02T14:45:50","slug":"url-address-make-seo-friendly","status":"publish","type":"page","link":"https:\/\/sitechecker.pro\/it\/what-is-seo-friendly-url\/","title":{"rendered":"URL significato e come renderlo SEO friendly?"},"content":{"rendered":"<p><\/p>\n<h2 id=\"url\">URL significato=<\/h2>\n<p>L&#8217;URL (o indirizzo URL) \u00e8 una forma speciale di indirizzo individuale di una determinata risorsa internet. Pu\u00f2 fare riferimento a un sito web, un particolare documento o a un&#8217;immagine. L&#8217;utente che naviga in internet, deve soltanto inserire questo codice all&#8217;interno della barra degli indirizzi, per trovare il sito, il documento, la cartella o l&#8217;immagine necessaria. In parole semplici, significa che: grazie all&#8217;indirizzo URL, l&#8217;utente ottiene le informazioni esattamente dove si trovano.<\/p>\n<p>Cosa significa URL? URL \u00e8 l&#8217;abbreviazione di &#8220;Universal Resource Locator&#8221;. Contiene un collegamento al server, su cui si trova la risorsa cercata. In generale, l&#8217;URL \u00e8 il percorso dal server all&#8217;oggetto finale (che \u00e8 la piattaforma di lavoro dell&#8217;utente) e pu\u00f2 essere illustrato facilmente. L&#8217;elemento superiore \u00e8 il server, quello pi\u00f9 in basso \u00e8 il dispositivo dell&#8217;utente. Tutti i punti tra i due, sono i server aggiuntivi.<\/p>\n<h2 id=\"struttura\">Struttura del URL<\/h2>\n<p>L&#8217;indirizzo URL ha una struttura ben definita, che include:<\/p>\n<ul>\n<li>\u00a0metodo di accesso alla risorsa, che viene detto anche protocollo di rete;<\/li>\n<li>autorizzazione d&#8217;accesso;<\/li>\n<li>host \u2013 indirizzo DNS che \u00e8 inscritto come indirizzo IP;<\/li>\n<li>porta \u2013 un altro dettaglio obbligatorio incluso assieme all&#8217;indirizzo IP;<\/li>\n<li>percorso \u2013 determina le informazioni sul metodo d&#8217;accesso;<\/li>\n<li>parametro \u2013 l&#8217;informazione interna della risorsa del file.<\/li>\n<\/ul>\n<h2 id=\"ottenere\">Come ottenere informazioni sull&#8217;indirizzo URL?<\/h2>\n<p>Alcuni utenti incontrano problemi quando devono determinare l&#8217;indirizzo URL. Il metodo pi\u00f9 semplice e senza ostacoli, \u00e8 quello di visualizzare e copiare l&#8217;indirizzo direttamente dalla barra degli indirizzi. Basta sceglierlo e cliccare CTRL+C. O utilizzare il menu contestuale scegliendo &#8220;Copia&#8221;.<\/p>\n<p>Non solo le risorse del sito web possiedono un URL, ma anche le immagini, i file e le cartelle. Per ottenere i dati come l&#8217;indirizzo URL, \u00e8 necessario cliccare sull&#8217;immagine interessata con il tasto destro del mouse e scegliere dal menu contestuale l&#8217;opzione &#8220;copia l&#8217;indirizzo dell&#8217;immagine&#8221;.<\/p>\n<p>Se desideri ottenere l&#8217;indirizzo URL di un documento, fai lo stesso e scegli &#8220;copia l&#8217;indirizzo del collegamento&#8221; dal menu contestuale.<\/p>\n<p>Dopo aver copiato il collegamento, esso viene trasferito negli appunti. Inoltre, \u00e8 possibile utilizzarlo nella barra degli indirizzi per trovare il documento, per inviarlo come allegato ad un messaggio come link o da includere nel testo esistente del documento.<\/p>\n<div class=\"content__img-wrap\"><img src=\"https:\/\/sitechecker.pro\/wp-content\/uploads\/2017\/12\/what-does-url-stand-for.png\" alt=\"URL meaning\" class=\"description-img description-img-zoom\" loading=\"lazy\" ><\/div>\n<h2 id=\"esempi\">Esempi di URL<\/h2>\n<p>La parte principale dell&#8217;indirizzo URL, \u00e8 il nome di dominio del sito web. Per scegliere quello giusto e quindi eseguire un&#8217;efficace promozione del sito nei sistemi di ricerca, bisogna prendere in considerazione un insieme di peculiarit\u00e0.<\/p>\n<p><div class=\"content__img-wrap\"><img src=\"https:\/\/sitechecker.pro\/wp-content\/uploads\/2017\/12\/user-friendly-url-1.png\" alt=\"Example of user friendly URL\" class=\"description-img description-img-zoom\" loading=\"lazy\" ><\/div><br \/>\n<div class=\"content__img-wrap\"><img src=\"https:\/\/sitechecker.pro\/wp-content\/uploads\/2017\/12\/user-friendly-url-2.png\" alt=\"An example of non user-friendly URL\" class=\"description-img description-img-zoom\" loading=\"lazy\" ><\/div><\/p>\n<h2 id=\"crittografia\">Crittografia URL<\/h2>\n<p>A questo punto, \u00e8 abbastanza chiaro dove trovare l&#8217;indirizzo URL di una particolare risorsa. Ma se si copia l&#8217;indirizzo di una risorsa russa, gli utenti potrebbero essere confusi da ci\u00f2 che vedono come risultato. Il set di caratteri visualizzato, \u00e8 difficilmente identificabile. Come si fa a capire il significato dell&#8217;URL? Certamente non assomiglia a quello della barra degli indirizzi e il motivo, \u00e8 che le iscrizioni dell&#8217;indirizzo possono essere formate solo con l&#8217;aiuto dei simboli dell&#8217;elenco offerto. L&#8217;alfabeto cirillico non \u00e8 incluso in questo elenco. Se l&#8217;indirizzo include tali caratteri, l&#8217;indirizzo sar\u00e0 crittografato, ma il contenuto del collegamento non cambier\u00e0 comunque.<\/p>\n<h2 id=\"storia\">Storia dell\u2019URL<\/h2>\n<p>Come qualsiasi altro concept, l&#8217;URL ha una sua storia. La sua funzione principale oggi, \u00e8 quella d&#8217;indicare il terminal server in cui sono archiviate le informazioni. Creato nel 1990 dal noto inventore britannico Sir Timothy John, il primo URL venne mostrato a Ginevra. Agli inizi, veniva utilizzato per determinare la posizione di determinati file su internet. Ma gli sviluppatori sono giunti al punto di utilizzare l&#8217;indirizzo URL per dare agli utenti l&#8217;accesso ad altre risorse.<\/p>\n<h2 id=\"formazione\">Formazione dell\u2019indirizzo URL<\/h2>\n<p>La parte principale dell&#8217;indirizzo URL, \u00e8 il nome del dominio che deve essere scelto deliberatamente. Vuoi scegliere il miglior nome di dominio per la tua risorsa? Prendi in considerazione diverse peculiarit\u00e0 che ti salveranno da un disastro certo. Se hai scelto un approccio efficace nella scelta del nome del tuo dominio, non dovrai affrontare alcuna difficolt\u00e0 nella promozione del sito e gli utenti interessati alla tua offerta lo memorizzeranno facilmente.<\/p>","protected":false},"excerpt":{"rendered":"URL significato= L&#8217;URL (o indirizzo URL) \u00e8 una forma speciale di indirizzo individuale di una determinata risorsa internet. Pu\u00f2 fare riferimento a un sito web, un particolare documento o a un&#8217;immagine. L&#8217;utente che naviga in internet, deve soltanto inserire questo codice all&#8217;interno della barra degli indirizzi, per trovare il sito, il documento, la cartella o&#8230;","protected":false},"author":11474150,"featured_media":23735,"parent":0,"menu_order":0,"comment_status":"closed","ping_status":"closed","template":"pages-templates\/pages-v2.php","meta":[],"categories":[27],"tags":[],"_links":{"self":[{"href":"https:\/\/sitechecker.pro\/it\/wp-json\/wp\/v2\/pages\/16614"}],"collection":[{"href":"https:\/\/sitechecker.pro\/it\/wp-json\/wp\/v2\/pages"}],"about":[{"href":"https:\/\/sitechecker.pro\/it\/wp-json\/wp\/v2\/types\/page"}],"author":[{"embeddable":true,"href":"https:\/\/sitechecker.pro\/it\/wp-json\/wp\/v2\/users\/11474150"}],"replies":[{"embeddable":true,"href":"https:\/\/sitechecker.pro\/it\/wp-json\/wp\/v2\/comments?post=16614"}],"version-history":[{"count":27,"href":"https:\/\/sitechecker.pro\/it\/wp-json\/wp\/v2\/pages\/16614\/revisions"}],"predecessor-version":[{"id":37274,"href":"https:\/\/sitechecker.pro\/it\/wp-json\/wp\/v2\/pages\/16614\/revisions\/37274"}],"wp:featuredmedia":[{"embeddable":true,"href":"https:\/\/sitechecker.pro\/it\/wp-json\/wp\/v2\/media\/23735"}],"wp:attachment":[{"href":"https:\/\/sitechecker.pro\/it\/wp-json\/wp\/v2\/media?parent=16614"}],"wp:term":[{"taxonomy":"category","embeddable":true,"href":"https:\/\/sitechecker.pro\/it\/wp-json\/wp\/v2\/categories?post=16614"},{"taxonomy":"post_tag","embeddable":true,"href":"https:\/\/sitechecker.pro\/it\/wp-json\/wp\/v2\/tags?post=16614"}],"curies":[{"name":"wp","href":"https:\/\/api.w.org\/{rel}","templated":true}]}}