{"id":16485,"date":"2023-11-24T14:16:16","date_gmt":"2023-11-24T14:16:16","guid":{"rendered":"https:\/\/sitechecker.pro\/?page_id=16485"},"modified":"2024-10-09T17:54:51","modified_gmt":"2024-10-09T17:54:51","slug":"h1-tag-requirements-writing-properly","status":"publish","type":"page","link":"https:\/\/sitechecker.pro\/it\/h1-tag-requirements-writing-properly\/","title":{"rendered":"Che cos&#8217;\u00e8 il tag H1 e i requisiti per scriverlo correttamente | Sitechecker"},"content":{"rendered":"<p><\/p>\n<h2>Un esempio di tag H1 e tag title in html<\/h2>\n<p>&nbsp;<\/p>\n<div class=\"code\"><code>&lt;html&gt;<br \/>\n&lt;head&gt;<br \/>\n&lt;title&gt;What is H1 Tag &amp; How Important Is This For SEO?&lt;\/title&gt;<br \/>\n&lt;\/head&gt;<br \/>\n&lt;body&gt;<br \/>\n<span class=\"html-tag\">&lt;h1&gt;Explore an Importance of H1 Tag and the Requirements of Its Writing<\/span><span class=\"html-tag\">&lt;\/h1&gt;<\/span><br \/>\n&lt;\/body&gt;<br \/>\n&lt;\/html&gt;<br \/>\n<\/code><\/div>\n<p>&nbsp;<\/p>\n<h2>Cos&#8217;\u00e8 un tag h1?<\/h2>\n<p>Il tag h1 \u00e8 il sommario del testo (\u00e8 come il titolo del libro o il titolo dell&#8217;articolo sul giornale). Su ogni pagina dovrebbe esserci una e una sola etichetta h1.<\/p>\n<p>In termini di attrattiva per l&#8217;utente, \u00e8 di primaria importanza. Ma per la promozione SEO, il <a href=\"https:\/\/sitechecker.pro\/it\/meta-title\/\">meta tag del titolo<\/a> avr\u00e0 pi\u00f9 peso.<\/p>\n<p>Il titolo \u00e8 anche un&#8217;intestazione di pagina, ma \u00e8 prescritto non solo per le persone, ma anche per i robot. Viene visualizzato non nella pagina stessa, ma solo nella scheda del browser e nello snippet come collegamento attivo al sito. In effetti, il titolo \u00e8 un&#8217;alternativa, ma l&#8217;intestazione principale per il documento html. Se \u00e8 assente, il motore di ricerca prende come base h1 e lo usa nella falce.<\/p>\n<p>&nbsp;<\/p>\n<div class=\"box\">\n<h2 style=\"text-align: center;\">Perch\u00e9 l\u2019H1 dovrebbe differire dal titolo?<\/h2>\n<p>\u00c8 piuttosto importante capire che h1 e titolo sono titoli diversi. E devono essere abilmente combinati. Ecco le basi su questo argomento:<\/p>\n<p>Trascurare le regole di unicit\u00e0 e pertinenza delle intestazioni pu\u00f2 portare al fatto che il sito cade sotto il filtro. Di recente, i motori di ricerca hanno iniziato a prestare particolare attenzione alla qualit\u00e0 dei contenuti e alle impostazioni SEO. Duplicati, oversampling, distribuzione caotica delle intestazioni, la loro incoerenza con il contenuto \u00e8 punita.<\/p>\n<\/div>\n<p>&nbsp;<\/p>\n<h2>Requisiti di lunghezza dell\u2019H1<\/h2>\n<p>Si consiglia di rendere l\u2019H1 pi\u00f9 conciso del Title, non superando il numero di caratteri maggiore di 50. Ma non ci sar\u00e0 una catastrofe se il titolo \u00e8 pi\u00f9 lungo, quando \u00e8 impossibile stipare l&#8217;essenza intera in una quantit\u00e0 designata.<br \/>\nPlugin speciali per WordPress ti permettono di analizzare il corretto riempimento di tutte le meta direttamente nell&#8217;editor.<\/p>\n<p>&nbsp;<\/p>\n<h2>Regole per scrivere al meglio H1<\/h2>\n<p>&nbsp;<\/p>\n<ul>\n<li>Deve essere unico per l&#8217;intero sito e assolutamente leggibile;<\/li>\n<li>Non ripetere il tag del titolo, ma non contraddirlo;<\/li>\n<li>Non farlo troppo lungo (puoi scrivere un titolo con pi\u00f9 spazio);<\/li>\n<li>Usane solo uno per pagina;<\/li>\n<li>Rilevante per il testo e visualizza l&#8217;essenza semantica del materiale;<\/li>\n<li>Interessante e attraente per l\u2019utente;<\/li>\n<li>Non \u00e8 possibile inserire un punto alla fine e si consiglia di utilizzare segni di punteggiatura al minimo.<\/li>\n<\/ul>\n<p>&nbsp;<\/p>\n<h2>Applicazione delle keywords<\/h2>\n<p>Le principali frasi chiave, in primo luogo, dovrebbero contenere il titolo. Ma dovresti scriverli anche in h1. Sia qui che l\u00e0, \u00e8 meglio farlo all&#8217;inizio. Ma sarebbe meglio se le parole chiave non si duplicassero tra loro in questi due tag. \u00c8 necessario utilizzare diversi moduli di parole o voci diluite in h1 e righe nel titolo.<br \/>\nAlcuni prendono tutte le chiavi sulla pagina e creano la struttura degli articoli da loro. Basta ricordare &#8211; che senza fattori comportamentali freddi una tale dispersione di parole chiave sui sottotitoli sar\u00e0 punita con un filtro per superamento.<\/p>\n<p id=\"check\">\n<p><\/p>","protected":false},"excerpt":{"rendered":"Un esempio di tag H1 e tag title in html &nbsp; &lt;html&gt; &lt;head&gt; &lt;title&gt;What is H1 Tag &amp; How Important Is This For SEO?&lt;\/title&gt; &lt;\/head&gt; &lt;body&gt; &lt;h1&gt;Explore an Importance of H1 Tag and the Requirements of Its Writing&lt;\/h1&gt; &lt;\/body&gt; &lt;\/html&gt; &nbsp; Cos&#8217;\u00e8 un tag h1? Il tag h1 \u00e8 il sommario del testo (\u00e8 come&#8230;","protected":false},"author":11474150,"featured_media":3427,"parent":0,"menu_order":0,"comment_status":"closed","ping_status":"closed","template":"pages-templates\/pages-v2.php","meta":[],"categories":[27],"tags":[],"_links":{"self":[{"href":"https:\/\/sitechecker.pro\/it\/wp-json\/wp\/v2\/pages\/16485"}],"collection":[{"href":"https:\/\/sitechecker.pro\/it\/wp-json\/wp\/v2\/pages"}],"about":[{"href":"https:\/\/sitechecker.pro\/it\/wp-json\/wp\/v2\/types\/page"}],"author":[{"embeddable":true,"href":"https:\/\/sitechecker.pro\/it\/wp-json\/wp\/v2\/users\/11474150"}],"replies":[{"embeddable":true,"href":"https:\/\/sitechecker.pro\/it\/wp-json\/wp\/v2\/comments?post=16485"}],"version-history":[{"count":10,"href":"https:\/\/sitechecker.pro\/it\/wp-json\/wp\/v2\/pages\/16485\/revisions"}],"predecessor-version":[{"id":38192,"href":"https:\/\/sitechecker.pro\/it\/wp-json\/wp\/v2\/pages\/16485\/revisions\/38192"}],"wp:featuredmedia":[{"embeddable":true,"href":"https:\/\/sitechecker.pro\/it\/wp-json\/wp\/v2\/media\/3427"}],"wp:attachment":[{"href":"https:\/\/sitechecker.pro\/it\/wp-json\/wp\/v2\/media?parent=16485"}],"wp:term":[{"taxonomy":"category","embeddable":true,"href":"https:\/\/sitechecker.pro\/it\/wp-json\/wp\/v2\/categories?post=16485"},{"taxonomy":"post_tag","embeddable":true,"href":"https:\/\/sitechecker.pro\/it\/wp-json\/wp\/v2\/tags?post=16485"}],"curies":[{"name":"wp","href":"https:\/\/api.w.org\/{rel}","templated":true}]}}