{"id":1531,"date":"2018-02-19T12:06:26","date_gmt":"2018-02-19T12:06:26","guid":{"rendered":"https:\/\/sitechecker.pro\/?page_id=1531"},"modified":"2025-03-27T09:21:03","modified_gmt":"2025-03-27T09:21:03","slug":"domain-authority","status":"publish","type":"page","link":"https:\/\/sitechecker.pro\/it\/domain-authority\/","title":{"rendered":"Che cos&#8217;\u00e8 Domain Authority e quanto \u00e8 importante per la SEO?"},"content":{"rendered":"<p><\/p>\n<h2><strong>Definizione di domain authority<\/strong><\/h2>\n<p>Esistono vari criteri che influenzano il tuo sito. Un DA (Domain Authority) \u00e8 un rating fornito da Moz che descrive la pertinenza di un sito Web per una particolare area tematica. Il punteggio DA pu\u00f2 variare da 1 a 100. Maggiore \u00e8 <span data-sheets-value=\"{&quot;1&quot;:2,&quot;2&quot;:&quot;domain authority checker&quot;}\" data-sheets-userformat=\"{&quot;2&quot;:1079809,&quot;3&quot;:{&quot;1&quot;:0},&quot;12&quot;:0,&quot;14&quot;:[null,2,0],&quot;15&quot;:&quot;Arial&quot;,&quot;16&quot;:11,&quot;17&quot;:1,&quot;23&quot;:2}\">domain authority checker\u00a0<\/span>del sito, maggiore \u00e8 il posizionamento dei motori di ricerca. Il concetto \u00e8 direttamente correlato alle pagine dei risultati dei motori di ricerca (SERP). Pi\u00f9 alto \u00e8 il punteggio, maggiore \u00e8 l&#8217;autorit\u00e0 del sito.<\/p>\n<p>&nbsp;<\/p>\n<h2><strong>Come viene stimata <span data-sheets-value=\"{&quot;1&quot;:2,&quot;2&quot;:&quot;domain authority&quot;}\" data-sheets-userformat=\"{&quot;2&quot;:1063427,&quot;3&quot;:{&quot;1&quot;:0},&quot;4&quot;:{&quot;1&quot;:2,&quot;2&quot;:16777215},&quot;12&quot;:0,&quot;14&quot;:{&quot;1&quot;:2,&quot;2&quot;:0},&quot;15&quot;:&quot;\\&quot;Helvetica Neue\\&quot;, Helvetica, Arial, sans-serif&quot;,&quot;16&quot;:11,&quot;23&quot;:2}\">domain authority<\/span>?<\/strong><\/h2>\n<p>La scala generale dei diritti di accesso al\u00a0<span data-sheets-value=\"{&quot;1&quot;:2,&quot;2&quot;:&quot;domain checker&quot;}\" data-sheets-userformat=\"{&quot;2&quot;:1063427,&quot;3&quot;:{&quot;1&quot;:0},&quot;4&quot;:{&quot;1&quot;:2,&quot;2&quot;:16777215},&quot;12&quot;:0,&quot;14&quot;:{&quot;1&quot;:2,&quot;2&quot;:0},&quot;15&quot;:&quot;\\&quot;Helvetica Neue\\&quot;, Helvetica, Arial, sans-serif&quot;,&quot;16&quot;:11,&quot;23&quot;:2}\">domain checker<\/span> varia da 0 a 100. Ma questo non \u00e8 sufficiente per scoprire il numero, \u00e8 necessario gestire i dati correttamente. Tieni presente che \u00e8 molto pi\u00f9 facile migliorare il tuo punteggio da 15 a 35 che migliorarlo da 65 a 85. Con questa misura, puoi scoprire l&#8217;et\u00e0 del tuo sito, il livello di fonti affidabili che lo fanno riferimento e il livello possibile. fiducia che Google ha per il sito Web.<br \/>\nAd esempio, se si \u00e8 passati da 0 a 25, questo \u00e8 un nuovo sito di cui Google pu\u00f2 fidarsi. Tieni presente che 0-10 \u00e8 una stima molto negativa. 25-50 &#8211; questa \u00e8 una stima, che segna siti abbastanza adeguati che sono piccoli, ma meritano una grande attenzione e hanno la prospettiva di emergere nella loro nicchia. 50-100 \u00e8 una valutazione della fonte, che senza dubbio pu\u00f2 essere considerata seria.<\/p>\n<p>&nbsp;<\/p>\n<h2><strong>Come usare il\u00a0domain authority checker<\/strong><\/h2>\n<p>Utilizzando il nostro sito Web, la convalida \u00e8 abbastanza semplice. Devi solo seguire questi semplici passaggi:<\/p>\n<ul>\n<li>Nello spazio fornito, inserire l&#8217;URL che si desidera verificare.<\/li>\n<li>Dopo aver inserito l&#8217;URL del sito, fai clic su &#8220;<span data-sheets-value=\"{&quot;1&quot;:2,&quot;2&quot;:&quot;check domain authority&quot;}\" data-sheets-userformat=\"{&quot;2&quot;:1063427,&quot;3&quot;:{&quot;1&quot;:0},&quot;4&quot;:{&quot;1&quot;:2,&quot;2&quot;:16777215},&quot;12&quot;:0,&quot;14&quot;:{&quot;1&quot;:2,&quot;2&quot;:0},&quot;15&quot;:&quot;\\&quot;Helvetica Neue\\&quot;, Helvetica, Arial, sans-serif&quot;,&quot;16&quot;:11,&quot;23&quot;:2}\">check domain authority<\/span>&#8220;.<\/li>\n<li>In pochi secondi, il nostro strumento dar\u00e0 il risultato.<\/li>\n<\/ul>\n<p><\/p>","protected":false},"excerpt":{"rendered":"Definizione di domain authority Esistono vari criteri che influenzano il tuo sito. Un DA (Domain Authority) \u00e8 un rating fornito da Moz che descrive la pertinenza di un sito Web per una particolare area tematica. Il punteggio DA pu\u00f2 variare da 1 a 100. Maggiore \u00e8 domain authority checker\u00a0del sito, maggiore \u00e8 il posizionamento dei&#8230;","protected":false},"author":10409641,"featured_media":3749,"parent":0,"menu_order":0,"comment_status":"closed","ping_status":"closed","template":"pages-templates\/pages-minitools.php","meta":[],"categories":[75],"tags":[],"_links":{"self":[{"href":"https:\/\/sitechecker.pro\/it\/wp-json\/wp\/v2\/pages\/1531"}],"collection":[{"href":"https:\/\/sitechecker.pro\/it\/wp-json\/wp\/v2\/pages"}],"about":[{"href":"https:\/\/sitechecker.pro\/it\/wp-json\/wp\/v2\/types\/page"}],"author":[{"embeddable":true,"href":"https:\/\/sitechecker.pro\/it\/wp-json\/wp\/v2\/users\/10409641"}],"replies":[{"embeddable":true,"href":"https:\/\/sitechecker.pro\/it\/wp-json\/wp\/v2\/comments?post=1531"}],"version-history":[{"count":43,"href":"https:\/\/sitechecker.pro\/it\/wp-json\/wp\/v2\/pages\/1531\/revisions"}],"predecessor-version":[{"id":36273,"href":"https:\/\/sitechecker.pro\/it\/wp-json\/wp\/v2\/pages\/1531\/revisions\/36273"}],"wp:featuredmedia":[{"embeddable":true,"href":"https:\/\/sitechecker.pro\/it\/wp-json\/wp\/v2\/media\/3749"}],"wp:attachment":[{"href":"https:\/\/sitechecker.pro\/it\/wp-json\/wp\/v2\/media?parent=1531"}],"wp:term":[{"taxonomy":"category","embeddable":true,"href":"https:\/\/sitechecker.pro\/it\/wp-json\/wp\/v2\/categories?post=1531"},{"taxonomy":"post_tag","embeddable":true,"href":"https:\/\/sitechecker.pro\/it\/wp-json\/wp\/v2\/tags?post=1531"}],"curies":[{"name":"wp","href":"https:\/\/api.w.org\/{rel}","templated":true}]}}